{"id":6242,"date":"2025-05-26T06:17:57","date_gmt":"2025-05-26T06:17:57","guid":{"rendered":"https:\/\/sinoextrud.com\/product\/aluminium-extrusion-frameless-glass-railing-aluminum-profiles\/"},"modified":"2025-06-24T03:55:34","modified_gmt":"2025-06-24T03:55:34","slug":"extrusion-de-aluminio-barandilla-de-vidrio-sin-marco-perfiles-de-aluminio","status":"publish","type":"product","link":"https:\/\/sinoextrud.com\/es\/product\/aluminium-extrusion-frameless-glass-railing-aluminum-profiles\/","title":{"rendered":"Extrusi\u00f3n de aluminio Barandilla de vidrio sin marco Perfiles de aluminio"},"content":{"rendered":"<h2>Productos<\/h2>\n<table class=\"custom-table\">\n<tr>\n<td class=\"label\">Nombre del producto<\/td>\n<td>Extrusi\u00f3n de aluminio Barandilla de vidrio sin marco Perfiles de aluminio<\/td>\n<\/tr>\n<tr>\n<td class=\"label\">Gama de productos<\/td>\n<td>extrusiones de aluminio para el canal de aluminio, canal en forma de U, barandillas de vidrio, Frameless Guardrail Guard, aluminio barandillas de vidrio abrazadera, etc<\/td>\n<\/tr>\n<tr>\n<td class=\"label\">Sistemas adecuados Tipos<\/td>\n<td>Balaustradas de aleaci\u00f3n de aluminio para balcones Barandillas de vidrio para balcones, Barandillas de vidrio sin marco Barandillas de vidrio Barandillas para balcones etc.<\/td>\n<\/tr>\n<tr>\n<td class=\"label\">Aleaci\u00f3n de aluminio<\/td>\n<td>Serie 5000, serie 6000, serie 7000<\/td>\n<\/tr>\n<tr>\n<td class=\"label\">Temple<\/td>\n<td>T5-T8<\/td>\n<\/tr>\n<tr>\n<td class=\"label\">Forma<\/td>\n<td>personalizaci\u00f3n<\/td>\n<\/tr>\n<tr>\n<td class=\"label\">Color<\/td>\n<td>personalizaci\u00f3n<\/td>\n<\/tr>\n<tr>\n<td class=\"label\">Tratamiento de superficies<\/td>\n<td>acabado de fresado, anodizado, veteado de madera, recubrimiento en\u00e9rgico, chorro de arena, electroforesis, cepillado, pulido, etc.<\/td>\n<\/tr>\n<tr>\n<td class=\"label\">Procesado profundo CNC<\/td>\n<td>corte, taladrado, mecanizado, punzonado, plegado, roscado, etc.<\/td>\n<\/tr>\n<tr>\n<td class=\"label\">Certificaciones<\/td>\n<td>CE, ISO, SGS, TUV, ROHS<\/td>\n<\/tr>\n<tr>\n<td class=\"label\">Muestras<\/td>\n<td>muestra gratis. 1-3 d\u00edas de entrega a usted.<\/td>\n<\/tr>\n<tr>\n<td class=\"label\">MOQ<\/td>\n<td>200KG para cada perfil<\/td>\n<\/tr>\n<tr>\n<td class=\"label\">Plazo de entrega<\/td>\n<td>El desarrollo del molde y la conformaci\u00f3n de la muestra es de 12-15 d\u00edas, luego la duraci\u00f3n de la producci\u00f3n es de 15-25 d\u00edas despu\u00e9s de la recepci\u00f3n del dep\u00f3sito del comprador.<\/td>\n<\/tr>\n<tr>\n<td class=\"label\">Condiciones de pago<\/td>\n<td>30% dep\u00f3sito antes de la producci\u00f3n, y el saldo antes del env\u00edo.<\/td>\n<\/tr>\n<\/table>\n<h2>Nuestra base de fabricaci\u00f3n<\/h2>\n<h3>Panorama de la f\u00e1brica<\/h3>\n<p><img decoding=\"async\" src=\"\/wp-content\/uploads\/factory-01.webp\"\/><\/p>\n<h3>Taller de fabricaci\u00f3n de barras de aluminio<\/h3>\n<p><img decoding=\"async\" src=\"\/wp-content\/uploads\/factory-02.webp\"\/><\/p>\n<\/p>\n<p><img decoding=\"async\" src=\"\/wp-content\/uploads\/factory-03.webp\"\/><\/p>\n<h3>Almac\u00e9n de moldes<\/h3>\n<p><img decoding=\"async\" src=\"\/wp-content\/uploads\/factory-04.webp\"\/><\/p>\n<h3>43 L\u00c3neas de extrusi\u00c3\u00b3n de aluminio (500\u00e2\u20ac\"5500 toneladas)<\/h3>\n<p><img decoding=\"async\" src=\"\/wp-content\/uploads\/factory-05.webp\"\/><\/p>\n<p><img decoding=\"async\" src=\"\/wp-content\/uploads\/factory-06.webp\"\/><\/p>\n<p><img decoding=\"async\" src=\"\/wp-content\/uploads\/factory-07.webp\"\/><\/p>\n<h3>Taller de pintura en polvo<\/h3>\n<p><img decoding=\"async\" src=\"\/wp-content\/uploads\/factory-09.webp\"\/><\/p>\n<h3>Taller de anodizado<\/h3>\n<p><img decoding=\"async\" src=\"\/wp-content\/uploads\/factory-10.webp\"\/><\/p>\n<h3>Taller de procesamiento profundo<\/h3>\n<p><img decoding=\"async\" src=\"\/wp-content\/uploads\/factory-11.webp\"\/><\/p>\n<h3>Taller de mecanizado de precisi\u00f3n CNC<\/h3>\n<p><img decoding=\"async\" src=\"\/wp-content\/uploads\/factory-11.5.webp\"\/><\/p>\n<h3>Almac\u00e9n de productos acabados y de exportaci\u00f3n<\/h3>\n<p><img decoding=\"async\" src=\"\/wp-content\/uploads\/factory-12.webp\"\/><\/p>\n<p><img decoding=\"async\" src=\"\/wp-content\/uploads\/factory-13.webp\"\/><\/p>\n<p><img decoding=\"async\" src=\"\/wp-content\/uploads\/factory-14.webp\"\/><\/p>\n<h2>PREGUNTAS FRECUENTES<\/h2>\n<p><b>1.\u00bfQu\u00e9 son los perfiles de aluminio de extrusi\u00f3n para barandillas de vidrio sin marco? <\/b><\/p>\n<p> Son perfiles de aluminio extruido dise\u00f1ados para sujetar firmemente paneles de vidrio sin marco en sistemas de barandillas, proporcionando resistencia y un aspecto moderno y sin juntas.\n<\/p>\n<p><\/p>\n<p><b>2.\u00bfCu\u00e1les son las ventajas de utilizar perfiles de aluminio para barandillas de vidrio sin marco? <\/b><\/p>\n<p> Los perfiles de aluminio ofrecen ligereza, resistencia a la corrosi\u00f3n, facilidad de instalaci\u00f3n y una est\u00e9tica elegante que realza la transparencia de las barandillas de cristal.\n<\/p>\n<p><\/p>\n<p><b>3.\u00bfPor qu\u00e9 elegir la extrusi\u00f3n de aluminio para los perfiles de las barandillas de vidrio sin marco? <\/b><\/p>\n<p> La extrusi\u00f3n permite una forma precisa, una calidad constante y perfiles duraderos que soportan con seguridad los paneles de vidrio sin marcos voluminosos.\n<\/p>\n<p><\/p>\n<p><b>4.\u00bfD\u00f3nde se utilizan habitualmente los perfiles de aluminio de las barandillas de vidrio sin marco? <\/b><\/p>\n<p> Se utilizan en balcones residenciales, escaleras, edificios comerciales, patios y vallas de piscinas para crear vistas seguras y sin obst\u00e1culos.\n<\/p>\n<p><\/p>\n<p><b>5.\u00bfSon resistentes a la corrosi\u00f3n los perfiles de extrusi\u00f3n de aluminio para barandillas de vidrio? <\/b><\/p>\n<p> S\u00ed, el aluminio resiste por naturaleza la corrosi\u00f3n y puede anodizarse o recubrirse de polvo para resistir el clima exterior y los ambientes h\u00famedos.\n<\/p>\n<p><\/p>\n<p><b>6.\u00bfSe pueden personalizar los perfiles de aluminio de las barandillas de vidrio sin marco? <\/b><\/p>\n<p> Por supuesto, pueden extruirse a medida con tama\u00f1os, formas y acabados espec\u00edficos para adaptarse a los requisitos de dise\u00f1o y al grosor del vidrio.\n<\/p>\n<p><\/p>\n<p><b>7.\u00bfQu\u00e9 acabados est\u00e1n disponibles para los perfiles de aluminio de las barandillas de vidrio? <\/b><\/p>\n<p> Entre los acabados m\u00e1s comunes se encuentran el anodizado, el recubrimiento en polvo, el cepillado y el pulido, que proporcionan tanto protecci\u00f3n como atractivo visual.\n<\/p>\n<p><\/p>\n<p><b>8.\u00bfMejoran los perfiles de aluminio la seguridad de las barandillas de vidrio sin marco? <\/b><\/p>\n<p> S\u00ed, ofrecen una sujeci\u00f3n y un soporte seguros para los paneles de cristal, mejorando la integridad estructural y la seguridad del usuario.\n<\/p>\n<p><\/p>\n<p><b>9.\u00bfSon f\u00e1ciles de instalar los perfiles de extrusi\u00f3n de aluminio en los sistemas de barandillas de vidrio? <\/b><\/p>\n<p> S\u00ed, est\u00e1n dise\u00f1ados para una instalaci\u00f3n sencilla con herrajes compatibles, lo que reduce el tiempo de mano de obra y garantiza un ajuste preciso.\n<\/p>\n<p><\/p>\n<p><b>10.\u00bfC\u00f3mo mejoran los perfiles de aluminio de las barandillas de vidrio sin marco la est\u00e9tica arquitect\u00f3nica? <\/b><\/p>\n<p> Su dise\u00f1o esbelto y minimalista maximiza la transparencia y el flujo de luz, creando soluciones de barandillas elegantes y modernas.\n<\/p>\n<p><\/p>","protected":false},"featured_media":6241,"template":"","categories":[58],"class_list":["post-6242","product","type-product","status-publish","has-post-thumbnail","hentry","category-aluminium-extrusion-profiles"],"meta_box":{"hilight_text_group":{"product_hilight_text":"<li>Sleek design enables seamless frameless glass railing installation<\/li>\r\r\n<li>High-strength aluminum provides robust structural support<\/li>\r\r\n<li>Corrosion-resistant finish suitable for indoor and outdoor use<\/li>\r\r\n<li>Custom profiles to fit various glass thicknesses and railing systems<\/li>\r\r\n<li>Lightweight and easy to install, reducing labor costs<\/li>","product_chanpin_chanpin":"<li><a href=\"https:\/\/sinoextrud.com\/product\/aluminum-extrusion-minimalist-office-partition-aluminum-profiles\/\" target=\"_blank\">Aluminum Extrusion Minimalist Office Partition Aluminum Profiles<\/a><\/li>\r\n<li><a href=\"https:\/\/sinoextrud.com\/product\/aluminum-extrusion-ultra-small-material-aluminum-frame-profile\/\" target=\"_blank\">Aluminum Extrusion Ultra-small Material Aluminum Frame Profile<\/a><\/li>\r\n<li><a href=\"https:\/\/sinoextrud.com\/product\/aluminum-extrusion-6061-6082-automotive-bumper-beam\/\" target=\"_blank\">Aluminum Extrusion 6061 6082 Automotive Bumper Beam<\/a><\/li>\r\n<li><a href=\"https:\/\/sinoextrud.com\/product\/aluminium-window-extrusion-profile\/\" target=\"_blank\">Aluminium Window Extrusion Profile<\/a><\/li>\r\n<li><a href=\"https:\/\/sinoextrud.com\/product\/aluminium-extrusion-frameless-glass-railing-aluminum-profiles\/\" target=\"_blank\">Aluminium Extrusion Frameless Glass Railing Aluminum Profiles<\/a><\/li>\r\n<li><a href=\"https:\/\/sinoextrud.com\/product\/extruded-aluminum-alloy-profile-for-glass-floor-channel\/\" target=\"_blank\">Extruded Aluminum Alloy Profile For Glass Floor Channel<\/a><\/li>\r\n<li><a href=\"https:\/\/sinoextrud.com\/product\/aluminum-extrusion-aerospace-grade-2024-aluminum-alloy-tubes\/\" target=\"_blank\">Aluminum Extrusion Aerospace-Grade 2024 Aluminum Alloy Tubes<\/a><\/li>\r\n<li><a href=\"https:\/\/sinoextrud.com\/product\/aluminum-casement-door\/\" target=\"_blank\">Aluminum Casement Door<\/a><\/li>\r\n<li><a href=\"https:\/\/sinoextrud.com\/product\/6063t6-aluminium-profile-corner\/\" target=\"_blank\">6063T6 Aluminium Profile Corner<\/a><\/li>\r\n<li><a href=\"https:\/\/sinoextrud.com\/product\/aluminum-extrusion-connectors-for-window-door-aluminum\/\" target=\"_blank\">Aluminum Extrusion Connectors For Window Door Aluminum<\/a><\/li>\r\n<li><a href=\"https:\/\/sinoextrud.com\/product\/customize-6063-z-section-aluminium-extrusion\/\" target=\"_blank\">Customize 6063 Z Section Aluminium Extrusion<\/a><\/li>"},"feature_list":[]},"_links":{"self":[{"href":"https:\/\/sinoextrud.com\/es\/wp-json\/wp\/v2\/product\/6242","targetHints":{"allow":["GET"]}}],"collection":[{"href":"https:\/\/sinoextrud.com\/es\/wp-json\/wp\/v2\/product"}],"about":[{"href":"https:\/\/sinoextrud.com\/es\/wp-json\/wp\/v2\/types\/product"}],"wp:featuredmedia":[{"embeddable":true,"href":"https:\/\/sinoextrud.com\/es\/wp-json\/wp\/v2\/media\/6241"}],"wp:attachment":[{"href":"https:\/\/sinoextrud.com\/es\/wp-json\/wp\/v2\/media?parent=6242"}],"wp:term":[{"taxonomy":"category","embeddable":true,"href":"https:\/\/sinoextrud.com\/es\/wp-json\/wp\/v2\/categories?post=6242"}],"curies":[{"name":"wp","href":"https:\/\/api.w.org\/{rel}","templated":true}]}}