{"id":6236,"date":"2025-05-26T03:55:02","date_gmt":"2025-05-26T03:55:02","guid":{"rendered":"https:\/\/sinoextrud.com\/product\/aluminum-extrusion-ultra-small-material-aluminum-frame-profile\/"},"modified":"2025-06-24T03:55:28","modified_gmt":"2025-06-24T03:55:28","slug":"extrusion-de-aluminio-material-ultra-pequeno-perfil-de-marco-de-aluminio","status":"publish","type":"product","link":"https:\/\/sinoextrud.com\/es\/product\/aluminum-extrusion-ultra-small-material-aluminum-frame-profile\/","title":{"rendered":"Extrusi\u00f3n de aluminio Material ultrapeque\u00f1o Perfil de marco de aluminio"},"content":{"rendered":"<h2>Productos<\/h2>\n<table class=\"custom-table\">\n<tr>\n<td class=\"label\">Art\u00edculo<\/td>\n<td>Extrusi\u00f3n de aluminio Material ultrapeque\u00f1o Perfil de marco de aluminio<\/td>\n<\/tr>\n<tr>\n<td class=\"label\">Material<\/td>\n<td>Aleaci\u00f3n de aluminio 6063-T5 o 6061-T6 de primera calidad (norma EN AW-6063\/6061), que ofrece durabilidad ligera y resistencia a la corrosi\u00f3n.<\/td>\n<\/tr>\n<tr>\n<td class=\"label\">Dimensiones del perfil<\/td>\n<td>Seg\u00fan sus dibujos<\/td>\n<\/tr>\n<tr>\n<td class=\"label\">Tolerancias<\/td>\n<td>- Dimensional: \u00b10,1 mm (verificado por l\u00e1ser).<br \/>- Planitud: \u22640,2 mm\/m.<\/td>\n<\/tr>\n<tr>\n<td class=\"label\">Tratamiento de superficies<\/td>\n<td>- Anodizado: 10-25 \u03bcm de espesor, 1.000+ horas de resistencia a la niebla salina (ASTM B117).<br \/>- Recubrimiento en polvo: Espesor de 60-80 \u03bcm, m\u00e1s de 100 colores RAL.<br \/>- Pulido\/cepillado: Acabados lisos o texturizados opcionales.<\/td>\n<\/tr>\n<tr>\n<td class=\"label\">Opciones de personalizaci\u00f3n<\/td>\n<td>- Forma: Geometr\u00edas cuadradas, rectangulares, circulares o personalizadas.<br \/>- Agujeros\/ranuras: Pretaladrados para tornillos, bisagras o montaje.<br \/>- Caracter\u00edsticas integradas: Canales para cables, ranuras para juntas o ranuras para accesorios.<\/td>\n<\/tr>\n<tr>\n<td class=\"label\">Proceso profundo<\/td>\n<td>Doblado, desbobinado, soldadura, punzonado, corte, etc.<\/td>\n<\/tr>\n<tr>\n<td class=\"label\">Compatibilidad<\/td>\n<td>Compatible con insertos de cristal, pl\u00e1stico o metal para una mayor funcionalidad.<\/td>\n<\/tr>\n<tr>\n<td class=\"label\">Normas medioambientales<\/td>\n<td>- ISO 14001: Producci\u00f3n respetuosa con el medio ambiente.<br \/>- RoHS y REACH: Sin plomo, cumple la normativa de la UE.<\/td>\n<\/tr>\n<tr>\n<td class=\"label\">Certificaciones<\/td>\n<td>ISO 9001 (gesti\u00f3n de calidad), propiedades mec\u00e1nicas probadas por SGS, clasificaci\u00f3n al fuego Clase A (BS 476).<\/td>\n<\/tr>\n<tr>\n<td class=\"label\">Plazos de entrega<\/td>\n<td>15-25 d\u00edas<\/td>\n<\/tr>\n<tr>\n<td class=\"label\">MOQ<\/td>\n<td>500 kg.<\/td>\n<\/tr>\n<tr>\n<td class=\"label\">Cumplimiento global<\/td>\n<td>Cumple las normas ASTM, EN y GB de ingenier\u00eda de precisi\u00f3n y seguridad.<\/td>\n<\/tr>\n<\/table>\n<h2>Nuestra base de fabricaci\u00f3n<\/h2>\n<h3>Panorama de la f\u00e1brica<\/h3>\n<p><img decoding=\"async\" src=\"\/wp-content\/uploads\/factory-01.webp\"\/><\/p>\n<h3>Taller de fabricaci\u00f3n de barras de aluminio<\/h3>\n<p><img decoding=\"async\" src=\"\/wp-content\/uploads\/factory-02.webp\"\/><\/p>\n<p><img decoding=\"async\" src=\"\/wp-content\/uploads\/factory-03.webp\"\/><\/p>\n<h3>Almac\u00e9n de moldes<\/h3>\n<p><img decoding=\"async\" src=\"\/wp-content\/uploads\/factory-04.webp\"\/><\/p>\n<h3>43 l\u00edneas de extrusi\u00f3n de aluminio (500-5500 toneladas)<\/h3>\n<p><img decoding=\"async\" src=\"\/wp-content\/uploads\/factory-05.webp\"\/><\/p>\n<p><img decoding=\"async\" src=\"\/wp-content\/uploads\/factory-06.webp\"\/><\/p>\n<p><img decoding=\"async\" src=\"\/wp-content\/uploads\/factory-07.webp\"\/><\/p>\n<h3>Taller de pintura en polvo<\/h3>\n<p><img decoding=\"async\" src=\"\/wp-content\/uploads\/factory-09.webp\"\/><\/p>\n<h3>Taller de anodizado<\/h3>\n<p><img decoding=\"async\" src=\"\/wp-content\/uploads\/factory-10.webp\"\/><\/p>\n<h3>Taller de procesamiento profundo<\/h3>\n<p><img decoding=\"async\" src=\"\/wp-content\/uploads\/factory-11.webp\"\/><\/p>\n<h3>Taller de mecanizado de precisi\u00f3n CNC<\/h3>\n<p><img decoding=\"async\" src=\"\/wp-content\/uploads\/factory-11.5.webp\"\/><\/p>\n<h3>Almac\u00e9n de productos acabados y de exportaci\u00f3n<\/h3>\n<p><img decoding=\"async\" src=\"\/wp-content\/uploads\/factory-12.webp\"\/><\/p>\n<p><img decoding=\"async\" src=\"\/wp-content\/uploads\/factory-13.webp\"\/><\/p>\n<p><img decoding=\"async\" src=\"\/wp-content\/uploads\/factory-14.webp\"\/><\/p>\n<h2>PREGUNTAS FRECUENTES<\/h2>\n<p><p><b>1.\u00bfQu\u00e9 es un perfil de marco de aluminio de extrusi\u00f3n de material ultrapeque\u00f1o? <\/b><\/p>\n<p> Se trata de un perfil de aluminio extruido con precisi\u00f3n, dise\u00f1ado con dimensiones ultrapeque\u00f1as, que se utiliza para soluciones de entramado compacto que requieren propiedades de alta resistencia y ligereza.<br \/>\n<\/p><br \/>\n<br \/>\n<p><b>2.\u00bfCu\u00e1les son las ventajas de los perfiles ultrapeque\u00f1os para marcos de aluminio? <\/b><\/p>\n<p> Los perfiles de aluminio ultrapeque\u00f1os ofrecen una excelente relaci\u00f3n resistencia-peso, resistencia a la corrosi\u00f3n, precisi\u00f3n y versatilidad para aplicaciones en miniatura y que requieren poco espacio.<br \/>\n<\/p><br \/>\n<br \/>\n<p><b>3.\u00bfPor qu\u00e9 elegir la extrusi\u00f3n de aluminio para perfiles de marco ultrapeque\u00f1os? <\/b><\/p>\n<p> La extrusi\u00f3n de aluminio ofrece tolerancias estrechas, formas personalizables y una calidad constante, esenciales para la fabricaci\u00f3n de componentes de bastidores ultrapeque\u00f1os.<br \/>\n<\/p><br \/>\n<br \/>\n<p><b>4. \u00bfD\u00f3nde se suelen utilizar los perfiles ultrapeque\u00f1os para marcos de extrusi\u00f3n de aluminio? <\/b><\/p>\n<p> Se utilizan ampliamente en cajas electr\u00f3nicas, maquinaria en miniatura, dispositivos m\u00e9dicos, rob\u00f3tica y montajes estructurales compactos.<br \/>\n<\/p><br \/>\n<br \/>\n<p><b>5.\u00bfSe pueden personalizar los perfiles de aluminio ultrapeque\u00f1os? <\/b><\/p>\n<p> S\u00ed, estos perfiles pueden extruirse a medida con secciones transversales, longitudes, aleaciones y acabados espec\u00edficos para adaptarse a necesidades funcionales y de dise\u00f1o precisas.<br \/>\n<\/p><br \/>\n<br \/>\n<p><b>6.\u00bfQu\u00e9 acabados hay disponibles para los perfiles de aluminio ultrapeque\u00f1os? <\/b><\/p>\n<p> Los acabados disponibles incluyen superficies fresadas, anodizadas, con recubrimiento en polvo y cepilladas, que mejoran la durabilidad y la est\u00e9tica.<br \/>\n<\/p><br \/>\n<br \/>\n<p><b>7.\u00bfProporcionan los perfiles de aluminio ultrapeque\u00f1os una buena resistencia a la corrosi\u00f3n? <\/b><\/p>\n<p> Por supuesto, el aluminio resiste por naturaleza la corrosi\u00f3n y puede anodizarse para mejorar su protecci\u00f3n en diversos entornos.<br \/>\n<\/p><br \/>\n<br \/>\n<p><b>8.\u00bfC\u00f3mo mejora la extrusi\u00f3n de aluminio la fabricaci\u00f3n de perfiles de marcos ultrapeque\u00f1os? <\/b><\/p>\n<p> La extrusi\u00f3n permite una producci\u00f3n eficaz de perfiles peque\u00f1os complejos y precisos con un desperdicio m\u00ednimo de material y una calidad de superficie superior.<br \/>\n<\/p><br \/>\n<br \/>\n<p><b>9.\u00bfSon los perfiles de aluminio ultrapeque\u00f1os ligeros pero resistentes? <\/b><\/p>\n<p> S\u00ed, estos perfiles mantienen las ventajas de ligereza y resistencia inherentes al aluminio, por lo que son ideales para cuadros compactos pero duraderos.<br \/>\n<\/p><br \/>\n<br \/>\n<p><b>10.\u00bfPor qu\u00e9 se prefieren los perfiles de extrusi\u00f3n de aluminio ultrapeque\u00f1os a otros materiales? <\/b><\/p>\n<p> El aluminio ofrece una maquinabilidad, una resistencia a la corrosi\u00f3n y una solidez superiores en perfiles ultrapeque\u00f1os en comparaci\u00f3n con los pl\u00e1sticos o los metales m\u00e1s pesados.<br \/>\n<\/p><br \/><\/p>","protected":false},"featured_media":6235,"template":"","categories":[58],"class_list":["post-6236","product","type-product","status-publish","has-post-thumbnail","hentry","category-aluminium-extrusion-profiles"],"meta_box":{"hilight_text_group":{"product_hilight_text":"<li>Ultra-small profiles enable precise and compact structural designs<\/li>\r\r\n<li>High-strength aluminum ensures durability despite minimal size<\/li>\r\r\n<li>Lightweight for easy handling and integration into delicate assemblies<\/li>\r\r\n<li>Corrosion-resistant surface suitable for electronics and small devices<\/li>\r\r\n<li>Supports custom shapes and finishes to meet specialized requirements<\/li>","product_chanpin_chanpin":"<li><a href=\"https:\/\/sinoextrud.com\/product\/aluminum-extrusion-advertising-signs-aluminum-frame-profile\/\" target=\"_blank\">Aluminum Extrusion Advertising Signs Aluminum Frame Profile<\/a><\/li>\r\n<li><a href=\"https:\/\/sinoextrud.com\/product\/aluminum-extrusion-7003-7075-aluminum-profile-cnc\/\" target=\"_blank\">Aluminum Extrusion 7003 7075 Pilates Equipment Aluminum Profile CNC Precision Aluminum Profile<\/a><\/li>\r\n<li><a href=\"https:\/\/sinoextrud.com\/product\/aluminum-extrusion-cable-clamp-profile-cnc-custom-cable-cleat-aluminum-profile\/\" target=\"_blank\">Aluminum Extrusion Cable Clamp Profile CNC Custom Cable Cleat Aluminum Profile<\/a><\/li>\r\n<li><a href=\"https:\/\/sinoextrud.com\/product\/aluminum-extrusion-minimalist-office-partition-aluminum-profiles\/\" target=\"_blank\">Aluminum Extrusion Minimalist Office Partition Aluminum Profiles<\/a><\/li>\r\n<li><a href=\"https:\/\/sinoextrud.com\/product\/aluminum-extrusion-ultra-small-material-aluminum-frame-profile\/\" target=\"_blank\">Aluminum Extrusion Ultra-small Material Aluminum Frame Profile<\/a><\/li>\r\n<li><a href=\"https:\/\/sinoextrud.com\/product\/aluminum-extrusion-6061-6082-automotive-bumper-beam\/\" target=\"_blank\">Aluminum Extrusion 6061 6082 Automotive Bumper Beam<\/a><\/li>\r\n<li><a href=\"https:\/\/sinoextrud.com\/product\/aluminium-window-extrusion-profile\/\" target=\"_blank\">Aluminium Window Extrusion Profile<\/a><\/li>\r\n<li><a href=\"https:\/\/sinoextrud.com\/product\/aluminium-extrusion-frameless-glass-railing-aluminum-profiles\/\" target=\"_blank\">Aluminium Extrusion Frameless Glass Railing Aluminum Profiles<\/a><\/li>\r\n<li><a href=\"https:\/\/sinoextrud.com\/product\/extruded-aluminum-alloy-profile-for-glass-floor-channel\/\" target=\"_blank\">Extruded Aluminum Alloy Profile For Glass Floor Channel<\/a><\/li>\r\n<li><a href=\"https:\/\/sinoextrud.com\/product\/aluminium-frame-extrusion-profile-picture-frame-profile-for-interior-decoration\/\" target=\"_blank\">Aluminium Frame Extrusion Profile Picture Frame Profile For Interior Decoration<\/a><\/li>\r\n<li><a href=\"https:\/\/sinoextrud.com\/product\/office-partition-aluminum-profile\/\" target=\"_blank\">Office Partition Aluminum Profile<\/a><\/li>"},"feature_list":[]},"_links":{"self":[{"href":"https:\/\/sinoextrud.com\/es\/wp-json\/wp\/v2\/product\/6236","targetHints":{"allow":["GET"]}}],"collection":[{"href":"https:\/\/sinoextrud.com\/es\/wp-json\/wp\/v2\/product"}],"about":[{"href":"https:\/\/sinoextrud.com\/es\/wp-json\/wp\/v2\/types\/product"}],"wp:featuredmedia":[{"embeddable":true,"href":"https:\/\/sinoextrud.com\/es\/wp-json\/wp\/v2\/media\/6235"}],"wp:attachment":[{"href":"https:\/\/sinoextrud.com\/es\/wp-json\/wp\/v2\/media?parent=6236"}],"wp:term":[{"taxonomy":"category","embeddable":true,"href":"https:\/\/sinoextrud.com\/es\/wp-json\/wp\/v2\/categories?post=6236"}],"curies":[{"name":"wp","href":"https:\/\/api.w.org\/{rel}","templated":true}]}}