{"id":6230,"date":"2025-05-26T03:12:26","date_gmt":"2025-05-26T03:12:26","guid":{"rendered":"https:\/\/sinoextrud.com\/?post_type=product&#038;p=6230"},"modified":"2025-06-24T03:55:22","modified_gmt":"2025-06-24T03:55:22","slug":"extrusion-de-aluminio-7003-7075-perfil-de-aluminio-cnc","status":"publish","type":"product","link":"https:\/\/sinoextrud.com\/es\/product\/aluminum-extrusion-7003-7075-aluminum-profile-cnc\/","title":{"rendered":"Extrusi\u00f3n de aluminio 7003 7075 Perfil de aluminio para equipos de pilates Perfil de aluminio de precisi\u00f3n CNC"},"content":{"rendered":"<h2>Productos<\/h2>\n<table class=\"custom-table\">\n<tr>\n<td class=\"label\">Art\u00edculo<\/td>\n<td>Extrusi\u00f3n de aluminio 7003 7075 Perfil de aluminio para equipos de pilates Perfil de aluminio de precisi\u00f3n CNC<\/td>\n<\/tr>\n<tr>\n<td class=\"label\">Temple<\/td>\n<td>T3-T8<\/td>\n<\/tr>\n<tr>\n<td class=\"label\">Flujo de procesos<\/td>\n<td>Desarrollo de moldes-Palanquillas de aluminio-Calentamiento-Moldeo con aluminio bruto-Extrusi\u00f3n de aluminio-Mecanizado CNC-Tratamiento de superficies-QC-Embalaje y entrega<\/td>\n<\/tr>\n<tr>\n<td class=\"label\">Aplicaci\u00f3n<\/td>\n<td>componentes aeron\u00e1uticos, piezas estructurales y equipos de alto rendimiento<\/td>\n<\/tr>\n<tr>\n<td class=\"label\">Forma<\/td>\n<td>Personalizaci\u00f3n<\/td>\n<\/tr>\n<tr>\n<td class=\"label\">Tratamiento de superficies<\/td>\n<td>Acabado de fresado, anodizado, recubrimiento de potencia, chorro de arena, electroforesis, cepillado, pulido, etc.<\/td>\n<\/tr>\n<tr>\n<td class=\"label\">Tratamiento en profundidad<\/td>\n<td>Corte, taladrado, mecanizado, punzonado, plegado, roscado, etc.<\/td>\n<\/tr>\n<tr>\n<td class=\"label\">MOQ<\/td>\n<td>200KG para cada perfil<\/td>\n<\/tr>\n<tr>\n<td class=\"label\">Plazo de entrega<\/td>\n<td>15-25 d\u00edas<\/td>\n<\/tr>\n<tr>\n<td class=\"label\">Muestra gratuita<\/td>\n<td>1-3 d\u00edas se puede enviar<\/td>\n<\/tr>\n<tr>\n<td class=\"label\">ODM\/OEM<\/td>\n<td>Aceptable<\/td>\n<\/tr>\n<\/table>\n<h2>Nuestra base de fabricaci\u00f3n<\/h2>\n<h3>Panorama de la f\u00e1brica<\/h3>\n<p><img decoding=\"async\" src=\"\/wp-content\/uploads\/factory-01.webp\"\/><\/p>\n<h3>Taller de fabricaci\u00f3n de barras de aluminio<\/h3>\n<p><img decoding=\"async\" src=\"\/wp-content\/uploads\/factory-02.webp\"\/><\/p>\n<\/p>\n<p><img decoding=\"async\" src=\"\/wp-content\/uploads\/factory-03.webp\"\/><\/p>\n<h3>Almac\u00e9n de moldes<\/h3>\n<p><img decoding=\"async\" src=\"\/wp-content\/uploads\/factory-04.webp\"\/><\/p>\n<h3>43 L\u00c3neas de extrusi\u00c3\u00b3n de aluminio (500\u00e2\u20ac\"5500 toneladas)<\/h3>\n<p><img decoding=\"async\" src=\"\/wp-content\/uploads\/factory-05.webp\"\/><\/p>\n<p><img decoding=\"async\" src=\"\/wp-content\/uploads\/factory-06.webp\"\/><\/p>\n<p><img decoding=\"async\" src=\"\/wp-content\/uploads\/factory-07.webp\"\/><\/p>\n<h3>Taller de pintura en polvo<\/h3>\n<p><img decoding=\"async\" src=\"\/wp-content\/uploads\/factory-09.webp\"\/><\/p>\n<h3>Taller de anodizado<\/h3>\n<p><img decoding=\"async\" src=\"\/wp-content\/uploads\/factory-10.webp\"\/><\/p>\n<h3>Taller de procesamiento profundo<\/h3>\n<p><img decoding=\"async\" src=\"\/wp-content\/uploads\/factory-11.webp\"\/><\/p>\n<h3>Taller de mecanizado de precisi\u00f3n CNC<\/h3>\n<p><img decoding=\"async\" src=\"\/wp-content\/uploads\/factory-11.5.webp\"\/><\/p>\n<h3>Almac\u00e9n de productos acabados y de exportaci\u00f3n<\/h3>\n<p><img decoding=\"async\" src=\"\/wp-content\/uploads\/factory-12.webp\"\/><\/p>\n<p><img decoding=\"async\" src=\"\/wp-content\/uploads\/factory-13.webp\"\/><\/p>\n<p><img decoding=\"async\" src=\"\/wp-content\/uploads\/factory-14.webp\"\/><\/p>\n<h2>PREGUNTAS FRECUENTES<\/h2>\n<p><b>1.\u00bfQu\u00e9 son los perfiles de aluminio de extrusi\u00f3n 7003 y 7075 para equipos de Pilates? <\/b><\/p>\n<p> Se trata de perfiles de aluminio extruido de alta resistencia fabricados con aleaciones 7003 y 7075, dise\u00f1ados espec\u00edficamente para armazones de equipos de Pilates duraderos y ligeros.\n<\/p>\n<p><\/p>\n<p><b>2.\u00bfQu\u00e9 ventajas ofrecen los perfiles de aluminio 7003 y 7075 para los equipos de Pilates? <\/b><\/p>\n<p> Estos perfiles ofrecen una excelente relaci\u00f3n resistencia-peso, resistencia a la corrosi\u00f3n y gran precisi\u00f3n, lo que garantiza unas m\u00e1quinas de Pilates robustas pero ligeras.\n<\/p>\n<p><\/p>\n<p><b>3.\u00bfPor qu\u00e9 elegir las aleaciones de aluminio 7003 y 7075 para los perfiles de precisi\u00f3n CNC? <\/b><\/p>\n<p> Las aleaciones 7003 y 7075 ofrecen una mecanizabilidad y una resistencia mec\u00e1nica superiores, lo que las hace ideales para el mecanizado CNC y los componentes de precisi\u00f3n en equipos de fitness.\n<\/p>\n<p><\/p>\n<p><b>4.\u00bfC\u00f3mo mejoran los perfiles de aluminio de precisi\u00f3n CNC la calidad de los equipos de Pilates? <\/b><\/p>\n<p> El mecanizado CNC garantiza tolerancias estrechas, acabados suaves y dimensiones precisas, lo que se traduce en piezas de equipos de Pilates fiables y de alto rendimiento.\n<\/p>\n<p><\/p>\n<p><b>5.\u00bfLos perfiles de aluminio 7003 y 7075 son resistentes a la corrosi\u00f3n? <\/b><\/p>\n<p> S\u00ed, ambas aleaciones presentan una gran resistencia a la corrosi\u00f3n, algo esencial para los equipos de Pilates expuestos al sudor y a entornos h\u00famedos.\n<\/p>\n<p><\/p>\n<p><b>6.\u00bfSe pueden personalizar estos perfiles de aluminio para m\u00e1quinas de Pilates? <\/b><\/p>\n<p> Por supuesto, los perfiles de aluminio 7003 y 7075 pueden extruirse a medida y mecanizarse mediante CNC con formas, tama\u00f1os y acabados espec\u00edficos para satisfacer los requisitos de dise\u00f1o de los equipos de Pilates.\n<\/p>\n<p><\/p>\n<p><b>7.\u00bfQu\u00e9 acabados superficiales hay disponibles para los perfiles de aluminio Pilates? <\/b><\/p>\n<p> Los acabados incluyen anodizado, recubrimiento en polvo, cepillado y pulido, lo que aumenta la durabilidad y el atractivo est\u00e9tico de los equipos de fitness.\n<\/p>\n<p><\/p>\n<p><b>8.\u00bfOfrecen los perfiles de aluminio 7003 y 7075 durabilidad en aplicaciones de alta tensi\u00f3n? <\/b><\/p>\n<p> S\u00ed, estas aleaciones son conocidas por su alta resistencia a la tracci\u00f3n y a la fatiga, lo que garantiza un rendimiento duradero bajo un uso repetido.\n<\/p>\n<p><\/p>\n<p><b>9.\u00bfPor qu\u00e9 es importante el aluminio ligero para los bastidores de los equipos de Pilates? <\/b><\/p>\n<p> El aluminio ligero reduce el peso total de la m\u00e1quina, lo que hace que los equipos de Pilates sean m\u00e1s f\u00e1ciles de mover y m\u00e1s c\u00f3modos para los usuarios durante los ejercicios.\n<\/p>\n<p><\/p>\n<p><b>10.\u00bfD\u00f3nde se utilizan habitualmente los perfiles de extrusi\u00f3n de aluminio 7003 y 7075 en el exterior de los equipos de Pilates? <\/b><\/p>\n<p> Estas aleaciones de alta resistencia se utilizan ampliamente en las industrias aeroespacial, automovil\u00edstica, de equipamiento deportivo y de ingenier\u00eda de precisi\u00f3n debido a sus excepcionales propiedades mec\u00e1nicas.\n<\/p>\n<p><\/p>","protected":false},"featured_media":6229,"template":"","categories":[58],"class_list":["post-6230","product","type-product","status-publish","has-post-thumbnail","hentry","category-aluminium-extrusion-profiles"],"meta_box":{"hilight_text_group":{"product_hilight_text":"<li>High-strength 7003 and 7075 alloys ensure durability and load-bearing capacity<\/li>\r\r\n<li>CNC precision machining guarantees tight tolerances and smooth finishes<\/li>\r\r\n<li>Lightweight design improves portability without compromising stability<\/li>\r\r\n<li>Corrosion-resistant surface ideal for humid gym and fitness environments<\/li>\r\r\n<li>Custom profiles tailored for specialized Pilates equipment designs<\/li>","product_chanpin_chanpin":"<li><a href=\"https:\/\/sinoextrud.com\/product\/aluminum-extrusion-l-shaped-angle-aluminum-profile-in-china\/\" target=\"_blank\">Aluminum Extrusion L-shaped Angle Aluminum Profile in China<\/a><\/li>\r\n<li><a href=\"https:\/\/sinoextrud.com\/product\/aluminum-extrusion-1060-2024-3003-5082-6061-6082-7003-7005-7075-aluminum-alloy-profile\/\" target=\"_blank\">Aluminum Extrusion 1060 2024 3003 5082 6061 6082 7003 7005 7075 Aluminum Alloy Profile<\/a><\/li>\r\n<li><a href=\"https:\/\/sinoextrud.com\/product\/aluminum-extrusion-bathroom-mirror-cabinet-aluminum-profile\/\" target=\"_blank\">Aluminum Extrusion Bathroom Mirror Cabinet Aluminum Profile<\/a><\/li>\r\n<li><a href=\"https:\/\/sinoextrud.com\/product\/aluminum-extrusion-advertising-signs-aluminum-frame-profile\/\" target=\"_blank\">Aluminum Extrusion Advertising Signs Aluminum Frame Profile<\/a><\/li>\r\n<li><a href=\"https:\/\/sinoextrud.com\/product\/aluminum-extrusion-7003-7075-aluminum-profile-cnc\/\" target=\"_blank\">Aluminum Extrusion 7003 7075 Pilates Equipment Aluminum Profile CNC Precision Aluminum Profile<\/a><\/li>\r\n<li><a href=\"https:\/\/sinoextrud.com\/product\/aluminum-extrusion-cable-clamp-profile-cnc-custom-cable-cleat-aluminum-profile\/\" target=\"_blank\">Aluminum Extrusion Cable Clamp Profile CNC Custom Cable Cleat Aluminum Profile<\/a><\/li>\r\n<li><a href=\"https:\/\/sinoextrud.com\/product\/aluminum-extrusion-minimalist-office-partition-aluminum-profiles\/\" target=\"_blank\">Aluminum Extrusion Minimalist Office Partition Aluminum Profiles<\/a><\/li>\r\n<li><a href=\"https:\/\/sinoextrud.com\/product\/aluminum-extrusion-ultra-small-material-aluminum-frame-profile\/\" target=\"_blank\">Aluminum Extrusion Ultra-small Material Aluminum Frame Profile<\/a><\/li>\r\n<li><a href=\"https:\/\/sinoextrud.com\/product\/aluminum-extrusion-6061-6082-automotive-bumper-beam\/\" target=\"_blank\">Aluminum Extrusion 6061 6082 Automotive Bumper Beam<\/a><\/li>\r\n<li><a href=\"https:\/\/sinoextrud.com\/product\/aluminum-handrail-extrusions\/\" target=\"_blank\">Aluminum Handrail Extrusions<\/a><\/li>\r\n<li><a href=\"https:\/\/sinoextrud.com\/product\/aluminum-extrusion-u-channel-profiles\/\" target=\"_blank\">Aluminum Extrusion U Channel Profiles<\/a><\/li>"},"feature_list":[]},"_links":{"self":[{"href":"https:\/\/sinoextrud.com\/es\/wp-json\/wp\/v2\/product\/6230","targetHints":{"allow":["GET"]}}],"collection":[{"href":"https:\/\/sinoextrud.com\/es\/wp-json\/wp\/v2\/product"}],"about":[{"href":"https:\/\/sinoextrud.com\/es\/wp-json\/wp\/v2\/types\/product"}],"wp:featuredmedia":[{"embeddable":true,"href":"https:\/\/sinoextrud.com\/es\/wp-json\/wp\/v2\/media\/6229"}],"wp:attachment":[{"href":"https:\/\/sinoextrud.com\/es\/wp-json\/wp\/v2\/media?parent=6230"}],"wp:term":[{"taxonomy":"category","embeddable":true,"href":"https:\/\/sinoextrud.com\/es\/wp-json\/wp\/v2\/categories?post=6230"}],"curies":[{"name":"wp","href":"https:\/\/api.w.org\/{rel}","templated":true}]}}