{"id":6218,"date":"2025-05-26T02:51:29","date_gmt":"2025-05-26T02:51:29","guid":{"rendered":"https:\/\/sinoextrud.com\/product\/aluminium-extrusion-3003-6082-7003-7075-aluminum-profile\/"},"modified":"2025-06-24T03:55:08","modified_gmt":"2025-06-24T03:55:08","slug":"extrusion-de-aluminio-3003-6082-7003-7075-perfil-de-aluminio","status":"publish","type":"product","link":"https:\/\/sinoextrud.com\/es\/product\/aluminium-extrusion-3003-6082-7003-7075-aluminum-profile\/","title":{"rendered":"Extrusi\u00f3n de aluminio Perfil de aluminio 3003 6082 7003 7075"},"content":{"rendered":"<h2>Productos<\/h2>\n<table class=\"custom-table\">\n<tr>\n<td class=\"label\">Nombre del producto<\/td>\n<td>Extrusi\u00f3n de aluminio Perfil de aluminio 3003 6082 7003 7075<\/td>\n<\/tr>\n<tr>\n<td class=\"label\">Aleaci\u00f3n de aluminio<\/td>\n<td>serie 3000, serie 6000, serie 7000<\/td>\n<\/tr>\n<tr>\n<td class=\"label\">Temple<\/td>\n<td>T3-T8<\/td>\n<\/tr>\n<tr>\n<td class=\"label\">Forma<\/td>\n<td>personalizaci\u00f3n<\/td>\n<\/tr>\n<tr>\n<td class=\"label\">Color<\/td>\n<td>personalizaci\u00f3n<\/td>\n<\/tr>\n<tr>\n<td class=\"label\">Tratamiento de superficies<\/td>\n<td>acabado de fresado, anodizado, veteado de madera, recubrimiento en\u00e9rgico, chorro de arena, electroforesis, cepillado, pulido, etc.<\/td>\n<\/tr>\n<tr>\n<td class=\"label\">Procesado profundo CNC<\/td>\n<td>corte, taladrado, mecanizado, punzonado, plegado, roscado, etc.<\/td>\n<\/tr>\n<tr>\n<td class=\"label\">Certificaciones<\/td>\n<td>CE, ISO, SGS, TUV, ROHS<\/td>\n<\/tr>\n<tr>\n<td class=\"label\">Muestras<\/td>\n<td>muestra gratis. 1-3 d\u00edas de entrega a usted.<\/td>\n<\/tr>\n<tr>\n<td class=\"label\">MOQ<\/td>\n<td>200KG para cada perfil<\/td>\n<\/tr>\n<tr>\n<td class=\"label\">Plazo de entrega<\/td>\n<td>El desarrollo del molde y la conformaci\u00f3n de la muestra es de 12-15 d\u00edas, luego la duraci\u00f3n de la producci\u00f3n es de 15-25 d\u00edas despu\u00e9s de la recepci\u00f3n del dep\u00f3sito del comprador.<\/td>\n<\/tr>\n<tr>\n<td class=\"label\">Condiciones de pago<\/td>\n<td>30% dep\u00f3sito antes de la producci\u00f3n, y el saldo antes del env\u00edo.<\/td>\n<\/tr>\n<\/table>\n<h2>Nuestra base de fabricaci\u00f3n<\/h2>\n<h3>Panorama de la f\u00e1brica<\/h3>\n<p><img decoding=\"async\" src=\"\/wp-content\/uploads\/factory-01.webp\"\/><\/p>\n<h3>Taller de fabricaci\u00f3n de barras de aluminio<\/h3>\n<p><img decoding=\"async\" src=\"\/wp-content\/uploads\/factory-02.webp\"\/><\/p>\n<p><img decoding=\"async\" src=\"\/wp-content\/uploads\/factory-03.webp\"\/><\/p>\n<h3>Almac\u00e9n de moldes<\/h3>\n<p><img decoding=\"async\" src=\"\/wp-content\/uploads\/factory-04.webp\"\/><\/p>\n<h3>43 l\u00edneas de extrusi\u00f3n de aluminio (500-5500 toneladas)<\/h3>\n<p><img decoding=\"async\" src=\"\/wp-content\/uploads\/factory-05.webp\"\/><\/p>\n<p><img decoding=\"async\" src=\"\/wp-content\/uploads\/factory-06.webp\"\/><\/p>\n<p><img decoding=\"async\" src=\"\/wp-content\/uploads\/factory-07.webp\"\/><\/p>\n<h3>Taller de pintura en polvo<\/h3>\n<p><img decoding=\"async\" src=\"\/wp-content\/uploads\/factory-09.webp\"\/><\/p>\n<h3>Taller de anodizado<\/h3>\n<p><img decoding=\"async\" src=\"\/wp-content\/uploads\/factory-10.webp\"\/><\/p>\n<h3>Taller de procesamiento profundo<\/h3>\n<p><img decoding=\"async\" src=\"\/wp-content\/uploads\/factory-11.webp\"\/><\/p>\n<h3>Taller de mecanizado de precisi\u00f3n CNC<\/h3>\n<p><img decoding=\"async\" src=\"\/wp-content\/uploads\/factory-11.5.webp\"\/><\/p>\n<h3>Almac\u00e9n de productos acabados y de exportaci\u00f3n<\/h3>\n<p><img decoding=\"async\" src=\"\/wp-content\/uploads\/factory-12.webp\"\/><\/p>\n<p><img decoding=\"async\" src=\"\/wp-content\/uploads\/factory-13.webp\"\/><\/p>\n<p><img decoding=\"async\" src=\"\/wp-content\/uploads\/factory-14.webp\"\/><\/p>\n<h2>PREGUNTAS FRECUENTES<\/h2>\n<p><p><b>1.\u00bfQu\u00e9 es un perfil de aluminio de extrusi\u00f3n 3003 6082 7003 7075? <\/b><\/p>\n<p> Se refiere a perfiles de aluminio extruido fabricados con aleaciones espec\u00edficas -003, 6082, 7003 y 7075- que ofrecen propiedades mec\u00e1nicas y de resistencia a la corrosi\u00f3n \u00fanicas para diversas aplicaciones industriales.<br \/>\n<\/p><br \/>\n<br \/>\n<p><b>2.\u00bfCu\u00e1les son las ventajas de los perfiles de extrusi\u00f3n de aluminio 3003? <\/b><\/p>\n<p> Los perfiles de aluminio 3003 ofrecen una excelente resistencia a la corrosi\u00f3n, buena trabajabilidad y son ideales para cubiertas, revestimientos y aplicaciones decorativas.<br \/>\n<\/p><br \/>\n<br \/>\n<p><b>3. \u00bfPor qu\u00e9 elegir perfiles de extrusi\u00f3n de aluminio 6082? <\/b><\/p>\n<p> Los perfiles de aluminio 6082 ofrecen alta resistencia, excelente soldabilidad y buena resistencia a la corrosi\u00f3n, lo que los hace adecuados para usos estructurales y de transporte.<br \/>\n<\/p><br \/>\n<br \/>\n<p><b>4. \u00bfCu\u00e1les son las ventajas de los perfiles de extrusi\u00f3n de aluminio 7003? <\/b><\/p>\n<p> Los perfiles de aluminio 7003 ofrecen una alta resistencia a la tracci\u00f3n y una buena resistencia a la fatiga, y se suelen utilizar en automoci\u00f3n, cuadros de bicicleta y aplicaciones de alto esfuerzo.<br \/>\n<\/p><br \/>\n<br \/>\n<p><b>5. \u00bfPor qu\u00e9 utilizar perfiles de extrusi\u00f3n de aluminio 7075? <\/b><\/p>\n<p> Los perfiles de aluminio 7075 son conocidos por su alt\u00edsima relaci\u00f3n resistencia-peso, lo que los hace ideales para componentes aeroespaciales, de defensa y de ingenier\u00eda de precisi\u00f3n.<br \/>\n<\/p><br \/>\n<br \/>\n<p><b>6.\u00bfEn qu\u00e9 se diferencian los perfiles de aluminio 3003, 6082, 7003 y 7075? <\/b><\/p>\n<p> El 3003 es resistente a la corrosi\u00f3n y moldeable; el 6082 equilibra resistencia y soldabilidad; el 7003 es resistente y ligero; el 7075 ofrece resistencia aeroespacial con soldabilidad limitada.<br \/>\n<\/p><br \/>\n<br \/>\n<p><b>7.\u00bfSe pueden personalizar los perfiles de extrusi\u00f3n de aluminio de estas aleaciones? <\/b><\/p>\n<p> S\u00ed, los perfiles fabricados con aleaciones 3003, 6082, 7003 y 7075 pueden personalizarse en forma, longitud, espesor de pared y acabado superficial en funci\u00f3n de las necesidades de la aplicaci\u00f3n.<br \/>\n<\/p><br \/>\n<br \/>\n<p><b>8.\u00bfSon estos perfiles de aluminio resistentes a la corrosi\u00f3n? <\/b><\/p>\n<p> S\u00ed, 3003 y 6082 ofrecen una excelente resistencia a la corrosi\u00f3n, mientras que 7003 y 7075 pueden tratarse o revestirse para mejorar la protecci\u00f3n medioambiental.<br \/>\n<\/p><br \/>\n<br \/>\n<p><b>9.\u00bfQu\u00e9 aplicaciones utilizan los perfiles de extrusi\u00f3n de aluminio 3003 6082 7003 7075? <\/b><\/p>\n<p> Estos perfiles se utilizan en la construcci\u00f3n, el transporte, la industria aeroespacial, la automoci\u00f3n, la maquinaria, las estructuras marinas y el equipamiento deportivo.<br \/>\n<\/p><br \/>\n<br \/>\n<p><b>10.\u00bfQu\u00e9 acabados est\u00e1n disponibles para estos perfiles de aleaci\u00f3n de aluminio? <\/b><\/p>\n<p> Los acabados disponibles incluyen anodizado, recubrimiento en polvo, pintado y fresado, en funci\u00f3n de la aleaci\u00f3n y los requisitos de uso final.<br \/>\n<\/p><br \/>\n<br \/>\n<p><b>11.\u00bfSon resistentes y duraderos los perfiles de extrusi\u00f3n de aluminio de estas aleaciones? <\/b><\/p>\n<p> Por supuesto, especialmente 6082, 7003 y 7075, que se han dise\u00f1ado para ofrecer una gran solidez, resistencia a los impactos y durabilidad a largo plazo en condiciones exigentes.<br \/>\n<\/p><br \/><\/p>","protected":false},"featured_media":6217,"template":"","categories":[58],"class_list":["post-6218","product","type-product","status-publish","has-post-thumbnail","hentry","category-aluminium-extrusion-profiles"],"meta_box":{"hilight_text_group":{"product_hilight_text":"<li>Multiple alloy options (3003, 6082, 7003, 7075) for varied strength and application needs<\/li>\r\r\n<li>High-performance materials suitable for aerospace, automotive, and structural use<\/li>\r\r\n<li>Excellent corrosion resistance and surface finish across all grades<\/li>\r\r\n<li>Customizable profiles and tempers for specific engineering requirements<\/li>\r\r\n<li>Supports precision machining, welding, and surface treatments<\/li>","product_chanpin_chanpin":"<li><a href=\"https:\/\/sinoextrud.com\/product\/aluminum-extrusion-aluminum-fence-panel-profile\/\" target=\"_blank\">Aluminum Extrusion Aluminum Fence Panel Profile<\/a><\/li>\r\n<li><a href=\"https:\/\/sinoextrud.com\/product\/aluminum-extrusion-sunflower-aluminum-profile\/\" target=\"_blank\">Aluminum Extrusion Sunflower Aluminum Profile<\/a><\/li>\r\n<li><a href=\"https:\/\/sinoextrud.com\/product\/aluminum-extrusion-aluminum-framing-profiles-for-sunroom\/\" target=\"_blank\">Aluminum Extrusion Aluminum Framing Profiles For Sunroom<\/a><\/li>\r\n<li><a href=\"https:\/\/sinoextrud.com\/product\/aluminum-extrusion-6063-large-diameter-aluminum-tube\/\" target=\"_blank\">Aluminum Extrusion 6063 Large Diameter Aluminum Tube<\/a><\/li>\r\n<li><a href=\"https:\/\/sinoextrud.com\/product\/aluminium-extrusion-3003-6082-7003-7075-aluminum-profile\/\" target=\"_blank\">Aluminium Extrusion 3003 6082 7003 7075 Aluminum Profile<\/a><\/li>\r\n<li><a href=\"https:\/\/sinoextrud.com\/product\/aluminum-extruded-aluminum-roofing-profiles\/\" target=\"_blank\">Aluminum Extruded Aluminum Roofing Profiles<\/a><\/li>\r\n<li><a href=\"https:\/\/sinoextrud.com\/product\/aluminum-extrusion-l-shaped-angle-aluminum-profile-in-china\/\" target=\"_blank\">Aluminum Extrusion L-shaped Angle Aluminum Profile in China<\/a><\/li>\r\n<li><a href=\"https:\/\/sinoextrud.com\/product\/aluminum-extrusion-1060-2024-3003-5082-6061-6082-7003-7005-7075-aluminum-alloy-profile\/\" target=\"_blank\">Aluminum Extrusion 1060 2024 3003 5082 6061 6082 7003 7005 7075 Aluminum Alloy Profile<\/a><\/li>\r\n<li><a href=\"https:\/\/sinoextrud.com\/product\/aluminum-extrusion-bathroom-mirror-cabinet-aluminum-profile\/\" target=\"_blank\">Aluminum Extrusion Bathroom Mirror Cabinet Aluminum Profile<\/a><\/li>\r\n<li><a href=\"https:\/\/sinoextrud.com\/product\/anodized-aluminum\/\" target=\"_blank\">Anodized Aluminum<\/a><\/li>\r\n<li><a href=\"https:\/\/sinoextrud.com\/product\/aluminium-extrusion-11-5m-ultra-long-mill-finished-profiles\/\" target=\"_blank\">Aluminium Extrusion 11.5m Ultra-long Mill Finished Profiles<\/a><\/li>"},"feature_list":[]},"_links":{"self":[{"href":"https:\/\/sinoextrud.com\/es\/wp-json\/wp\/v2\/product\/6218","targetHints":{"allow":["GET"]}}],"collection":[{"href":"https:\/\/sinoextrud.com\/es\/wp-json\/wp\/v2\/product"}],"about":[{"href":"https:\/\/sinoextrud.com\/es\/wp-json\/wp\/v2\/types\/product"}],"wp:featuredmedia":[{"embeddable":true,"href":"https:\/\/sinoextrud.com\/es\/wp-json\/wp\/v2\/media\/6217"}],"wp:attachment":[{"href":"https:\/\/sinoextrud.com\/es\/wp-json\/wp\/v2\/media?parent=6218"}],"wp:term":[{"taxonomy":"category","embeddable":true,"href":"https:\/\/sinoextrud.com\/es\/wp-json\/wp\/v2\/categories?post=6218"}],"curies":[{"name":"wp","href":"https:\/\/api.w.org\/{rel}","templated":true}]}}