{"id":6204,"date":"2025-05-26T02:10:24","date_gmt":"2025-05-26T02:10:24","guid":{"rendered":"https:\/\/sinoextrud.com\/product\/aluminum-extrusion-car-truck-aluminum-profile\/"},"modified":"2025-06-24T03:54:58","modified_gmt":"2025-06-24T03:54:58","slug":"extrusion-de-aluminio-coche-camion-perfil-de-aluminio","status":"publish","type":"product","link":"https:\/\/sinoextrud.com\/es\/product\/aluminum-extrusion-car-truck-aluminum-profile\/","title":{"rendered":"Extrusi\u00f3n de aluminio Perfil de aluminio para coches y camiones"},"content":{"rendered":"<h2>Productos<\/h2>\n<table class=\"custom-table\">\n<tr>\n<td class=\"label\">Nombre del producto<\/td>\n<td>extrusi\u00f3n de aluminio perfil de aluminio para coches y camiones<\/td>\n<\/tr>\n<tr>\n<td class=\"label\">Aleaci\u00f3n de aluminio<\/td>\n<td>3003, 6063, 6061, 6060, 6082, 6005, 6005A y 7075<\/td>\n<\/tr>\n<tr>\n<td class=\"label\">Temple<\/td>\n<td>T3-T8<\/td>\n<\/tr>\n<tr>\n<td class=\"label\">Forma<\/td>\n<td>personalizaci\u00f3n<\/td>\n<\/tr>\n<tr>\n<td class=\"label\">Aplicaci\u00f3n<\/td>\n<td>bandejas de bater\u00eda, sistemas de gesti\u00f3n de impactos, bastidores, vigas, embellecedores, cabeceros de techo, etc.<\/td>\n<\/tr>\n<tr>\n<td class=\"label\">Tratamiento de superficies<\/td>\n<td>acabado de fresado, anodizado, veteado de madera, recubrimiento en\u00e9rgico, chorro de arena, electroforesis, cepillado, pulido, etc.<\/td>\n<\/tr>\n<tr>\n<td class=\"label\">Procesado profundo CNC<\/td>\n<td>corte, taladrado, mecanizado, punzonado, plegado, roscado, etc.<\/td>\n<\/tr>\n<tr>\n<td class=\"label\">Certificaciones<\/td>\n<td>CE, ISO, SGS, TUV, ROHS<\/td>\n<\/tr>\n<tr>\n<td class=\"label\">Muestras<\/td>\n<td>muestra gratis. 1-3 d\u00edas de entrega a usted.<\/td>\n<\/tr>\n<tr>\n<td class=\"label\">MOQ<\/td>\n<td>200KG para cada perfil<\/td>\n<\/tr>\n<tr>\n<td class=\"label\">Plazo de entrega<\/td>\n<td>15-25 d\u00edas<\/td>\n<\/tr>\n<tr>\n<td class=\"label\">Condiciones de pago<\/td>\n<td>30% dep\u00f3sito antes de la producci\u00f3n, y el saldo antes del env\u00edo.<\/td>\n<\/tr>\n<\/table>\n<h2>Nuestra base de fabricaci\u00f3n<\/h2>\n<h3>Panorama de la f\u00e1brica<\/h3>\n<p><img decoding=\"async\" src=\"\/wp-content\/uploads\/factory-01.webp\"\/><\/p>\n<h3>Taller de fabricaci\u00f3n de barras de aluminio<\/h3>\n<p><img decoding=\"async\" src=\"\/wp-content\/uploads\/factory-02.webp\"\/><\/p>\n<p><img decoding=\"async\" src=\"\/wp-content\/uploads\/factory-03.webp\"\/><\/p>\n<h3>Almac\u00e9n de moldes<\/h3>\n<p><img decoding=\"async\" src=\"\/wp-content\/uploads\/factory-04.webp\"\/><\/p>\n<h3>43 L\u00c3neas de extrusi\u00c3\u00b3n de aluminio (500\u00e2\u20ac\"5500 toneladas)<\/h3>\n<p><img decoding=\"async\" src=\"\/wp-content\/uploads\/factory-05.webp\"\/><\/p>\n<p><img decoding=\"async\" src=\"\/wp-content\/uploads\/factory-06.webp\"\/><\/p>\n<p><img decoding=\"async\" src=\"\/wp-content\/uploads\/factory-07.webp\"\/><\/p>\n<h3>Taller de pintura en polvo<\/h3>\n<p><img decoding=\"async\" src=\"\/wp-content\/uploads\/factory-09.webp\"\/><\/p>\n<h3>Taller de anodizado<\/h3>\n<p><img decoding=\"async\" src=\"\/wp-content\/uploads\/factory-10.webp\"\/><\/p>\n<h3>Taller de procesamiento profundo<\/h3>\n<p><img decoding=\"async\" src=\"\/wp-content\/uploads\/factory-11.webp\"\/><\/p>\n<h3>Taller de mecanizado de precisi\u00f3n CNC<\/h3>\n<p><img decoding=\"async\" src=\"\/wp-content\/uploads\/factory-11.5.webp\"\/><\/p>\n<h3>Almac\u00e9n de productos acabados y de exportaci\u00f3n<\/h3>\n<p><img decoding=\"async\" src=\"\/wp-content\/uploads\/factory-12.webp\"\/><\/p>\n<p><img decoding=\"async\" src=\"\/wp-content\/uploads\/factory-13.webp\"\/><\/p>\n<p><img decoding=\"async\" src=\"\/wp-content\/uploads\/factory-14.webp\"\/><\/p>\n<h2>PREGUNTAS FRECUENTES<\/h2>\n<p><p><b>1.\u00bfQu\u00e9 son los perfiles de aluminio de extrusi\u00f3n para coches y camiones? <\/b><\/p>\n<p> Se trata de perfiles de aluminio extruido a medida dise\u00f1ados para su uso en estructuras de autom\u00f3viles y camiones, que ofrecen una gran ligereza y resistencia a la corrosi\u00f3n.<br \/>\n<\/p><br \/>\n<br \/>\n<p><b>2.\u00bfCu\u00e1les son las ventajas de utilizar perfiles de aluminio en coches y camiones? <\/b><\/p>\n<p> Los perfiles de aluminio reducen el peso del veh\u00edculo, mejoran la eficiencia del combustible, aumentan la resistencia a la corrosi\u00f3n y ofrecen una excelente conformabilidad para aplicaciones de automoci\u00f3n.<br \/>\n<\/p><br \/>\n<br \/>\n<p><b>3.\u00bfPor qu\u00e9 elegir la extrusi\u00f3n de aluminio para perfiles de automoci\u00f3n? <\/b><\/p>\n<p> La extrusi\u00f3n de aluminio permite un moldeado preciso, una gran resistencia estructural y flexibilidad en el dise\u00f1o, por lo que resulta ideal para bastidores de autom\u00f3viles, barras de techo, estribos, etc.<br \/>\n<\/p><br \/>\n<br \/>\n<p><b>4.\u00bfD\u00f3nde se utilizan los perfiles de extrusi\u00f3n de aluminio en los veh\u00edculos? <\/b><\/p>\n<p> Se utilizan en carrocer\u00edas de autom\u00f3viles, cajas de camiones, bastidores de remolques, cajas de bater\u00edas de veh\u00edculos el\u00e9ctricos, parachoques, bacas y refuerzos estructurales.<br \/>\n<\/p><br \/>\n<br \/>\n<p><b>5.\u00bfSon adecuados los perfiles de aluminio para aplicaciones de camiones pesados? <\/b><\/p>\n<p> S\u00ed, los perfiles de extrusi\u00f3n de aluminio ofrecen una excelente capacidad de carga y durabilidad, lo que los hace adecuados para camiones, remolques y bastidores de veh\u00edculos comerciales.<br \/>\n<\/p><br \/>\n<br \/>\n<p><b>6.\u00bfC\u00f3mo mejoran los perfiles de aluminio las prestaciones de los veh\u00edculos? <\/b><\/p>\n<p> Al reducir el peso total y mantener la resistencia estructural, los perfiles de aluminio mejoran la aceleraci\u00f3n, el ahorro de combustible y la maniobrabilidad tanto en coches como en camiones.<br \/>\n<\/p><br \/>\n<br \/>\n<p><b>7.\u00bfSe pueden personalizar los perfiles de aluminio para autom\u00f3viles? <\/b><\/p>\n<p> Por supuesto, los perfiles de aluminio para coches y camiones pueden adaptarse en forma, tama\u00f1o, tipo de aleaci\u00f3n y acabado superficial para cumplir las especificaciones de los fabricantes de equipos originales.<br \/>\n<\/p><br \/>\n<br \/>\n<p><b>8.\u00bfSon resistentes a la corrosi\u00f3n los perfiles de extrusi\u00f3n de aluminio para veh\u00edculos? <\/b><\/p>\n<p> S\u00ed, los perfiles de aluminio para automoci\u00f3n son muy resistentes a la oxidaci\u00f3n y pueden anodizarse o revestirse para aumentar su durabilidad en cualquier condici\u00f3n meteorol\u00f3gica.<br \/>\n<\/p><br \/>\n<br \/>\n<p><b>9.\u00bfQu\u00e9 acabados superficiales hay disponibles para los perfiles de aluminio de autom\u00f3viles y camiones? <\/b><\/p>\n<p> Los acabados disponibles incluyen anodizado, recubrimiento en polvo, pintado o fresado, en funci\u00f3n del dise\u00f1o y de los requisitos de exposici\u00f3n ambiental.<br \/>\n<\/p><br \/>\n<br \/>\n<p><b>10.\u00bfEs adecuada la extrusi\u00f3n de aluminio para los dise\u00f1os de veh\u00edculos el\u00e9ctricos (VE)? <\/b><\/p>\n<p> S\u00ed, los perfiles de aluminio se utilizan mucho en los veh\u00edculos el\u00e9ctricos para bandejas de bater\u00edas, carcasas y bastidores ligeros, lo que contribuye a la eficiencia energ\u00e9tica y la gesti\u00f3n t\u00e9rmica.<br \/>\n<\/p><br \/><\/p>","protected":false},"featured_media":6203,"template":"","categories":[58],"class_list":["post-6204","product","type-product","status-publish","has-post-thumbnail","hentry","category-aluminium-extrusion-profiles"],"meta_box":{"hilight_text_group":{"product_hilight_text":"<li>High strength-to-weight ratio improves vehicle efficiency and load capacity<\/li>\r\r\n<li>Corrosion-resistant for long-term performance in all weather conditions<\/li>\r\r\n<li>Supports custom profiles for various automotive and truck components<\/li>\r\r\n<li>Enhances structural integrity while reducing overall vehicle weight<\/li>\r\r\n<li>Ideal for frames, panels, roof racks, and trim applications<\/li>","product_chanpin_chanpin":"<li><a href=\"https:\/\/sinoextrud.com\/product\/aluminum-extrusion-blackboard-whiteboard-frame-aluminum-profiles\/\" target=\"_blank\">Aluminum Extrusion Blackboard Whiteboard Frame Aluminum Profiles<\/a><\/li>\r\n<li><a href=\"https:\/\/sinoextrud.com\/product\/aluminium-extrusion-anodized-aluminum-profile\/\" target=\"_blank\">Aluminium Extrusion Anodized Aluminum Profile<\/a><\/li>\r\n<li><a href=\"https:\/\/sinoextrud.com\/product\/aluminium-extrusion-wood-grain-aluminum-profile\/\" target=\"_blank\">Aluminium Extrusion Wood Grain Aluminum Profile<\/a><\/li>\r\n<li><a href=\"https:\/\/sinoextrud.com\/product\/aluminum-extrusion-u-channel-profiles\/\" target=\"_blank\">Aluminum Extrusion U Channel Profiles<\/a><\/li>\r\n<li><a href=\"https:\/\/sinoextrud.com\/product\/aluminum-extrusion-car-truck-aluminum-profile\/\" target=\"_blank\">Aluminum Extrusion Car & Truck Aluminum Profile<\/a><\/li>\r\n<li><a href=\"https:\/\/sinoextrud.com\/product\/aluminum-extrusion-aluminum-fence-panel-profile\/\" target=\"_blank\">Aluminum Extrusion Aluminum Fence Panel Profile<\/a><\/li>\r\n<li><a href=\"https:\/\/sinoextrud.com\/product\/aluminum-extrusion-sunflower-aluminum-profile\/\" target=\"_blank\">Aluminum Extrusion Sunflower Aluminum Profile<\/a><\/li>\r\n<li><a href=\"https:\/\/sinoextrud.com\/product\/aluminum-extrusion-aluminum-framing-profiles-for-sunroom\/\" target=\"_blank\">Aluminum Extrusion Aluminum Framing Profiles For Sunroom<\/a><\/li>\r\n<li><a href=\"https:\/\/sinoextrud.com\/product\/aluminum-extrusion-6063-large-diameter-aluminum-tube\/\" target=\"_blank\">Aluminum Extrusion 6063 Large Diameter Aluminum Tube<\/a><\/li>\r\n<li><a href=\"https:\/\/sinoextrud.com\/product\/metal-extrusion-products\/\" target=\"_blank\">Metal Extrusion Products<\/a><\/li>\r\n<li><a href=\"https:\/\/sinoextrud.com\/product\/aluminum-t-section-extrusions\/\" target=\"_blank\">Aluminum T Section Extrusions<\/a><\/li>"},"feature_list":[]},"_links":{"self":[{"href":"https:\/\/sinoextrud.com\/es\/wp-json\/wp\/v2\/product\/6204","targetHints":{"allow":["GET"]}}],"collection":[{"href":"https:\/\/sinoextrud.com\/es\/wp-json\/wp\/v2\/product"}],"about":[{"href":"https:\/\/sinoextrud.com\/es\/wp-json\/wp\/v2\/types\/product"}],"wp:featuredmedia":[{"embeddable":true,"href":"https:\/\/sinoextrud.com\/es\/wp-json\/wp\/v2\/media\/6203"}],"wp:attachment":[{"href":"https:\/\/sinoextrud.com\/es\/wp-json\/wp\/v2\/media?parent=6204"}],"wp:term":[{"taxonomy":"category","embeddable":true,"href":"https:\/\/sinoextrud.com\/es\/wp-json\/wp\/v2\/categories?post=6204"}],"curies":[{"name":"wp","href":"https:\/\/api.w.org\/{rel}","templated":true}]}}