{"id":6200,"date":"2025-05-26T02:00:22","date_gmt":"2025-05-26T02:00:22","guid":{"rendered":"https:\/\/sinoextrud.com\/product\/aluminium-extrusion-wood-grain-aluminum-profile\/"},"modified":"2025-06-24T03:54:55","modified_gmt":"2025-06-24T03:54:55","slug":"extrusion-de-aluminio-perfil-de-aluminio-de-grano-de-madera","status":"publish","type":"product","link":"https:\/\/sinoextrud.com\/es\/product\/aluminium-extrusion-wood-grain-aluminum-profile\/","title":{"rendered":"Extrusi\u00f3n de aluminio Perfil de aluminio con veta de madera"},"content":{"rendered":"<h2>Productos<\/h2>\n<table class=\"custom-table\">\n<tr>\n<td class=\"label\">Art\u00edculo<\/td>\n<td>Valor tecnol\u00f3gico<\/td>\n<\/tr>\n<tr>\n<td class=\"label\">Dureza de la pel\u00edcula<\/td>\n<td>DaHa2H<\/td>\n<\/tr>\n<tr>\n<td class=\"label\">Impacto directo<\/td>\n<td>>=30<\/td>\n<\/tr>\n<tr>\n<td class=\"label\">Flexibilidad<\/td>\n<td>v=N<\/td>\n<\/tr>\n<tr>\n<td class=\"label\">Prueba de flexi\u00f3n<\/td>\n<td>3\/16\u2033OK<\/td>\n<\/tr>\n<tr>\n<td class=\"label\">Coeficiente de liquidez<\/td>\n<td>Da15a25<\/td>\n<\/tr>\n<tr>\n<td class=\"label\">Circulaci\u00f3n<\/td>\n<td>20\u2033X200\u00b0C<\/td>\n<\/tr>\n<\/table>\n<h2>Nuestra base de fabricaci\u00f3n<\/h2>\n<h3>Panorama de la f\u00e1brica<\/h3>\n<p><img decoding=\"async\" src=\"\/wp-content\/uploads\/factory-01.webp\"\/><\/p>\n<h3>Taller de fabricaci\u00f3n de barras de aluminio<\/h3>\n<p><img decoding=\"async\" src=\"\/wp-content\/uploads\/factory-02.webp\"\/><\/p>\n<p><img decoding=\"async\" src=\"\/wp-content\/uploads\/factory-03.webp\"\/><\/p>\n<h3>Almac\u00e9n de moldes<\/h3>\n<p><img decoding=\"async\" src=\"\/wp-content\/uploads\/factory-04.webp\"\/><\/p>\n<h3>43 l\u00edneas de extrusi\u00f3n de aluminio (500-5500 toneladas)<\/h3>\n<p><img decoding=\"async\" src=\"\/wp-content\/uploads\/factory-05.webp\"\/><\/p>\n<p><img decoding=\"async\" src=\"\/wp-content\/uploads\/factory-06.webp\"\/><\/p>\n<p><img decoding=\"async\" src=\"\/wp-content\/uploads\/factory-07.webp\"\/><\/p>\n<h3>Taller de pintura en polvo<\/h3>\n<p><img decoding=\"async\" src=\"\/wp-content\/uploads\/factory-09.webp\"\/><\/p>\n<h3>Taller de anodizado<\/h3>\n<p><img decoding=\"async\" src=\"\/wp-content\/uploads\/factory-10.webp\"\/><\/p>\n<h3>Taller de procesamiento profundo<\/h3>\n<p><img decoding=\"async\" src=\"\/wp-content\/uploads\/factory-11.webp\"\/><\/p>\n<h3>Taller de mecanizado de precisi\u00f3n CNC<\/h3>\n<p><img decoding=\"async\" src=\"\/wp-content\/uploads\/factory-11.5.webp\"\/><\/p>\n<h3>Almac\u00e9n de productos acabados y de exportaci\u00f3n<\/h3>\n<p><img decoding=\"async\" src=\"\/wp-content\/uploads\/factory-12.webp\"\/><\/p>\n<p><img decoding=\"async\" src=\"\/wp-content\/uploads\/factory-13.webp\"\/><\/p>\n<p><img decoding=\"async\" src=\"\/wp-content\/uploads\/factory-14.webp\"\/><\/p>\n<h2>PREGUNTAS FRECUENTES<\/h2>\n<p><p><b>1.\u00bfQu\u00e9 es un perfil de aluminio de grano de madera de extrusi\u00f3n de aluminio? <\/b><\/p>\n<p> Se trata de un perfil de aluminio extruido revestido con un acabado de grano de madera, que ofrece el aspecto de la madera natural con la durabilidad del aluminio.<br \/>\n<\/p><br \/>\n<br \/>\n<p><b>2.\u00bfCu\u00e1les son las ventajas de los perfiles de aluminio con vetas de madera? <\/b><\/p>\n<p> Los perfiles de aluminio con vetas de madera combinan la est\u00e9tica de la madera con la solidez, resistencia a la intemperie, bajo mantenimiento y larga vida \u00fatil del aluminio.<br \/>\n<\/p><br \/>\n<br \/>\n<p><b>3.\u00bfPor qu\u00e9 elegir perfiles de aluminio con vetas de madera en lugar de madera aut\u00e9ntica? <\/b><\/p>\n<p> Los perfiles de aluminio con vetas de madera no se deforman, pudren ni decoloran como la madera aut\u00e9ntica y no requieren pintura ni sellado, lo que los hace m\u00e1s rentables y duraderos.<br \/>\n<\/p><br \/>\n<br \/>\n<p><b>4. \u00bfD\u00f3nde se suelen utilizar los perfiles de extrusi\u00f3n de aluminio con vetas de madera? <\/b><\/p>\n<p> Estos perfiles se utilizan ampliamente en ventanas, puertas, fachadas, vallas, p\u00e9rgolas, verjas y elementos arquitect\u00f3nicos decorativos.<br \/>\n<\/p><br \/>\n<br \/>\n<p><b>5.\u00bfEs resistente a la intemperie el acabado de grano de madera de los perfiles de aluminio? <\/b><\/p>\n<p> S\u00ed, el acabado de grano de madera es muy resistente a los rayos UV, la humedad y la corrosi\u00f3n, por lo que es ideal para aplicaciones tanto de interior como de exterior.<br \/>\n<\/p><br \/>\n<br \/>\n<p><b>6.\u00bfSe pueden personalizar los perfiles de aluminio con vetas de madera? <\/b><\/p>\n<p> Por supuesto, los perfiles de aluminio con vetas de madera pueden personalizarse en forma, tama\u00f1o, tipo de aleaci\u00f3n y patr\u00f3n de madera para satisfacer los requisitos espec\u00edficos de cada proyecto.<br \/>\n<\/p><br \/>\n<br \/>\n<p><b>7.\u00bfC\u00f3mo se aplica el efecto de vetas de madera a los perfiles de extrusi\u00f3n de aluminio? <\/b><\/p>\n<p> El efecto de vetas de madera se aplica mediante sublimaci\u00f3n o tecnolog\u00eda de recubrimiento en polvo, lo que da como resultado una textura realista y una superficie duradera.<br \/>\n<\/p><br \/>\n<br \/>\n<p><b>8.\u00bfSon respetuosos con el medio ambiente los perfiles de aluminio con vetas de madera? <\/b><\/p>\n<p> S\u00ed, el aluminio es 100% reciclable, y el uso de acabados con vetas de madera reduce la demanda de madera natural, fomentando la construcci\u00f3n sostenible.<br \/>\n<\/p><br \/>\n<br \/>\n<p><b>9.\u00bfNecesitan mantenimiento los perfiles de aluminio con veta de madera? <\/b><\/p>\n<p> Requiere un mantenimiento m\u00ednimo: basta con limpiarlo peri\u00f3dicamente, sin necesidad de volver a pintarlo, te\u00f1irlo o sellarlo, como ocurre con la madera tradicional.<br \/>\n<\/p><br \/>\n<br \/>\n<p><b>10.\u00bfQu\u00e9 tipos de acabados de madera est\u00e1n disponibles para los perfiles de extrusi\u00f3n de aluminio? <\/b><\/p>\n<p> Entre las opciones m\u00e1s comunes se encuentran el roble, la teca, el nogal, el cerezo y patrones de madera personalizados para combinar con temas de dise\u00f1o arquitect\u00f3nico.<br \/>\n<\/p><br \/><\/p>","protected":false},"featured_media":6199,"template":"","categories":[58],"class_list":["post-6200","product","type-product","status-publish","has-post-thumbnail","hentry","category-aluminium-extrusion-profiles"],"meta_box":{"hilight_text_group":{"product_hilight_text":"<li>Realistic wood grain finish combines natural look with metal durability<\/li>\r\r\n<li>Weather-resistant and low maintenance, ideal for outdoor use<\/li>\r\r\n<li>Lightweight and strong for easy installation and structural support<\/li>\r\r\n<li>Available in multiple patterns and colors to match design needs<\/li>\r\r\n<li>Eco-friendly alternative to natural wood with longer lifespan<\/li>","product_chanpin_chanpin":"<li><a href=\"https:\/\/sinoextrud.com\/product\/aluminum-extrusion-telescopic-tube-octagon-tube\/\" target=\"_blank\">Aluminum Extrusion Telescopic Tube Octagon Tube<\/a><\/li>\r\n<li><a href=\"https:\/\/sinoextrud.com\/product\/aluminum-extrusion-aluminum-roof-rack-profiles\/\" target=\"_blank\">Aluminum Extrusion Aluminum Roof Rack Profiles<\/a><\/li>\r\n<li><a href=\"https:\/\/sinoextrud.com\/product\/aluminum-extrusion-blackboard-whiteboard-frame-aluminum-profiles\/\" target=\"_blank\">Aluminum Extrusion Blackboard Whiteboard Frame Aluminum Profiles<\/a><\/li>\r\n<li><a href=\"https:\/\/sinoextrud.com\/product\/aluminium-extrusion-anodized-aluminum-profile\/\" target=\"_blank\">Aluminium Extrusion Anodized Aluminum Profile<\/a><\/li>\r\n<li><a href=\"https:\/\/sinoextrud.com\/product\/aluminium-extrusion-wood-grain-aluminum-profile\/\" target=\"_blank\">Aluminium Extrusion Wood Grain Aluminum Profile<\/a><\/li>\r\n<li><a href=\"https:\/\/sinoextrud.com\/product\/aluminum-extrusion-u-channel-profiles\/\" target=\"_blank\">Aluminum Extrusion U Channel Profiles<\/a><\/li>\r\n<li><a href=\"https:\/\/sinoextrud.com\/product\/aluminum-extrusion-car-truck-aluminum-profile\/\" target=\"_blank\">Aluminum Extrusion Car & Truck Aluminum Profile<\/a><\/li>\r\n<li><a href=\"https:\/\/sinoextrud.com\/product\/aluminum-extrusion-aluminum-fence-panel-profile\/\" target=\"_blank\">Aluminum Extrusion Aluminum Fence Panel Profile<\/a><\/li>\r\n<li><a href=\"https:\/\/sinoextrud.com\/product\/aluminum-extrusion-sunflower-aluminum-profile\/\" target=\"_blank\">Aluminum Extrusion Sunflower Aluminum Profile<\/a><\/li>\r\n<li><a href=\"https:\/\/sinoextrud.com\/product\/square-aluminum-extrusion\/\" target=\"_blank\">Square Aluminum Extrusion<\/a><\/li>\r\n<li><a href=\"https:\/\/sinoextrud.com\/product\/aluminum-door-jamb-extrusion\/\" target=\"_blank\">Aluminum Door Jamb Extrusion<\/a><\/li>"},"feature_list":[]},"_links":{"self":[{"href":"https:\/\/sinoextrud.com\/es\/wp-json\/wp\/v2\/product\/6200","targetHints":{"allow":["GET"]}}],"collection":[{"href":"https:\/\/sinoextrud.com\/es\/wp-json\/wp\/v2\/product"}],"about":[{"href":"https:\/\/sinoextrud.com\/es\/wp-json\/wp\/v2\/types\/product"}],"wp:featuredmedia":[{"embeddable":true,"href":"https:\/\/sinoextrud.com\/es\/wp-json\/wp\/v2\/media\/6199"}],"wp:attachment":[{"href":"https:\/\/sinoextrud.com\/es\/wp-json\/wp\/v2\/media?parent=6200"}],"wp:term":[{"taxonomy":"category","embeddable":true,"href":"https:\/\/sinoextrud.com\/es\/wp-json\/wp\/v2\/categories?post=6200"}],"curies":[{"name":"wp","href":"https:\/\/api.w.org\/{rel}","templated":true}]}}