{"id":6184,"date":"2025-05-25T15:51:14","date_gmt":"2025-05-25T15:51:14","guid":{"rendered":"https:\/\/sinoextrud.com\/product\/aluminum-extrusion-aluminum-cladding-profile-wood-look-grain-aluminum-panels\/"},"modified":"2025-06-24T03:54:45","modified_gmt":"2025-06-24T03:54:45","slug":"extrusion-de-aluminio-revestimiento-de-aluminio-perfil-de-aspecto-madera-grano-paneles-de-aluminio","status":"publish","type":"product","link":"https:\/\/sinoextrud.com\/es\/product\/aluminum-extrusion-aluminum-cladding-profile-wood-look-grain-aluminum-panels\/","title":{"rendered":"Extrusi\u00f3n de aluminio Perfil de aluminio para revestimiento Paneles de aluminio veteado con aspecto de madera"},"content":{"rendered":"<h2>Productos<\/h2>\n<table class=\"custom-table\">\n<tr>\n<td class=\"label\">Nombre del producto<\/td>\n<td>Extrusi\u00f3n de aluminio Perfil de aluminio para revestimiento Paneles de aluminio veteado con aspecto de madera<\/td>\n<\/tr>\n<tr>\n<td class=\"label\">Modelo<\/td>\n<td>perfil de aluminio acabado madera<\/td>\n<\/tr>\n<tr>\n<td class=\"label\">Aplicaci\u00f3n<\/td>\n<td>edificios, centros comerciales, hospitales, aeropuertos y edificios residenciales.<\/td>\n<\/tr>\n<tr>\n<td class=\"label\">Aleaci\u00f3n de aluminio<\/td>\n<td>Serie 6000, 6063<\/td>\n<\/tr>\n<tr>\n<td class=\"label\">Temple<\/td>\n<td>T5-T8<\/td>\n<\/tr>\n<tr>\n<td class=\"label\">Forma<\/td>\n<td>personalizaci\u00f3n<\/td>\n<\/tr>\n<tr>\n<td class=\"label\">Espesor<\/td>\n<td>0,8 mm-Personalizado<\/td>\n<\/tr>\n<tr>\n<td class=\"label\">Tratamiento de superficies<\/td>\n<td>Grano de madera, o personalizaci\u00f3n<\/td>\n<\/tr>\n<tr>\n<td class=\"label\">Procesado profundo CNC<\/td>\n<td>corte, taladrado, mecanizado, punzonado, plegado, roscado, etc.<\/td>\n<\/tr>\n<tr>\n<td class=\"label\">Certificaciones<\/td>\n<td>CE, ISO, SGS, TUV, ROHS<\/td>\n<\/tr>\n<tr>\n<td class=\"label\">Est\u00e1ndar<\/td>\n<td>Calidad media-alta<\/td>\n<\/tr>\n<tr>\n<td class=\"label\">MOQ<\/td>\n<td>200KG para cada perfil<\/td>\n<\/tr>\n<tr>\n<td class=\"label\">Plazo de entrega<\/td>\n<td>15-25 d\u00edas<\/td>\n<\/tr>\n<tr>\n<td class=\"label\">Condiciones de pago<\/td>\n<td>30% dep\u00f3sito antes de la producci\u00f3n, y el saldo antes del env\u00edo.<\/td>\n<\/tr>\n<\/table>\n<h2>Nuestra base de fabricaci\u00f3n<\/h2>\n<h3>Panorama de la f\u00e1brica<\/h3>\n<p><img decoding=\"async\" src=\"\/wp-content\/uploads\/factory-01.webp\"\/><\/p>\n<h3>Taller de fabricaci\u00f3n de barras de aluminio<\/h3>\n<p><img decoding=\"async\" src=\"\/wp-content\/uploads\/factory-02.webp\"\/><\/p>\n<p><img decoding=\"async\" src=\"\/wp-content\/uploads\/factory-03.webp\"\/><\/p>\n<h3>Almac\u00e9n de moldes<\/h3>\n<p><img decoding=\"async\" src=\"\/wp-content\/uploads\/factory-04.webp\"\/><\/p>\n<h3>43 l\u00edneas de extrusi\u00f3n de aluminio (500-5500 toneladas)<\/h3>\n<p><img decoding=\"async\" src=\"\/wp-content\/uploads\/factory-05.webp\"\/><\/p>\n<p><img decoding=\"async\" src=\"\/wp-content\/uploads\/factory-06.webp\"\/><\/p>\n<p><img decoding=\"async\" src=\"\/wp-content\/uploads\/factory-07.webp\"\/><\/p>\n<h3>Taller de pintura en polvo<\/h3>\n<p><img decoding=\"async\" src=\"\/wp-content\/uploads\/factory-09.webp\"\/><\/p>\n<h3>Taller de anodizado<\/h3>\n<p><img decoding=\"async\" src=\"\/wp-content\/uploads\/factory-10.webp\"\/><\/p>\n<h3>Taller de procesamiento profundo<\/h3>\n<p><img decoding=\"async\" src=\"\/wp-content\/uploads\/factory-11.webp\"\/><\/p>\n<h3>Taller de mecanizado de precisi\u00f3n CNC<\/h3>\n<p><img decoding=\"async\" src=\"\/wp-content\/uploads\/factory-11.5.webp\"\/><\/p>\n<h3>Almac\u00e9n de productos acabados y de exportaci\u00f3n<\/h3>\n<p><img decoding=\"async\" src=\"\/wp-content\/uploads\/factory-12.webp\"\/><\/p>\n<p><img decoding=\"async\" src=\"\/wp-content\/uploads\/factory-13.webp\"\/><\/p>\n<p><img decoding=\"async\" src=\"\/wp-content\/uploads\/factory-14.webp\"\/><\/p>\n<h2>PREGUNTAS FRECUENTES<\/h2>\n<p><p><b>1.\u00bfQu\u00e9 son los perfiles de revestimiento de extrusi\u00f3n de aluminio con aspecto de madera veteada? <\/b><\/p>\n<p> Se trata de perfiles de aluminio extruido dise\u00f1ados para aplicaciones de revestimiento, con un acabado de veteado de madera que imita la madera aut\u00e9ntica al tiempo que ofrece la durabilidad del aluminio.<br \/>\n<\/p><br \/>\n<br \/>\n<p><b>2.\u00bfCu\u00e1les son las ventajas de los paneles de revestimiento de aluminio con aspecto de madera? <\/b><\/p>\n<p> Los paneles de revestimiento de aluminio con aspecto de madera ofrecen la est\u00e9tica de la madera natural con las ventajas de la resistencia a la intemperie, el bajo mantenimiento, la resistencia al fuego y una larga vida \u00fatil.<br \/>\n<\/p><br \/>\n<br \/>\n<p><b>3.\u00bfPor qu\u00e9 elegir perfiles de revestimiento de extrusi\u00f3n de aluminio para sistemas de fachada? <\/b><\/p>\n<p> Los perfiles de revestimiento de extrusi\u00f3n de aluminio aportan ligereza, resistencia a la corrosi\u00f3n y un ajuste preciso, por lo que son ideales para soluciones de fachada modernas y sostenibles.<br \/>\n<\/p><br \/>\n<br \/>\n<p><b>4.\u00bfC\u00f3mo se aplica el acabado de grano de madera a los paneles de aluminio? <\/b><\/p>\n<p> El acabado con vetas de madera se consigue normalmente mediante recubrimiento en polvo o impresi\u00f3n por transferencia t\u00e9rmica, ofreciendo una textura realista y una superficie resistente a los rayos UV.<br \/>\n<\/p><br \/>\n<br \/>\n<p><b>5.\u00bfLos paneles de revestimiento de aluminio con vetas de madera son aptos para exteriores? <\/b><\/p>\n<p> S\u00ed, los paneles de revestimiento de aluminio con veta de madera est\u00e1n espec\u00edficamente dise\u00f1ados para su uso en exteriores, con una gran resistencia a los rayos UV, la lluvia, la humedad y las fluctuaciones de temperatura.<br \/>\n<\/p><br \/>\n<br \/>\n<p><b>6.\u00bfNecesitan mantenimiento los perfiles de revestimiento de aluminio? <\/b><\/p>\n<p> No, a diferencia de la madera aut\u00e9ntica, el revestimiento de aluminio con vetas de madera requiere un mantenimiento m\u00ednimo: basta con limpiarlo de vez en cuando sin necesidad de pintarlo ni sellarlo.<br \/>\n<\/p><br \/>\n<br \/>\n<p><b>7.\u00bfPueden personalizarse los paneles de revestimiento de extrusi\u00f3n de aluminio? <\/b><\/p>\n<p> Por supuesto, estos paneles pueden personalizarse en tama\u00f1o, forma, veteado y color para adaptarse a diferentes estilos arquitect\u00f3nicos y requisitos de proyecto.<br \/>\n<\/p><br \/>\n<br \/>\n<p><b>8.\u00bfSon ecol\u00f3gicos los paneles de aluminio con aspecto de madera? <\/b><\/p>\n<p> S\u00ed, el aluminio es reciclable y duradero, y los acabados con vetas de madera reducen la necesidad de utilizar madera aut\u00e9ntica, lo que favorece las pr\u00e1cticas de construcci\u00f3n sostenibles.<br \/>\n<\/p><br \/>\n<br \/>\n<p><b>9.\u00bfD\u00f3nde se suelen utilizar los perfiles de aluminio para revestimientos de madera? <\/b><\/p>\n<p> Estos perfiles se utilizan en fachadas de edificios, plafones, techos, vallas, puertas y paneles decorativos de pared para proyectos residenciales y comerciales.<br \/>\n<\/p><br \/>\n<br \/>\n<p><b>10.\u00bfLos perfiles de aluminio para revestimientos mejoran la est\u00e9tica de los edificios? <\/b><\/p>\n<p> S\u00ed, proporcionan un aspecto c\u00e1lido de madera natural con l\u00edneas limpias y acabados modernos, realzando el atractivo arquitect\u00f3nico de cualquier estructura.<br \/>\n<\/p><br \/><\/p>","protected":false},"featured_media":6183,"template":"","categories":[58],"class_list":["post-6184","product","type-product","status-publish","has-post-thumbnail","hentry","category-aluminium-extrusion-profiles"],"meta_box":{"hilight_text_group":{"product_hilight_text":"<li>Wood grain finish offers natural aesthetics with aluminum durability<\/li>\r\r\n<li>Weatherproof and corrosion-resistant for exterior cladding<\/li>\r\r\n<li>Lightweight panels reduce structural load and ease installation<\/li>\r\r\n<li>Low maintenance alternative to real wood siding<\/li>\r\r\n<li>Custom profiles and colors available for architectural flexibility<\/li>","product_chanpin_chanpin":"<li><a href=\"https:\/\/sinoextrud.com\/product\/aluminium-extrusion-caravan-awning-aluminum-profile\/\" target=\"_blank\">Aluminium Extrusion Caravan Awning Aluminum Profile<\/a><\/li>\r\n<li><a href=\"https:\/\/sinoextrud.com\/product\/aluminium-extrusion-11-5m-ultra-long-mill-finished-profiles\/\" target=\"_blank\">Aluminium Extrusion 11.5m Ultra-long Mill Finished Profiles<\/a><\/li>\r\n<li><a href=\"https:\/\/sinoextrud.com\/product\/aluminium-u-channel\/\" target=\"_blank\">Aluminium U Channel<\/a><\/li>\r\n<li><a href=\"https:\/\/sinoextrud.com\/product\/aluminum-profile-roller-blinds-rails\/\" target=\"_blank\">Aluminum Profile Roller Blinds Rails<\/a><\/li>\r\n<li><a href=\"https:\/\/sinoextrud.com\/product\/aluminum-extrusion-aluminum-cladding-profile-wood-look-grain-aluminum-panels\/\" target=\"_blank\">Aluminum Extrusion Aluminum Cladding Profile Wood Look Grain Aluminum Panels<\/a><\/li>\r\n<li><a href=\"https:\/\/sinoextrud.com\/product\/aluminum-extrusion-6005-big-size-industrial-aluminum-profile\/\" target=\"_blank\">Aluminum Extrusion 6005 Big Size Industrial Aluminum Profile<\/a><\/li>\r\n<li><a href=\"https:\/\/sinoextrud.com\/product\/aluminum-extrusion-telescopic-tube-octagon-tube\/\" target=\"_blank\">Aluminum Extrusion Telescopic Tube Octagon Tube<\/a><\/li>\r\n<li><a href=\"https:\/\/sinoextrud.com\/product\/aluminum-extrusion-aluminum-roof-rack-profiles\/\" target=\"_blank\">Aluminum Extrusion Aluminum Roof Rack Profiles<\/a><\/li>\r\n<li><a href=\"https:\/\/sinoextrud.com\/product\/aluminum-extrusion-blackboard-whiteboard-frame-aluminum-profiles\/\" target=\"_blank\">Aluminum Extrusion Blackboard Whiteboard Frame Aluminum Profiles<\/a><\/li>\r\n<li><a href=\"https:\/\/sinoextrud.com\/product\/aluminum-solar-panel-frame\/\" target=\"_blank\">Aluminum Solar Panel Frame<\/a><\/li>\r\n<li><a href=\"https:\/\/sinoextrud.com\/product\/aluminium-extrusion-caravan-profiles\/\" target=\"_blank\">Aluminium Extrusion Caravan Profiles<\/a><\/li>"},"feature_list":[]},"_links":{"self":[{"href":"https:\/\/sinoextrud.com\/es\/wp-json\/wp\/v2\/product\/6184","targetHints":{"allow":["GET"]}}],"collection":[{"href":"https:\/\/sinoextrud.com\/es\/wp-json\/wp\/v2\/product"}],"about":[{"href":"https:\/\/sinoextrud.com\/es\/wp-json\/wp\/v2\/types\/product"}],"wp:featuredmedia":[{"embeddable":true,"href":"https:\/\/sinoextrud.com\/es\/wp-json\/wp\/v2\/media\/6183"}],"wp:attachment":[{"href":"https:\/\/sinoextrud.com\/es\/wp-json\/wp\/v2\/media?parent=6184"}],"wp:term":[{"taxonomy":"category","embeddable":true,"href":"https:\/\/sinoextrud.com\/es\/wp-json\/wp\/v2\/categories?post=6184"}],"curies":[{"name":"wp","href":"https:\/\/api.w.org\/{rel}","templated":true}]}}