{"id":6174,"date":"2025-05-25T15:37:36","date_gmt":"2025-05-25T15:37:36","guid":{"rendered":"https:\/\/sinoextrud.com\/product\/aluminium-extrusion-wood-grain-outdoor-louver-aluminum-profile\/"},"modified":"2025-06-24T03:54:35","modified_gmt":"2025-06-24T03:54:35","slug":"extrusion-de-aluminio-grano-de-madera-perfil-de-aluminio-de-rejilla-al-aire-libre","status":"publish","type":"product","link":"https:\/\/sinoextrud.com\/es\/product\/aluminium-extrusion-wood-grain-outdoor-louver-aluminum-profile\/","title":{"rendered":"Extrusi\u00f3n de aluminio Perfil de aluminio para persianas exteriores con veteado de madera"},"content":{"rendered":"<h2>Productos<\/h2>\n<table class=\"custom-table\">\n<tr>\n<td class=\"label\">Nombre del producto<\/td>\n<td>Extrusi\u00f3n de aluminio Perfil de aluminio para persianas exteriores con veteado de madera<\/td>\n<\/tr>\n<tr>\n<td class=\"label\">Gama de productos<\/td>\n<td>extrusiones de aluminio para persianas de aluminio al aire libre, extrusiones de persianas de aluminio, persianas de aluminio al aire libre personalizados Louver, grano de madera al aire libre persiana perfil de aluminio, etc<\/td>\n<\/tr>\n<tr>\n<td class=\"label\">Sistemas adecuados Tipos<\/td>\n<td>persiana de aluminio de aleaci\u00f3n de aluminio, persiana de aluminio, p\u00e9rgola de aluminio China, persiana de aluminio al aire libre, valla de persiana de aluminio, valla de persiana ametco, valla de madera de lamas, paneles de valla de madera de lamas, etc.<\/td>\n<\/tr>\n<tr>\n<td class=\"label\">Aleaci\u00f3n de aluminio<\/td>\n<td>Serie 5000, serie 6000, serie 7000<\/td>\n<\/tr>\n<tr>\n<td class=\"label\">Temple<\/td>\n<td>T5-T8<\/td>\n<\/tr>\n<tr>\n<td class=\"label\">Forma<\/td>\n<td>personalizaci\u00f3n<\/td>\n<\/tr>\n<tr>\n<td class=\"label\">Color<\/td>\n<td>Grano de madera, Transferencia de grano de madera recubierto de polvo<\/td>\n<\/tr>\n<tr>\n<td class=\"label\">Tratamiento de superficies<\/td>\n<td>acabado fresado, anodizado, grano de madera, pintura en polvo, chorro de arena, electroforesis, cepillado, pulido, etc.<\/td>\n<\/tr>\n<tr>\n<td class=\"label\">Procesado profundo CNC<\/td>\n<td>corte, taladrado, mecanizado, punzonado, plegado, roscado, etc.<\/td>\n<\/tr>\n<tr>\n<td class=\"label\">Certificaciones<\/td>\n<td>CE, ISO, SGS, TUV, ROHS<\/td>\n<\/tr>\n<tr>\n<td class=\"label\">Muestras<\/td>\n<td>muestra gratis. 1-3 d\u00edas de entrega a usted.<\/td>\n<\/tr>\n<tr>\n<td class=\"label\">MOQ<\/td>\n<td>200KG para cada perfil<\/td>\n<\/tr>\n<tr>\n<td class=\"label\">Plazo de entrega<\/td>\n<td>El desarrollo del molde y la conformaci\u00f3n de la muestra es de 12-15 d\u00edas, luego la duraci\u00f3n de la producci\u00f3n es de 15-25 d\u00edas despu\u00e9s de la recepci\u00f3n del dep\u00f3sito del comprador.<\/td>\n<\/tr>\n<tr>\n<td class=\"label\">Condiciones de pago<\/td>\n<td>30% dep\u00f3sito antes de la producci\u00f3n, y el saldo antes del env\u00edo.<\/td>\n<\/tr>\n<\/table>\n<h2>Nuestra base de fabricaci\u00f3n<\/h2>\n<h3>Panorama de la f\u00e1brica<\/h3>\n<p><img decoding=\"async\" src=\"\/wp-content\/uploads\/factory-01.webp\"\/><\/p>\n<h3>Taller de fabricaci\u00f3n de barras de aluminio<\/h3>\n<p><img decoding=\"async\" src=\"\/wp-content\/uploads\/factory-02.webp\"\/><\/p>\n<p><img decoding=\"async\" src=\"\/wp-content\/uploads\/factory-03.webp\"\/><\/p>\n<h3>Almac\u00e9n de moldes<\/h3>\n<p><img decoding=\"async\" src=\"\/wp-content\/uploads\/factory-04.webp\"\/><\/p>\n<h3>43 L\u00c3neas de extrusi\u00c3\u00b3n de aluminio (500\u00e2\u20ac\"5500 toneladas)<\/h3>\n<p><img decoding=\"async\" src=\"\/wp-content\/uploads\/factory-05.webp\"\/><\/p>\n<p><img decoding=\"async\" src=\"\/wp-content\/uploads\/factory-06.webp\"\/><\/p>\n<p><img decoding=\"async\" src=\"\/wp-content\/uploads\/factory-07.webp\"\/><\/p>\n<h3>Taller de pintura en polvo<\/h3>\n<p><img decoding=\"async\" src=\"\/wp-content\/uploads\/factory-09.webp\"\/><\/p>\n<h3>Taller de anodizado<\/h3>\n<p><img decoding=\"async\" src=\"\/wp-content\/uploads\/factory-10.webp\"\/><\/p>\n<h3>Taller de procesamiento profundo<\/h3>\n<p><img decoding=\"async\" src=\"\/wp-content\/uploads\/factory-11.webp\"\/><\/p>\n<h3>Taller de mecanizado de precisi\u00f3n CNC<\/h3>\n<p><img decoding=\"async\" src=\"\/wp-content\/uploads\/factory-11.5.webp\"\/><\/p>\n<h3>Almac\u00e9n de productos acabados y de exportaci\u00f3n<\/h3>\n<p><img decoding=\"async\" src=\"\/wp-content\/uploads\/factory-12.webp\"\/><\/p>\n<p><img decoding=\"async\" src=\"\/wp-content\/uploads\/factory-13.webp\"\/><\/p>\n<p><img decoding=\"async\" src=\"\/wp-content\/uploads\/factory-14.webp\"\/><\/p>\n<h2>PREGUNTAS FRECUENTES<\/h2>\n<p><p><b>1.\u00bfQu\u00e9 es un perfil de aluminio de extrusi\u00f3n de grano de madera de rejilla de aluminio al aire libre? <\/b><\/p>\n<p> Se trata de un perfil de aluminio extruido con acabado de veta de madera, dise\u00f1ado para sistemas de rejillas de exterior que combinan el aspecto de la madera con la durabilidad del aluminio.<br \/>\n<\/p><br \/>\n<br \/>\n<p><b>2.\u00bfCu\u00e1les son las ventajas de los perfiles de lamas de aluminio con vetas de madera? <\/b><\/p>\n<p> Los perfiles de lamas de aluminio con veta de madera ofrecen resistencia a la intemperie, bajo mantenimiento, atractivo est\u00e9tico y rendimiento duradero en entornos exteriores.<br \/>\n<\/p><br \/>\n<br \/>\n<p><b>3.\u00bfPor qu\u00e9 elegir la extrusi\u00f3n de aluminio con veteado de madera para las lamas? <\/b><\/p>\n<p> La extrusi\u00f3n de aluminio con acabado de grano de madera proporciona el aspecto de madera natural sin alabeos, podredumbre ni decoloraci\u00f3n, y garantiza una integridad estructural superior.<br \/>\n<\/p><br \/>\n<br \/>\n<p><b>4.\u00bfD\u00f3nde se utilizan las lamas de aluminio para exteriores con vetas de madera? <\/b><\/p>\n<p> Estos perfiles se utilizan habitualmente en fachadas, parasoles, p\u00e9rgolas, vallas y pantallas de privacidad en proyectos de exterior tanto residenciales como comerciales.<br \/>\n<\/p><br \/>\n<br \/>\n<p><b>5.\u00bfSon resistentes a la intemperie los perfiles de rejilla de aluminio con vetas de madera? <\/b><\/p>\n<p> S\u00ed, las lamas de aluminio con vetas de madera son muy resistentes a los rayos UV, la lluvia, la humedad y los cambios de temperatura, por lo que son perfectas para su uso en exteriores.<br \/>\n<\/p><br \/>\n<br \/>\n<p><b>6.\u00bfNecesitan mantenimiento los perfiles de aluminio con veta de madera? <\/b><\/p>\n<p> No, pr\u00e1cticamente no necesitan mantenimiento, ya que s\u00f3lo requieren una limpieza ocasional, a diferencia de la madera aut\u00e9ntica, que necesita un sellado o pintura peri\u00f3dicos.<br \/>\n<\/p><br \/>\n<br \/>\n<p><b>7.\u00bfSe pueden personalizar las lamas de extrusi\u00f3n de aluminio? <\/b><\/p>\n<p> Por supuesto, pueden personalizarse en forma, tama\u00f1o, acabado de la veta de la madera y color para satisfacer requisitos arquitect\u00f3nicos y de dise\u00f1o espec\u00edficos.<br \/>\n<\/p><br \/>\n<br \/>\n<p><b>8.\u00bfEs duradero el acabado de grano de madera de las lamas de aluminio? <\/b><\/p>\n<p> S\u00ed, el veteado de la madera se aplica mediante t\u00e9cnicas avanzadas de tratamiento de superficies, como el recubrimiento en polvo o la transferencia t\u00e9rmica, que garantizan una adherencia duradera y la estabilidad del color.<br \/>\n<\/p><br \/>\n<br \/>\n<p><b>9.\u00bfSon respetuosas con el medio ambiente las lamas de aluminio con vetas de madera? <\/b><\/p>\n<p> S\u00ed, el aluminio es reciclable y el acabado con vetas de madera reduce la necesidad de deforestaci\u00f3n, ofreciendo una alternativa sostenible a la madera natural.<br \/>\n<\/p><br \/>\n<br \/>\n<p><b>10.\u00bfC\u00f3mo mejoran la est\u00e9tica de los edificios las lamas de extrusi\u00f3n de aluminio con vetas de madera? <\/b><\/p>\n<p> Estas lamas ofrecen un c\u00e1lido aspecto de madera natural al tiempo que mantienen las l\u00edneas limpias y el atractivo moderno de los perfiles de aluminio de precisi\u00f3n.<br \/>\n<\/p><br \/><\/p>","protected":false},"featured_media":6173,"template":"","categories":[58],"class_list":["post-6174","product","type-product","status-publish","has-post-thumbnail","hentry","category-aluminium-extrusion-profiles"],"meta_box":{"hilight_text_group":{"product_hilight_text":"<li>Realistic wood grain finish combines aesthetics with durability<\/li>\r\r\n<li>Weather-resistant and corrosion-proof for outdoor use<\/li>\r\r\n<li>Lightweight aluminum structure ensures easy installation<\/li>\r\r\n<li>Low maintenance compared to real wood materials<\/li>\r\r\n<li>Custom profiles and colors available for architectural design needs<\/li>","product_chanpin_chanpin":"<li><a href=\"https:\/\/sinoextrud.com\/product\/extruded-aluminum-heatsink\/\" target=\"_blank\">Extruded Aluminum Heatsink<\/a><\/li>\r\n<li><a href=\"https:\/\/sinoextrud.com\/product\/aluminium-light-box-profile\/\" target=\"_blank\">Aluminium Light Box Profile<\/a><\/li>\r\n<li><a href=\"https:\/\/sinoextrud.com\/product\/aluminum-extrusion-gate-barrier-arm-aluminum-profile\/\" target=\"_blank\">Aluminum Extrusion Gate Barrier Arm Aluminum Profile<\/a><\/li>\r\n<li><a href=\"https:\/\/sinoextrud.com\/product\/aluminum-tube-framing\/\" target=\"_blank\">Aluminum Tube Framing<\/a><\/li>\r\n<li><a href=\"https:\/\/sinoextrud.com\/product\/aluminium-extrusion-wood-grain-outdoor-louver-aluminum-profile\/\" target=\"_blank\">Aluminium Extrusion Wood Grain Outdoor Louver Aluminum Profile<\/a><\/li>\r\n<li><a href=\"https:\/\/sinoextrud.com\/product\/aluminium-extrusion-caravan-awning-aluminum-profile\/\" target=\"_blank\">Aluminium Extrusion Caravan Awning Aluminum Profile<\/a><\/li>\r\n<li><a href=\"https:\/\/sinoextrud.com\/product\/aluminium-extrusion-11-5m-ultra-long-mill-finished-profiles\/\" target=\"_blank\">Aluminium Extrusion 11.5m Ultra-long Mill Finished Profiles<\/a><\/li>\r\n<li><a href=\"https:\/\/sinoextrud.com\/product\/aluminium-u-channel\/\" target=\"_blank\">Aluminium U Channel<\/a><\/li>\r\n<li><a href=\"https:\/\/sinoextrud.com\/product\/aluminum-profile-roller-blinds-rails\/\" target=\"_blank\">Aluminum Profile Roller Blinds Rails<\/a><\/li>\r\n<li><a href=\"https:\/\/sinoextrud.com\/product\/aluminum-curtain-wall-extrusions\/\" target=\"_blank\">Aluminum Curtain Wall Extrusions<\/a><\/li>\r\n<li><a href=\"https:\/\/sinoextrud.com\/product\/t-slot-aluminium-profile-extrusion-bulk-selling-98-pure-aluminum-price\/\" target=\"_blank\">t-slot aluminium profile extrusion bulk selling 98% pure aluminum price<\/a><\/li>"},"feature_list":[]},"_links":{"self":[{"href":"https:\/\/sinoextrud.com\/es\/wp-json\/wp\/v2\/product\/6174","targetHints":{"allow":["GET"]}}],"collection":[{"href":"https:\/\/sinoextrud.com\/es\/wp-json\/wp\/v2\/product"}],"about":[{"href":"https:\/\/sinoextrud.com\/es\/wp-json\/wp\/v2\/types\/product"}],"wp:featuredmedia":[{"embeddable":true,"href":"https:\/\/sinoextrud.com\/es\/wp-json\/wp\/v2\/media\/6173"}],"wp:attachment":[{"href":"https:\/\/sinoextrud.com\/es\/wp-json\/wp\/v2\/media?parent=6174"}],"wp:term":[{"taxonomy":"category","embeddable":true,"href":"https:\/\/sinoextrud.com\/es\/wp-json\/wp\/v2\/categories?post=6174"}],"curies":[{"name":"wp","href":"https:\/\/api.w.org\/{rel}","templated":true}]}}