{"id":6166,"date":"2025-05-25T14:57:38","date_gmt":"2025-05-25T14:57:38","guid":{"rendered":"https:\/\/sinoextrud.com\/product\/extruded-aluminum-heatsink\/"},"modified":"2025-06-24T03:54:28","modified_gmt":"2025-06-24T03:54:28","slug":"disipador-termico-de-aluminio-extruido","status":"publish","type":"product","link":"https:\/\/sinoextrud.com\/es\/product\/extruded-aluminum-heatsink\/","title":{"rendered":"Disipador t\u00e9rmico de aluminio extruido"},"content":{"rendered":"<h2>Productos<\/h2>\n<table class=\"custom-table\">\n<tr>\n<td class=\"label\">Nombre del producto<\/td>\n<td>disipador t\u00e9rmico de aluminio extruido<\/td>\n<\/tr>\n<tr>\n<td class=\"label\">Gama de productos<\/td>\n<td>extrusiones de aluminio para radiador de aluminio, perfil de aluminio girasol, radiador calefactor de aluminio, tubo de radiador de aluminio, radiador calefactor de aluminio, n\u00facleo de radiador de aluminio, radiador de aluminio personalizado, etc.<\/td>\n<\/tr>\n<tr>\n<td class=\"label\">Sistemas adecuados Tipos<\/td>\n<td>perfil disipador de aluminio, disipador redondo, disipador 40mm, disipador grande, radiador de aluminio para coche, sistema de calefacci\u00f3n por radiador, sistema de calefacci\u00f3n y refrigeraci\u00f3n, etc<\/td>\n<\/tr>\n<tr>\n<td class=\"label\">Aplicaci\u00f3n<\/td>\n<td>maquinaria, autom\u00f3viles, bater\u00edas, generaci\u00f3n de energ\u00eda e\u00f3lica, maquinaria de construcci\u00f3n, compresores de aire, locomotoras de ferrocarril, electrodom\u00e9sticos, etc.<\/td>\n<\/tr>\n<tr>\n<td class=\"label\">Serie de aluminio<\/td>\n<td>Serie 6000<\/td>\n<\/tr>\n<tr>\n<td class=\"label\">Temple<\/td>\n<td>T3-T8<\/td>\n<\/tr>\n<tr>\n<td class=\"label\">Forma<\/td>\n<td>Redondo, cuadrado, girasol o personalizado<\/td>\n<\/tr>\n<tr>\n<td class=\"label\">Color<\/td>\n<td>personalizaci\u00f3n<\/td>\n<\/tr>\n<tr>\n<td class=\"label\">Tratamiento de superficies<\/td>\n<td>acabado de fresado, anodizado, veteado de madera, recubrimiento en\u00e9rgico, chorro de arena, electroforesis, cepillado, pulido, etc.<\/td>\n<\/tr>\n<tr>\n<td class=\"label\">Procesado profundo CNC<\/td>\n<td>corte, taladrado, mecanizado, punzonado, plegado, roscado, etc.<\/td>\n<\/tr>\n<tr>\n<td class=\"label\">Certificaciones<\/td>\n<td>CE, ISO, SGS, TUV, ROHS<\/td>\n<\/tr>\n<tr>\n<td class=\"label\">Muestras<\/td>\n<td>muestra gratis. 1-3 d\u00edas de entrega a usted.<\/td>\n<\/tr>\n<tr>\n<td class=\"label\">MOQ<\/td>\n<td>200KG para cada perfil<\/td>\n<\/tr>\n<tr>\n<td class=\"label\">Plazo de entrega<\/td>\n<td>El desarrollo del molde y la conformaci\u00f3n de la muestra es de 12-15 d\u00edas, luego la duraci\u00f3n de la producci\u00f3n es de 15-25 d\u00edas despu\u00e9s de la recepci\u00f3n del dep\u00f3sito del comprador.<\/td>\n<\/tr>\n<tr>\n<td class=\"label\">Condiciones de pago<\/td>\n<td>30% dep\u00f3sito antes de la producci\u00f3n, y el saldo antes del env\u00edo.<\/td>\n<\/tr>\n<tr>\n<td class=\"label\">Env\u00edo<\/td>\n<td>En contenedor 20GP, 40GP, 40HQ o buque granelero<\/td>\n<\/tr>\n<\/table>\n<h2>Nuestra base de fabricaci\u00f3n<\/h2>\n<h3>Panorama de la f\u00e1brica<\/h3>\n<p><img decoding=\"async\" src=\"\/wp-content\/uploads\/factory-01.webp\"\/><\/p>\n<h3>Taller de fabricaci\u00f3n de barras de aluminio<\/h3>\n<p><img decoding=\"async\" src=\"\/wp-content\/uploads\/factory-02.webp\"\/><\/p>\n<p><img decoding=\"async\" src=\"\/wp-content\/uploads\/factory-03.webp\"\/><\/p>\n<h3>Almac\u00e9n de moldes<\/h3>\n<p><img decoding=\"async\" src=\"\/wp-content\/uploads\/factory-04.webp\"\/><\/p>\n<h3>43 L\u00c3neas de extrusi\u00c3\u00b3n de aluminio (500\u00e2\u20ac\"5500 toneladas)<\/h3>\n<p><img decoding=\"async\" src=\"\/wp-content\/uploads\/factory-05.webp\"\/><\/p>\n<p><img decoding=\"async\" src=\"\/wp-content\/uploads\/factory-06.webp\"\/><\/p>\n<p><img decoding=\"async\" src=\"\/wp-content\/uploads\/factory-07.webp\"\/><\/p>\n<h3>Taller de pintura en polvo<\/h3>\n<p><img decoding=\"async\" src=\"\/wp-content\/uploads\/factory-09.webp\"\/><\/p>\n<h3>Taller de anodizado<\/h3>\n<p><img decoding=\"async\" src=\"\/wp-content\/uploads\/factory-10.webp\"\/><\/p>\n<h3>Taller de procesamiento profundo<\/h3>\n<p><img decoding=\"async\" src=\"\/wp-content\/uploads\/factory-11.webp\"\/><\/p>\n<h3>Taller de mecanizado de precisi\u00f3n CNC<\/h3>\n<p><img decoding=\"async\" src=\"\/wp-content\/uploads\/factory-11.5.webp\"\/><\/p>\n<h3>Almac\u00e9n de productos acabados y de exportaci\u00f3n<\/h3>\n<p><img decoding=\"async\" src=\"\/wp-content\/uploads\/factory-12.webp\"\/><\/p>\n<p><img decoding=\"async\" src=\"\/wp-content\/uploads\/factory-13.webp\"\/><\/p>\n<p><img decoding=\"async\" src=\"\/wp-content\/uploads\/factory-14.webp\"\/><\/p>\n<h2>PREGUNTAS FRECUENTES<\/h2>\n<p><p><b>1.\u00bfQu\u00e9 es un disipador t\u00e9rmico de aluminio extruido? <\/b><\/p>\n<p> Un disipador t\u00e9rmico de aluminio extruido es un componente de gesti\u00f3n t\u00e9rmica fabricado empujando aluminio a trav\u00e9s de una matriz para crear un perfil con aletas que disipa el calor de los dispositivos electr\u00f3nicos.<br \/>\n<\/p><br \/>\n<br \/>\n<p><b>2.\u00bfCu\u00e1les son las ventajas de utilizar disipadores de aluminio extruido? <\/b><\/p>\n<p> Los disipadores de aluminio extruido ofrecen una excelente conductividad t\u00e9rmica, ligereza, resistencia a la corrosi\u00f3n y una disipaci\u00f3n del calor rentable.<br \/>\n<\/p><br \/>\n<br \/>\n<p><b>3.\u00bfPor qu\u00e9 elegir aluminio para los disipadores t\u00e9rmicos extruidos? <\/b><\/p>\n<p> El aluminio es ideal para los disipadores t\u00e9rmicos por su alta conductividad t\u00e9rmica, su bajo peso y su facilidad de extrusi\u00f3n en formas complejas de gran superficie.<br \/>\n<\/p><br \/>\n<br \/>\n<p><b>4.\u00bfC\u00f3mo funciona un disipador de aluminio extruido? <\/b><\/p>\n<p> Los disipadores de aluminio extruido absorben el calor de los componentes y lo dispersan en el aire a trav\u00e9s de aletas de superficie extendida, reduciendo las temperaturas de funcionamiento.<br \/>\n<\/p><br \/>\n<br \/>\n<p><b>5. \u00bfD\u00f3nde se suelen utilizar los disipadores de aluminio extruido? <\/b><\/p>\n<p> Los disipadores de aluminio extruido se utilizan en iluminaci\u00f3n LED, fuentes de alimentaci\u00f3n, amplificadores, electr\u00f3nica de automoci\u00f3n y sistemas de control industrial.<br \/>\n<\/p><br \/>\n<br \/>\n<p><b>6.\u00bfSe pueden personalizar los disipadores de aluminio extruido? <\/b><\/p>\n<p> S\u00ed, los disipadores de aluminio extruido pueden personalizarse en cuanto a densidad de aletas, anchura, longitud y acabado para adaptarse a requisitos t\u00e9rmicos y mec\u00e1nicos espec\u00edficos.<br \/>\n<\/p><br \/>\n<br \/>\n<p><b>7.\u00bfLos disipadores de aluminio extruido mejoran la vida \u00fatil del dispositivo? <\/b><\/p>\n<p> Por supuesto, al disipar eficazmente el calor, los disipadores de aluminio extruido ayudan a evitar el sobrecalentamiento y prolongan la vida \u00fatil de los componentes electr\u00f3nicos.<br \/>\n<\/p><br \/>\n<br \/>\n<p><b>8.\u00bfSon resistentes a la corrosi\u00f3n los disipadores de aluminio extruido? <\/b><\/p>\n<p> S\u00ed, el aluminio resiste por naturaleza la corrosi\u00f3n y puede anodizarse o revestirse para una mayor protecci\u00f3n en entornos dif\u00edciles.<br \/>\n<\/p><br \/>\n<br \/>\n<p><b>9.\u00bfSe pueden anodizar los disipadores de aluminio extruido? <\/b><\/p>\n<p> S\u00ed, anodizar los disipadores de aluminio extruido aumenta la durabilidad de la superficie, mejora la radiaci\u00f3n t\u00e9rmica y permite personalizar el color.<br \/>\n<\/p><br \/>\n<br \/>\n<p><b>10.\u00bfCu\u00e1l es la rentabilidad de los disipadores de aluminio extruido? <\/b><\/p>\n<p> Los disipadores de aluminio extruido son muy rentables gracias a su eficiente producci\u00f3n en serie, su capacidad de reciclaje y su excelente rendimiento t\u00e9rmico con un bajo coste de material.<br \/>\n<\/p><br \/><\/p>","protected":false},"featured_media":6165,"template":"","categories":[58],"class_list":["post-6166","product","type-product","status-publish","has-post-thumbnail","hentry","category-aluminium-extrusion-profiles"],"meta_box":{"hilight_text_group":{"product_hilight_text":"<li>High thermal conductivity for efficient heat dissipation<\/li>\r\r\n<li>Lightweight and strong, suitable for electronic and LED cooling<\/li>\r\r\n<li>Customizable fin designs to optimize airflow and performance<\/li>\r\r\n<li>Corrosion-resistant for reliable long-term operation<\/li>\r\r\n<li>Supports anodized finishes for enhanced durability and aesthetics<\/li>","product_chanpin_chanpin":"<li><a href=\"https:\/\/sinoextrud.com\/product\/aluminium-edge-trim-profiles\/\" target=\"_blank\">Aluminium Edge Trim Profiles<\/a><\/li>\r\n<li><a href=\"https:\/\/sinoextrud.com\/product\/led-plant-growth-light-aluminum-profile\/\" target=\"_blank\">Led Plant Growth Light Aluminum Profile<\/a><\/li>\r\n<li><a href=\"https:\/\/sinoextrud.com\/product\/anodized-small-aluminum-extrusions\/\" target=\"_blank\">Anodized Small Aluminum Extrusions<\/a><\/li>\r\n<li><a href=\"https:\/\/sinoextrud.com\/product\/t-slot-aluminium-extrusion-profile\/\" target=\"_blank\">T Slot Aluminium Extrusion Profile<\/a><\/li>\r\n<li><a href=\"https:\/\/sinoextrud.com\/product\/extruded-aluminum-heatsink\/\" target=\"_blank\">Extruded Aluminum Heatsink<\/a><\/li>\r\n<li><a href=\"https:\/\/sinoextrud.com\/product\/aluminium-light-box-profile\/\" target=\"_blank\">Aluminium Light Box Profile<\/a><\/li>\r\n<li><a href=\"https:\/\/sinoextrud.com\/product\/aluminum-extrusion-gate-barrier-arm-aluminum-profile\/\" target=\"_blank\">Aluminum Extrusion Gate Barrier Arm Aluminum Profile<\/a><\/li>\r\n<li><a href=\"https:\/\/sinoextrud.com\/product\/aluminum-tube-framing\/\" target=\"_blank\">Aluminum Tube Framing<\/a><\/li>\r\n<li><a href=\"https:\/\/sinoextrud.com\/product\/aluminium-extrusion-wood-grain-outdoor-louver-aluminum-profile\/\" target=\"_blank\">Aluminium Extrusion Wood Grain Outdoor Louver Aluminum Profile<\/a><\/li>\r\n<li><a href=\"https:\/\/sinoextrud.com\/product\/aluminium-extrusion-profile-handle\/\" target=\"_blank\">Aluminium Extrusion Profile Handle<\/a><\/li>\r\n<li><a href=\"https:\/\/sinoextrud.com\/product\/40mm-aluminium-extrusion\/\" target=\"_blank\">40mm Aluminium Extrusion<\/a><\/li>"},"feature_list":[]},"_links":{"self":[{"href":"https:\/\/sinoextrud.com\/es\/wp-json\/wp\/v2\/product\/6166","targetHints":{"allow":["GET"]}}],"collection":[{"href":"https:\/\/sinoextrud.com\/es\/wp-json\/wp\/v2\/product"}],"about":[{"href":"https:\/\/sinoextrud.com\/es\/wp-json\/wp\/v2\/types\/product"}],"wp:featuredmedia":[{"embeddable":true,"href":"https:\/\/sinoextrud.com\/es\/wp-json\/wp\/v2\/media\/6165"}],"wp:attachment":[{"href":"https:\/\/sinoextrud.com\/es\/wp-json\/wp\/v2\/media?parent=6166"}],"wp:term":[{"taxonomy":"category","embeddable":true,"href":"https:\/\/sinoextrud.com\/es\/wp-json\/wp\/v2\/categories?post=6166"}],"curies":[{"name":"wp","href":"https:\/\/api.w.org\/{rel}","templated":true}]}}