{"id":6160,"date":"2025-05-25T14:49:44","date_gmt":"2025-05-25T14:49:44","guid":{"rendered":"https:\/\/sinoextrud.com\/product\/led-plant-growth-light-aluminum-profile\/"},"modified":"2025-06-24T03:54:22","modified_gmt":"2025-06-24T03:54:22","slug":"luz-led-para-crecimiento-de-plantas-perfil-de-aluminio","status":"publish","type":"product","link":"https:\/\/sinoextrud.com\/es\/product\/led-plant-growth-light-aluminum-profile\/","title":{"rendered":"Luz de crecimiento de plantas Led Perfil de aluminio"},"content":{"rendered":"<h2>Productos<\/h2>\n<table class=\"custom-table\">\n<tr>\n<td class=\"label\">Nombre del producto<\/td>\n<td>Luz de crecimiento de plantas Led Perfil de aluminio<\/td>\n<\/tr>\n<tr>\n<td class=\"label\">Gama de productos<\/td>\n<td>extrusiones de aluminio para cultivo luz led para crecimiento de plantas, luz para crecimiento de plantas, luz para crecimiento de plantas, crecimiento de plantas, led para crecimiento de plantas, luminaria para plantas, etc.<\/td>\n<\/tr>\n<tr>\n<td class=\"label\">Aleaci\u00f3n de aluminio<\/td>\n<td>Serie 1000, serie 200, serie 3000, serie 5000, serie 6000, serie 7000<\/td>\n<\/tr>\n<tr>\n<td class=\"label\">Temple<\/td>\n<td>T3-T8<\/td>\n<\/tr>\n<tr>\n<td class=\"label\">Forma<\/td>\n<td>personalizaci\u00f3n<\/td>\n<\/tr>\n<tr>\n<td class=\"label\">Color<\/td>\n<td>personalizaci\u00f3n<\/td>\n<\/tr>\n<tr>\n<td class=\"label\">Tratamiento de superficies<\/td>\n<td>acabado de fresado, anodizado, veteado de madera, recubrimiento en\u00e9rgico, chorro de arena, electroforesis, cepillado, pulido, etc.<\/td>\n<\/tr>\n<tr>\n<td class=\"label\">Procesado profundo CNC<\/td>\n<td>corte, taladrado, mecanizado, punzonado, plegado, roscado, etc.<\/td>\n<\/tr>\n<tr>\n<td class=\"label\">Certificaciones<\/td>\n<td>CE, ISO, SGS, TUV, ROHS<\/td>\n<\/tr>\n<tr>\n<td class=\"label\">Muestras<\/td>\n<td>muestra gratis. 1-3 d\u00edas de entrega a usted.<\/td>\n<\/tr>\n<tr>\n<td class=\"label\">MOQ<\/td>\n<td>200KG para cada perfil<\/td>\n<\/tr>\n<tr>\n<td class=\"label\">Plazo de entrega<\/td>\n<td>El desarrollo del molde y la conformaci\u00f3n de la muestra es de 12-15 d\u00edas, luego la duraci\u00f3n de la producci\u00f3n es de 15-25 d\u00edas despu\u00e9s de la recepci\u00f3n del dep\u00f3sito del comprador.<\/td>\n<\/tr>\n<tr>\n<td class=\"label\">Condiciones de pago<\/td>\n<td>30% dep\u00f3sito antes de la producci\u00f3n, y el saldo antes del env\u00edo.<\/td>\n<\/tr>\n<\/table>\n<h2>Nuestra base de fabricaci\u00f3n<\/h2>\n<h3>Panorama de la f\u00e1brica<\/h3>\n<p><img decoding=\"async\" src=\"\/wp-content\/uploads\/factory-01.webp\"\/><\/p>\n<h3>Taller de fabricaci\u00f3n de barras de aluminio<\/h3>\n<p><img decoding=\"async\" src=\"\/wp-content\/uploads\/factory-02.webp\"\/><\/p>\n<p><img decoding=\"async\" src=\"\/wp-content\/uploads\/factory-03.webp\"\/><\/p>\n<h3>Almac\u00e9n de moldes<\/h3>\n<p><img decoding=\"async\" src=\"\/wp-content\/uploads\/factory-04.webp\"\/><\/p>\n<h3>43 L\u00c3neas de extrusi\u00c3\u00b3n de aluminio (500\u00e2\u20ac\"5500 toneladas)<\/h3>\n<p><img decoding=\"async\" src=\"\/wp-content\/uploads\/factory-05.webp\"\/><\/p>\n<p><img decoding=\"async\" src=\"\/wp-content\/uploads\/factory-06.webp\"\/><\/p>\n<p><img decoding=\"async\" src=\"\/wp-content\/uploads\/factory-07.webp\"\/><\/p>\n<h3>Taller de pintura en polvo<\/h3>\n<p><img decoding=\"async\" src=\"\/wp-content\/uploads\/factory-09.webp\"\/><\/p>\n<h3>Taller de anodizado<\/h3>\n<p><img decoding=\"async\" src=\"\/wp-content\/uploads\/factory-10.webp\"\/><\/p>\n<h3>Taller de procesamiento profundo<\/h3>\n<p><img decoding=\"async\" src=\"\/wp-content\/uploads\/factory-11.webp\"\/><\/p>\n<h3>Taller de mecanizado de precisi\u00f3n CNC<\/h3>\n<p><img decoding=\"async\" src=\"\/wp-content\/uploads\/factory-11.5.webp\"\/><\/p>\n<h3>Almac\u00e9n de productos acabados y de exportaci\u00f3n<\/h3>\n<p><img decoding=\"async\" src=\"\/wp-content\/uploads\/factory-12.webp\"\/><\/p>\n<p><img decoding=\"async\" src=\"\/wp-content\/uploads\/factory-13.webp\"\/><\/p>\n<p><img decoding=\"async\" src=\"\/wp-content\/uploads\/factory-14.webp\"\/><\/p>\n<h2>PREGUNTAS FRECUENTES<\/h2>\n<p><p><b>1.\u00bfQu\u00e9 es un perfil de aluminio para luz LED de crecimiento de plantas? <\/b><\/p>\n<p> Un perfil de aluminio para luces LED de crecimiento de plantas es una carcasa de aluminio especialmente dise\u00f1ada que soporta y refrigera las luces LED de crecimiento utilizadas en cultivos de interior y en invernaderos.<br \/>\n<\/p><br \/>\n<br \/>\n<p><b>2.\u00bfCu\u00e1les son las ventajas de utilizar perfiles de aluminio para las luces LED de cultivo? <\/b><\/p>\n<p> Los perfiles de aluminio para luces LED de crecimiento de plantas ofrecen una disipaci\u00f3n t\u00e9rmica superior, resistencia ligera, soporte estructural y una configuraci\u00f3n de iluminaci\u00f3n profesional.<br \/>\n<\/p><br \/>\n<br \/>\n<p><b>3.\u00bfPor qu\u00e9 elegir perfiles de aluminio para los sistemas de iluminaci\u00f3n de crecimiento de las plantas? <\/b><\/p>\n<p> El aluminio es ideal para la iluminaci\u00f3n del crecimiento de las plantas debido a su excelente conductividad t\u00e9rmica, resistencia a la corrosi\u00f3n y capacidad para mantener un rendimiento \u00f3ptimo de los LED.<br \/>\n<\/p><br \/>\n<br \/>\n<p><b>4.\u00bfC\u00f3mo mejoran los perfiles de aluminio de la luz LED de crecimiento vegetal la gesti\u00f3n del calor? <\/b><\/p>\n<p> Estos perfiles de aluminio act\u00faan como disipadores de calor, disipando eficazmente el calor de los LED para prolongar la vida \u00fatil y garantizar una salida de luz estable.<br \/>\n<\/p><br \/>\n<br \/>\n<p><b>5. \u00bfSe pueden personalizar los perfiles de aluminio de las l\u00e1mparas LED? <\/b><\/p>\n<p> S\u00ed, los perfiles de aluminio para l\u00e1mparas LED de crecimiento de plantas pueden personalizarse en longitud, forma y acabado para adaptarse a dise\u00f1os espec\u00edficos de iluminaci\u00f3n hort\u00edcola.<br \/>\n<\/p><br \/>\n<br \/>\n<p><b>6. \u00bfD\u00f3nde se utilizan los perfiles de aluminio para l\u00e1mparas LED de crecimiento de plantas? <\/b><\/p>\n<p> Se utilizan habitualmente en granjas verticales, invernaderos, sistemas hidrop\u00f3nicos y tiendas de cultivo de interior para una instalaci\u00f3n de luz LED eficaz y duradera.<br \/>\n<\/p><br \/>\n<br \/>\n<p><b>7.\u00bfLos perfiles de aluminio mejoran la durabilidad de las luces LED de cultivo? <\/b><\/p>\n<p> Por supuesto, los perfiles de aluminio protegen las tiras de LED del polvo, la humedad y los da\u00f1os mec\u00e1nicos, garantizando un uso prolongado en entornos de cultivo.<br \/>\n<\/p><br \/>\n<br \/>\n<p><b>8.\u00bfPueden los perfiles de aluminio de las luces LED de cultivo mejorar el rendimiento de las plantas? <\/b><\/p>\n<p> S\u00ed, al garantizar una potencia luminosa constante y evitar el sobrecalentamiento, estos perfiles contribuyen a que las plantas est\u00e9n m\u00e1s sanas y a mejorar el rendimiento de los cultivos.<br \/>\n<\/p><br \/>\n<br \/>\n<p><b>9.\u00bfQu\u00e9 acabados est\u00e1n disponibles para los perfiles de aluminio de luz LED para plantas? <\/b><\/p>\n<p> Los perfiles de aluminio de las luces LED para cultivo est\u00e1n disponibles en acabados anodizados, con recubrimiento en polvo o en bruto para adaptarse a las necesidades funcionales y est\u00e9ticas.<br \/>\n<\/p><br \/>\n<br \/>\n<p><b>10.\u00bfSon f\u00e1ciles de instalar los perfiles de aluminio para l\u00e1mparas LED de crecimiento de plantas? <\/b><\/p>\n<p> S\u00ed, est\u00e1n dise\u00f1ados para integrarse f\u00e1cilmente con las tiras de LED y los sistemas de montaje, lo que permite una r\u00e1pida instalaci\u00f3n tanto en cultivos comerciales como de bricolaje.<br \/>\n<\/p><br \/><\/p>","protected":false},"featured_media":6159,"template":"","categories":[58],"class_list":["post-6160","product","type-product","status-publish","has-post-thumbnail","hentry","category-aluminium-extrusion-profiles"],"meta_box":{"hilight_text_group":{"product_hilight_text":"<li>Efficient heat dissipation extends LED lifespan and performance<\/li>\r\r\n<li>Lightweight aluminum reduces overall fixture weight<\/li>\r\r\n<li>Customizable lengths and designs for different grow light systems<\/li>\r\r\n<li>Corrosion-resistant for humid and greenhouse environments<\/li>\r\r\n<li>Supports integrated wiring and lens covers for easy assembly<\/li>","product_chanpin_chanpin":"<li><a href=\"https:\/\/sinoextrud.com\/product\/aluminum-sign-extrusions\/\" target=\"_blank\">Aluminum Sign Extrusions<\/a><\/li>\r\n<li><a href=\"https:\/\/sinoextrud.com\/product\/aluminium-extrusion-motor-body\/\" target=\"_blank\">Aluminium Extrusion Motor Body<\/a><\/li>\r\n<li><a href=\"https:\/\/sinoextrud.com\/product\/aluminium-extrusion-6082-5083-aluminum-alloy-profile\/\" target=\"_blank\">Aluminium Extrusion 6082 5083 Aluminum Alloy Profile<\/a><\/li>\r\n<li><a href=\"https:\/\/sinoextrud.com\/product\/aluminium-edge-trim-profiles\/\" target=\"_blank\">Aluminium Edge Trim Profiles<\/a><\/li>\r\n<li><a href=\"https:\/\/sinoextrud.com\/product\/led-plant-growth-light-aluminum-profile\/\" target=\"_blank\">Led Plant Growth Light Aluminum Profile<\/a><\/li>\r\n<li><a href=\"https:\/\/sinoextrud.com\/product\/anodized-small-aluminum-extrusions\/\" target=\"_blank\">Anodized Small Aluminum Extrusions<\/a><\/li>\r\n<li><a href=\"https:\/\/sinoextrud.com\/product\/t-slot-aluminium-extrusion-profile\/\" target=\"_blank\">T Slot Aluminium Extrusion Profile<\/a><\/li>\r\n<li><a href=\"https:\/\/sinoextrud.com\/product\/extruded-aluminum-heatsink\/\" target=\"_blank\">Extruded Aluminum Heatsink<\/a><\/li>\r\n<li><a href=\"https:\/\/sinoextrud.com\/product\/aluminium-light-box-profile\/\" target=\"_blank\">Aluminium Light Box Profile<\/a><\/li>\r\n<li><a href=\"https:\/\/sinoextrud.com\/product\/aluminum-profile-extrusion-of-heatsink-sections-for-sale\/\" target=\"_blank\">Aluminum Profile Extrusion Of Heatsink Sections For Sale<\/a><\/li>\r\n<li><a href=\"https:\/\/sinoextrud.com\/product\/aluminium-tube-profiles\/\" target=\"_blank\">Aluminium Tube Profiles<\/a><\/li>"},"feature_list":[]},"_links":{"self":[{"href":"https:\/\/sinoextrud.com\/es\/wp-json\/wp\/v2\/product\/6160","targetHints":{"allow":["GET"]}}],"collection":[{"href":"https:\/\/sinoextrud.com\/es\/wp-json\/wp\/v2\/product"}],"about":[{"href":"https:\/\/sinoextrud.com\/es\/wp-json\/wp\/v2\/types\/product"}],"wp:featuredmedia":[{"embeddable":true,"href":"https:\/\/sinoextrud.com\/es\/wp-json\/wp\/v2\/media\/6159"}],"wp:attachment":[{"href":"https:\/\/sinoextrud.com\/es\/wp-json\/wp\/v2\/media?parent=6160"}],"wp:term":[{"taxonomy":"category","embeddable":true,"href":"https:\/\/sinoextrud.com\/es\/wp-json\/wp\/v2\/categories?post=6160"}],"curies":[{"name":"wp","href":"https:\/\/api.w.org\/{rel}","templated":true}]}}