{"id":6158,"date":"2025-05-25T14:46:09","date_gmt":"2025-05-25T14:46:09","guid":{"rendered":"https:\/\/sinoextrud.com\/product\/aluminium-edge-trim-profiles\/"},"modified":"2025-06-24T03:54:20","modified_gmt":"2025-06-24T03:54:20","slug":"perfiles-de-aluminio","status":"publish","type":"product","link":"https:\/\/sinoextrud.com\/es\/product\/aluminium-edge-trim-profiles\/","title":{"rendered":"Perfiles de aluminio para cantos"},"content":{"rendered":"<h2>Productos<\/h2>\n<table class=\"custom-table\">\n<tr>\n<td class=\"label\">Nombre del producto<\/td>\n<td>perfiles de aluminio<\/td>\n<\/tr>\n<tr>\n<td class=\"label\">Gama de productos<\/td>\n<td>extrusiones de aluminio para perfiles de aluminio, perfiles de aluminio, perfiles de baldosas, perfiles met\u00e1licos, etc.<\/td>\n<\/tr>\n<tr>\n<td class=\"label\">Sistemas adecuados Tipos<\/td>\n<td>Perfil de aluminio ultrapeque\u00f1o, perfil de aluminio ultrafino, cinta para bordes, parapeto, cinta anticolisi\u00f3n, cinta protectora, cinta de aluminio para decoraci\u00f3n de interiores, etc.<\/td>\n<\/tr>\n<tr>\n<td class=\"label\">Tratamiento de superficies<\/td>\n<td>acabado de fresado, anodizado, veteado de madera, recubrimiento en\u00e9rgico, chorro de arena, electroforesis, cepillado, pulido, etc.<\/td>\n<\/tr>\n<tr>\n<td class=\"label\">Procesado profundo CNC<\/td>\n<td>corte, taladrado, mecanizado, punzonado, plegado, roscado, etc.<\/td>\n<\/tr>\n<tr>\n<td class=\"label\">Certificaciones<\/td>\n<td>CE, ISO, SGS, TUV, ROHS<\/td>\n<\/tr>\n<tr>\n<td class=\"label\">Muestras<\/td>\n<td>muestra gratis. 1-3 d\u00edas de entrega a usted.<\/td>\n<\/tr>\n<tr>\n<td class=\"label\">MOQ<\/td>\n<td>200KG para cada perfil<\/td>\n<\/tr>\n<tr>\n<td class=\"label\">Plazo de entrega<\/td>\n<td>El desarrollo del molde y la conformaci\u00f3n de la muestra es de 12-15 d\u00edas, luego la duraci\u00f3n de la producci\u00f3n es de 15-25 d\u00edas despu\u00e9s de la recepci\u00f3n del dep\u00f3sito del comprador.<\/td>\n<\/tr>\n<tr>\n<td class=\"label\">Condiciones de pago<\/td>\n<td>30% dep\u00f3sito antes de la producci\u00f3n, y el saldo antes del env\u00edo.<\/td>\n<\/tr>\n<\/table>\n<h2>Nuestra base de fabricaci\u00f3n<\/h2>\n<h3>Panorama de la f\u00e1brica<\/h3>\n<p><img decoding=\"async\" src=\"\/wp-content\/uploads\/factory-01.webp\"\/><\/p>\n<h3>Taller de fabricaci\u00f3n de barras de aluminio<\/h3>\n<p><img decoding=\"async\" src=\"\/wp-content\/uploads\/factory-02.webp\"\/><\/p>\n<p><img decoding=\"async\" src=\"\/wp-content\/uploads\/factory-03.webp\"\/><\/p>\n<h3>Almac\u00e9n de moldes<\/h3>\n<p><img decoding=\"async\" src=\"\/wp-content\/uploads\/factory-04.webp\"\/><\/p>\n<h3>43 L\u00c3neas de extrusi\u00c3\u00b3n de aluminio (500\u00e2\u20ac\"5500 toneladas)<\/h3>\n<p><img decoding=\"async\" src=\"\/wp-content\/uploads\/factory-05.webp\"\/><\/p>\n<p><img decoding=\"async\" src=\"\/wp-content\/uploads\/factory-06.webp\"\/><\/p>\n<p><img decoding=\"async\" src=\"\/wp-content\/uploads\/factory-07.webp\"\/><\/p>\n<h3>Taller de pintura en polvo<\/h3>\n<p><img decoding=\"async\" src=\"\/wp-content\/uploads\/factory-09.webp\"\/><\/p>\n<h3>Taller de anodizado<\/h3>\n<p><img decoding=\"async\" src=\"\/wp-content\/uploads\/factory-10.webp\"\/><\/p>\n<h3>Taller de procesamiento profundo<\/h3>\n<p><img decoding=\"async\" src=\"\/wp-content\/uploads\/factory-11.webp\"\/><\/p>\n<h3>Taller de mecanizado de precisi\u00f3n CNC<\/h3>\n<p><img decoding=\"async\" src=\"\/wp-content\/uploads\/factory-11.5.webp\"\/><\/p>\n<h3>Almac\u00e9n de productos acabados y de exportaci\u00f3n<\/h3>\n<p><img decoding=\"async\" src=\"\/wp-content\/uploads\/factory-12.webp\"\/><\/p>\n<p><img decoding=\"async\" src=\"\/wp-content\/uploads\/factory-13.webp\"\/><\/p>\n<p><img decoding=\"async\" src=\"\/wp-content\/uploads\/factory-14.webp\"\/><\/p>\n<h2>PREGUNTAS FRECUENTES<\/h2>\n<p><p><b>1. \u00bfQu\u00e9 son los perfiles de aluminio? <\/b><\/p>\n<p> Los perfiles de aluminio para remates de bordes son extrusiones de aluminio especialmente dise\u00f1adas para rematar y proteger los bordes de superficies como azulejos, paneles o encimeras.<br \/>\n<\/p><br \/>\n<br \/>\n<p><b>2. \u00bfCu\u00e1les son las ventajas de utilizar perfiles de aluminio? <\/b><\/p>\n<p> Los perfiles de aluminio para remates de bordes ofrecen un acabado limpio, protecci\u00f3n de los bordes, resistencia a la corrosi\u00f3n y mayor durabilidad tanto para aplicaciones interiores como exteriores.<br \/>\n<\/p><br \/>\n<br \/>\n<p><b>3.\u00bfPor qu\u00e9 elegir aluminio para los perfiles de remate de cantos? <\/b><\/p>\n<p> El aluminio es ligero, inoxidable, resistente y f\u00e1cil de fabricar, por lo que resulta ideal para perfiles de remate de bordes en entornos residenciales, comerciales e industriales.<br \/>\n<\/p><br \/>\n<br \/>\n<p><b>4. \u00bfD\u00f3nde se suelen utilizar los perfiles de aluminio para cantos? <\/b><\/p>\n<p> Los perfiles de aluminio para remates de bordes se utilizan ampliamente en instalaciones de azulejos, paneles de pared, muebles, suelos y bordes de superficies decorativas para darles un aspecto profesional.<br \/>\n<\/p><br \/>\n<br \/>\n<p><b>5.\u00bfMejoran la est\u00e9tica los perfiles embellecedores de aluminio? <\/b><\/p>\n<p> S\u00ed, los perfiles embellecedores de bordes de aluminio proporcionan un acabado de bordes elegante y moderno que realza el atractivo visual y el valor de los dise\u00f1os arquitect\u00f3nicos y de interiores.<br \/>\n<\/p><br \/>\n<br \/>\n<p><b>6.\u00bfSon resistentes a la corrosi\u00f3n los perfiles de aluminio? <\/b><\/p>\n<p> Por supuesto, los perfiles de aluminio para bordes son muy resistentes a la corrosi\u00f3n e ideales para su uso en entornos h\u00famedos, mojados o al aire libre.<br \/>\n<\/p><br \/>\n<br \/>\n<p><b>7.\u00bfSe pueden personalizar los perfiles de aluminio? <\/b><\/p>\n<p> S\u00ed, los perfiles de aluminio para bordes est\u00e1n disponibles en varias formas, tama\u00f1os, colores y acabados, y pueden fabricarse a medida para satisfacer necesidades de dise\u00f1o espec\u00edficas.<br \/>\n<\/p><br \/>\n<br \/>\n<p><b>8.\u00bfSon f\u00e1ciles de instalar los perfiles de aluminio? <\/b><\/p>\n<p> S\u00ed, los perfiles embellecedores de aluminio est\u00e1n dise\u00f1ados para instalarse f\u00e1cilmente con adhesivos, tornillos o sistemas de encaje a presi\u00f3n, por lo que son aptos para el bricolaje y el uso profesional.<br \/>\n<\/p><br \/>\n<br \/>\n<p><b>9.\u00bfQu\u00e9 acabados hay disponibles para los perfiles de aluminio? <\/b><\/p>\n<p> Los embellecedores de bordes de aluminio se presentan en acabados anodizados, cepillados, con recubrimiento de polvo o pulidos para adaptarse a diferentes estilos y requisitos funcionales.<br \/>\n<\/p><br \/>\n<br \/>\n<p><b>10.\u00bfC\u00f3mo protegen las superficies los perfiles de aluminio? <\/b><\/p>\n<p> Los perfiles de aluminio para cantos protegen los cantos expuestos de astillamientos, humedad y da\u00f1os por impacto, al tiempo que garantizan la durabilidad a largo plazo de la superficie y la limpieza de las l\u00edneas.<br \/>\n<\/p><br \/><\/p>","protected":false},"featured_media":6157,"template":"","categories":[58],"class_list":["post-6158","product","type-product","status-publish","has-post-thumbnail","hentry","category-aluminium-extrusion-profiles"],"meta_box":{"hilight_text_group":{"product_hilight_text":"<li>Provides clean, finished edges for panels and surfaces<\/li>\r\r\n<li>Durable and corrosion-resistant for long-term use<\/li>\r\r\n<li>Easy to install with snap-in or adhesive options<\/li>\r\r\n<li>Available in various shapes and finishes to match design styles<\/li>\r\r\n<li>Protects edges from wear, impact, and moisture<\/li>","product_chanpin_chanpin":"<li><a href=\"https:\/\/sinoextrud.com\/product\/retractable-awning-aluminum-tube\/\" target=\"_blank\">Retractable Awning Aluminum Tube<\/a><\/li>\r\n<li><a href=\"https:\/\/sinoextrud.com\/product\/aluminum-sign-extrusions\/\" target=\"_blank\">Aluminum Sign Extrusions<\/a><\/li>\r\n<li><a href=\"https:\/\/sinoextrud.com\/product\/aluminium-extrusion-motor-body\/\" target=\"_blank\">Aluminium Extrusion Motor Body<\/a><\/li>\r\n<li><a href=\"https:\/\/sinoextrud.com\/product\/aluminium-extrusion-6082-5083-aluminum-alloy-profile\/\" target=\"_blank\">Aluminium Extrusion 6082 5083 Aluminum Alloy Profile<\/a><\/li>\r\n<li><a href=\"https:\/\/sinoextrud.com\/product\/aluminium-edge-trim-profiles\/\" target=\"_blank\">Aluminium Edge Trim Profiles<\/a><\/li>\r\n<li><a href=\"https:\/\/sinoextrud.com\/product\/led-plant-growth-light-aluminum-profile\/\" target=\"_blank\">Led Plant Growth Light Aluminum Profile<\/a><\/li>\r\n<li><a href=\"https:\/\/sinoextrud.com\/product\/anodized-small-aluminum-extrusions\/\" target=\"_blank\">Anodized Small Aluminum Extrusions<\/a><\/li>\r\n<li><a href=\"https:\/\/sinoextrud.com\/product\/t-slot-aluminium-extrusion-profile\/\" target=\"_blank\">T Slot Aluminium Extrusion Profile<\/a><\/li>\r\n<li><a href=\"https:\/\/sinoextrud.com\/product\/extruded-aluminum-heatsink\/\" target=\"_blank\">Extruded Aluminum Heatsink<\/a><\/li>\r\n<li><a href=\"https:\/\/sinoextrud.com\/product\/industrial-aluminum-extrusion\/\" target=\"_blank\">Industrial Aluminum Extrusion<\/a><\/li>\r\n<li><a href=\"https:\/\/sinoextrud.com\/product\/aluminium-profile-cutting\/\" target=\"_blank\">Aluminium Profile Cutting<\/a><\/li>"},"feature_list":[]},"_links":{"self":[{"href":"https:\/\/sinoextrud.com\/es\/wp-json\/wp\/v2\/product\/6158","targetHints":{"allow":["GET"]}}],"collection":[{"href":"https:\/\/sinoextrud.com\/es\/wp-json\/wp\/v2\/product"}],"about":[{"href":"https:\/\/sinoextrud.com\/es\/wp-json\/wp\/v2\/types\/product"}],"wp:featuredmedia":[{"embeddable":true,"href":"https:\/\/sinoextrud.com\/es\/wp-json\/wp\/v2\/media\/6157"}],"wp:attachment":[{"href":"https:\/\/sinoextrud.com\/es\/wp-json\/wp\/v2\/media?parent=6158"}],"wp:term":[{"taxonomy":"category","embeddable":true,"href":"https:\/\/sinoextrud.com\/es\/wp-json\/wp\/v2\/categories?post=6158"}],"curies":[{"name":"wp","href":"https:\/\/api.w.org\/{rel}","templated":true}]}}