{"id":6152,"date":"2025-05-25T14:36:46","date_gmt":"2025-05-25T14:36:46","guid":{"rendered":"https:\/\/sinoextrud.com\/product\/aluminum-sign-extrusions\/"},"modified":"2025-06-24T03:54:13","modified_gmt":"2025-06-24T03:54:13","slug":"extrusiones-de-aluminio-para-rotulos","status":"publish","type":"product","link":"https:\/\/sinoextrud.com\/es\/product\/aluminum-sign-extrusions\/","title":{"rendered":"Extrusiones de aluminio para r\u00f3tulos"},"content":{"rendered":"<h2>Productos<\/h2>\n<table class=\"custom-table\">\n<tr>\n<td class=\"label\">Nombre del producto<\/td>\n<td>extrusiones de aluminio para r\u00f3tulos<\/td>\n<\/tr>\n<tr>\n<td class=\"label\">Gama de productos<\/td>\n<td>extrusiones de aluminio para la se\u00f1al de marco de aluminio, marcos de aluminio signo, marco de aluminio tel\u00f3n de fondo con la se\u00f1al de luz, a4 soporte de la muestra de aluminio, marco de la exhibici\u00f3n standee apagado, soporte de la muestra del cartel, soporte del marco del cartel, etc<\/td>\n<\/tr>\n<tr>\n<td class=\"label\">Sistemas adecuados Tipos<\/td>\n<td>Expositor de una cara, expositor de dos caras, de pie, de pared, etc.<\/td>\n<\/tr>\n<tr>\n<td class=\"label\">Aleaci\u00f3n de aluminio<\/td>\n<td>Series de aluminio de 1000 a 7000<\/td>\n<\/tr>\n<tr>\n<td class=\"label\">Temple<\/td>\n<td>T3-T8<\/td>\n<\/tr>\n<tr>\n<td class=\"label\">Forma<\/td>\n<td>En tiras y a medida<\/td>\n<\/tr>\n<tr>\n<td class=\"label\">Color<\/td>\n<td>personalizado<\/td>\n<\/tr>\n<tr>\n<td class=\"label\">Tratamiento de superficies<\/td>\n<td>acabado de fresado, anodizado, veteado de madera, recubrimiento en\u00e9rgico, chorro de arena, electroforesis, cepillado, pulido, etc.<\/td>\n<\/tr>\n<tr>\n<td class=\"label\">Procesado profundo CNC<\/td>\n<td>corte, taladrado, mecanizado, punzonado, plegado, roscado, etc.<\/td>\n<\/tr>\n<tr>\n<td class=\"label\">Certificaciones<\/td>\n<td>CE, ISO, SGS, TUV, ROHS<\/td>\n<\/tr>\n<tr>\n<td class=\"label\">MOQ<\/td>\n<td>200KG para cada perfil<\/td>\n<\/tr>\n<tr>\n<td class=\"label\">Plazo de entrega<\/td>\n<td>El desarrollo del molde y la conformaci\u00f3n de la muestra es de 12-15 d\u00edas, luego la duraci\u00f3n de la producci\u00f3n es de 15-25 d\u00edas despu\u00e9s de la recepci\u00f3n del dep\u00f3sito del comprador.<\/td>\n<\/tr>\n<tr>\n<td class=\"label\">Condiciones de pago<\/td>\n<td>30% dep\u00f3sito antes de la producci\u00f3n, y el saldo antes del env\u00edo.<\/td>\n<\/tr>\n<\/table>\n<h2>Nuestra base de fabricaci\u00f3n<\/h2>\n<h3>Panorama de la f\u00e1brica<\/h3>\n<p><img decoding=\"async\" src=\"\/wp-content\/uploads\/factory-01.webp\"\/><\/p>\n<h3>Taller de fabricaci\u00f3n de barras de aluminio<\/h3>\n<p><img decoding=\"async\" src=\"\/wp-content\/uploads\/factory-02.webp\"\/><\/p>\n<p><img decoding=\"async\" src=\"\/wp-content\/uploads\/factory-03.webp\"\/><\/p>\n<h3>Almac\u00e9n de moldes<\/h3>\n<p><img decoding=\"async\" src=\"\/wp-content\/uploads\/factory-04.webp\"\/><\/p>\n<h3>43 L\u00c3neas de extrusi\u00c3\u00b3n de aluminio (500\u00e2\u20ac\"5500 toneladas)<\/h3>\n<p><img decoding=\"async\" src=\"\/wp-content\/uploads\/factory-05.webp\"\/><\/p>\n<p><img decoding=\"async\" src=\"\/wp-content\/uploads\/factory-06.webp\"\/><\/p>\n<p><img decoding=\"async\" src=\"\/wp-content\/uploads\/factory-07.webp\"\/><\/p>\n<h3>Taller de pintura en polvo<\/h3>\n<p><img decoding=\"async\" src=\"\/wp-content\/uploads\/factory-09.webp\"\/><\/p>\n<h3>Taller de anodizado<\/h3>\n<p><img decoding=\"async\" src=\"\/wp-content\/uploads\/factory-10.webp\"\/><\/p>\n<h3>Taller de procesamiento profundo<\/h3>\n<p><img decoding=\"async\" src=\"\/wp-content\/uploads\/factory-11.webp\"\/><\/p>\n<h3>Taller de mecanizado de precisi\u00f3n CNC<\/h3>\n<p><img decoding=\"async\" src=\"\/wp-content\/uploads\/factory-11.5.webp\"\/><\/p>\n<h3>Almac\u00e9n de productos acabados y de exportaci\u00f3n<\/h3>\n<p><img decoding=\"async\" src=\"\/wp-content\/uploads\/factory-12.webp\"\/><\/p>\n<p><img decoding=\"async\" src=\"\/wp-content\/uploads\/factory-13.webp\"\/><\/p>\n<p><img decoding=\"async\" src=\"\/wp-content\/uploads\/factory-14.webp\"\/><\/p>\n<h2>PREGUNTAS FRECUENTES<\/h2>\n<p><p><b>1. \u00bfQu\u00e9 son las extrusiones de aluminio para r\u00f3tulos? <\/b><\/p>\n<p> Las extrusiones de aluminio para r\u00f3tulos son perfiles de aluminio especialmente dise\u00f1ados que se utilizan para enmarcar, montar o soportar r\u00f3tulos en aplicaciones de interior y exterior.<br \/>\n<\/p><br \/>\n<br \/>\n<p><b>2.\u00bfCu\u00e1les son las ventajas de utilizar extrusiones de aluminio para r\u00f3tulos? <\/b><\/p>\n<p> Las extrusiones de aluminio para se\u00f1alizaci\u00f3n ofrecen ligereza, resistencia a la corrosi\u00f3n, est\u00e9tica elegante y f\u00e1cil personalizaci\u00f3n para diversos sistemas de se\u00f1alizaci\u00f3n.<br \/>\n<\/p><br \/>\n<br \/>\n<p><b>3. \u00bfPor qu\u00e9 elegir aluminio para extrusiones de r\u00f3tulos? <\/b><\/p>\n<p> El aluminio es ideal para extrusiones de r\u00f3tulos por su durabilidad, resistencia a la intemperie y facilidad de mecanizado, anodizado o recubrimiento en polvo.<br \/>\n<\/p><br \/>\n<br \/>\n<p><b>4. \u00bfD\u00f3nde se suelen utilizar los perfiles de aluminio para r\u00f3tulos? <\/b><\/p>\n<p> Las extrusiones de aluminio para r\u00f3tulos se utilizan ampliamente en expositores de comercios, se\u00f1alizaci\u00f3n direccional, r\u00f3tulos arquitect\u00f3nicos e instalaciones de marcas comerciales.<br \/>\n<\/p><br \/>\n<br \/>\n<p><b>5.\u00bfSon resistentes a la intemperie las extrusiones de aluminio para r\u00f3tulos? <\/b><\/p>\n<p> S\u00ed, las extrusiones de aluminio para r\u00f3tulos son resistentes a la corrosi\u00f3n y adecuadas para r\u00f3tulos de exterior en todas las condiciones meteorol\u00f3gicas, incluida la lluvia, el sol y la nieve.<br \/>\n<\/p><br \/>\n<br \/>\n<p><b>6.\u00bfSe pueden personalizar las extrusiones de aluminio para r\u00f3tulos? <\/b><\/p>\n<p> Por supuesto, las extrusiones de aluminio para r\u00f3tulos pueden cortarse a medida, moldearse y acabarse en varios colores para adaptarse a los requisitos espec\u00edficos de la marca o el dise\u00f1o.<br \/>\n<\/p><br \/>\n<br \/>\n<p><b>7. \u00bfMejoran las extrusiones de aluminio la durabilidad de los r\u00f3tulos? <\/b><\/p>\n<p> S\u00ed, el uso de extrusiones de aluminio refuerza la integridad estructural de los r\u00f3tulos, protegiendo los gr\u00e1ficos y paneles para que no se doblen o deformen con el tiempo.<br \/>\n<\/p><br \/>\n<br \/>\n<p><b>8.\u00bfSon f\u00e1ciles de instalar los perfiles de aluminio para r\u00f3tulos? <\/b><\/p>\n<p> S\u00ed, las extrusiones de aluminio para r\u00f3tulos est\u00e1n dise\u00f1adas para un montaje r\u00e1pido con orificios pretaladrados, clips o soportes, lo que hace que la instalaci\u00f3n sea sencilla y eficaz.<br \/>\n<\/p><br \/>\n<br \/>\n<p><b>9.\u00bfQu\u00e9 acabados est\u00e1n disponibles para los perfiles de aluminio para r\u00f3tulos? <\/b><\/p>\n<p> Las extrusiones de aluminio para se\u00f1ales est\u00e1n disponibles en acabados anodizado, pulverizado, cepillado o fresado, lo que proporciona versatilidad tanto funcional como est\u00e9tica.<br \/>\n<\/p><br \/>\n<br \/>\n<p><b>10.\u00bfC\u00f3mo mejoran el aspecto de los r\u00f3tulos las extrusiones de aluminio? <\/b><\/p>\n<p> Las extrusiones de aluminio para r\u00f3tulos crean bordes limpios y encuadres profesionales, dando a los r\u00f3tulos un aspecto pulido y de alta gama que mejora el impacto visual y la percepci\u00f3n de la marca.<br \/>\n<\/p><br \/><\/p>","protected":false},"featured_media":6151,"template":"","categories":[58],"class_list":["post-6152","product","type-product","status-publish","has-post-thumbnail","hentry","category-aluminium-extrusion-profiles"],"meta_box":{"hilight_text_group":{"product_hilight_text":"<li>Durable and lightweight, ideal for indoor and outdoor signage<\/li>\r\r\n<li>Easy to cut and assemble for custom sign dimensions<\/li>\r\r\n<li>Clean, professional appearance enhances brand presentation<\/li>\r\r\n<li>Corrosion-resistant for long-term outdoor use<\/li>\r\r\n<li>Supports various mounting and insert options for flexibility<\/li>","product_chanpin_chanpin":"<li><a href=\"https:\/\/sinoextrud.com\/product\/aluminium-extrusion-profile-handle\/\" target=\"_blank\">Aluminium Extrusion Profile Handle<\/a><\/li>\r\n<li><a href=\"https:\/\/sinoextrud.com\/product\/linear-rail-aluminium-extrusion\/\" target=\"_blank\">Linear Rail Aluminium Extrusion<\/a><\/li>\r\n<li><a href=\"https:\/\/sinoextrud.com\/product\/led-strip-lights-aluminum-profile\/\" target=\"_blank\">Led Strip Lights Aluminum Profile<\/a><\/li>\r\n<li><a href=\"https:\/\/sinoextrud.com\/product\/retractable-awning-aluminum-tube\/\" target=\"_blank\">Retractable Awning Aluminum Tube<\/a><\/li>\r\n<li><a href=\"https:\/\/sinoextrud.com\/product\/aluminum-sign-extrusions\/\" target=\"_blank\">Aluminum Sign Extrusions<\/a><\/li>\r\n<li><a href=\"https:\/\/sinoextrud.com\/product\/aluminium-extrusion-motor-body\/\" target=\"_blank\">Aluminium Extrusion Motor Body<\/a><\/li>\r\n<li><a href=\"https:\/\/sinoextrud.com\/product\/aluminium-extrusion-6082-5083-aluminum-alloy-profile\/\" target=\"_blank\">Aluminium Extrusion 6082 5083 Aluminum Alloy Profile<\/a><\/li>\r\n<li><a href=\"https:\/\/sinoextrud.com\/product\/aluminium-edge-trim-profiles\/\" target=\"_blank\">Aluminium Edge Trim Profiles<\/a><\/li>\r\n<li><a href=\"https:\/\/sinoextrud.com\/product\/led-plant-growth-light-aluminum-profile\/\" target=\"_blank\">Led Plant Growth Light Aluminum Profile<\/a><\/li>\r\n<li><a href=\"https:\/\/sinoextrud.com\/product\/10x10-aluminum-extrusion-for-decoration\/\" target=\"_blank\">10\u00c3\u201410 Aluminum Extrusion For Decoration<\/a><\/li>\r\n<li><a href=\"https:\/\/sinoextrud.com\/product\/extruded-aluminum-sections\/\" target=\"_blank\">Extruded Aluminum Sections<\/a><\/li>"},"feature_list":[]},"_links":{"self":[{"href":"https:\/\/sinoextrud.com\/es\/wp-json\/wp\/v2\/product\/6152","targetHints":{"allow":["GET"]}}],"collection":[{"href":"https:\/\/sinoextrud.com\/es\/wp-json\/wp\/v2\/product"}],"about":[{"href":"https:\/\/sinoextrud.com\/es\/wp-json\/wp\/v2\/types\/product"}],"wp:featuredmedia":[{"embeddable":true,"href":"https:\/\/sinoextrud.com\/es\/wp-json\/wp\/v2\/media\/6151"}],"wp:attachment":[{"href":"https:\/\/sinoextrud.com\/es\/wp-json\/wp\/v2\/media?parent=6152"}],"wp:term":[{"taxonomy":"category","embeddable":true,"href":"https:\/\/sinoextrud.com\/es\/wp-json\/wp\/v2\/categories?post=6152"}],"curies":[{"name":"wp","href":"https:\/\/api.w.org\/{rel}","templated":true}]}}