{"id":6147,"date":"2025-05-25T12:35:12","date_gmt":"2025-05-25T12:35:12","guid":{"rendered":"https:\/\/sinoextrud.com\/product\/led-strip-lights-aluminum-profile\/"},"modified":"2025-06-24T03:54:08","modified_gmt":"2025-06-24T03:54:08","slug":"tiras-de-luces-led-perfil-de-aluminio","status":"publish","type":"product","link":"https:\/\/sinoextrud.com\/es\/product\/led-strip-lights-aluminum-profile\/","title":{"rendered":"Tiras de luz Led Perfil de aluminio"},"content":{"rendered":"<h2>Productos<\/h2>\n<table class=\"custom-table\">\n<tr>\n<td class=\"label\">Nombre del producto<\/td>\n<td>Tiras de luz Led Perfil de aluminio<\/td>\n<\/tr>\n<tr>\n<td class=\"label\">Gama de productos<\/td>\n<td>extrusiones de aluminio para perfil led, perfil de aluminio en forma de l, perfil de aluminio para led,?perfil de aluminio para tiras led, 2835 smd led pcb aluminio, aluminio led, etc<\/td>\n<\/tr>\n<tr>\n<td class=\"label\">Sistemas adecuados Tipos<\/td>\n<td>tiras de luz led, tiras de luz led para techo, tiras de luz led para exterior, tiras de luz de gran tama\u00f1o, perfiles led de aluminio, tiras de luz led, tiras de luz led cuadradas, etc.<\/td>\n<\/tr>\n<tr>\n<td class=\"label\">Aleaci\u00f3n de aluminio<\/td>\n<td>Serie 1000, serie 200, serie 3000, serie 5000, serie 6000, serie 7000<\/td>\n<\/tr>\n<tr>\n<td class=\"label\">Temple<\/td>\n<td>T3-T8<\/td>\n<\/tr>\n<tr>\n<td class=\"label\">Forma<\/td>\n<td>En forma de T, en forma de I, en forma de U, en forma circular, etc.<\/td>\n<\/tr>\n<tr>\n<td class=\"label\">Color<\/td>\n<td>personalizaci\u00f3n<\/td>\n<\/tr>\n<tr>\n<td class=\"label\">Tratamiento de superficies<\/td>\n<td>acabado de fresado, anodizado, veteado de madera, recubrimiento en\u00e9rgico, chorro de arena, electroforesis, cepillado, pulido, etc.<\/td>\n<\/tr>\n<tr>\n<td class=\"label\">Procesado profundo CNC<\/td>\n<td>corte, taladrado, mecanizado, punzonado, plegado, roscado, etc.<\/td>\n<\/tr>\n<tr>\n<td class=\"label\">Certificaciones<\/td>\n<td>CE, ISO, SGS, TUV, ROHS<\/td>\n<\/tr>\n<tr>\n<td class=\"label\">Muestras<\/td>\n<td>muestra gratis. 1-3 d\u00edas de entrega a usted.<\/td>\n<\/tr>\n<tr>\n<td class=\"label\">MOQ<\/td>\n<td>200KG para cada perfil<\/td>\n<\/tr>\n<tr>\n<td class=\"label\">Plazo de entrega<\/td>\n<td>El desarrollo del molde y la conformaci\u00f3n de la muestra es de 12-15 d\u00edas, luego la duraci\u00f3n de la producci\u00f3n es de 15-25 d\u00edas despu\u00e9s de la recepci\u00f3n del dep\u00f3sito del comprador.<\/td>\n<\/tr>\n<tr>\n<td class=\"label\">Condiciones de pago<\/td>\n<td>30% dep\u00f3sito antes de la producci\u00f3n, y el saldo antes del env\u00edo.<\/td>\n<\/tr>\n<\/table>\n<h2>Nuestra base de fabricaci\u00f3n<\/h2>\n<h3>Panorama de la f\u00e1brica<\/h3>\n<p><img decoding=\"async\" src=\"\/wp-content\/uploads\/factory-01.webp\"\/><\/p>\n<h3>Taller de fabricaci\u00f3n de barras de aluminio<\/h3>\n<p><img decoding=\"async\" src=\"\/wp-content\/uploads\/factory-02.webp\"\/><\/p>\n<p><img decoding=\"async\" src=\"\/wp-content\/uploads\/factory-03.webp\"\/><\/p>\n<h3>Almac\u00e9n de moldes<\/h3>\n<p><img decoding=\"async\" src=\"\/wp-content\/uploads\/factory-04.webp\"\/><\/p>\n<h3>43 L\u00c3neas de extrusi\u00c3\u00b3n de aluminio (500\u00e2\u20ac\"5500 toneladas)<\/h3>\n<p><img decoding=\"async\" src=\"\/wp-content\/uploads\/factory-05.webp\"\/><\/p>\n<p><img decoding=\"async\" src=\"\/wp-content\/uploads\/factory-06.webp\"\/><\/p>\n<p><img decoding=\"async\" src=\"\/wp-content\/uploads\/factory-07.webp\"\/><\/p>\n<h3>Taller de pintura en polvo<\/h3>\n<p><img decoding=\"async\" src=\"\/wp-content\/uploads\/factory-09.webp\"\/><\/p>\n<h3>Taller de anodizado<\/h3>\n<p><img decoding=\"async\" src=\"\/wp-content\/uploads\/factory-10.webp\"\/><\/p>\n<h3>Taller de procesamiento profundo<\/h3>\n<p><img decoding=\"async\" src=\"\/wp-content\/uploads\/factory-11.webp\"\/><\/p>\n<h3>Taller de mecanizado de precisi\u00f3n CNC<\/h3>\n<p><img decoding=\"async\" src=\"\/wp-content\/uploads\/factory-11.5.webp\"\/><\/p>\n<h3>Almac\u00e9n de productos acabados y de exportaci\u00f3n<\/h3>\n<p><img decoding=\"async\" src=\"\/wp-content\/uploads\/factory-12.webp\"\/><\/p>\n<p><img decoding=\"async\" src=\"\/wp-content\/uploads\/factory-13.webp\"\/><\/p>\n<p><img decoding=\"async\" src=\"\/wp-content\/uploads\/factory-14.webp\"\/><\/p>\n<h2>PREGUNTAS FRECUENTES<\/h2>\n<p><p><b>1.\u00bfQu\u00e9 es un perfil de aluminio para tiras de luz LED? <\/b><\/p>\n<p> Un perfil de aluminio para tiras de luces LED es un canal de alojamiento dise\u00f1ado para sostener y proteger las tiras de luces LED, proporcionando una mejor disipaci\u00f3n del calor y un acabado de iluminaci\u00f3n limpio.<br \/>\n<\/p><br \/>\n<br \/>\n<p><b>2.\u00bfCu\u00e1les son las ventajas de utilizar perfiles de aluminio para las tiras de luz LED? <\/b><\/p>\n<p> Los perfiles de aluminio para tiras de LED ofrecen una mejor disipaci\u00f3n del calor, una mayor vida \u00fatil de los LED, una mejor est\u00e9tica de la iluminaci\u00f3n y una mayor protecci\u00f3n contra el polvo y los da\u00f1os.<br \/>\n<\/p><br \/>\n<br \/>\n<p><b>3.\u00bfPor qu\u00e9 utilizar un perfil de aluminio con tiras de luz LED? <\/b><\/p>\n<p> El uso de un perfil de aluminio con tiras de LED garantiza una distribuci\u00f3n uniforme de la luz, reduce la acumulaci\u00f3n de calor y proporciona un aspecto profesional y pulido a la instalaci\u00f3n.<br \/>\n<\/p><br \/>\n<br \/>\n<p><b>4.\u00bfSon f\u00e1ciles de instalar los perfiles de aluminio LED? <\/b><\/p>\n<p> S\u00ed, los perfiles de aluminio de las tiras de luces LED son f\u00e1ciles de instalar con clips de montaje, soportes adhesivos o sistemas de atornillado para techos, armarios y paredes.<br \/>\n<\/p><br \/>\n<br \/>\n<p><b>5.\u00bfSe pueden personalizar los perfiles de aluminio de las tiras de luz LED? <\/b><\/p>\n<p> Absolutamente, los perfiles de aluminio LED vienen en varias formas, longitudes y opciones de cubierta, y se pueden cortar para adaptarse a los requisitos espec\u00edficos de instalaci\u00f3n.<br \/>\n<\/p><br \/>\n<br \/>\n<p><b>6.\u00bfMejoran los perfiles de aluminio el rendimiento de las tiras de luz LED? <\/b><\/p>\n<p> S\u00ed, los perfiles de aluminio mejoran el rendimiento de los LED al disipar el calor de forma eficiente, lo que ayuda a mantener el brillo y prolonga la vida \u00fatil de la luz.<br \/>\n<\/p><br \/>\n<br \/>\n<p><b>7.\u00bfD\u00f3nde se pueden utilizar las tiras de luz LED con perfiles de aluminio? <\/b><\/p>\n<p> Los perfiles LED de aluminio son ideales para cocinas, oficinas, escaparates, escaleras e iluminaci\u00f3n bajo armarios, ya que ofrecen una integraci\u00f3n de la luz elegante y protegida.<br \/>\n<\/p><br \/>\n<br \/>\n<p><b>8.\u00bfQu\u00e9 tipos de cubiertas existen para los perfiles de aluminio LED? <\/b><\/p>\n<p> Los perfiles de aluminio LED suelen venir con difusores transparentes, esmerilados u opalescentes que suavizan la salida de luz y eliminan los puntos calientes para conseguir un efecto de iluminaci\u00f3n suave.<br \/>\n<\/p><br \/>\n<br \/>\n<p><b>9.\u00bfLos perfiles de aluminio para tiras LED son compatibles con todas las tiras LED? <\/b><\/p>\n<p> La mayor\u00eda de los perfiles LED de aluminio son compatibles con tiras LED de anchura est\u00e1ndar, pero es importante comprobar las dimensiones del canal antes de la instalaci\u00f3n.<br \/>\n<\/p><br \/>\n<br \/>\n<p><b>10.\u00bfC\u00f3mo mejoran los perfiles de aluminio el aspecto de las tiras de iluminaci\u00f3n LED? <\/b><\/p>\n<p> Los perfiles de aluminio proporcionan un acabado limpio y moderno al ocultar los cables, difundir la luz uniformemente y crear un elegante efecto de iluminaci\u00f3n arquitect\u00f3nica.<br \/>\n<\/p><br \/><\/p>","protected":false},"featured_media":6146,"template":"","categories":[58],"class_list":["post-6147","product","type-product","status-publish","has-post-thumbnail","hentry","category-aluminium-extrusion-profiles"],"meta_box":{"hilight_text_group":{"product_hilight_text":"<li>Provides efficient heat dissipation to extend LED lifespan<\/li>\r\r\n<li>Enhances light diffusion for uniform illumination<\/li>\r\r\n<li>Supports surface, recessed, and corner mounting options<\/li>\r\r\n<li>Protects LED strips from dust and physical damage<\/li>\r\r\n<li>Custom lengths and cover types available for versatile applications<\/li>","product_chanpin_chanpin":"<li><a href=\"https:\/\/sinoextrud.com\/product\/large-aluminum-extrusion-2\/\" target=\"_blank\">Large Aluminum Extrusion<\/a><\/li>\r\n<li><a href=\"https:\/\/sinoextrud.com\/product\/aluminium-door-extrusions-profiles\/\" target=\"_blank\">Aluminium Door Extrusions Profiles<\/a><\/li>\r\n<li><a href=\"https:\/\/sinoextrud.com\/product\/aluminium-extrusion-profile-handle\/\" target=\"_blank\">Aluminium Extrusion Profile Handle<\/a><\/li>\r\n<li><a href=\"https:\/\/sinoextrud.com\/product\/linear-rail-aluminium-extrusion\/\" target=\"_blank\">Linear Rail Aluminium Extrusion<\/a><\/li>\r\n<li><a href=\"https:\/\/sinoextrud.com\/product\/led-strip-lights-aluminum-profile\/\" target=\"_blank\">Led Strip Lights Aluminum Profile<\/a><\/li>\r\n<li><a href=\"https:\/\/sinoextrud.com\/product\/retractable-awning-aluminum-tube\/\" target=\"_blank\">Retractable Awning Aluminum Tube<\/a><\/li>\r\n<li><a href=\"https:\/\/sinoextrud.com\/product\/aluminum-sign-extrusions\/\" target=\"_blank\">Aluminum Sign Extrusions<\/a><\/li>\r\n<li><a href=\"https:\/\/sinoextrud.com\/product\/aluminium-extrusion-motor-body\/\" target=\"_blank\">Aluminium Extrusion Motor Body<\/a><\/li>\r\n<li><a href=\"https:\/\/sinoextrud.com\/product\/aluminium-extrusion-6082-5083-aluminum-alloy-profile\/\" target=\"_blank\">Aluminium Extrusion 6082 5083 Aluminum Alloy Profile<\/a><\/li>\r\n<li><a href=\"https:\/\/sinoextrud.com\/product\/aluminum-square-tube-powder-coating-6063-t5-extruded-profiles\/\" target=\"_blank\">aluminum square tube powder coating 6063 t5 extruded profiles<\/a><\/li>\r\n<li><a href=\"https:\/\/sinoextrud.com\/product\/aluminium-edge-trim-profiles\/\" target=\"_blank\">Aluminium Edge Trim Profiles<\/a><\/li>"},"feature_list":[]},"_links":{"self":[{"href":"https:\/\/sinoextrud.com\/es\/wp-json\/wp\/v2\/product\/6147","targetHints":{"allow":["GET"]}}],"collection":[{"href":"https:\/\/sinoextrud.com\/es\/wp-json\/wp\/v2\/product"}],"about":[{"href":"https:\/\/sinoextrud.com\/es\/wp-json\/wp\/v2\/types\/product"}],"wp:featuredmedia":[{"embeddable":true,"href":"https:\/\/sinoextrud.com\/es\/wp-json\/wp\/v2\/media\/6146"}],"wp:attachment":[{"href":"https:\/\/sinoextrud.com\/es\/wp-json\/wp\/v2\/media?parent=6147"}],"wp:term":[{"taxonomy":"category","embeddable":true,"href":"https:\/\/sinoextrud.com\/es\/wp-json\/wp\/v2\/categories?post=6147"}],"curies":[{"name":"wp","href":"https:\/\/api.w.org\/{rel}","templated":true}]}}