{"id":6145,"date":"2025-05-25T12:32:21","date_gmt":"2025-05-25T12:32:21","guid":{"rendered":"https:\/\/sinoextrud.com\/product\/linear-rail-aluminium-extrusion\/"},"modified":"2025-06-24T03:54:06","modified_gmt":"2025-06-24T03:54:06","slug":"carril-lineal-extrusion-de-aluminio","status":"publish","type":"product","link":"https:\/\/sinoextrud.com\/es\/product\/linear-rail-aluminium-extrusion\/","title":{"rendered":"Carril lineal Extrusi\u00f3n de aluminio"},"content":{"rendered":"<h2>Productos<\/h2>\n<table class=\"custom-table\">\n<tr>\n<td class=\"label\">Nombre del producto<\/td>\n<td>carril lineal extrusi\u00f3n de aluminio<\/td>\n<\/tr>\n<tr>\n<td class=\"label\">Gama de productos<\/td>\n<td>extrusiones de aluminio para v carril lineal t ranura extrus perfil de aluminio, viga c carril lineal de aluminio, perfiles de extrusi\u00f3n, carril de extrusi\u00f3n de aluminio, perfil de aluminio del carril, carriles de gu\u00eda de extrusi\u00f3n de aluminio, carril hidrop\u00f3nico, carril lineal de alta precisi\u00f3n, perfil de carril de aluminio, carril de perfil de aluminio, carril t\u00e1ctico, etc.<\/td>\n<\/tr>\n<tr>\n<td class=\"label\">Sistemas adecuados Tipos<\/td>\n<td>perfil de aluminio de ranura en t, perfil de aluminio de ranura en t, perfil de ranura en t, carril de gu\u00eda lineal hiwin, secci\u00f3n en c, carril en c, barandilla de extrusi\u00f3n de aluminio, perfil de aluminio para barandilla de cortina, perfil de puente de aluminio para puerta de barandilla colgante, perfil de aluminio de canal en u para barandillas de vidrio, carril de gu\u00eda de aluminio para puerta corredera, carril de aluminio para ventana corredera, etc.<\/td>\n<\/tr>\n<tr>\n<td class=\"label\">Aplicaci\u00f3n<\/td>\n<td>Valla robotizada, banco de trabajo, armarios, cadena de montaje, bastidor de perfiles, plataforma industrial, carro de herramientas, armario acr\u00edlico, armario de chapa, etc.<\/td>\n<\/tr>\n<tr>\n<td class=\"label\">Aleaci\u00f3n de aluminio<\/td>\n<td>Serie 1000, serie 200, serie 3000, serie 5000, serie 6000, serie 7000<\/td>\n<\/tr>\n<tr>\n<td class=\"label\">Temple<\/td>\n<td>T3-T8<\/td>\n<\/tr>\n<tr>\n<td class=\"label\">Forma<\/td>\n<td>Redondo, cuadrado, en \u00e1ngulo, rectangular, hexagonal o personalizado<\/td>\n<\/tr>\n<tr>\n<td class=\"label\">Color<\/td>\n<td>personalizaci\u00f3n<\/td>\n<\/tr>\n<tr>\n<td class=\"label\">Tratamiento de superficies<\/td>\n<td>acabado de fresado, anodizado, veteado de madera, recubrimiento en\u00e9rgico, chorro de arena, electroforesis, cepillado, pulido, etc.<\/td>\n<\/tr>\n<tr>\n<td class=\"label\">Procesado profundo CNC<\/td>\n<td>corte, taladrado, mecanizado, punzonado, plegado, roscado, etc.<\/td>\n<\/tr>\n<tr>\n<td class=\"label\">Certificaciones<\/td>\n<td>CE, ISO, SGS, TUV, ROHS<\/td>\n<\/tr>\n<tr>\n<td class=\"label\">Muestras<\/td>\n<td>muestra gratis. 1-3 d\u00edas de entrega a usted.<\/td>\n<\/tr>\n<tr>\n<td class=\"label\">MOQ<\/td>\n<td>200KG para cada perfil<\/td>\n<\/tr>\n<tr>\n<td class=\"label\">Plazo de entrega<\/td>\n<td>El desarrollo del molde y la conformaci\u00f3n de la muestra es de 12-15 d\u00edas, luego la duraci\u00f3n de la producci\u00f3n es de 15-25 d\u00edas despu\u00e9s de la recepci\u00f3n del dep\u00f3sito del comprador.<\/td>\n<\/tr>\n<tr>\n<td class=\"label\">Condiciones de pago<\/td>\n<td>30% dep\u00f3sito antes de la producci\u00f3n, y el saldo antes del env\u00edo.<\/td>\n<\/tr>\n<tr>\n<td class=\"label\">Env\u00edo<\/td>\n<td>En contenedor 20GP, 40GP, 40HQ o buque granelero<\/td>\n<\/tr>\n<\/table>\n<h2>Nuestra base de fabricaci\u00f3n<\/h2>\n<h3>Panorama de la f\u00e1brica<\/h3>\n<p><img decoding=\"async\" src=\"\/wp-content\/uploads\/factory-01.webp\"\/><\/p>\n<h3>Taller de fabricaci\u00f3n de barras de aluminio<\/h3>\n<p><img decoding=\"async\" src=\"\/wp-content\/uploads\/factory-02.webp\"\/><\/p>\n<p><img decoding=\"async\" src=\"\/wp-content\/uploads\/factory-03.webp\"\/><\/p>\n<h3>Almac\u00e9n de moldes<\/h3>\n<p><img decoding=\"async\" src=\"\/wp-content\/uploads\/factory-04.webp\"\/><\/p>\n<h3>43 L\u00c3neas de extrusi\u00c3\u00b3n de aluminio (500\u00e2\u20ac\"5500 toneladas)<\/h3>\n<p><img decoding=\"async\" src=\"\/wp-content\/uploads\/factory-05.webp\"\/><\/p>\n<p><img decoding=\"async\" src=\"\/wp-content\/uploads\/factory-06.webp\"\/><\/p>\n<p><img decoding=\"async\" src=\"\/wp-content\/uploads\/factory-07.webp\"\/><\/p>\n<h3>Taller de pintura en polvo<\/h3>\n<p><img decoding=\"async\" src=\"\/wp-content\/uploads\/factory-09.webp\"\/><\/p>\n<h3>Taller de anodizado<\/h3>\n<p><img decoding=\"async\" src=\"\/wp-content\/uploads\/factory-10.webp\"\/><\/p>\n<h3>Taller de procesamiento profundo<\/h3>\n<p><img decoding=\"async\" src=\"\/wp-content\/uploads\/factory-11.webp\"\/><\/p>\n<h3>Taller de mecanizado de precisi\u00f3n CNC<\/h3>\n<p><img decoding=\"async\" src=\"\/wp-content\/uploads\/factory-11.5.webp\"\/><\/p>\n<h3>Almac\u00e9n de productos acabados y de exportaci\u00f3n<\/h3>\n<p><img decoding=\"async\" src=\"\/wp-content\/uploads\/factory-12.webp\"\/><\/p>\n<p><img decoding=\"async\" src=\"\/wp-content\/uploads\/factory-13.webp\"\/><\/p>\n<p><img decoding=\"async\" src=\"\/wp-content\/uploads\/factory-14.webp\"\/><\/p>\n<h2>PREGUNTAS FRECUENTES<\/h2>\n<p><p><b>1.\u00bfQu\u00e9 es la extrusi\u00f3n de aluminio de carril lineal? <\/b><\/p>\n<p> La extrusi\u00f3n de aluminio para ra\u00edles lineales es un perfil de aluminio dise\u00f1ado con precisi\u00f3n para soportar sistemas de movimiento lineal, ofreciendo una base estable para ra\u00edles y carros.<br \/>\n<\/p><br \/>\n<br \/>\n<p><b>2.\u00bfCu\u00e1les son las ventajas de utilizar extrusiones de aluminio de carril lineal? <\/b><\/p>\n<p> Las extrusiones de aluminio para gu\u00edas lineales proporcionan una gran rigidez, una estructura ligera, resistencia a la corrosi\u00f3n y facilidad de montaje, ideales para aplicaciones de automatizaci\u00f3n y CNC.<br \/>\n<\/p><br \/>\n<br \/>\n<p><b>3. \u00bfPor qu\u00e9 utilizar perfiles de aluminio para gu\u00edas lineales? <\/b><\/p>\n<p> Las extrusiones de aluminio son ligeras, duraderas y resistentes a la corrosi\u00f3n, por lo que son perfectas para soportar gu\u00edas lineales en sistemas de movimiento de alta precisi\u00f3n.<br \/>\n<\/p><br \/>\n<br \/>\n<p><b>4. \u00bfD\u00f3nde se suelen utilizar las extrusiones de aluminio para ra\u00edles lineales? <\/b><\/p>\n<p> Las extrusiones de aluminio de carril lineal se utilizan ampliamente en m\u00e1quinas CNC, impresoras 3D, rob\u00f3tica y l\u00edneas de montaje automatizadas para movimientos precisos y suaves.<br \/>\n<\/p><br \/>\n<br \/>\n<p><b>5.\u00bfSe pueden personalizar las extrusiones de aluminio para ra\u00edles lineales? <\/b><\/p>\n<p> S\u00ed, las extrusiones de aluminio de gu\u00edas lineales pueden cortarse, taladrarse o anodizarse a medida para cumplir requisitos estructurales y funcionales espec\u00edficos en sistemas de movimiento.<br \/>\n<\/p><br \/>\n<br \/>\n<p><b>6.\u00bfQu\u00e9 resistencia tienen las extrusiones de aluminio para ra\u00edles lineales? <\/b><\/p>\n<p> Los perfiles de aluminio para gu\u00edas lineales est\u00e1n dise\u00f1ados para soportar cargas elevadas sin dejar de ser ligeros, por lo que son adecuados tanto para aplicaciones ligeras como pesadas.<br \/>\n<\/p><br \/>\n<br \/>\n<p><b>7.\u00bfPueden montarse gu\u00edas lineales directamente sobre perfiles de aluminio? <\/b><\/p>\n<p> Por supuesto, las gu\u00edas lineales pueden montarse directamente en extrusiones de aluminio para una instalaci\u00f3n r\u00e1pida, precisi\u00f3n de alineaci\u00f3n y flexibilidad de dise\u00f1o modular.<br \/>\n<\/p><br \/>\n<br \/>\n<p><b>8. \u00bfQu\u00e9 diferencia hay entre los perfiles lineales de aluminio y los bastidores de acero? <\/b><\/p>\n<p> Las extrusiones de aluminio de los ra\u00edles lineales son m\u00e1s ligeras, f\u00e1ciles de mecanizar y resistentes a la corrosi\u00f3n que el acero, por lo que ofrecen un mejor equilibrio entre resistencia y utilidad.<br \/>\n<\/p><br \/>\n<br \/>\n<p><b>9.\u00bfLas extrusiones de aluminio para ra\u00edles lineales reducen las vibraciones? <\/b><\/p>\n<p> S\u00ed, las extrusiones de aluminio ayudan a absorber las vibraciones de funcionamiento y proporcionan una base estable, mejorando la precisi\u00f3n y la longevidad de los sistemas de movimiento lineal.<br \/>\n<\/p><br \/>\n<br \/>\n<p><b>10.\u00bfSon adecuadas las extrusiones de aluminio para ra\u00edles lineales para proyectos de bricolaje? <\/b><\/p>\n<p> S\u00ed, las extrusiones de aluminio de carril lineal son ideales para CNC de bricolaje, cortadoras l\u00e1ser y construcciones de automatizaci\u00f3n debido a su dise\u00f1o modular y facilidad de uso.<br \/>\n<\/p><br \/><\/p>","protected":false},"featured_media":6144,"template":"","categories":[58],"class_list":["post-6145","product","type-product","status-publish","has-post-thumbnail","hentry","category-aluminium-extrusion-profiles"],"meta_box":{"hilight_text_group":{"product_hilight_text":"<li>Integrated guide rail design for smooth linear motion<\/li>\r\r\n<li>High rigidity and precision for automation and CNC applications<\/li>\r\r\n<li>Modular structure allows easy assembly and expansion<\/li>\r\r\n<li>Lightweight aluminum reduces overall system weight<\/li>\r\r\n<li>Corrosion-resistant and low maintenance for industrial use<\/li>","product_chanpin_chanpin":"<li><a href=\"https:\/\/sinoextrud.com\/product\/anodized-aluminum\/\" target=\"_blank\">Anodized Aluminum<\/a><\/li>\r\n<li><a href=\"https:\/\/sinoextrud.com\/product\/large-aluminum-extrusion-2\/\" target=\"_blank\">Large Aluminum Extrusion<\/a><\/li>\r\n<li><a href=\"https:\/\/sinoextrud.com\/product\/aluminium-door-extrusions-profiles\/\" target=\"_blank\">Aluminium Door Extrusions Profiles<\/a><\/li>\r\n<li><a href=\"https:\/\/sinoextrud.com\/product\/aluminium-extrusion-profile-handle\/\" target=\"_blank\">Aluminium Extrusion Profile Handle<\/a><\/li>\r\n<li><a href=\"https:\/\/sinoextrud.com\/product\/linear-rail-aluminium-extrusion\/\" target=\"_blank\">Linear Rail Aluminium Extrusion<\/a><\/li>\r\n<li><a href=\"https:\/\/sinoextrud.com\/product\/led-strip-lights-aluminum-profile\/\" target=\"_blank\">Led Strip Lights Aluminum Profile<\/a><\/li>\r\n<li><a href=\"https:\/\/sinoextrud.com\/product\/retractable-awning-aluminum-tube\/\" target=\"_blank\">Retractable Awning Aluminum Tube<\/a><\/li>\r\n<li><a href=\"https:\/\/sinoextrud.com\/product\/aluminum-sign-extrusions\/\" target=\"_blank\">Aluminum Sign Extrusions<\/a><\/li>\r\n<li><a href=\"https:\/\/sinoextrud.com\/product\/aluminium-extrusion-motor-body\/\" target=\"_blank\">Aluminium Extrusion Motor Body<\/a><\/li>\r\n<li><a href=\"https:\/\/sinoextrud.com\/product\/new-design-kitchen-handle-aluminum-profile\/\" target=\"_blank\">New Design Kitchen Handle Aluminum Profile<\/a><\/li>\r\n<li><a href=\"https:\/\/sinoextrud.com\/product\/l-shaped-aluminum-extrusion-6063-t5-aluminum-angle-bar-alloy-profile\/\" target=\"_blank\">L Shaped Aluminum Extrusion  6063 T5 Aluminum Angle Bar Alloy Profile<\/a><\/li>"},"feature_list":[]},"_links":{"self":[{"href":"https:\/\/sinoextrud.com\/es\/wp-json\/wp\/v2\/product\/6145","targetHints":{"allow":["GET"]}}],"collection":[{"href":"https:\/\/sinoextrud.com\/es\/wp-json\/wp\/v2\/product"}],"about":[{"href":"https:\/\/sinoextrud.com\/es\/wp-json\/wp\/v2\/types\/product"}],"wp:featuredmedia":[{"embeddable":true,"href":"https:\/\/sinoextrud.com\/es\/wp-json\/wp\/v2\/media\/6144"}],"wp:attachment":[{"href":"https:\/\/sinoextrud.com\/es\/wp-json\/wp\/v2\/media?parent=6145"}],"wp:term":[{"taxonomy":"category","embeddable":true,"href":"https:\/\/sinoextrud.com\/es\/wp-json\/wp\/v2\/categories?post=6145"}],"curies":[{"name":"wp","href":"https:\/\/api.w.org\/{rel}","templated":true}]}}