{"id":6061,"date":"2025-05-24T06:19:14","date_gmt":"2025-05-24T06:19:14","guid":{"rendered":"https:\/\/sinoextrud.com\/product\/large-aluminum-extrusion-2\/"},"modified":"2025-06-24T03:53:59","modified_gmt":"2025-06-24T03:53:59","slug":"gran-extrusion-de-aluminio-3","status":"publish","type":"product","link":"https:\/\/sinoextrud.com\/es\/product\/large-aluminum-extrusion-2\/","title":{"rendered":"Gran extrusi\u00f3n de aluminio"},"content":{"rendered":"<h2>Productos<\/h2>\n<table class=\"custom-table\">\n<tr>\n<td class=\"label\">Nombre del producto<\/td>\n<td>gran extrusi\u00f3n de aluminio<\/td>\n<\/tr>\n<tr>\n<td class=\"label\">Gama de productos<\/td>\n<td>piezas mec\u00e1nicas, piezas de autom\u00f3vil, piezas industriales, equipamiento deportivo<\/td>\n<\/tr>\n<tr>\n<td class=\"label\">Sistemas adecuados Tipos<\/td>\n<td>Vagones de ferrocarril, grandes buques, trenes de alta velocidad, metros urbanos y trenes ligeros, industrias aeroespacial, naval de armamento y fabricaci\u00f3n de maquinaria, etc.<\/td>\n<\/tr>\n<tr>\n<td class=\"label\">Aleaci\u00f3n de aluminio<\/td>\n<td>Serie 5000, serie 6000, serie 7000<\/td>\n<\/tr>\n<tr>\n<td class=\"label\">Temple<\/td>\n<td>T5-T8<\/td>\n<\/tr>\n<tr>\n<td class=\"label\">Forma<\/td>\n<td>Seg\u00fan las exigencias del cliente<\/td>\n<\/tr>\n<tr>\n<td class=\"label\">Color<\/td>\n<td>Seg\u00fan las exigencias del cliente<\/td>\n<\/tr>\n<tr>\n<td class=\"label\">Tratamiento de superficies<\/td>\n<td>acabado de fresado, anodizado, veteado de madera, recubrimiento en\u00e9rgico, chorro de arena, electroforesis, cepillado, pulido, etc.<\/td>\n<\/tr>\n<tr>\n<td class=\"label\">Procesado profundo CNC<\/td>\n<td>corte, taladrado, mecanizado, punzonado, plegado, roscado, etc.<\/td>\n<\/tr>\n<tr>\n<td class=\"label\">Certificaciones<\/td>\n<td>CE, ISO, SGS, TUV, ROHS<\/td>\n<\/tr>\n<tr>\n<td class=\"label\">Muestras<\/td>\n<td>muestra gratis. 1-3 d\u00edas de entrega a usted.<\/td>\n<\/tr>\n<tr>\n<td class=\"label\">MOQ<\/td>\n<td>200KG para cada perfil<\/td>\n<\/tr>\n<tr>\n<td class=\"label\">Plazo de entrega<\/td>\n<td>El desarrollo del molde y la conformaci\u00f3n de la muestra es de 12-15 d\u00edas, luego la duraci\u00f3n de la producci\u00f3n es de 15-25 d\u00edas despu\u00e9s de la recepci\u00f3n del dep\u00f3sito del comprador.<\/td>\n<\/tr>\n<tr>\n<td class=\"label\">Condiciones de pago<\/td>\n<td>30% dep\u00f3sito antes de la producci\u00f3n, y el saldo antes del env\u00edo.<\/td>\n<\/tr>\n<\/table>\n<h2>Nuestra base de fabricaci\u00f3n<\/h2>\n<h3>Panorama de la f\u00e1brica<\/h3>\n<p><img decoding=\"async\" src=\"\/wp-content\/uploads\/factory-01.webp\"\/><\/p>\n<h3>Taller de fabricaci\u00f3n de barras de aluminio<\/h3>\n<p><img decoding=\"async\" src=\"\/wp-content\/uploads\/factory-02.webp\"\/><\/p>\n<p><img decoding=\"async\" src=\"\/wp-content\/uploads\/factory-03.webp\"\/><\/p>\n<h3>Almac\u00e9n de moldes<\/h3>\n<p><img decoding=\"async\" src=\"\/wp-content\/uploads\/factory-04.webp\"\/><\/p>\n<h3>43 L\u00c3neas de extrusi\u00c3\u00b3n de aluminio (500\u00e2\u20ac\"5500 toneladas)<\/h3>\n<p><img decoding=\"async\" src=\"\/wp-content\/uploads\/factory-05.webp\"\/><\/p>\n<p><img decoding=\"async\" src=\"\/wp-content\/uploads\/factory-06.webp\"\/><\/p>\n<p><img decoding=\"async\" src=\"\/wp-content\/uploads\/factory-07.webp\"\/><\/p>\n<h3>Taller de pintura en polvo<\/h3>\n<p><img decoding=\"async\" src=\"\/wp-content\/uploads\/factory-09.webp\"\/><\/p>\n<h3>Taller de anodizado<\/h3>\n<p><img decoding=\"async\" src=\"\/wp-content\/uploads\/factory-10.webp\"\/><\/p>\n<h3>Taller de procesamiento profundo<\/h3>\n<p><img decoding=\"async\" src=\"\/wp-content\/uploads\/factory-11.webp\"\/><\/p>\n<h3>Taller de mecanizado de precisi\u00f3n CNC<\/h3>\n<p><img decoding=\"async\" src=\"\/wp-content\/uploads\/factory-11.5.webp\"\/><\/p>\n<h3>Almac\u00e9n de productos acabados y de exportaci\u00f3n<\/h3>\n<p><img decoding=\"async\" src=\"\/wp-content\/uploads\/factory-12.webp\"\/><\/p>\n<p><img decoding=\"async\" src=\"\/wp-content\/uploads\/factory-13.webp\"\/><\/p>\n<p><img decoding=\"async\" src=\"\/wp-content\/uploads\/factory-14.webp\"\/><\/p>\n<h2>PREGUNTAS FRECUENTES<\/h2>\n<p><p><b>1. \u00bfQu\u00e9 es la extrusi\u00f3n de aluminio de gran tama\u00f1o? <\/b><\/p>\n<p> La extrusi\u00f3n de aluminio a gran escala se refiere al proceso de dar forma a perfiles de aluminio a gran escala a trav\u00e9s de un troquel de alta presi\u00f3n, com\u00fanmente utilizado en aplicaciones estructurales e industriales.<br \/>\n<\/p><br \/>\n<br \/>\n<p><b>2.\u00bfCu\u00e1les son las ventajas de utilizar extrusiones de aluminio de gran tama\u00f1o? <\/b><\/p>\n<p> Las grandes extrusiones de aluminio ofrecen fuerza, ligereza, resistencia a la corrosi\u00f3n y flexibilidad de dise\u00f1o, ideales para la construcci\u00f3n, el transporte y la industria aeroespacial.<br \/>\n<\/p><br \/>\n<br \/>\n<p><b>3.\u00bfPor qu\u00e9 elegir aluminio para grandes extrusiones? <\/b><\/p>\n<p> El aluminio es ligero, fuerte, reciclable y resistente a la corrosi\u00f3n, por lo que es perfecto para perfiles extruidos de gran tama\u00f1o utilizados en aplicaciones pesadas.<br \/>\n<\/p><br \/>\n<br \/>\n<p><b>4.\u00bfC\u00f3mo se fabrican las grandes extrusiones de aluminio? <\/b><\/p>\n<p> Las grandes extrusiones de aluminio se producen calentando tochos de aluminio y forz\u00e1ndolos a trav\u00e9s de matrices a medida, lo que da como resultado perfiles de alta resistencia y formas precisas.<br \/>\n<\/p><br \/>\n<br \/>\n<p><b>5.\u00bfQu\u00e9 industrias utilizan grandes extrusiones de aluminio? <\/b><\/p>\n<p> Industrias como la aeroespacial, la automoci\u00f3n, la construcci\u00f3n y las energ\u00edas renovables conf\u00edan en las grandes extrusiones de aluminio para obtener componentes estructurales duraderos y ligeros.<br \/>\n<\/p><br \/>\n<br \/>\n<p><b>6.\u00bfSe pueden personalizar las grandes extrusiones de aluminio? <\/b><\/p>\n<p> S\u00ed, las grandes extrusiones de aluminio pueden dise\u00f1arse a medida en diversas formas, tama\u00f1os y acabados para satisfacer requisitos espec\u00edficos de ingenier\u00eda y arquitectura.<br \/>\n<\/p><br \/>\n<br \/>\n<p><b>7.\u00bfCu\u00e1l es el tama\u00f1o m\u00e1ximo de las grandes extrusiones de aluminio? <\/b><\/p>\n<p> El tama\u00f1o de las grandes extrusiones de aluminio depende de la capacidad de la prensa y del dise\u00f1o de la matriz, y algunos fabricantes ofrecen perfiles de m\u00e1s de 20 pulgadas de ancho o m\u00e1s.<br \/>\n<\/p><br \/>\n<br \/>\n<p><b>8.\u00bfEn qu\u00e9 se diferencia la extrusi\u00f3n de aluminio de gran tama\u00f1o del acero? <\/b><\/p>\n<p> Las grandes extrusiones de aluminio son m\u00e1s ligeras y resistentes a la corrosi\u00f3n que las de acero, lo que facilita el mecanizado y mejora el rendimiento en aplicaciones sensibles al peso.<br \/>\n<\/p><br \/>\n<br \/>\n<p><b>9.\u00bfEs rentable la extrusi\u00f3n de aluminio de gran tama\u00f1o? <\/b><\/p>\n<p> S\u00ed, las grandes extrusiones de aluminio son rentables gracias a su escaso desperdicio de material, su larga vida \u00fatil y su reducido peso, que abarata los costes de transporte y montaje.<br \/>\n<\/p><br \/>\n<br \/>\n<p><b>10.\u00bfSe pueden anodizar o pintar las grandes extrusiones de aluminio? <\/b><\/p>\n<p> Por supuesto, las grandes extrusiones de aluminio pueden anodizarse o recubrirse de polvo para mejorar la resistencia a la corrosi\u00f3n, la est\u00e9tica y la durabilidad de la superficie.<br \/>\n<\/p><br \/><\/p>","protected":false},"featured_media":6060,"template":"","categories":[58],"class_list":["post-6061","product","type-product","status-publish","has-post-thumbnail","hentry","category-aluminium-extrusion-profiles"],"meta_box":{"hilight_text_group":{"product_hilight_text":"<li>High strength and lightweight, ideal for load-bearing structures and equipment frames<\/li>\r\r\n<li>Custom extrusion available to meet diverse industrial design needs<\/li>\r\r\n<li>Excellent corrosion resistance for outdoor and high-humidity environments<\/li>\r\r\n<li>Various surface finishes available, including anodizing, electrophoresis, and powder coating<\/li>\r\r\n<li>Reliable bulk supply for large-scale projects and OEM orders<\/li>","product_chanpin_chanpin":"<li><a href=\"https:\/\/sinoextrud.com\/product\/custom-anodized-aluminium-profiles\/\" target=\"_blank\">Custom Anodized Aluminium Profiles<\/a><\/li>\r\n<li><a href=\"https:\/\/sinoextrud.com\/product\/aluminium-profile-corner-joint\/\" target=\"_blank\">Aluminium Profile Corner Joint<\/a><\/li>\r\n<li><a href=\"https:\/\/sinoextrud.com\/product\/industrial-aluminum-brushed-polish-profile-for-railing-and-showroom-decoration\/\" target=\"_blank\">Industrial Aluminum Brushed Polish Profile For Railing And Showroom Decoration<\/a><\/li>\r\n<li><a href=\"https:\/\/sinoextrud.com\/product\/anodized-aluminum\/\" target=\"_blank\">Anodized Aluminum<\/a><\/li>\r\n<li><a href=\"https:\/\/sinoextrud.com\/product\/large-aluminum-extrusion-2\/\" target=\"_blank\">Large Aluminum Extrusion<\/a><\/li>\r\n<li><a href=\"https:\/\/sinoextrud.com\/product\/aluminium-door-extrusions-profiles\/\" target=\"_blank\">Aluminium Door Extrusions Profiles<\/a><\/li>\r\n<li><a href=\"https:\/\/sinoextrud.com\/product\/aluminium-extrusion-profile-handle\/\" target=\"_blank\">Aluminium Extrusion Profile Handle<\/a><\/li>\r\n<li><a href=\"https:\/\/sinoextrud.com\/product\/linear-rail-aluminium-extrusion\/\" target=\"_blank\">Linear Rail Aluminium Extrusion<\/a><\/li>\r\n<li><a href=\"https:\/\/sinoextrud.com\/product\/led-strip-lights-aluminum-profile\/\" target=\"_blank\">Led Strip Lights Aluminum Profile<\/a><\/li>\r\n<li><a href=\"https:\/\/sinoextrud.com\/product\/building-material-aluminium-extrusion-profiles\/\" target=\"_blank\">Building Material Aluminium Extrusion Profiles<\/a><\/li>\r\n<li><a href=\"https:\/\/sinoextrud.com\/product\/clip-in-tile-ceiling-system\/\" target=\"_blank\">Clip-in Tile Ceiling System<\/a><\/li>"},"feature_list":[]},"_links":{"self":[{"href":"https:\/\/sinoextrud.com\/es\/wp-json\/wp\/v2\/product\/6061","targetHints":{"allow":["GET"]}}],"collection":[{"href":"https:\/\/sinoextrud.com\/es\/wp-json\/wp\/v2\/product"}],"about":[{"href":"https:\/\/sinoextrud.com\/es\/wp-json\/wp\/v2\/types\/product"}],"wp:featuredmedia":[{"embeddable":true,"href":"https:\/\/sinoextrud.com\/es\/wp-json\/wp\/v2\/media\/6060"}],"wp:attachment":[{"href":"https:\/\/sinoextrud.com\/es\/wp-json\/wp\/v2\/media?parent=6061"}],"wp:term":[{"taxonomy":"category","embeddable":true,"href":"https:\/\/sinoextrud.com\/es\/wp-json\/wp\/v2\/categories?post=6061"}],"curies":[{"name":"wp","href":"https:\/\/api.w.org\/{rel}","templated":true}]}}