{"id":6058,"date":"2025-05-24T03:40:03","date_gmt":"2025-05-24T03:40:03","guid":{"rendered":"https:\/\/sinoextrud.com\/product\/anodized-aluminum\/"},"modified":"2025-06-24T03:53:58","modified_gmt":"2025-06-24T03:53:58","slug":"aluminio-anodizado","status":"publish","type":"product","link":"https:\/\/sinoextrud.com\/es\/product\/anodized-aluminum\/","title":{"rendered":"Aluminio anodizado"},"content":{"rendered":"<h2>Productos<\/h2>\n<table class=\"custom-table\">\n<tr>\n<td class=\"label\">Nombre del producto<\/td>\n<td>Aluminio anodizado<\/td>\n<\/tr>\n<tr>\n<td class=\"label\">Material<\/td>\n<td>serie 6000, como 6063-t5<\/td>\n<\/tr>\n<tr>\n<td class=\"label\">Espesor<\/td>\n<td>Espesor de los perfiles: ?1,2 mm; firmeza de la cinta anodizada: 10 micras<\/td>\n<\/tr>\n<tr>\n<td class=\"label\">Longitud<\/td>\n<td>1m -9m por pieza.<\/td>\n<\/tr>\n<tr>\n<td class=\"label\">Forma<\/td>\n<td>tirador de aluminio para ventana,30*28mm<\/td>\n<\/tr>\n<tr>\n<td class=\"label\">Tratamiento de superficies<\/td>\n<td>anodizado plata mate<\/td>\n<\/tr>\n<tr>\n<td class=\"label\">Color<\/td>\n<td>astilla<\/td>\n<\/tr>\n<tr>\n<td class=\"label\">Aplicaci\u00f3n<\/td>\n<td>ventana de aluminio , puerta corredera. Perfil Decoratino<\/td>\n<\/tr>\n<tr>\n<td class=\"label\">MOQ<\/td>\n<td>200KGs para cada art\u00edculo<\/td>\n<\/tr>\n<\/table>\n<h2>Nuestra base de fabricaci\u00f3n<\/h2>\n<h3>Panorama de la f\u00e1brica<\/h3>\n<p><img decoding=\"async\" src=\"\/wp-content\/uploads\/factory-01.webp\"\/><\/p>\n<h3>Taller de fabricaci\u00f3n de barras de aluminio<\/h3>\n<p><img decoding=\"async\" src=\"\/wp-content\/uploads\/factory-02.webp\"\/><\/p>\n<\/p>\n<p><img decoding=\"async\" src=\"\/wp-content\/uploads\/factory-03.webp\"\/><\/p>\n<h3>Almac\u00e9n de moldes<\/h3>\n<p><img decoding=\"async\" src=\"\/wp-content\/uploads\/factory-04.webp\"\/><\/p>\n<h3>43 l\u00edneas de extrusi\u00f3n de aluminio (500-5500 toneladas)<\/h3>\n<p><img decoding=\"async\" src=\"\/wp-content\/uploads\/factory-05.webp\"\/><\/p>\n<p><img decoding=\"async\" src=\"\/wp-content\/uploads\/factory-06.webp\"\/><\/p>\n<p><img decoding=\"async\" src=\"\/wp-content\/uploads\/factory-07.webp\"\/><\/p>\n<h3>Taller de pintura en polvo<\/h3>\n<p><img decoding=\"async\" src=\"\/wp-content\/uploads\/factory-09.webp\"\/><\/p>\n<h3>Taller de anodizado<\/h3>\n<p><img decoding=\"async\" src=\"\/wp-content\/uploads\/factory-10.webp\"\/><\/p>\n<h3>Taller de procesamiento profundo<\/h3>\n<p><img decoding=\"async\" src=\"\/wp-content\/uploads\/factory-11.webp\"\/><\/p>\n<h3>Taller de mecanizado de precisi\u00f3n CNC<\/h3>\n<p><img decoding=\"async\" src=\"\/wp-content\/uploads\/factory-11.5.webp\"\/><\/p>\n<h3>Almac\u00e9n de productos acabados y de exportaci\u00f3n<\/h3>\n<p><img decoding=\"async\" src=\"\/wp-content\/uploads\/factory-12.webp\"\/><\/p>\n<p><img decoding=\"async\" src=\"\/wp-content\/uploads\/factory-13.webp\"\/><\/p>\n<p><img decoding=\"async\" src=\"\/wp-content\/uploads\/factory-14.webp\"\/><\/p>\n<h2>PREGUNTAS FRECUENTES<\/h2>\n<p><b>1. \u00bfQu\u00e9 es el aluminio anodizado? <\/b><\/p>\n<p> El aluminio anodizado es aluminio tratado mediante un proceso electroqu\u00edmico para crear una capa superficial de \u00f3xido duradera, resistente a la corrosi\u00f3n y decorativa.\n<\/p>\n<p><\/p>\n<p><b>2.\u00bfCu\u00e1les son las principales ventajas del aluminio anodizado? <\/b><\/p>\n<p> El aluminio anodizado ofrece mayor resistencia a la corrosi\u00f3n, mayor dureza superficial, protecci\u00f3n UV, color duradero y un elegante acabado met\u00e1lico.\n<\/p>\n<p><\/p>\n<p><b>3.\u00bfPor qu\u00e9 elegir aluminio anodizado en lugar de aluminio no anodizado? <\/b><\/p>\n<p> El aluminio anodizado es m\u00e1s duradero, resistente a los ara\u00f1azos y visualmente m\u00e1s atractivo, por lo que resulta ideal tanto para aplicaciones funcionales como decorativas.\n<\/p>\n<p><\/p>\n<p><b>4.\u00bfEl aluminio anodizado es apto para exteriores? <\/b><\/p>\n<p> S\u00ed, la superficie anodizada protege contra los rayos UV, la humedad y la corrosi\u00f3n ambiental, por lo que es ideal para aplicaciones exteriores y arquitect\u00f3nicas.\n<\/p>\n<p><\/p>\n<p><b>5. \u00bfSe puede colorear el aluminio anodizado? <\/b><\/p>\n<p> Por supuesto, el proceso de anodizado permite integrar varios colores, como negro, plata, bronce, oro y champ\u00e1n, conservando el aspecto met\u00e1lico.\n<\/p>\n<p><\/p>\n<p><b>6.\u00bfQu\u00e9 industrias utilizan habitualmente el aluminio anodizado? <\/b><\/p>\n<p> Se utiliza mucho en la construcci\u00f3n, la electr\u00f3nica, la automoci\u00f3n, la industria aeroespacial, el mobiliario, la se\u00f1alizaci\u00f3n y los productos de consumo por su resistencia y atractivo visual.\n<\/p>\n<p><\/p>\n<p><b>7.\u00bfQu\u00e9 durabilidad tiene el acabado anodizado? <\/b><\/p>\n<p> La capa anodizada es extremadamente duradera, no se descascarilla ni desconcha, y puede durar d\u00e9cadas en condiciones ambientales y de uso normales.\n<\/p>\n<p><\/p>\n<p><b>8.\u00bfEs ecol\u00f3gico el aluminio anodizado? <\/b><\/p>\n<p> S\u00ed, el aluminio es 100% reciclable y el proceso de anodizado no es t\u00f3xico ni perjudicial para el medio ambiente, lo que lo convierte en una elecci\u00f3n de material sostenible.\n<\/p>\n<p><\/p>\n<p><b>9.\u00bfEl aluminio anodizado requiere mantenimiento? <\/b><\/p>\n<p> Requiere un mantenimiento m\u00ednimo: basta con limpiarlo con agua y jab\u00f3n suave para mantener su aspecto y rendimiento.\n<\/p>\n<p><\/p>\n<p><b>10.\u00bfSe puede personalizar el aluminio anodizado? <\/b><\/p>\n<p> S\u00ed, puede extruirse, moldearse y anodizarse en varios colores y acabados para satisfacer requisitos funcionales y de dise\u00f1o espec\u00edficos.\n<\/p>\n<p><\/p>","protected":false},"featured_media":6057,"template":"","categories":[57],"class_list":["post-6058","product","type-product","status-publish","has-post-thumbnail","hentry","category-anodized-aluminum-profile"],"meta_box":{"hilight_text_group":{"product_hilight_text":"<li>Enhanced corrosion and wear resistance for long-term durability<\/li>\r\r\n<li>Attractive and uniform surface finish ideal for visible applications<\/li>\r\r\n<li>Available in various colors and textures for design flexibility<\/li>\r\r\n<li>Improved surface hardness suitable for demanding environments<\/li>\r\r\n<li>Low maintenance and environmentally friendly surface treatment<\/li>","product_chanpin_chanpin":"<li><a href=\"https:\/\/sinoextrud.com\/product\/extruded-aluminum-stock\/\" target=\"_blank\">Extruded Aluminum Stock<\/a><\/li>\r\n<li><a href=\"https:\/\/sinoextrud.com\/product\/custom-anodized-aluminium-profiles\/\" target=\"_blank\">Custom Anodized Aluminium Profiles<\/a><\/li>\r\n<li><a href=\"https:\/\/sinoextrud.com\/product\/aluminium-profile-corner-joint\/\" target=\"_blank\">Aluminium Profile Corner Joint<\/a><\/li>\r\n<li><a href=\"https:\/\/sinoextrud.com\/product\/industrial-aluminum-brushed-polish-profile-for-railing-and-showroom-decoration\/\" target=\"_blank\">Industrial Aluminum Brushed Polish Profile For Railing And Showroom Decoration<\/a><\/li>\r\n<li><a href=\"https:\/\/sinoextrud.com\/product\/anodized-aluminum\/\" target=\"_blank\">Anodized Aluminum<\/a><\/li>\r\n<li><a href=\"https:\/\/sinoextrud.com\/product\/large-aluminum-extrusion-2\/\" target=\"_blank\">Large Aluminum Extrusion<\/a><\/li>\r\n<li><a href=\"https:\/\/sinoextrud.com\/product\/aluminium-door-extrusions-profiles\/\" target=\"_blank\">Aluminium Door Extrusions Profiles<\/a><\/li>\r\n<li><a href=\"https:\/\/sinoextrud.com\/product\/aluminium-extrusion-profile-handle\/\" target=\"_blank\">Aluminium Extrusion Profile Handle<\/a><\/li>\r\n<li><a href=\"https:\/\/sinoextrud.com\/product\/linear-rail-aluminium-extrusion\/\" target=\"_blank\">Linear Rail Aluminium Extrusion<\/a><\/li>\r\n<li><a href=\"https:\/\/sinoextrud.com\/product\/aluminum-handrail-profiles\/\" target=\"_blank\">Aluminum Handrail Profiles<\/a><\/li>\r\n<li><a href=\"https:\/\/sinoextrud.com\/product\/round-aluminum-extrusion-profiles\/\" target=\"_blank\">Round Aluminum Extrusion Profiles<\/a><\/li>"},"feature_list":[]},"_links":{"self":[{"href":"https:\/\/sinoextrud.com\/es\/wp-json\/wp\/v2\/product\/6058","targetHints":{"allow":["GET"]}}],"collection":[{"href":"https:\/\/sinoextrud.com\/es\/wp-json\/wp\/v2\/product"}],"about":[{"href":"https:\/\/sinoextrud.com\/es\/wp-json\/wp\/v2\/types\/product"}],"wp:featuredmedia":[{"embeddable":true,"href":"https:\/\/sinoextrud.com\/es\/wp-json\/wp\/v2\/media\/6057"}],"wp:attachment":[{"href":"https:\/\/sinoextrud.com\/es\/wp-json\/wp\/v2\/media?parent=6058"}],"wp:term":[{"taxonomy":"category","embeddable":true,"href":"https:\/\/sinoextrud.com\/es\/wp-json\/wp\/v2\/categories?post=6058"}],"curies":[{"name":"wp","href":"https:\/\/api.w.org\/{rel}","templated":true}]}}