{"id":6056,"date":"2025-05-24T03:29:45","date_gmt":"2025-05-24T03:29:45","guid":{"rendered":"https:\/\/sinoextrud.com\/product\/industrial-aluminum-brushed-polish-profile-for-railing-and-showroom-decoration\/"},"modified":"2025-06-24T03:53:56","modified_gmt":"2025-06-24T03:53:56","slug":"perfil-de-aluminio-industrial-pulido-cepillado-para-barandillas-y-decoracion-de-salas-de-exposicion","status":"publish","type":"product","link":"https:\/\/sinoextrud.com\/es\/product\/industrial-aluminum-brushed-polish-profile-for-railing-and-showroom-decoration\/","title":{"rendered":"Perfil de aluminio industrial pulido cepillado para barandillas y decoraci\u00f3n de salas de exposiciones"},"content":{"rendered":"<h2>Productos<\/h2>\n<table class=\"custom-table\">\n<tr>\n<td class=\"label\">Marca:<\/td>\n<td>Sinoextrud<\/td>\n<\/tr>\n<tr>\n<td class=\"label\">material:<\/td>\n<td>aleaci\u00f3n de aluminio<\/td>\n<\/tr>\n<tr>\n<td class=\"label\">Designaci\u00f3n:<\/td>\n<td>6 u otras series seg\u00fan su demanda<\/td>\n<\/tr>\n<tr>\n<td class=\"label\">longitud<\/td>\n<td>Personalizado<\/td>\n<\/tr>\n<tr>\n<td class=\"label\">espesor<\/td>\n<td>Personalizado<\/td>\n<\/tr>\n<tr>\n<td class=\"label\">Descripci\u00f3n<\/td>\n<td>perfil de aluminio, extrusi\u00f3n de aluminio, tubo de aluminio, barra, aleaci\u00f3n de aluminio, productos de aluminio, puertas y ventanas de aluminio, material de construcci\u00f3n<\/td>\n<\/tr>\n<tr>\n<td class=\"label\">Tratamiento de superficies<\/td>\n<td>Acabado de fresado (sin tratamiento), pulido, anodizado, recubrimiento en\u00e9rgico, pintura de grano de madera, chorro de arena, electroforesis, etc.<\/td>\n<\/tr>\n<tr>\n<td class=\"label\">Dimensi\u00f3n<\/td>\n<td>opcional<\/td>\n<\/tr>\n<tr>\n<td class=\"label\">Embalaje<\/td>\n<td>Papel kraft, caja de cart\u00f3n, espuma de protecci\u00f3n contra el calor, pel\u00edcula de pl\u00e1stico, bolsa de polietileno, etc. seg\u00fan su demanda.<\/td>\n<\/tr>\n<tr>\n<td class=\"label\">Certificados<\/td>\n<td>ISO 9001.CE, SGS,<\/td>\n<\/tr>\n<tr>\n<td class=\"label\">Color<\/td>\n<td>Plata, negro, plata, bronce, champ\u00e1n, grano de madera, etc.<\/td>\n<\/tr>\n<tr>\n<td class=\"label\">Forma<\/td>\n<td>Varias formas, par\u00e1metros y colores disponibles<\/td>\n<\/tr>\n<tr>\n<td class=\"label\">Usuage<\/td>\n<td>ventanas, puertas, paredes, muebles, arquitectura, decoraci\u00f3n, civil, industrial e inform\u00e1tica, etc,<\/td>\n<\/tr>\n<tr>\n<td class=\"label\">Detalle de entrega<\/td>\n<td>10-20 d\u00edas \/ depende de la cantidad y los dibujos<\/td>\n<\/tr>\n<tr>\n<td class=\"label\">Calidad<\/td>\n<td>La calidad cumple la norma internacional.<\/td>\n<\/tr>\n<tr>\n<td class=\"label\">Dise\u00f1o<\/td>\n<td>OEM o ODM est\u00e1 disponible, pls env\u00edenos su dibujo<\/td>\n<\/tr>\n<tr>\n<td class=\"label\">Caracter\u00edstica<\/td>\n<td>Alta resistencia a la corrosi\u00f3n, a la intemperie, al calor y a los \u00e1lcalis<\/td>\n<\/tr>\n<\/table>\n<h2>Nuestra base de fabricaci\u00f3n<\/h2>\n<h3>Panorama de la f\u00e1brica<\/h3>\n<p><img decoding=\"async\" src=\"\/wp-content\/uploads\/factory-01.webp\"\/><\/p>\n<h3>Taller de fabricaci\u00f3n de barras de aluminio<\/h3>\n<p><img decoding=\"async\" src=\"\/wp-content\/uploads\/factory-02.webp\"\/><\/p>\n<\/p>\n<p><img decoding=\"async\" src=\"\/wp-content\/uploads\/factory-03.webp\"\/><\/p>\n<h3>Almac\u00e9n de moldes<\/h3>\n<p><img decoding=\"async\" src=\"\/wp-content\/uploads\/factory-04.webp\"\/><\/p>\n<h3>43 l\u00edneas de extrusi\u00f3n de aluminio (500-5500 toneladas)<\/h3>\n<p><img decoding=\"async\" src=\"\/wp-content\/uploads\/factory-05.webp\"\/><\/p>\n<p><img decoding=\"async\" src=\"\/wp-content\/uploads\/factory-06.webp\"\/><\/p>\n<p><img decoding=\"async\" src=\"\/wp-content\/uploads\/factory-07.webp\"\/><\/p>\n<h3>Taller de pintura en polvo<\/h3>\n<p><img decoding=\"async\" src=\"\/wp-content\/uploads\/factory-09.webp\"\/><\/p>\n<h3>Taller de anodizado<\/h3>\n<p><img decoding=\"async\" src=\"\/wp-content\/uploads\/factory-10.webp\"\/><\/p>\n<h3>Taller de procesamiento profundo<\/h3>\n<p><img decoding=\"async\" src=\"\/wp-content\/uploads\/factory-11.webp\"\/><\/p>\n<h3>Taller de mecanizado de precisi\u00f3n CNC<\/h3>\n<p><img decoding=\"async\" src=\"\/wp-content\/uploads\/factory-11.5.webp\"\/><\/p>\n<h3>Almac\u00e9n de productos acabados y de exportaci\u00f3n<\/h3>\n<p><img decoding=\"async\" src=\"\/wp-content\/uploads\/factory-12.webp\"\/><\/p>\n<p><img decoding=\"async\" src=\"\/wp-content\/uploads\/factory-13.webp\"\/><\/p>\n<p><img decoding=\"async\" src=\"\/wp-content\/uploads\/factory-14.webp\"\/><\/p>\n<h2>PREGUNTAS FRECUENTES<\/h2>\n<p><b>1.\u00bfQu\u00e9 es un perfil de aluminio industrial pulido cepillado para barandillas y decoraci\u00f3n de salas de exposiciones? <\/b><\/p>\n<p> Se trata de una extrusi\u00f3n de aluminio con un acabado superficial cepillado y pulido, dise\u00f1ado para su uso en sistemas de barandillas y decoraci\u00f3n de salas de exposiciones para conseguir un aspecto elegante y moderno.\n<\/p>\n<p><\/p>\n<p><b>2. \u00bfCu\u00e1les son las ventajas de los perfiles industriales de aluminio pulido cepillado? <\/b><\/p>\n<p> Estos perfiles ofrecen una est\u00e9tica de alta gama, una excelente resistencia a la corrosi\u00f3n, un f\u00e1cil mantenimiento y un rendimiento duradero tanto para aplicaciones estructurales como decorativas.\n<\/p>\n<p><\/p>\n<p><b>3.\u00bfPor qu\u00e9 elegir el acabado pulido cepillado para los perfiles de aluminio? <\/b><\/p>\n<p> El pulido cepillado proporciona un aspecto refinado de metal mate que oculta las huellas dactilares y los ara\u00f1azos, ideal para zonas muy transitadas y visualmente prominentes, como salas de exposici\u00f3n y barandillas.\n<\/p>\n<p><\/p>\n<p><b>4.\u00bfEl perfil de aluminio pulido cepillado es apto para interiores y exteriores? <\/b><\/p>\n<p> S\u00ed, la superficie cepillada y pulida, a menudo combinada con el anodizado, la hace resistente a la humedad y a la exposici\u00f3n a los rayos UV para un uso prolongado en interiores o exteriores.\n<\/p>\n<p><\/p>\n<p><b>5.\u00bfQu\u00e9 aplicaciones utilizan los perfiles industriales de aluminio pulido cepillado? <\/b><\/p>\n<p> Estos perfiles se utilizan habitualmente en barandillas de escaleras, barandillas de balcones, mobiliario de tiendas, expositores de salas de exposiciones, tabiques y molduras arquitect\u00f3nicas.\n<\/p>\n<p><\/p>\n<p><b>6.\u00bfPueden personalizarse estos perfiles en tama\u00f1o y forma? <\/b><\/p>\n<p> Por supuesto, pueden fabricarse en varias longitudes, secciones transversales y acabados para satisfacer requisitos espec\u00edficos de dise\u00f1o e instalaci\u00f3n.\n<\/p>\n<p><\/p>\n<p><b>7.\u00bfC\u00f3mo mejora el aluminio pulido cepillado el dise\u00f1o de las salas de exposici\u00f3n? <\/b><\/p>\n<p> A\u00f1ade un toque moderno y exclusivo a los interiores, refleja la luz de forma atractiva y crea un aspecto limpio y profesional que mejora la presentaci\u00f3n de los productos.\n<\/p>\n<p><\/p>\n<p><b>8.\u00bfSon f\u00e1ciles de mantener los perfiles industriales de aluminio pulido cepillado? <\/b><\/p>\n<p> S\u00ed, la superficie lisa resiste la suciedad y s\u00f3lo requiere una limpieza ocasional con un pa\u00f1o suave y detergente suave para mantenerse impoluta.\n<\/p>\n<p><\/p>\n<p><b>9.\u00bfEl aluminio pulido cepillado es ecol\u00f3gico? <\/b><\/p>\n<p> S\u00ed, el aluminio es 100% reciclable y el proceso de acabado suele ser de bajas emisiones, lo que lo convierte en una opci\u00f3n sostenible para la construcci\u00f3n y el dise\u00f1o modernos.\n<\/p>\n<p><\/p>\n<p><b>10.\u00bfQu\u00e9 durabilidad tiene un perfil de aluminio pulido cepillado para uso en barandillas? <\/b><\/p>\n<p> Muy duraderos: los perfiles de aluminio cepillado y pulido son resistentes al desgaste, la corrosi\u00f3n y la deformaci\u00f3n, lo que garantiza un rendimiento estructural y visual duradero.\n<\/p>\n<p><\/p>","protected":false},"featured_media":6055,"template":"","categories":[57],"class_list":["post-6056","product","type-product","status-publish","has-post-thumbnail","hentry","category-anodized-aluminum-profile"],"meta_box":{"hilight_text_group":{"product_hilight_text":"<li>Brushed polish finish offers a sleek, high-end aesthetic for modern spaces<\/li>\r\r\n<li>Durable aluminum construction ensures long-lasting performance and corrosion resistance<\/li>\r\r\n<li>Ideal for railings, showroom displays, and interior architectural accents<\/li>\r\r\n<li>Easy to fabricate and install, saving time and labor costs<\/li>\r\r\n<li>Customizable sizes and finishes to meet specific design and branding needs<\/li>","product_chanpin_chanpin":"<li><a href=\"https:\/\/sinoextrud.com\/product\/sandblasted-aluminum-profile\/\" target=\"_blank\">Sandblasted Aluminum Profile<\/a><\/li>\r\n<li><a href=\"https:\/\/sinoextrud.com\/product\/extruded-aluminum-stock\/\" target=\"_blank\">Extruded Aluminum Stock<\/a><\/li>\r\n<li><a href=\"https:\/\/sinoextrud.com\/product\/custom-anodized-aluminium-profiles\/\" target=\"_blank\">Custom Anodized Aluminium Profiles<\/a><\/li>\r\n<li><a href=\"https:\/\/sinoextrud.com\/product\/aluminium-profile-corner-joint\/\" target=\"_blank\">Aluminium Profile Corner Joint<\/a><\/li>\r\n<li><a href=\"https:\/\/sinoextrud.com\/product\/industrial-aluminum-brushed-polish-profile-for-railing-and-showroom-decoration\/\" target=\"_blank\">Industrial Aluminum Brushed Polish Profile For Railing And Showroom Decoration<\/a><\/li>\r\n<li><a href=\"https:\/\/sinoextrud.com\/product\/anodized-aluminum\/\" target=\"_blank\">Anodized Aluminum<\/a><\/li>\r\n<li><a href=\"https:\/\/sinoextrud.com\/product\/large-aluminum-extrusion-2\/\" target=\"_blank\">Large Aluminum Extrusion<\/a><\/li>\r\n<li><a href=\"https:\/\/sinoextrud.com\/product\/aluminium-door-extrusions-profiles\/\" target=\"_blank\">Aluminium Door Extrusions Profiles<\/a><\/li>\r\n<li><a href=\"https:\/\/sinoextrud.com\/product\/aluminium-extrusion-profile-handle\/\" target=\"_blank\">Aluminium Extrusion Profile Handle<\/a><\/li>\r\n<li><a href=\"https:\/\/sinoextrud.com\/product\/cnc-machining-aluminium-profile-connectors\/\" target=\"_blank\">CNC Machining Aluminium Profile Connectors<\/a><\/li>\r\n<li><a href=\"https:\/\/sinoextrud.com\/product\/oem-precision-cnc-machining-for-aluminum-parts\/\" target=\"_blank\">OEM Precision CNC Machining For Aluminum Parts<\/a><\/li>"},"feature_list":[]},"_links":{"self":[{"href":"https:\/\/sinoextrud.com\/es\/wp-json\/wp\/v2\/product\/6056","targetHints":{"allow":["GET"]}}],"collection":[{"href":"https:\/\/sinoextrud.com\/es\/wp-json\/wp\/v2\/product"}],"about":[{"href":"https:\/\/sinoextrud.com\/es\/wp-json\/wp\/v2\/types\/product"}],"wp:featuredmedia":[{"embeddable":true,"href":"https:\/\/sinoextrud.com\/es\/wp-json\/wp\/v2\/media\/6055"}],"wp:attachment":[{"href":"https:\/\/sinoextrud.com\/es\/wp-json\/wp\/v2\/media?parent=6056"}],"wp:term":[{"taxonomy":"category","embeddable":true,"href":"https:\/\/sinoextrud.com\/es\/wp-json\/wp\/v2\/categories?post=6056"}],"curies":[{"name":"wp","href":"https:\/\/api.w.org\/{rel}","templated":true}]}}