{"id":6050,"date":"2025-05-24T03:18:57","date_gmt":"2025-05-24T03:18:57","guid":{"rendered":"https:\/\/sinoextrud.com\/product\/extruded-aluminum-stock\/"},"modified":"2025-06-24T03:53:48","modified_gmt":"2025-06-24T03:53:48","slug":"stock-de-aluminio-extruido","status":"publish","type":"product","link":"https:\/\/sinoextrud.com\/es\/product\/extruded-aluminum-stock\/","title":{"rendered":"Culata de aluminio extruido"},"content":{"rendered":"<h2>Productos<\/h2>\n<table class=\"custom-table\">\n<tr>\n<td class=\"label\">Nombre<\/td>\n<td>Material de aluminio extruido<\/td>\n<\/tr>\n<tr>\n<td class=\"label\">Categor\u00eda<\/td>\n<td>Secciones de aluminio<\/td>\n<\/tr>\n<tr>\n<td class=\"label\">Tipo<\/td>\n<td>Tipo pesado o ligero est\u00e1 disponible<\/td>\n<\/tr>\n<tr>\n<td class=\"label\">Material<\/td>\n<td>6061 es ampliamente utilizado. 6063, 6463, 6005, 6082 tambi\u00e9n est\u00e1 disponible.<\/td>\n<\/tr>\n<tr>\n<td class=\"label\">Temple<\/td>\n<td>T5-T8<\/td>\n<\/tr>\n<tr>\n<td class=\"label\">Longitud<\/td>\n<td>1-9m o personalizaci\u00f3n<\/td>\n<\/tr>\n<tr>\n<td class=\"label\">Tama\u00f1o (mm)<\/td>\n<td>Varios tama\u00f1os, puede ponerse en contacto para m\u00e1s detalles.<\/td>\n<\/tr>\n<tr>\n<td class=\"label\">Espesor<\/td>\n<td>Por encima de 0,7MM<\/td>\n<\/tr>\n<tr>\n<td class=\"label\">Forma<\/td>\n<td>Personalizaci\u00f3n<\/td>\n<\/tr>\n<tr>\n<td class=\"label\">Tratamiento de superficies<\/td>\n<td>Acabado de fresado, anodizado, chorro de arena, electroforesis, revestimiento de potencia, etc.<\/td>\n<\/tr>\n<tr>\n<td class=\"label\">Color<\/td>\n<td>Plata, negro, blanco, rojo, amarillo, champ\u00e1n o colores personalizados<\/td>\n<\/tr>\n<tr>\n<td class=\"label\">En<\/td>\n<td>Guangdong, China<\/td>\n<\/tr>\n<tr>\n<td class=\"label\">Aplicaci\u00f3n<\/td>\n<td>Industria, Construcci\u00f3n, Arquitectura, Decoraci\u00f3n<\/td>\n<\/tr>\n<tr>\n<td class=\"label\"><\/td>\n<td><\/td>\n<td><\/td>\n<td><\/td>\n<\/tr>\n<\/table>\n<h2>Nuestra base de fabricaci\u00f3n<\/h2>\n<h3>Panorama de la f\u00e1brica<\/h3>\n<p><img decoding=\"async\" src=\"\/wp-content\/uploads\/factory-01.webp\"\/><\/p>\n<h3>Taller de fabricaci\u00f3n de barras de aluminio<\/h3>\n<p><img decoding=\"async\" src=\"\/wp-content\/uploads\/factory-02.webp\"\/><\/p>\n<\/p>\n<p><img decoding=\"async\" src=\"\/wp-content\/uploads\/factory-03.webp\"\/><\/p>\n<h3>Almac\u00e9n de moldes<\/h3>\n<p><img decoding=\"async\" src=\"\/wp-content\/uploads\/factory-04.webp\"\/><\/p>\n<h3>43 L\u00c3neas de extrusi\u00c3\u00b3n de aluminio (500\u00e2\u20ac\"5500 toneladas)<\/h3>\n<p><img decoding=\"async\" src=\"\/wp-content\/uploads\/factory-05.webp\"\/><\/p>\n<p><img decoding=\"async\" src=\"\/wp-content\/uploads\/factory-06.webp\"\/><\/p>\n<p><img decoding=\"async\" src=\"\/wp-content\/uploads\/factory-07.webp\"\/><\/p>\n<h3>Taller de pintura en polvo<\/h3>\n<p><img decoding=\"async\" src=\"\/wp-content\/uploads\/factory-09.webp\"\/><\/p>\n<h3>Taller de anodizado<\/h3>\n<p><img decoding=\"async\" src=\"\/wp-content\/uploads\/factory-10.webp\"\/><\/p>\n<h3>Taller de procesamiento profundo<\/h3>\n<p><img decoding=\"async\" src=\"\/wp-content\/uploads\/factory-11.webp\"\/><\/p>\n<h3>Taller de mecanizado de precisi\u00f3n CNC<\/h3>\n<p><img decoding=\"async\" src=\"\/wp-content\/uploads\/factory-11.5.webp\"\/><\/p>\n<h3>Almac\u00e9n de productos acabados y de exportaci\u00f3n<\/h3>\n<p><img decoding=\"async\" src=\"\/wp-content\/uploads\/factory-12.webp\"\/><\/p>\n<p><img decoding=\"async\" src=\"\/wp-content\/uploads\/factory-13.webp\"\/><\/p>\n<p><img decoding=\"async\" src=\"\/wp-content\/uploads\/factory-14.webp\"\/><\/p>\n<h2>PREGUNTAS FRECUENTES<\/h2>\n<p><b>1. \u00bfQu\u00e9 es el material de aluminio extruido? <\/b><\/p>\n<p> El material de aluminio extruido se refiere a perfiles de aluminio preformados creados forzando el aluminio a trav\u00e9s de una matriz, disponibles en formas y tama\u00f1os est\u00e1ndar para su uso inmediato en fabricaci\u00f3n y manufactura.\n<\/p>\n<p><\/p>\n<p><b>2. \u00bfCu\u00e1les son las ventajas de utilizar material de aluminio extruido? <\/b><\/p>\n<p> El material de aluminio extruido ofrece una elevada relaci\u00f3n resistencia-peso, resistencia a la corrosi\u00f3n, facilidad de mecanizado y disponibilidad rentable para una amplia gama de aplicaciones.\n<\/p>\n<p><\/p>\n<p><b>3. \u00bfPor qu\u00e9 elegir aluminio extruido en lugar de otros materiales? <\/b><\/p>\n<p> El aluminio extruido es ligero, duradero, reciclable y f\u00e1cil de trabajar, por lo que resulta ideal para usos estructurales, arquitect\u00f3nicos e industriales.\n<\/p>\n<p><\/p>\n<p><b>4. \u00bfQu\u00e9 formas tiene el material de aluminio extruido? <\/b><\/p>\n<p> Las formas m\u00e1s comunes incluyen \u00e1ngulos, canales, tubos, barras y perfiles a medida, adecuados para diversas necesidades de construcci\u00f3n e ingenier\u00eda.\n<\/p>\n<p><\/p>\n<p><b>5.\u00bfSe puede personalizar el material de aluminio extruido? <\/b><\/p>\n<p> S\u00ed, aunque el stock est\u00e1ndar est\u00e1 disponible, tambi\u00e9n puede personalizarse en aleaci\u00f3n, tama\u00f1o, longitud y acabado para satisfacer los requisitos espec\u00edficos de cada proyecto.\n<\/p>\n<p><\/p>\n<p><b>6. \u00bfQu\u00e9 industrias utilizan el material de aluminio extruido? <\/b><\/p>\n<p> Industrias como la construcci\u00f3n, el transporte, la industria aeroespacial, la electr\u00f3nica y la fabricaci\u00f3n de muebles utilizan ampliamente el aluminio extruido para armazones, soportes y carcasas.\n<\/p>\n<p><\/p>\n<p><b>7. \u00bfSe puede anodizar o recubrir con polvo el material de aluminio extruido? <\/b><\/p>\n<p> Por supuesto, el material de aluminio extruido puede anodizarse o recubrirse de polvo f\u00e1cilmente para mejorar la resistencia a la corrosi\u00f3n y el atractivo est\u00e9tico.\n<\/p>\n<p><\/p>\n<p><b>8. \u00bfEs adecuado el material de aluminio extruido para aplicaciones exteriores? <\/b><\/p>\n<p> S\u00ed, cuando se trata con acabados protectores, rinde bien en ambientes exteriores, resistiendo el \u00f3xido, los rayos UV y la humedad.\n<\/p>\n<p><\/p>\n<p><b>9.\u00bfEs f\u00e1cil trabajar con material de aluminio extruido? <\/b><\/p>\n<p> Es muy f\u00e1cil de cortar, taladrar, soldar y ensamblar, por lo que es la opci\u00f3n preferida para el bricolaje y la fabricaci\u00f3n industrial y comercial.\n<\/p>\n<p><\/p>\n<p><b>10.\u00bfEs el stock de aluminio extruido un material ecol\u00f3gico? <\/b><\/p>\n<p> S\u00ed, el aluminio es 100% reciclable, y el proceso de extrusi\u00f3n genera un m\u00ednimo de residuos, lo que favorece las pr\u00e1cticas de fabricaci\u00f3n sostenibles.\n<\/p>\n<p><\/p>","protected":false},"featured_media":6049,"template":"","categories":[57],"class_list":["post-6050","product","type-product","status-publish","has-post-thumbnail","hentry","category-anodized-aluminum-profile"],"meta_box":{"hilight_text_group":{"product_hilight_text":"<li>Ready-to-ship inventory ensures fast delivery and reduced lead times<\/li>\r\r\n<li>Wide range of standard shapes and sizes suitable for various industries<\/li>\r\r\n<li>Made from high-quality alloys like 6061 and 6063 for strength and machinability<\/li>\r\r\n<li>Ideal for structural, architectural, and fabrication applications<\/li>\r\r\n<li>Cost-effective solution for prototyping and small-batch production<\/li>","product_chanpin_chanpin":"<li><a href=\"https:\/\/sinoextrud.com\/product\/anodized-extruded-aluminum-edging-for-plywood\/\" target=\"_blank\">Anodized Extruded Aluminum Edging For Plywood<\/a><\/li>\r\n<li><a href=\"https:\/\/sinoextrud.com\/product\/extruded-aluminium-profile-with-sand-blasted-treatment\/\" target=\"_blank\">Extruded Aluminium Profile With Sand Blasted Treatment<\/a><\/li>\r\n<li><a href=\"https:\/\/sinoextrud.com\/product\/anodized-aluminum-trim-molding\/\" target=\"_blank\">Anodized Aluminum Trim Molding<\/a><\/li>\r\n<li><a href=\"https:\/\/sinoextrud.com\/product\/sandblasted-aluminum-profile\/\" target=\"_blank\">Sandblasted Aluminum Profile<\/a><\/li>\r\n<li><a href=\"https:\/\/sinoextrud.com\/product\/extruded-aluminum-stock\/\" target=\"_blank\">Extruded Aluminum Stock<\/a><\/li>\r\n<li><a href=\"https:\/\/sinoextrud.com\/product\/custom-anodized-aluminium-profiles\/\" target=\"_blank\">Custom Anodized Aluminium Profiles<\/a><\/li>\r\n<li><a href=\"https:\/\/sinoextrud.com\/product\/aluminium-profile-corner-joint\/\" target=\"_blank\">Aluminium Profile Corner Joint<\/a><\/li>\r\n<li><a href=\"https:\/\/sinoextrud.com\/product\/industrial-aluminum-brushed-polish-profile-for-railing-and-showroom-decoration\/\" target=\"_blank\">Industrial Aluminum Brushed Polish Profile For Railing And Showroom Decoration<\/a><\/li>\r\n<li><a href=\"https:\/\/sinoextrud.com\/product\/anodized-aluminum\/\" target=\"_blank\">Anodized Aluminum<\/a><\/li>\r\n<li><a href=\"https:\/\/sinoextrud.com\/product\/extruded-aluminum-door-frame\/\" target=\"_blank\">Extruded Aluminum Door Frame<\/a><\/li>\r\n<li><a href=\"https:\/\/sinoextrud.com\/product\/6463-brightness-polished-shower-room-u-channel-aluminum-profile\/\" target=\"_blank\">6463 Brightness Polished Shower Room U Channel Aluminum Profile<\/a><\/li>"},"feature_list":[]},"_links":{"self":[{"href":"https:\/\/sinoextrud.com\/es\/wp-json\/wp\/v2\/product\/6050","targetHints":{"allow":["GET"]}}],"collection":[{"href":"https:\/\/sinoextrud.com\/es\/wp-json\/wp\/v2\/product"}],"about":[{"href":"https:\/\/sinoextrud.com\/es\/wp-json\/wp\/v2\/types\/product"}],"wp:featuredmedia":[{"embeddable":true,"href":"https:\/\/sinoextrud.com\/es\/wp-json\/wp\/v2\/media\/6049"}],"wp:attachment":[{"href":"https:\/\/sinoextrud.com\/es\/wp-json\/wp\/v2\/media?parent=6050"}],"wp:term":[{"taxonomy":"category","embeddable":true,"href":"https:\/\/sinoextrud.com\/es\/wp-json\/wp\/v2\/categories?post=6050"}],"curies":[{"name":"wp","href":"https:\/\/api.w.org\/{rel}","templated":true}]}}