{"id":6046,"date":"2025-05-24T03:13:01","date_gmt":"2025-05-24T03:13:01","guid":{"rendered":"https:\/\/sinoextrud.com\/product\/anodized-aluminum-trim-molding\/"},"modified":"2025-06-24T03:53:44","modified_gmt":"2025-06-24T03:53:44","slug":"moldura-de-aluminio-anodizado","status":"publish","type":"product","link":"https:\/\/sinoextrud.com\/es\/product\/anodized-aluminum-trim-molding\/","title":{"rendered":"Molduras de aluminio anodizado"},"content":{"rendered":"<h2>Productos<\/h2>\n<table class=\"custom-table\">\n<tr>\n<td class=\"label\">Nombre del producto<\/td>\n<td>Molduras de aluminio anodizado<\/td>\n<\/tr>\n<tr>\n<td class=\"label\">Material<\/td>\n<td>6063,6061,6463,6082<\/td>\n<\/tr>\n<tr>\n<td class=\"label\">Forma<\/td>\n<td>A medida<\/td>\n<\/tr>\n<tr>\n<td class=\"label\">Talla<\/td>\n<td>A medida<\/td>\n<\/tr>\n<tr>\n<td class=\"label\">Color<\/td>\n<td>Todos los colores disponibles<\/td>\n<\/tr>\n<tr>\n<td class=\"label\">Longitud<\/td>\n<td>1-9M,otra longitud negociable<\/td>\n<\/tr>\n<tr>\n<td class=\"label\">Aplicaci\u00f3n t\u00edpica<\/td>\n<td>Industrial,Arquitectura,Decoraci\u00f3n<\/td>\n<\/tr>\n<tr>\n<td class=\"label\">MOQ<\/td>\n<td>200KG para cada art\u00edculo\/color<\/td>\n<\/tr>\n<tr>\n<td class=\"label\">Proceso CNC<\/td>\n<td>Fresado CNC, punzonado, taladrado, roscado, plegado<\/td>\n<\/tr>\n<tr>\n<td class=\"label\">Tratamiento de superficies<\/td>\n<td>Grano de madera, anodizado, recubrimiento en polvo, electroforesis, recubrimiento de PVDF, cepillado, etc.<\/td>\n<\/tr>\n<tr>\n<td class=\"label\">Certificaciones<\/td>\n<td>ISO9001,ISO4001,CQM,SGS,CE,BV,SONCAP\/GB,ISO,JIS,AS,NZS,QUALICOAT<\/td>\n<\/tr>\n<tr>\n<td class=\"label\">Plazos de entrega<\/td>\n<td>Confirmaci\u00f3n de troquelado y muestra12-15d\u00edas<\/td>\n<\/tr>\n<tr>\n<td class=\"label\"><\/td>\n<td>Producci\u00f3n en serie 25-30 d\u00edas<\/td>\n<\/tr>\n<tr>\n<td class=\"label\">Plazo de entrega<\/td>\n<td> Foshan\/Guangzhou\/Shenzhen<\/td>\n<\/tr>\n<\/table>\n<h2>Nuestra base de fabricaci\u00f3n<\/h2>\n<h3>Panorama de la f\u00e1brica<\/h3>\n<p><img decoding=\"async\" src=\"\/wp-content\/uploads\/factory-01.webp\"\/><\/p>\n<h3>Taller de fabricaci\u00f3n de barras de aluminio<\/h3>\n<p><img decoding=\"async\" src=\"\/wp-content\/uploads\/factory-02.webp\"\/><\/p>\n<\/p>\n<p><img decoding=\"async\" src=\"\/wp-content\/uploads\/factory-03.webp\"\/><\/p>\n<h3>Almac\u00e9n de moldes<\/h3>\n<p><img decoding=\"async\" src=\"\/wp-content\/uploads\/factory-04.webp\"\/><\/p>\n<h3>43 l\u00edneas de extrusi\u00f3n de aluminio (500-5500 toneladas)<\/h3>\n<p><img decoding=\"async\" src=\"\/wp-content\/uploads\/factory-05.webp\"\/><\/p>\n<p><img decoding=\"async\" src=\"\/wp-content\/uploads\/factory-06.webp\"\/><\/p>\n<p><img decoding=\"async\" src=\"\/wp-content\/uploads\/factory-07.webp\"\/><\/p>\n<h3>Taller de pintura en polvo<\/h3>\n<p><img decoding=\"async\" src=\"\/wp-content\/uploads\/factory-09.webp\"\/><\/p>\n<h3>Taller de anodizado<\/h3>\n<p><img decoding=\"async\" src=\"\/wp-content\/uploads\/factory-10.webp\"\/><\/p>\n<h3>Taller de procesamiento profundo<\/h3>\n<p><img decoding=\"async\" src=\"\/wp-content\/uploads\/factory-11.webp\"\/><\/p>\n<h3>Taller de mecanizado de precisi\u00f3n CNC<\/h3>\n<p><img decoding=\"async\" src=\"\/wp-content\/uploads\/factory-11.5.webp\"\/><\/p>\n<h3>Almac\u00e9n de productos acabados y de exportaci\u00f3n<\/h3>\n<p><img decoding=\"async\" src=\"\/wp-content\/uploads\/factory-12.webp\"\/><\/p>\n<p><img decoding=\"async\" src=\"\/wp-content\/uploads\/factory-13.webp\"\/><\/p>\n<p><img decoding=\"async\" src=\"\/wp-content\/uploads\/factory-14.webp\"\/><\/p>\n<h2>PREGUNTAS FRECUENTES<\/h2>\n<p><b>1. \u00bfQu\u00e9 son las molduras de aluminio anodizado? <\/b><\/p>\n<p> Las molduras de aluminio anodizado son tiras de aluminio decorativas y protectoras con acabado anodizado que se utilizan para bordes, remates o transiciones entre superficies en la construcci\u00f3n y el dise\u00f1o.\n<\/p>\n<p><\/p>\n<p><b>2. \u00bfCu\u00e1les son las ventajas de las molduras de aluminio anodizado? <\/b><\/p>\n<p> Ofrece una excelente resistencia a la corrosi\u00f3n, una mayor durabilidad de la superficie, un elegante aspecto met\u00e1lico y un color duradero sin decoloraci\u00f3n ni descascarillado.\n<\/p>\n<p><\/p>\n<p><b>3. \u00bfPor qu\u00e9 elegir molduras anodizadas en lugar de pintadas o de pl\u00e1stico? <\/b><\/p>\n<p> El aluminio anodizado es m\u00e1s duradero, resistente a los rayos UV y a los ara\u00f1azos, y mantiene mejor su acabado que las alternativas de pintura o pl\u00e1stico.\n<\/p>\n<p><\/p>\n<p><b>4.\u00bfSe pueden utilizar molduras de aluminio anodizado en interiores y exteriores? <\/b><\/p>\n<p> S\u00ed, el revestimiento anodizado protege contra la intemperie, la exposici\u00f3n a los rayos UV y la humedad, por lo que es adecuado tanto para aplicaciones interiores como exteriores.\n<\/p>\n<p><\/p>\n<p><b>5. \u00bfQu\u00e9 acabados est\u00e1n disponibles para las molduras de aluminio anodizado? <\/b><\/p>\n<p> Los acabados disponibles incluyen satinado, cepillado, mate y brillante, en una variedad de colores como plata, negro, oro, bronce y champ\u00e1n.\n<\/p>\n<p><\/p>\n<p><b>6. \u00bfLas molduras de aluminio anodizado son f\u00e1ciles de instalar? <\/b><\/p>\n<p> Por supuesto, es ligero y se puede cortar, taladrar y fijar f\u00e1cilmente con adhesivo o fijaciones, ideal para bricolaje y uso profesional.\n<\/p>\n<p><\/p>\n<p><b>7. \u00bfQu\u00e9 aplicaciones utilizan molduras de aluminio anodizado? <\/b><\/p>\n<p> Se utiliza ampliamente en cocinas, ba\u00f1os, muebles, paneles de pared, transiciones de baldosas, expositores de tiendas y detalles arquitect\u00f3nicos.\n<\/p>\n<p><\/p>\n<p><b>8.\u00bfEl anodizado mejora la vida \u00fatil de las molduras de aluminio? <\/b><\/p>\n<p> S\u00ed, la capa anodizada prolonga significativamente la vida \u00fatil del producto al proporcionar una superficie dura y protectora que resiste el desgaste y la corrosi\u00f3n.\n<\/p>\n<p><\/p>\n<p><b>9.\u00bfSe pueden personalizar las molduras de aluminio anodizado? <\/b><\/p>\n<p> S\u00ed, puede fabricarse en varias formas, tama\u00f1os, grosores y colores anodizados para adaptarse a necesidades funcionales y de dise\u00f1o espec\u00edficas.\n<\/p>\n<p><\/p>\n<p><b>10.\u00bfLas molduras de aluminio anodizado son respetuosas con el medio ambiente? <\/b><\/p>\n<p> S\u00ed, el aluminio es totalmente reciclable y el proceso de anodizado no es t\u00f3xico, lo que lo convierte en una opci\u00f3n sostenible para proyectos con conciencia ecol\u00f3gica.\n<\/p>\n<p><\/p>","protected":false},"featured_media":6045,"template":"","categories":[57],"class_list":["post-6046","product","type-product","status-publish","has-post-thumbnail","hentry","category-anodized-aluminum-profile"],"meta_box":{"hilight_text_group":{"product_hilight_text":"<li>Durable anodized finish provides corrosion and scratch resistance<\/li>\r\r\n<li>Clean, modern appearance enhances architectural and interior designs<\/li>\r\r\n<li>Lightweight and easy to install with standard tools and adhesives<\/li>\r\r\n<li>Available in various profiles, lengths, and colors for design flexibility<\/li>\r\r\n<li>Ideal for edge protection, panel transitions, and decorative detailing<\/li>","product_chanpin_chanpin":"<li><a href=\"https:\/\/sinoextrud.com\/product\/anodized-mill-finish-auminium-extrusion-angle\/\" target=\"_blank\">Anodized Mill Finish Auminium Extrusion Angle<\/a><\/li>\r\n<li><a href=\"https:\/\/sinoextrud.com\/product\/anodised-aluminium-extrusions\/\" target=\"_blank\">Anodised Aluminium Extrusions<\/a><\/li>\r\n<li><a href=\"https:\/\/sinoextrud.com\/product\/anodized-extruded-aluminum-edging-for-plywood\/\" target=\"_blank\">Anodized Extruded Aluminum Edging For Plywood<\/a><\/li>\r\n<li><a href=\"https:\/\/sinoextrud.com\/product\/extruded-aluminium-profile-with-sand-blasted-treatment\/\" target=\"_blank\">Extruded Aluminium Profile With Sand Blasted Treatment<\/a><\/li>\r\n<li><a href=\"https:\/\/sinoextrud.com\/product\/anodized-aluminum-trim-molding\/\" target=\"_blank\">Anodized Aluminum Trim Molding<\/a><\/li>\r\n<li><a href=\"https:\/\/sinoextrud.com\/product\/sandblasted-aluminum-profile\/\" target=\"_blank\">Sandblasted Aluminum Profile<\/a><\/li>\r\n<li><a href=\"https:\/\/sinoextrud.com\/product\/extruded-aluminum-stock\/\" target=\"_blank\">Extruded Aluminum Stock<\/a><\/li>\r\n<li><a href=\"https:\/\/sinoextrud.com\/product\/custom-anodized-aluminium-profiles\/\" target=\"_blank\">Custom Anodized Aluminium Profiles<\/a><\/li>\r\n<li><a href=\"https:\/\/sinoextrud.com\/product\/aluminium-profile-corner-joint\/\" target=\"_blank\">Aluminium Profile Corner Joint<\/a><\/li>\r\n<li><a href=\"https:\/\/sinoextrud.com\/product\/aluminum-irrigation-pipe-for-sale\/\" target=\"_blank\">Aluminum Irrigation Pipe For Sale<\/a><\/li>\r\n<li><a href=\"https:\/\/sinoextrud.com\/product\/aluminium-lipped-channel-extrusions\/\" target=\"_blank\">Aluminium Lipped Channel Extrusions<\/a><\/li>"},"feature_list":[]},"_links":{"self":[{"href":"https:\/\/sinoextrud.com\/es\/wp-json\/wp\/v2\/product\/6046","targetHints":{"allow":["GET"]}}],"collection":[{"href":"https:\/\/sinoextrud.com\/es\/wp-json\/wp\/v2\/product"}],"about":[{"href":"https:\/\/sinoextrud.com\/es\/wp-json\/wp\/v2\/types\/product"}],"wp:featuredmedia":[{"embeddable":true,"href":"https:\/\/sinoextrud.com\/es\/wp-json\/wp\/v2\/media\/6045"}],"wp:attachment":[{"href":"https:\/\/sinoextrud.com\/es\/wp-json\/wp\/v2\/media?parent=6046"}],"wp:term":[{"taxonomy":"category","embeddable":true,"href":"https:\/\/sinoextrud.com\/es\/wp-json\/wp\/v2\/categories?post=6046"}],"curies":[{"name":"wp","href":"https:\/\/api.w.org\/{rel}","templated":true}]}}