{"id":6038,"date":"2025-05-24T02:50:22","date_gmt":"2025-05-24T02:50:22","guid":{"rendered":"https:\/\/sinoextrud.com\/product\/anodized-mill-finish-auminium-extrusion-angle\/"},"modified":"2025-06-24T03:53:36","modified_gmt":"2025-06-24T03:53:36","slug":"angulo-de-extrusion-de-aluminio-anodizado-acabado-fresado","status":"publish","type":"product","link":"https:\/\/sinoextrud.com\/es\/product\/anodized-mill-finish-auminium-extrusion-angle\/","title":{"rendered":"\u00c1ngulo de extrusi\u00f3n de aluminio anodizado con acabado de fresado"},"content":{"rendered":"<h2>Productos<\/h2>\n<table class=\"custom-table\">\n<tr>\n<td class=\"label\">Grado:<\/td>\n<td>6063 -t5<\/td>\n<\/tr>\n<tr>\n<td class=\"label\">T\u00e9cnica:<\/td>\n<td>\u00c1ngulo de extrusi\u00f3n de aluminio anodizado con acabado de fresado<\/td>\n<\/tr>\n<tr>\n<td class=\"label\">Temperamento:<\/td>\n<td>T3 - T8<\/td>\n<\/tr>\n<tr>\n<td class=\"label\">Servicios de mecanizado:<\/td>\n<td>Taladrado, roscado, remachado, montaje, etc.<\/td>\n<\/tr>\n<tr>\n<td class=\"label\">Tipo:<\/td>\n<td>\u00c1ngulo de extrusi\u00f3n de aluminio anodizado con acabado de fresado<\/td>\n<\/tr>\n<tr>\n<td class=\"label\">Forma:<\/td>\n<td>Hecho a medida del cliente<\/td>\n<\/tr>\n<tr>\n<td class=\"label\">Tratamiento de la superficie:<\/td>\n<td>Acabado fresado Anodizado Cepillado<\/td>\n<\/tr>\n<tr>\n<td class=\"label\">Longitud:<\/td>\n<td>De 3 a 6 m por longitud<\/td>\n<\/tr>\n<tr>\n<td class=\"label\">Colores:<\/td>\n<td>Plata Negro<\/td>\n<\/tr>\n<tr>\n<td class=\"label\">C\u00f3digo SA:<\/td>\n<td>76042990<\/td>\n<\/tr>\n<\/table>\n<h2>Nuestra base de fabricaci\u00f3n<\/h2>\n<h3>Panorama de la f\u00e1brica<\/h3>\n<p><img decoding=\"async\" src=\"\/wp-content\/uploads\/factory-01.webp\"\/><\/p>\n<h3>Taller de fabricaci\u00f3n de barras de aluminio<\/h3>\n<p><img decoding=\"async\" src=\"\/wp-content\/uploads\/factory-02.webp\"\/><\/p>\n<p><img decoding=\"async\" src=\"\/wp-content\/uploads\/factory-03.webp\"\/><\/p>\n<h3>Almac\u00e9n de moldes<\/h3>\n<p><img decoding=\"async\" src=\"\/wp-content\/uploads\/factory-04.webp\"\/><\/p>\n<h3>43 l\u00edneas de extrusi\u00f3n de aluminio (500-5500 toneladas)<\/h3>\n<p><img decoding=\"async\" src=\"\/wp-content\/uploads\/factory-05.webp\"\/><\/p>\n<p><img decoding=\"async\" src=\"\/wp-content\/uploads\/factory-06.webp\"\/><\/p>\n<p><img decoding=\"async\" src=\"\/wp-content\/uploads\/factory-07.webp\"\/><\/p>\n<h3>Taller de pintura en polvo<\/h3>\n<p><img decoding=\"async\" src=\"\/wp-content\/uploads\/factory-09.webp\"\/><\/p>\n<h3>Taller de anodizado<\/h3>\n<p><img decoding=\"async\" src=\"\/wp-content\/uploads\/factory-10.webp\"\/><\/p>\n<h3>Taller de procesamiento profundo<\/h3>\n<p><img decoding=\"async\" src=\"\/wp-content\/uploads\/factory-11.webp\"\/><\/p>\n<h3>Taller de mecanizado de precisi\u00f3n CNC<\/h3>\n<p><img decoding=\"async\" src=\"\/wp-content\/uploads\/factory-11.5.webp\"\/><\/p>\n<h3>Almac\u00e9n de productos acabados y de exportaci\u00f3n<\/h3>\n<p><img decoding=\"async\" src=\"\/wp-content\/uploads\/factory-12.webp\"\/><\/p>\n<p><img decoding=\"async\" src=\"\/wp-content\/uploads\/factory-13.webp\"\/><\/p>\n<p><img decoding=\"async\" src=\"\/wp-content\/uploads\/factory-14.webp\"\/><\/p>\n<h2>PREGUNTAS FRECUENTES<\/h2>\n<p><p><b>1. \u00bfQu\u00e9 es el \u00e1ngulo de extrusi\u00f3n de aluminio anodizado con acabado de fresado? <\/b><\/p>\n<p> El \u00e1ngulo de extrusi\u00f3n de aluminio con acabado de fresado anodizado es un perfil de aluminio en forma de L con una superficie de acabado de fresado natural que se ha anodizado para mejorar la durabilidad y la resistencia a la corrosi\u00f3n.<br \/>\n<\/p><br \/>\n<br \/>\n<p><b>2. \u00bfCu\u00e1les son las ventajas de los \u00e1ngulos de aluminio anodizado con acabado de fresado? <\/b><\/p>\n<p> Estos \u00e1ngulos ofrecen una excelente resistencia a la corrosi\u00f3n, un aspecto met\u00e1lico limpio, una mayor dureza superficial y un rendimiento duradero para uso estructural y decorativo.<br \/>\n<\/p><br \/>\n<br \/>\n<p><b>3. \u00bfPor qu\u00e9 elegir un \u00e1ngulo de aluminio anodizado con acabado fresado? <\/b><\/p>\n<p> El acabado de fresado proporciona una base lisa y sin tratar que mejora los resultados del anodizado, lo que se traduce en una capa protectora uniforme y un aspecto industrial limpio.<br \/>\n<\/p><br \/>\n<br \/>\n<p><b>4. \u00bfPara qu\u00e9 aplicaciones se utilizan los \u00e1ngulos de extrusi\u00f3n de aluminio anodizado con acabado de fresado? <\/b><\/p>\n<p> Entre sus usos m\u00e1s comunes se incluyen el enmarcado, la protecci\u00f3n de bordes, las uniones de esquinas, las molduras arquitect\u00f3nicas, las escuadras y los soportes, tanto en interiores como en exteriores.<br \/>\n<\/p><br \/>\n<br \/>\n<p><b>5. \u00bfEs adecuado el aluminio anodizado con acabado fresado para su uso en exteriores? <\/b><\/p>\n<p> S\u00ed, la capa anodizada protege el aluminio de los rayos UV, la humedad y la corrosi\u00f3n ambiental, por lo que es ideal para aplicaciones exteriores.<br \/>\n<\/p><br \/>\n<br \/>\n<p><b>6. \u00bfSe pueden personalizar los \u00e1ngulos de aluminio anodizado con acabado de fresado? <\/b><\/p>\n<p> Por supuesto, pueden fabricarse en varias longitudes, tama\u00f1os, grosores y colores de anodizado para satisfacer los requisitos espec\u00edficos de cada proyecto.<br \/>\n<\/p><br \/>\n<br \/>\n<p><b>7.\u00bfC\u00f3mo mejora el anodizado los \u00e1ngulos de aluminio con acabado de fresado? <\/b><\/p>\n<p> El anodizado crea una capa de \u00f3xido duradera en la superficie, evitando la corrosi\u00f3n, mejorando la resistencia al desgaste y permitiendo acabados de color si se desea.<br \/>\n<\/p><br \/>\n<br \/>\n<p><b>8.\u00bfSon f\u00e1ciles de instalar los \u00e1ngulos de aluminio anodizado? <\/b><\/p>\n<p> S\u00ed, son ligeros, f\u00e1ciles de cortar, taladrar y fijar, lo que los hace muy adaptables tanto para proyectos profesionales como de bricolaje.<br \/>\n<\/p><br \/>\n<br \/>\n<p><b>9. \u00bfNecesitan mantenimiento los \u00e1ngulos de aluminio anodizado con acabado fresado? <\/b><\/p>\n<p> Requiere un mantenimiento m\u00ednimo: basta con limpiarlo con agua y jab\u00f3n suave para mantener la superficie limpia y fresca.<br \/>\n<\/p><br \/>\n<br \/>\n<p><b>10.\u00bfEs el aluminio anodizado con acabado de fresado respetuoso con el medio ambiente? <\/b><\/p>\n<p> S\u00ed, el aluminio es 100% reciclable, y el anodizado es un proceso no t\u00f3xico y respetuoso con el medio ambiente, que apoya las pr\u00e1cticas sostenibles de construcci\u00f3n y fabricaci\u00f3n.<br \/>\n<\/p><br \/><\/p>","protected":false},"featured_media":6037,"template":"","categories":[57],"class_list":["post-6038","product","type-product","status-publish","has-post-thumbnail","hentry","category-anodized-aluminum-profile"],"meta_box":{"hilight_text_group":{"product_hilight_text":"<li>Available in both anodized and mill finish for functional or decorative use<\/li>\r\r\n<li>6063 alloy provides good strength, corrosion resistance, and workability<\/li>\r\r\n<li>Sharp 90\u00c2\u00b0 angle ideal for framing, edge protection, and structural support<\/li>\r\r\n<li>Lightweight and easy to cut, drill, and assemble on-site<\/li>\r\r\n<li>Suitable for construction, furniture, and industrial equipment applications<\/li>","product_chanpin_chanpin":"<li><a href=\"https:\/\/sinoextrud.com\/product\/sandblasted-mechanical-streak-removed-aluminium-profiles\/\" target=\"_blank\">Sandblasted Mechanical streak removed aluminium profiles<\/a><\/li>\r\n<li><a href=\"https:\/\/sinoextrud.com\/product\/anodized-extruded-aluminium-glazing-profiles\/\" target=\"_blank\">Anodized Extruded Aluminium Glazing Profiles<\/a><\/li>\r\n<li><a href=\"https:\/\/sinoextrud.com\/product\/anodized-champagne-aluminium-color-matte-anodized-sand-blasting-6063-alloy-extrusion-profiles\/\" target=\"_blank\">Anodized Champagne aluminium color matte anodized sand blasting 6063 alloy extrusion profiles<\/a><\/li>\r\n<li><a href=\"https:\/\/sinoextrud.com\/product\/anodized-aluminium-extrusion-profile-for-frame-construction-system\/\" target=\"_blank\">Anodized aluminium extrusion profile for frame construction system<\/a><\/li>\r\n<li><a href=\"https:\/\/sinoextrud.com\/product\/anodized-mill-finish-auminium-extrusion-angle\/\" target=\"_blank\">Anodized Mill Finish Auminium Extrusion Angle<\/a><\/li>\r\n<li><a href=\"https:\/\/sinoextrud.com\/product\/anodised-aluminium-extrusions\/\" target=\"_blank\">Anodised Aluminium Extrusions<\/a><\/li>\r\n<li><a href=\"https:\/\/sinoextrud.com\/product\/anodized-extruded-aluminum-edging-for-plywood\/\" target=\"_blank\">Anodized Extruded Aluminum Edging For Plywood<\/a><\/li>\r\n<li><a href=\"https:\/\/sinoextrud.com\/product\/extruded-aluminium-profile-with-sand-blasted-treatment\/\" target=\"_blank\">Extruded Aluminium Profile With Sand Blasted Treatment<\/a><\/li>\r\n<li><a href=\"https:\/\/sinoextrud.com\/product\/anodized-aluminum-trim-molding\/\" target=\"_blank\">Anodized Aluminum Trim Molding<\/a><\/li>\r\n<li><a href=\"https:\/\/sinoextrud.com\/product\/aluminium-sections-for-doors-and-windows\/\" target=\"_blank\">Aluminium Sections For Doors And Windows<\/a><\/li>\r\n<li><a href=\"https:\/\/sinoextrud.com\/product\/half-round-aluminum-extrusion\/\" target=\"_blank\">Half Round Aluminum Extrusion<\/a><\/li>"},"feature_list":[]},"_links":{"self":[{"href":"https:\/\/sinoextrud.com\/es\/wp-json\/wp\/v2\/product\/6038","targetHints":{"allow":["GET"]}}],"collection":[{"href":"https:\/\/sinoextrud.com\/es\/wp-json\/wp\/v2\/product"}],"about":[{"href":"https:\/\/sinoextrud.com\/es\/wp-json\/wp\/v2\/types\/product"}],"wp:featuredmedia":[{"embeddable":true,"href":"https:\/\/sinoextrud.com\/es\/wp-json\/wp\/v2\/media\/6037"}],"wp:attachment":[{"href":"https:\/\/sinoextrud.com\/es\/wp-json\/wp\/v2\/media?parent=6038"}],"wp:term":[{"taxonomy":"category","embeddable":true,"href":"https:\/\/sinoextrud.com\/es\/wp-json\/wp\/v2\/categories?post=6038"}],"curies":[{"name":"wp","href":"https:\/\/api.w.org\/{rel}","templated":true}]}}