{"id":6025,"date":"2025-05-24T02:27:49","date_gmt":"2025-05-24T02:27:49","guid":{"rendered":"https:\/\/sinoextrud.com\/product\/wood-grain-customize-aluminium-extrusion-rail\/"},"modified":"2025-06-24T03:53:26","modified_gmt":"2025-06-24T03:53:26","slug":"grano-de-madera-personalizar-carril-de-extrusion-de-aluminio","status":"publish","type":"product","link":"https:\/\/sinoextrud.com\/es\/product\/wood-grain-customize-aluminium-extrusion-rail\/","title":{"rendered":"Carril de extrusi\u00f3n de aluminio con grano de madera personalizado"},"content":{"rendered":"<h2>Productos<\/h2>\n<table class=\"custom-table\">\n<tr>\n<td class=\"label\">Grado:<\/td>\n<td>6063 -t5<\/td>\n<\/tr>\n<tr>\n<td class=\"label\">T\u00e9cnica:<\/td>\n<td>Carril de extrusi\u00f3n de aluminio con grano de madera personalizado<\/td>\n<\/tr>\n<tr>\n<td class=\"label\">Temperamento:<\/td>\n<td>T3 - T8<\/td>\n<\/tr>\n<tr>\n<td class=\"label\">Servicios de mecanizado:<\/td>\n<td>Taladrado, roscado, remachado, montaje, etc.<\/td>\n<\/tr>\n<tr>\n<td class=\"label\">Marca registrada:<\/td>\n<td>Zhonglian Pailian Zhongchang<\/td>\n<\/tr>\n<tr>\n<td class=\"label\">Tipo:<\/td>\n<td>Carril de extrusi\u00f3n de aluminio con grano de madera personalizado<\/td>\n<\/tr>\n<tr>\n<td class=\"label\">Forma:<\/td>\n<td>Hecho a medida del cliente<\/td>\n<\/tr>\n<tr>\n<td class=\"label\">Tratamiento de la superficie:<\/td>\n<td>Acabado fresado Anodizado Cepillado<\/td>\n<\/tr>\n<tr>\n<td class=\"label\">Longitud:<\/td>\n<td>De 3 a 6 m por longitud<\/td>\n<\/tr>\n<tr>\n<td class=\"label\">Colores:<\/td>\n<td>Plata Negro<\/td>\n<\/tr>\n<tr>\n<td class=\"label\">C\u00f3digo SA:<\/td>\n<td>76042990<\/td>\n<\/tr>\n<\/table>\n<h2>Nuestra base de fabricaci\u00f3n<\/h2>\n<h3>Panorama de la f\u00e1brica<\/h3>\n<p><img decoding=\"async\" src=\"\/wp-content\/uploads\/factory-01.webp\"\/><\/p>\n<h3>Taller de fabricaci\u00f3n de barras de aluminio<\/h3>\n<p><img decoding=\"async\" src=\"\/wp-content\/uploads\/factory-02.webp\"\/><\/p>\n<p><img decoding=\"async\" src=\"\/wp-content\/uploads\/factory-03.webp\"\/><\/p>\n<h3>Almac\u00e9n de moldes<\/h3>\n<p><img decoding=\"async\" src=\"\/wp-content\/uploads\/factory-04.webp\"\/><\/p>\n<h3>43 l\u00edneas de extrusi\u00f3n de aluminio (500-5500 toneladas)<\/h3>\n<p><img decoding=\"async\" src=\"\/wp-content\/uploads\/factory-05.webp\"\/><\/p>\n<p><img decoding=\"async\" src=\"\/wp-content\/uploads\/factory-06.webp\"\/><\/p>\n<p><img decoding=\"async\" src=\"\/wp-content\/uploads\/factory-07.webp\"\/><\/p>\n<h3>Taller de pintura en polvo<\/h3>\n<p><img decoding=\"async\" src=\"\/wp-content\/uploads\/factory-09.webp\"\/><\/p>\n<h3>Taller de anodizado<\/h3>\n<p><img decoding=\"async\" src=\"\/wp-content\/uploads\/factory-10.webp\"\/><\/p>\n<h3>Taller de procesamiento profundo<\/h3>\n<p><img decoding=\"async\" src=\"\/wp-content\/uploads\/factory-11.webp\"\/><\/p>\n<h3>Taller de mecanizado de precisi\u00f3n CNC<\/h3>\n<p><img decoding=\"async\" src=\"\/wp-content\/uploads\/factory-11.5.webp\"\/><\/p>\n<h3>Almac\u00e9n de productos acabados y de exportaci\u00f3n<\/h3>\n<p><img decoding=\"async\" src=\"\/wp-content\/uploads\/factory-12.webp\"\/><\/p>\n<p><img decoding=\"async\" src=\"\/wp-content\/uploads\/factory-13.webp\"\/><\/p>\n<p><img decoding=\"async\" src=\"\/wp-content\/uploads\/factory-14.webp\"\/><\/p>\n<h2>PREGUNTAS FRECUENTES<\/h2>\n<p><p><b>1. \u00bfQu\u00e9 es el riel de extrusi\u00f3n de aluminio con grano de madera personalizado? <\/b><\/p>\n<p> Wood Grain Customize Aluminium Extrusion Rail es un perfil de barandilla de aluminio acabado con efecto de grano de madera, que ofrece el aspecto de la madera con la resistencia y durabilidad del aluminio.<br \/>\n<\/p><br \/>\n<br \/>\n<p><b>2. \u00bfCu\u00e1les son las ventajas del riel de aluminio extruido con grano de madera? <\/b><\/p>\n<p> Este producto combina el aspecto natural de la madera con las ventajas del aluminio, como resistencia a la corrosi\u00f3n, bajo mantenimiento y larga vida \u00fatil.<br \/>\n<\/p><br \/>\n<br \/>\n<p><b>3.\u00bfPor qu\u00e9 elegir el acabado de grano de madera en las barandillas de aluminio? <\/b><\/p>\n<p> El acabado con vetas de madera proporciona una est\u00e9tica c\u00e1lida y natural sin los problemas de alabeo, pudrici\u00f3n o repintado asociados a la madera aut\u00e9ntica.<br \/>\n<\/p><br \/>\n<br \/>\n<p><b>4. \u00bfSe pueden personalizar los rieles de aluminio extruido de grano de madera? <\/b><\/p>\n<p> S\u00ed, pueden adaptarse en color, veteado, tama\u00f1o y forma para ajustarse a requisitos arquitect\u00f3nicos y de dise\u00f1o espec\u00edficos.<br \/>\n<\/p><br \/>\n<br \/>\n<p><b>5.\u00bfEs adecuado el riel de aluminio extruido con grano de madera personalizado para su uso en exteriores? <\/b><\/p>\n<p> Por supuesto, el acabado de grano de madera con recubrimiento en polvo resiste los rayos UV, la humedad y las inclemencias del tiempo, por lo que es ideal para barandillas y vallas de exterior.<br \/>\n<\/p><br \/>\n<br \/>\n<p><b>6. \u00bfEn qu\u00e9 aplicaciones se utiliza el ra\u00edl de aluminio extrusionado con grano de madera? <\/b><\/p>\n<p> Los usos m\u00e1s comunes son balcones residenciales, vallas de jard\u00edn, fachadas comerciales y tabiques interiores con aspecto de madera.<br \/>\n<\/p><br \/>\n<br \/>\n<p><b>7.\u00bfCu\u00e1nto dura el acabado veteado de la madera en las barandillas de aluminio? <\/b><\/p>\n<p> El acabado puede durar entre 15 y 20 a\u00f1os o m\u00e1s, conservando su aspecto con un mantenimiento m\u00ednimo y sin necesidad de repintado o sellado.<br \/>\n<\/p><br \/>\n<br \/>\n<p><b>8.\u00bfSon ecol\u00f3gicas las barandillas de aluminio extrusionado con veteado de madera? <\/b><\/p>\n<p> S\u00ed, el aluminio es reciclable y el acabado con vetas de madera evita la deforestaci\u00f3n, ofreciendo una alternativa sostenible a la madera aut\u00e9ntica.<br \/>\n<\/p><br \/>\n<br \/>\n<p><b>9.\u00bfQu\u00e9 mantenimiento necesitan las barandillas de aluminio con veta de madera? <\/b><\/p>\n<p> Basta con una limpieza ocasional con agua y un pa\u00f1o suave para mantener el acabado fresco y vibrante.<br \/>\n<\/p><br \/>\n<br \/>\n<p><b>10.\u00bfC\u00f3mo mejora el valor de la propiedad el ra\u00edl de aluminio extrusionado con grano de madera? <\/b><\/p>\n<p> A\u00f1ade atractivo est\u00e9tico, durabilidad y estilo moderno, mejorando el aspecto general y el valor de bajo mantenimiento de propiedades residenciales o comerciales.<br \/>\n<\/p><br \/><\/p>","protected":false},"featured_media":6024,"template":"","categories":[57],"class_list":["post-6025","product","type-product","status-publish","has-post-thumbnail","hentry","category-anodized-aluminum-profile"],"meta_box":{"hilight_text_group":{"product_hilight_text":"<li>Realistic wood grain finish combines natural look with aluminum durability<\/li>\r\r\n<li>Customizable designs, lengths, and profiles to fit architectural needs<\/li>\r\r\n<li>Weather-resistant and fade-resistant surface for long-term outdoor use<\/li>\r\r\n<li>Lightweight and easy to install, reducing labor and transportation costs<\/li>\r\r\n<li>Low maintenance alternative to traditional wood with no rotting or warping<\/li>","product_chanpin_chanpin":"<li><a href=\"https:\/\/sinoextrud.com\/product\/aluminum-angle-channel-bright-polished-mirror\/\" target=\"_blank\">Aluminum Angle Channel Bright Polished Mirror<\/a><\/li>\r\n<li><a href=\"https:\/\/sinoextrud.com\/product\/aluminum-anodized-surface-profile\/\" target=\"_blank\">Aluminum Anodized Surface Profile<\/a><\/li>\r\n<li><a href=\"https:\/\/sinoextrud.com\/product\/anodized-aluminum-manufacturer-supply-anodized-aluminium-extrusion-tube-6063\/\" target=\"_blank\">anodized aluminum Manufacturer Supply anodized Aluminium Extrusion Tube 6063<\/a><\/li>\r\n<li><a href=\"https:\/\/sinoextrud.com\/product\/powder-coating-decorative-aluminum-railing\/\" target=\"_blank\">Powder Coating Decorative Aluminum Railing<\/a><\/li>\r\n<li><a href=\"https:\/\/sinoextrud.com\/product\/wood-grain-customize-aluminium-extrusion-rail\/\" target=\"_blank\">Wood Grain Customize Aluminium Extrusion Rail<\/a><\/li>\r\n<li><a href=\"https:\/\/sinoextrud.com\/product\/sandblasted-mechanical-streak-removed-aluminium-profiles\/\" target=\"_blank\">Sandblasted Mechanical streak removed aluminium profiles<\/a><\/li>\r\n<li><a href=\"https:\/\/sinoextrud.com\/product\/anodized-extruded-aluminium-glazing-profiles\/\" target=\"_blank\">Anodized Extruded Aluminium Glazing Profiles<\/a><\/li>\r\n<li><a href=\"https:\/\/sinoextrud.com\/product\/anodized-champagne-aluminium-color-matte-anodized-sand-blasting-6063-alloy-extrusion-profiles\/\" target=\"_blank\">Anodized Champagne aluminium color matte anodized sand blasting 6063 alloy extrusion profiles<\/a><\/li>\r\n<li><a href=\"https:\/\/sinoextrud.com\/product\/anodized-aluminium-extrusion-profile-for-frame-construction-system\/\" target=\"_blank\">Anodized aluminium extrusion profile for frame construction system<\/a><\/li>\r\n<li><a href=\"https:\/\/sinoextrud.com\/product\/polished-sliver-aluminium-profile-like-mirror\/\" target=\"_blank\">Polished Sliver Aluminium Profile Like Mirror<\/a><\/li>\r\n<li><a href=\"https:\/\/sinoextrud.com\/product\/aluminium-enclosure-housing-and-shells\/\" target=\"_blank\">Aluminium Enclosure Housing And Shells<\/a><\/li>"},"feature_list":[]},"_links":{"self":[{"href":"https:\/\/sinoextrud.com\/es\/wp-json\/wp\/v2\/product\/6025","targetHints":{"allow":["GET"]}}],"collection":[{"href":"https:\/\/sinoextrud.com\/es\/wp-json\/wp\/v2\/product"}],"about":[{"href":"https:\/\/sinoextrud.com\/es\/wp-json\/wp\/v2\/types\/product"}],"wp:featuredmedia":[{"embeddable":true,"href":"https:\/\/sinoextrud.com\/es\/wp-json\/wp\/v2\/media\/6024"}],"wp:attachment":[{"href":"https:\/\/sinoextrud.com\/es\/wp-json\/wp\/v2\/media?parent=6025"}],"wp:term":[{"taxonomy":"category","embeddable":true,"href":"https:\/\/sinoextrud.com\/es\/wp-json\/wp\/v2\/categories?post=6025"}],"curies":[{"name":"wp","href":"https:\/\/api.w.org\/{rel}","templated":true}]}}