{"id":6020,"date":"2025-05-24T02:12:04","date_gmt":"2025-05-24T02:12:04","guid":{"rendered":"https:\/\/sinoextrud.com\/product\/anodized-aluminum-manufacturer-supply-anodized-aluminium-extrusion-tube-6063\/"},"modified":"2025-06-24T03:53:21","modified_gmt":"2025-06-24T03:53:21","slug":"aluminio-anodizado-fabricante-suministro-tubo-de-extrusion-de-aluminio-anodizado-6063","status":"publish","type":"product","link":"https:\/\/sinoextrud.com\/es\/product\/anodized-aluminum-manufacturer-supply-anodized-aluminium-extrusion-tube-6063\/","title":{"rendered":"aluminio anodizado Fabricante Suministro tubo extrusi\u00f3n aluminio anodizado 6063"},"content":{"rendered":"<h2>Productos<\/h2>\n<table class=\"custom-table\">\n<tr>\n<td class=\"label\">Art\u00edculo: <\/td>\n<td>aluminio anodizado Fabricante Suministro tubo extrusi\u00f3n aluminio anodizado 6063<\/td>\n<\/tr>\n<tr>\n<td class=\"label\">Materila: <\/td>\n<td>aleaci\u00f3n de aluminio 6063<\/td>\n<\/tr>\n<tr>\n<td class=\"label\">Temperamento: <\/td>\n<td>T5,T6<\/td>\n<\/tr>\n<tr>\n<td class=\"label\">Forma: <\/td>\n<td>40x40mm. Disponible a medida.<\/td>\n<\/tr>\n<tr>\n<td class=\"label\">Espesor del perfil: <\/td>\n<td>1,0 mm por encima.<\/td>\n<\/tr>\n<tr>\n<td class=\"label\">Tratamiento de la superficie: <\/td>\n<td>aluminio anodizado<\/td>\n<\/tr>\n<tr>\n<td class=\"label\">Color: <\/td>\n<td>astilla, color personalizado disponible.<\/td>\n<\/tr>\n<tr>\n<td class=\"label\">Empresa de revestimiento: <\/td>\n<td>10-13 micras.<\/td>\n<\/tr>\n<tr>\n<td class=\"label\">Uso: <\/td>\n<td>ventanas y puertas, industria, transporte, etc.<\/td>\n<\/tr>\n<tr>\n<td class=\"label\">MOQ: <\/td>\n<td>200 kgs por cada art\u00edculo<\/td>\n<\/tr>\n<tr>\n<td class=\"label\">Certificado y norma: <\/td>\n<td>ISO 9008-2001. CQM, SGS<\/td>\n<\/tr>\n<tr>\n<td class=\"label\">Garant\u00eda: <\/td>\n<td>El color de la superficie puede ser estable durante 15 a\u00f1os en interiores.<\/td>\n<\/tr>\n<tr>\n<td class=\"label\">Procesamiento de la producci\u00f3n: <\/td>\n<td>Extrusiones de aluminio<\/td>\n<\/tr>\n<tr>\n<td class=\"label\">Origen: <\/td>\n<td>Foshan, Guangdong.<\/td>\n<\/tr>\n<\/table>\n<h2>Nuestra base de fabricaci\u00f3n<\/h2>\n<h3>Panorama de la f\u00e1brica<\/h3>\n<p><img decoding=\"async\" src=\"\/wp-content\/uploads\/factory-01.webp\"\/><\/p>\n<h3>Taller de fabricaci\u00f3n de barras de aluminio<\/h3>\n<p><img decoding=\"async\" src=\"\/wp-content\/uploads\/factory-02.webp\"\/><\/p>\n<p><img decoding=\"async\" src=\"\/wp-content\/uploads\/factory-03.webp\"\/><\/p>\n<h3>Almac\u00e9n de moldes<\/h3>\n<p><img decoding=\"async\" src=\"\/wp-content\/uploads\/factory-04.webp\"\/><\/p>\n<h3>43 l\u00edneas de extrusi\u00f3n de aluminio (500-5500 toneladas)<\/h3>\n<p><img decoding=\"async\" src=\"\/wp-content\/uploads\/factory-05.webp\"\/><\/p>\n<p><img decoding=\"async\" src=\"\/wp-content\/uploads\/factory-06.webp\"\/><\/p>\n<p><img decoding=\"async\" src=\"\/wp-content\/uploads\/factory-07.webp\"\/><\/p>\n<h3>Taller de pintura en polvo<\/h3>\n<p><img decoding=\"async\" src=\"\/wp-content\/uploads\/factory-09.webp\"\/><\/p>\n<h3>Taller de anodizado<\/h3>\n<p><img decoding=\"async\" src=\"\/wp-content\/uploads\/factory-10.webp\"\/><\/p>\n<h3>Taller de procesamiento profundo<\/h3>\n<p><img decoding=\"async\" src=\"\/wp-content\/uploads\/factory-11.webp\"\/><\/p>\n<h3>Taller de mecanizado de precisi\u00f3n CNC<\/h3>\n<p><img decoding=\"async\" src=\"\/wp-content\/uploads\/factory-11.5.webp\"\/><\/p>\n<h3>Almac\u00e9n de productos acabados y de exportaci\u00f3n<\/h3>\n<p><img decoding=\"async\" src=\"\/wp-content\/uploads\/factory-12.webp\"\/><\/p>\n<p><img decoding=\"async\" src=\"\/wp-content\/uploads\/factory-13.webp\"\/><\/p>\n<p><img decoding=\"async\" src=\"\/wp-content\/uploads\/factory-14.webp\"\/><\/p>\n<h2>PREGUNTAS FRECUENTES<\/h2>\n<p><p><b>1. \u00bfQu\u00e9 es el tubo de extrusi\u00f3n de aluminio anodizado 6063? <\/b><\/p>\n<p> Tubo de extrusi\u00f3n de aluminio anodizado 6063 suministrado por el fabricante se refiere a tubos de aluminio redondos o cuadrados fabricados con aleaci\u00f3n 6063 y anodizados para mejorar su durabilidad, suministrados directamente por el fabricante.<br \/>\n<\/p><br \/>\n<br \/>\n<p><b>2. \u00bfCu\u00e1les son las principales caracter\u00edsticas del tubo de extrusi\u00f3n de aluminio anodizado 6063? <\/b><\/p>\n<p> Estos tubos ofrecen una excelente resistencia a la corrosi\u00f3n, un acabado anodizado liso, una elevada relaci\u00f3n resistencia-peso y una mecanizabilidad superior.<br \/>\n<\/p><br \/>\n<br \/>\n<p><b>3.\u00bfPor qu\u00e9 elegir aluminio 6063 para tubos de extrusi\u00f3n anodizados? <\/b><\/p>\n<p> La aleaci\u00f3n de aluminio 6063 es ideal para el anodizado, ya que ofrece un acabado superficial de alta calidad, buena soldabilidad y resistencia suficiente para aplicaciones arquitect\u00f3nicas y estructurales.<br \/>\n<\/p><br \/>\n<br \/>\n<p><b>4.\u00bfCu\u00e1les son las ventajas de comprar tubos de aluminio anodizado directamente al fabricante? <\/b><\/p>\n<p> La compra directa garantiza precios competitivos, calidad constante, opciones de personalizaci\u00f3n y un apoyo fiable de la cadena de suministro.<br \/>\n<\/p><br \/>\n<br \/>\n<p><b>5. \u00bfPara qu\u00e9 aplicaciones se utiliza el tubo de extrusi\u00f3n de aluminio anodizado 6063? <\/b><\/p>\n<p> Los usos m\u00e1s comunes incluyen barandillas arquitect\u00f3nicas, estructuras de exposici\u00f3n, marcos de muebles, muros cortina y cerramientos exteriores.<br \/>\n<\/p><br \/>\n<br \/>\n<p><b>6. \u00bfEs adecuado el tubo de extrusi\u00f3n de aluminio anodizado 6063 para exteriores? <\/b><\/p>\n<p> S\u00ed, la superficie anodizada proporciona una excelente resistencia a los rayos UV y a la corrosi\u00f3n, por lo que es ideal para aplicaciones marinas y al aire libre.<br \/>\n<\/p><br \/>\n<br \/>\n<p><b>7.\u00bfPueden personalizarse estos tubos de aluminio anodizado? <\/b><\/p>\n<p> Por supuesto, los fabricantes pueden personalizar la longitud, el di\u00e1metro, el grosor de las paredes y el color del anodizado para satisfacer los requisitos espec\u00edficos de cada proyecto.<br \/>\n<\/p><br \/>\n<br \/>\n<p><b>8.\u00bfSon ecol\u00f3gicos los tubos de extrusi\u00f3n de aluminio anodizado 6063? <\/b><\/p>\n<p> S\u00ed, el aluminio es 100% reciclable, y el anodizado es un tratamiento superficial no t\u00f3xico, lo que convierte a estos tubos en una elecci\u00f3n de material sostenible.<br \/>\n<\/p><br \/>\n<br \/>\n<p><b>9.\u00bfCu\u00e1nto dura el acabado anodizado en los tubos de aluminio 6063? <\/b><\/p>\n<p> El revestimiento anodizado es muy resistente y duradero, y protege la superficie durante d\u00e9cadas en condiciones normales de uso.<br \/>\n<\/p><br \/>\n<br \/>\n<p><b>10.\u00bfNecesitan mantenimiento los tubos de extrusi\u00f3n de aluminio anodizado? <\/b><\/p>\n<p> El mantenimiento es m\u00ednimo: basta con una limpieza peri\u00f3dica con materiales no abrasivos para conservar el aspecto anodizado.<br \/>\n<\/p><br \/><\/p>","protected":false},"featured_media":6019,"template":"","categories":[57],"class_list":["post-6020","product","type-product","status-publish","has-post-thumbnail","hentry","category-anodized-aluminum-profile"],"meta_box":{"hilight_text_group":{"product_hilight_text":"<li>Direct from manufacturer for competitive pricing and stable supply<\/li>\r\r\n<li>Made from 6063 alloy for excellent formability, corrosion resistance, and surface finish<\/li>\r\r\n<li>Anodized coating enhances durability and aesthetic appeal<\/li>\r\r\n<li>Lightweight with good strength, ideal for structural, architectural, and transportation uses<\/li>\r\r\n<li>Custom lengths, wall thicknesses, and finishes available to meet project needs<\/li>","product_chanpin_chanpin":"<li><a href=\"https:\/\/sinoextrud.com\/product\/customize-6063-z-section-aluminium-extrusion\/\" target=\"_blank\">Customize 6063 Z Section Aluminium Extrusion<\/a><\/li>\r\n<li><a href=\"https:\/\/sinoextrud.com\/product\/anodized-aluminium-profiles\/\" target=\"_blank\">Anodized Aluminium Profiles<\/a><\/li>\r\n<li><a href=\"https:\/\/sinoextrud.com\/product\/aluminum-angle-channel-bright-polished-mirror\/\" target=\"_blank\">Aluminum Angle Channel Bright Polished Mirror<\/a><\/li>\r\n<li><a href=\"https:\/\/sinoextrud.com\/product\/aluminum-anodized-surface-profile\/\" target=\"_blank\">Aluminum Anodized Surface Profile<\/a><\/li>\r\n<li><a href=\"https:\/\/sinoextrud.com\/product\/anodized-aluminum-manufacturer-supply-anodized-aluminium-extrusion-tube-6063\/\" target=\"_blank\">anodized aluminum Manufacturer Supply anodized Aluminium Extrusion Tube 6063<\/a><\/li>\r\n<li><a href=\"https:\/\/sinoextrud.com\/product\/powder-coating-decorative-aluminum-railing\/\" target=\"_blank\">Powder Coating Decorative Aluminum Railing<\/a><\/li>\r\n<li><a href=\"https:\/\/sinoextrud.com\/product\/wood-grain-customize-aluminium-extrusion-rail\/\" target=\"_blank\">Wood Grain Customize Aluminium Extrusion Rail<\/a><\/li>\r\n<li><a href=\"https:\/\/sinoextrud.com\/product\/sandblasted-mechanical-streak-removed-aluminium-profiles\/\" target=\"_blank\">Sandblasted Mechanical streak removed aluminium profiles<\/a><\/li>\r\n<li><a href=\"https:\/\/sinoextrud.com\/product\/anodized-extruded-aluminium-glazing-profiles\/\" target=\"_blank\">Anodized Extruded Aluminium Glazing Profiles<\/a><\/li>\r\n<li><a href=\"https:\/\/sinoextrud.com\/product\/aluminum-picture-photo-artware-frame-mirror-polished-gold\/\" target=\"_blank\">Aluminum Picture Photo Artware Frame Mirror Polished Gold<\/a><\/li>\r\n<li><a href=\"https:\/\/sinoextrud.com\/product\/aluminum-extrusion-advertising-signs-aluminum-frame-profile\/\" target=\"_blank\">Aluminum Extrusion Advertising Signs Aluminum Frame Profile<\/a><\/li>"},"feature_list":[]},"_links":{"self":[{"href":"https:\/\/sinoextrud.com\/es\/wp-json\/wp\/v2\/product\/6020","targetHints":{"allow":["GET"]}}],"collection":[{"href":"https:\/\/sinoextrud.com\/es\/wp-json\/wp\/v2\/product"}],"about":[{"href":"https:\/\/sinoextrud.com\/es\/wp-json\/wp\/v2\/types\/product"}],"wp:featuredmedia":[{"embeddable":true,"href":"https:\/\/sinoextrud.com\/es\/wp-json\/wp\/v2\/media\/6019"}],"wp:attachment":[{"href":"https:\/\/sinoextrud.com\/es\/wp-json\/wp\/v2\/media?parent=6020"}],"wp:term":[{"taxonomy":"category","embeddable":true,"href":"https:\/\/sinoextrud.com\/es\/wp-json\/wp\/v2\/categories?post=6020"}],"curies":[{"name":"wp","href":"https:\/\/api.w.org\/{rel}","templated":true}]}}