{"id":6015,"date":"2025-05-24T01:39:59","date_gmt":"2025-05-24T01:39:59","guid":{"rendered":"https:\/\/sinoextrud.com\/?post_type=product&#038;p=6015"},"modified":"2025-06-24T03:53:16","modified_gmt":"2025-06-24T03:53:16","slug":"canal-angular-de-aluminio-pulido-brillante-espejo","status":"publish","type":"product","link":"https:\/\/sinoextrud.com\/es\/product\/aluminum-angle-channel-bright-polished-mirror\/","title":{"rendered":"Canal angular de aluminio pulido brillante espejo"},"content":{"rendered":"<h2>Productos<\/h2>\n<table class=\"custom-table\">\n<tr>\n<td class=\"label\">Tratamiento de superficies<\/td>\n<td>Anodizado, pulido, recubrimiento en polvo seg\u00fan se solicite<\/td>\n<\/tr>\n<tr>\n<td class=\"label\">Material y temperatura<\/td>\n<td>Aleaci\u00f3n 6063-T5,6061-T6<\/td>\n<\/tr>\n<tr>\n<td class=\"label\">Longitud<\/td>\n<td>Personalizado<\/td>\n<\/tr>\n<tr>\n<td class=\"label\">Color<\/td>\n<td>Plateado, bronce, champ\u00e1n o como se solicite<\/td>\n<\/tr>\n<tr>\n<td class=\"label\">Espesor<\/td>\n<td>Personalizado<\/td>\n<\/tr>\n<tr>\n<td class=\"label\">Grado<\/td>\n<td>Serie 6000<\/td>\n<\/tr>\n<tr>\n<td class=\"label\">Aplicaci\u00f3n<\/td>\n<td>Aluminio arquitect\u00f3nico, aluminio industrial general, aluminio para la construcci\u00f3n<\/td>\n<\/tr>\n<tr>\n<td class=\"label\">Tipo<\/td>\n<td>6063<\/td>\n<\/tr>\n<tr>\n<td class=\"label\">Acabado de superficies<\/td>\n<td>Aluminio anodizado<\/td>\n<\/tr>\n<tr>\n<td class=\"label\">Con o sin aleaci\u00f3n<\/td>\n<td>Es aleaci\u00f3n<\/td>\n<\/tr>\n<tr>\n<td class=\"label\">Temple<\/td>\n<td>T3-T8<\/td>\n<\/tr>\n<tr>\n<td class=\"label\">Forma<\/td>\n<td>Otros<\/td>\n<\/tr>\n<\/table>\n<h2>Nuestra base de fabricaci\u00f3n<\/h2>\n<h3>Panorama de la f\u00e1brica<\/h3>\n<p><img decoding=\"async\" src=\"\/wp-content\/uploads\/factory-01.webp\"\/><\/p>\n<h3>Taller de fabricaci\u00f3n de barras de aluminio<\/h3>\n<p><img decoding=\"async\" src=\"\/wp-content\/uploads\/factory-02.webp\"\/><\/p>\n<\/p>\n<p><img decoding=\"async\" src=\"\/wp-content\/uploads\/factory-03.webp\"\/><\/p>\n<h3>Almac\u00e9n de moldes<\/h3>\n<p><img decoding=\"async\" src=\"\/wp-content\/uploads\/factory-04.webp\"\/><\/p>\n<h3>43 L\u00c3neas de extrusi\u00c3\u00b3n de aluminio (500\u00e2\u20ac\"5500 toneladas)<\/h3>\n<p><img decoding=\"async\" src=\"\/wp-content\/uploads\/factory-05.webp\"\/><\/p>\n<p><img decoding=\"async\" src=\"\/wp-content\/uploads\/factory-06.webp\"\/><\/p>\n<p><img decoding=\"async\" src=\"\/wp-content\/uploads\/factory-07.webp\"\/><\/p>\n<h3>Taller de pintura en polvo<\/h3>\n<p><img decoding=\"async\" src=\"\/wp-content\/uploads\/factory-09.webp\"\/><\/p>\n<h3>Taller de anodizado<\/h3>\n<p><img decoding=\"async\" src=\"\/wp-content\/uploads\/factory-10.webp\"\/><\/p>\n<h3>Taller de procesamiento profundo<\/h3>\n<p><img decoding=\"async\" src=\"\/wp-content\/uploads\/factory-11.webp\"\/><\/p>\n<h3>Taller de mecanizado de precisi\u00f3n CNC<\/h3>\n<p><img decoding=\"async\" src=\"\/wp-content\/uploads\/factory-11.5.webp\"\/><\/p>\n<h3>Almac\u00e9n de productos acabados y de exportaci\u00f3n<\/h3>\n<p><img decoding=\"async\" src=\"\/wp-content\/uploads\/factory-12.webp\"\/><\/p>\n<p><img decoding=\"async\" src=\"\/wp-content\/uploads\/factory-13.webp\"\/><\/p>\n<p><img decoding=\"async\" src=\"\/wp-content\/uploads\/factory-14.webp\"\/><\/p>\n<h2>PREGUNTAS FRECUENTES<\/h2>\n<p><b>1. \u00bfQu\u00e9 es el canal angular de aluminio pulido brillante? <\/b><\/p>\n<p> El canal angular de aluminio pulido brillante espejo es un perfil de aluminio en forma de L con una superficie pulida altamente reflectante, similar a un espejo, que se utiliza para aplicaciones decorativas y estructurales.\n<\/p>\n<p><\/p>\n<p><b>2. \u00bfCu\u00e1les son las ventajas de los perfiles angulares de aluminio pulido brillante? <\/b><\/p>\n<p> Estos perfiles ofrecen un aspecto elegante, resistencia a la corrosi\u00f3n y ligereza, y son ideales para el dise\u00f1o de interiores y exteriores.\n<\/p>\n<p><\/p>\n<p><b>3.\u00bfPor qu\u00e9 elegir un acabado de espejo en los canales angulares de aluminio? <\/b><\/p>\n<p> Un acabado de espejo realza el atractivo visual, refleja la luz para iluminar los espacios y a\u00f1ade un aspecto moderno y de primera calidad a los proyectos arquitect\u00f3nicos y de exposici\u00f3n.\n<\/p>\n<p><\/p>\n<p><b>4. \u00bfQu\u00e9 industrias utilizan perfiles de aluminio angular pulido brillante? <\/b><\/p>\n<p> Los sectores m\u00e1s comunes son el dise\u00f1o de interiores, el mobiliario, los expositores para comercios, la se\u00f1alizaci\u00f3n y los detalles arquitect\u00f3nicos.\n<\/p>\n<p><\/p>\n<p><b>5. \u00bfEs el aluminio pulido brillante resistente a la corrosi\u00f3n? <\/b><\/p>\n<p> S\u00ed, la superficie de aluminio pulido es naturalmente resistente a la corrosi\u00f3n y puede protegerse a\u00fan m\u00e1s con anodizado o revestimiento transparente.\n<\/p>\n<p><\/p>\n<p><b>6.\u00bfSe puede personalizar el canal angular de aluminio pulido brillante espejo? <\/b><\/p>\n<p> Por supuesto, estos perfiles pueden cortarse a medida y producirse en varias dimensiones para adaptarse a los requisitos espec\u00edficos de cada proyecto.\n<\/p>\n<p><\/p>\n<p><b>7.\u00bfLos canales de aluminio pulido espejo son adecuados para su uso en exteriores? <\/b><\/p>\n<p> S\u00ed, cuando se recubren adecuadamente, son lo suficientemente duraderas para su uso en exteriores, manteniendo su acabado reflectante incluso en entornos adversos.\n<\/p>\n<p><\/p>\n<p><b>8.\u00bfQu\u00e9 tan f\u00e1cil es instalar los perfiles de Aluminio Angular Canal Pulido Brillante Espejo? <\/b><\/p>\n<p> Estos perfiles ligeros son f\u00e1ciles de cortar, taladrar y montar, por lo que su instalaci\u00f3n resulta r\u00e1pida y eficaz.\n<\/p>\n<p><\/p>\n<p><b>9.\u00bfNecesitan mantenimiento los canales de aluminio pulido espejo? <\/b><\/p>\n<p> Su mantenimiento es m\u00ednimo: basta con limpiarlas peri\u00f3dicamente con un pa\u00f1o no abrasivo para mantener su brillo y evitar que pierdan brillo.\n<\/p>\n<p><\/p>\n<p><b>10.\u00bfSon ecol\u00f3gicos los perfiles de aluminio angular canal pulido brillante espejo? <\/b><\/p>\n<p> S\u00ed, el aluminio es totalmente reciclable, y el proceso de pulido a\u00f1ade durabilidad sin comprometer la sostenibilidad.\n<\/p>\n<p><\/p>","protected":false},"featured_media":6014,"template":"","categories":[57],"class_list":["post-6015","product","type-product","status-publish","has-post-thumbnail","hentry","category-anodized-aluminum-profile"],"meta_box":{"hilight_text_group":{"product_hilight_text":"<li>Bright polished mirror finish offers a high-end, reflective appearance<\/li>\r\r\n<li>Ideal for decorative, architectural, and interior design applications<\/li>\r\r\n<li>Corrosion-resistant aluminum suitable for both indoor and outdoor use<\/li>\r\r\n<li>Lightweight yet strong for easy handling and structural support<\/li>\r\r\n<li>Available in angle and channel shapes for versatile installation options<\/li>","product_chanpin_chanpin":"<li><a href=\"https:\/\/sinoextrud.com\/product\/anodized-extruded-aluminum\/\" target=\"_blank\">Anodized Extruded Aluminum<\/a><\/li>\r\n<li><a href=\"https:\/\/sinoextrud.com\/product\/factory-offer-aluminum-handrail-extrusions\/\" target=\"_blank\">Factory Offer Aluminum Handrail Extrusions<\/a><\/li>\r\n<li><a href=\"https:\/\/sinoextrud.com\/product\/customize-6063-z-section-aluminium-extrusion\/\" target=\"_blank\">Customize 6063 Z Section Aluminium Extrusion<\/a><\/li>\r\n<li><a href=\"https:\/\/sinoextrud.com\/product\/anodized-aluminium-profiles\/\" target=\"_blank\">Anodized Aluminium Profiles<\/a><\/li>\r\n<li><a href=\"https:\/\/sinoextrud.com\/product\/aluminum-angle-channel-bright-polished-mirror\/\" target=\"_blank\">Aluminum Angle Channel Bright Polished Mirror<\/a><\/li>\r\n<li><a href=\"https:\/\/sinoextrud.com\/product\/aluminum-anodized-surface-profile\/\" target=\"_blank\">Aluminum Anodized Surface Profile<\/a><\/li>\r\n<li><a href=\"https:\/\/sinoextrud.com\/product\/anodized-aluminum-manufacturer-supply-anodized-aluminium-extrusion-tube-6063\/\" target=\"_blank\">anodized aluminum Manufacturer Supply anodized Aluminium Extrusion Tube 6063<\/a><\/li>\r\n<li><a href=\"https:\/\/sinoextrud.com\/product\/powder-coating-decorative-aluminum-railing\/\" target=\"_blank\">Powder Coating Decorative Aluminum Railing<\/a><\/li>\r\n<li><a href=\"https:\/\/sinoextrud.com\/product\/wood-grain-customize-aluminium-extrusion-rail\/\" target=\"_blank\">Wood Grain Customize Aluminium Extrusion Rail<\/a><\/li>\r\n<li><a href=\"https:\/\/sinoextrud.com\/product\/aluminium-solar-profile\/\" target=\"_blank\">Aluminium Solar Profile<\/a><\/li>\r\n<li><a href=\"https:\/\/sinoextrud.com\/product\/t-shaped-aluminum-extrusion\/\" target=\"_blank\">T Shaped Aluminum Extrusion<\/a><\/li>"},"feature_list":[]},"_links":{"self":[{"href":"https:\/\/sinoextrud.com\/es\/wp-json\/wp\/v2\/product\/6015","targetHints":{"allow":["GET"]}}],"collection":[{"href":"https:\/\/sinoextrud.com\/es\/wp-json\/wp\/v2\/product"}],"about":[{"href":"https:\/\/sinoextrud.com\/es\/wp-json\/wp\/v2\/types\/product"}],"wp:featuredmedia":[{"embeddable":true,"href":"https:\/\/sinoextrud.com\/es\/wp-json\/wp\/v2\/media\/6014"}],"wp:attachment":[{"href":"https:\/\/sinoextrud.com\/es\/wp-json\/wp\/v2\/media?parent=6015"}],"wp:term":[{"taxonomy":"category","embeddable":true,"href":"https:\/\/sinoextrud.com\/es\/wp-json\/wp\/v2\/categories?post=6015"}],"curies":[{"name":"wp","href":"https:\/\/api.w.org\/{rel}","templated":true}]}}