{"id":6013,"date":"2025-05-24T01:34:09","date_gmt":"2025-05-24T01:34:09","guid":{"rendered":"https:\/\/sinoextrud.com\/?post_type=product&#038;p=6013"},"modified":"2025-06-24T03:53:14","modified_gmt":"2025-06-24T03:53:14","slug":"perfiles-de-aluminio-anodizado","status":"publish","type":"product","link":"https:\/\/sinoextrud.com\/es\/product\/anodized-aluminium-profiles\/","title":{"rendered":"Perfiles de aluminio anodizado"},"content":{"rendered":"<h2>Productos<\/h2>\n<table class=\"custom-table\">\n<tr>\n<td class=\"label\">Temperamento:<\/td>\n<td>T3-T8<\/td>\n<\/tr>\n<tr>\n<td class=\"label\">Aleaci\u00f3n:<\/td>\n<td>Aleaci\u00f3n<\/td>\n<\/tr>\n<tr>\n<td class=\"label\">Ingrediente de aleaci\u00f3n:<\/td>\n<td>6063<\/td>\n<\/tr>\n<tr>\n<td class=\"label\">Perfil de aluminio pulido:<\/td>\n<td>Anodizado mec\u00e1nico<\/td>\n<\/tr>\n<tr>\n<td class=\"label\">Longitud est\u00e1ndar:<\/td>\n<td>3-6m<\/td>\n<\/tr>\n<tr>\n<td class=\"label\">Superficie expuesta:<\/td>\n<td>125-550 mm<\/td>\n<\/tr>\n<tr>\n<td class=\"label\">Accesorios:<\/td>\n<td>Barrera cortafuegos y cortaagua<\/td>\n<\/tr>\n<tr>\n<td class=\"label\">Aplicaci\u00f3n:<\/td>\n<td>De pared a techo<\/td>\n<\/tr>\n<tr>\n<td class=\"label\">Muestra:<\/td>\n<td>Gratis<\/td>\n<\/tr>\n<tr>\n<td class=\"label\">Paquete de transporte:<\/td>\n<td>Contrachapado<\/td>\n<\/tr>\n<tr>\n<td class=\"label\">Origen:<\/td>\n<td>Guangdong, China<\/td>\n<\/tr>\n<tr>\n<td class=\"label\">Tipo:<\/td>\n<td>Perfil de aluminio para decoraci\u00f3n, Perfil para cuartos de limpieza<\/td>\n<\/tr>\n<tr>\n<td class=\"label\">Grado:<\/td>\n<td>Serie 6000<\/td>\n<\/tr>\n<tr>\n<td class=\"label\">Perfil de aluminio para puertas y ventanas:<\/td>\n<td>Serie 90<\/td>\n<\/tr>\n<tr>\n<td class=\"label\">Acabado superficial:<\/td>\n<td>Oxidaci\u00f3n an\u00f3dica<\/td>\n<\/tr>\n<tr>\n<td class=\"label\">Certificaci\u00f3n:<\/td>\n<td>ISO, SGS<\/td>\n<\/tr>\n<tr>\n<td class=\"label\">Material de la base:<\/td>\n<td>Aleaci\u00f3n de aluminio 6063-T5<\/td>\n<\/tr>\n<\/table>\n<h2>Nuestra base de fabricaci\u00f3n<\/h2>\n<h3>Panorama de la f\u00e1brica<\/h3>\n<p><img decoding=\"async\" src=\"\/wp-content\/uploads\/factory-01.webp\"\/><\/p>\n<h3>Taller de fabricaci\u00f3n de barras de aluminio<\/h3>\n<p><img decoding=\"async\" src=\"\/wp-content\/uploads\/factory-02.webp\"\/><\/p>\n<\/p>\n<p><img decoding=\"async\" src=\"\/wp-content\/uploads\/factory-03.webp\"\/><\/p>\n<h3>Almac\u00e9n de moldes<\/h3>\n<p><img decoding=\"async\" src=\"\/wp-content\/uploads\/factory-04.webp\"\/><\/p>\n<h3>43 l\u00edneas de extrusi\u00f3n de aluminio (500-5500 toneladas)<\/h3>\n<p><img decoding=\"async\" src=\"\/wp-content\/uploads\/factory-05.webp\"\/><\/p>\n<p><img decoding=\"async\" src=\"\/wp-content\/uploads\/factory-06.webp\"\/><\/p>\n<p><img decoding=\"async\" src=\"\/wp-content\/uploads\/factory-07.webp\"\/><\/p>\n<h3>Taller de pintura en polvo<\/h3>\n<p><img decoding=\"async\" src=\"\/wp-content\/uploads\/factory-09.webp\"\/><\/p>\n<h3>Taller de anodizado<\/h3>\n<p><img decoding=\"async\" src=\"\/wp-content\/uploads\/factory-10.webp\"\/><\/p>\n<h3>Taller de procesamiento profundo<\/h3>\n<p><img decoding=\"async\" src=\"\/wp-content\/uploads\/factory-11.webp\"\/><\/p>\n<h3>Taller de mecanizado de precisi\u00f3n CNC<\/h3>\n<p><img decoding=\"async\" src=\"\/wp-content\/uploads\/factory-11.5.webp\"\/><\/p>\n<h3>Almac\u00e9n de productos acabados y de exportaci\u00f3n<\/h3>\n<p><img decoding=\"async\" src=\"\/wp-content\/uploads\/factory-12.webp\"\/><\/p>\n<p><img decoding=\"async\" src=\"\/wp-content\/uploads\/factory-13.webp\"\/><\/p>\n<p><img decoding=\"async\" src=\"\/wp-content\/uploads\/factory-14.webp\"\/><\/p>\n<h2>PREGUNTAS FRECUENTES<\/h2>\n<p><b>1. \u00bfQu\u00e9 son los perfiles de aluminio anodizado? <\/b><\/p>\n<p> Los perfiles de aluminio anodizado son extrusiones de aluminio que se han sometido a un proceso de anodizado para mejorar la durabilidad de la superficie, la resistencia a la corrosi\u00f3n y el atractivo est\u00e9tico.\n<\/p>\n<p><\/p>\n<p><b>2. \u00bfCu\u00e1les son las ventajas de los perfiles de aluminio anodizado? <\/b><\/p>\n<p> Los perfiles de aluminio anodizado ofrecen una mayor dureza superficial, resistencia a los rayos UV, estabilidad del color y un acabado elegante y moderno ideal para diversas aplicaciones.\n<\/p>\n<p><\/p>\n<p><b>3.\u00bfPor qu\u00e9 elegir aluminio anodizado en lugar de aluminio bruto? <\/b><\/p>\n<p> El aluminio anodizado es m\u00e1s resistente al desgaste, la intemperie y la corrosi\u00f3n, por lo que es m\u00e1s duradero y visualmente m\u00e1s atractivo que el aluminio sin tratar.\n<\/p>\n<p><\/p>\n<p><b>4. \u00bfPueden utilizarse los perfiles de aluminio anodizado en exteriores? <\/b><\/p>\n<p> S\u00ed, su mayor resistencia a la corrosi\u00f3n y a los rayos UV hace que los perfiles de aluminio anodizado sean ideales para aplicaciones exteriores como fachadas, barandillas y marcos de ventanas.\n<\/p>\n<p><\/p>\n<p><b>5.\u00bfLos perfiles de aluminio anodizado est\u00e1n disponibles en diferentes colores? <\/b><\/p>\n<p> Por supuesto, el proceso de anodizado permite una amplia gama de opciones de color, al tiempo que mantiene los acabados met\u00e1licos y la viveza duradera.\n<\/p>\n<p><\/p>\n<p><b>6. \u00bfQu\u00e9 industrias suelen utilizar perfiles de aluminio anodizado? <\/b><\/p>\n<p> Las industrias de la arquitectura, el mobiliario, la electr\u00f3nica, la automoci\u00f3n y los bienes de consumo utilizan ampliamente perfiles anodizados por sus prestaciones y su valor est\u00e9tico.\n<\/p>\n<p><\/p>\n<p><b>7.\u00bfNecesitan mantenimiento los perfiles de aluminio anodizado? <\/b><\/p>\n<p> Se necesita un mantenimiento m\u00ednimo -s\u00f3lo una limpieza ocasional-, ya que la superficie anodizada resiste la suciedad, las manchas y la degradaci\u00f3n.\n<\/p>\n<p><\/p>\n<p><b>8.\u00bfSon los perfiles de aluminio anodizado respetuosos con el medio ambiente? <\/b><\/p>\n<p> S\u00ed, el aluminio es 100% reciclable, y el proceso de anodizado no es t\u00f3xico y es seguro, lo que convierte a estos perfiles en una elecci\u00f3n de material sostenible.\n<\/p>\n<p><\/p>\n<p><b>9.\u00bfCu\u00e1nto dura el acabado anodizado de los perfiles de aluminio? <\/b><\/p>\n<p> Los acabados anodizados son extremadamente duraderos y pueden durar d\u00e9cadas sin decolorarse, pelarse ni corroerse en condiciones normales de uso.\n<\/p>\n<p><\/p>\n<p><b>10.\u00bfAdmiten los perfiles de aluminio anodizado formas y tama\u00f1os personalizados? <\/b><\/p>\n<p> S\u00ed, el anodizado puede aplicarse a perfiles de aluminio extruidos a medida, lo que permite soluciones personalizadas que cumplen requisitos funcionales y de dise\u00f1o espec\u00edficos.\n<\/p>\n<p><\/p>","protected":false},"featured_media":6012,"template":"","categories":[57],"class_list":["post-6013","product","type-product","status-publish","has-post-thumbnail","hentry","category-anodized-aluminum-profile"],"meta_box":{"hilight_text_group":{"product_hilight_text":"<li>Enhanced corrosion and wear resistance through anodized surface treatment<\/li>\r\r\n<li>Attractive, uniform finish ideal for visible architectural and industrial applications<\/li>\r\r\n<li>Available in various colors and textures to meet design specifications<\/li>\r\r\n<li>Improved surface hardness for increased durability and lifespan<\/li>\r\r\n<li>Low maintenance and environmentally friendly coating process<\/li>","product_chanpin_chanpin":"<li><a href=\"https:\/\/sinoextrud.com\/product\/aluminium-corner-extrusion\/\" target=\"_blank\">Aluminium Corner Extrusion<\/a><\/li>\r\n<li><a href=\"https:\/\/sinoextrud.com\/product\/anodized-extruded-aluminum\/\" target=\"_blank\">Anodized Extruded Aluminum<\/a><\/li>\r\n<li><a href=\"https:\/\/sinoextrud.com\/product\/factory-offer-aluminum-handrail-extrusions\/\" target=\"_blank\">Factory Offer Aluminum Handrail Extrusions<\/a><\/li>\r\n<li><a href=\"https:\/\/sinoextrud.com\/product\/customize-6063-z-section-aluminium-extrusion\/\" target=\"_blank\">Customize 6063 Z Section Aluminium Extrusion<\/a><\/li>\r\n<li><a href=\"https:\/\/sinoextrud.com\/product\/anodized-aluminium-profiles\/\" target=\"_blank\">Anodized Aluminium Profiles<\/a><\/li>\r\n<li><a href=\"https:\/\/sinoextrud.com\/product\/aluminum-angle-channel-bright-polished-mirror\/\" target=\"_blank\">Aluminum Angle Channel Bright Polished Mirror<\/a><\/li>\r\n<li><a href=\"https:\/\/sinoextrud.com\/product\/aluminum-anodized-surface-profile\/\" target=\"_blank\">Aluminum Anodized Surface Profile<\/a><\/li>\r\n<li><a href=\"https:\/\/sinoextrud.com\/product\/anodized-aluminum-manufacturer-supply-anodized-aluminium-extrusion-tube-6063\/\" target=\"_blank\">anodized aluminum Manufacturer Supply anodized Aluminium Extrusion Tube 6063<\/a><\/li>\r\n<li><a href=\"https:\/\/sinoextrud.com\/product\/powder-coating-decorative-aluminum-railing\/\" target=\"_blank\">Powder Coating Decorative Aluminum Railing<\/a><\/li>\r\n<li><a href=\"https:\/\/sinoextrud.com\/product\/sandblasted-aluminum-finish-profile\/\" target=\"_blank\">Sandblasted Aluminum Finish Profile<\/a><\/li>\r\n<li><a href=\"https:\/\/sinoextrud.com\/product\/rectangular-aluminum-tube\/\" target=\"_blank\">Rectangular Aluminum Tube<\/a><\/li>"},"feature_list":[]},"_links":{"self":[{"href":"https:\/\/sinoextrud.com\/es\/wp-json\/wp\/v2\/product\/6013","targetHints":{"allow":["GET"]}}],"collection":[{"href":"https:\/\/sinoextrud.com\/es\/wp-json\/wp\/v2\/product"}],"about":[{"href":"https:\/\/sinoextrud.com\/es\/wp-json\/wp\/v2\/types\/product"}],"wp:featuredmedia":[{"embeddable":true,"href":"https:\/\/sinoextrud.com\/es\/wp-json\/wp\/v2\/media\/6012"}],"wp:attachment":[{"href":"https:\/\/sinoextrud.com\/es\/wp-json\/wp\/v2\/media?parent=6013"}],"wp:term":[{"taxonomy":"category","embeddable":true,"href":"https:\/\/sinoextrud.com\/es\/wp-json\/wp\/v2\/categories?post=6013"}],"curies":[{"name":"wp","href":"https:\/\/api.w.org\/{rel}","templated":true}]}}