{"id":5998,"date":"2025-05-23T16:20:26","date_gmt":"2025-05-23T16:20:26","guid":{"rendered":"https:\/\/sinoextrud.com\/?post_type=product&#038;p=5998"},"modified":"2025-06-24T03:53:05","modified_gmt":"2025-06-24T03:53:05","slug":"extrusion-angular-de-aluminio","status":"publish","type":"product","link":"https:\/\/sinoextrud.com\/es\/product\/aluminium-corner-extrusion\/","title":{"rendered":"Extrusi\u00f3n angular de aluminio"},"content":{"rendered":"<h2>Productos<\/h2>\n<table class=\"custom-table\">\n<tr>\n<td class=\"label\">Nombre:<\/td>\n<td>Perfil extruido de aluminio, extrusi\u00f3n angular de aluminio<\/td>\n<\/tr>\n<tr>\n<td class=\"label\">Material:<\/td>\n<td>Aleaci\u00f3n de aluminio.<\/td>\n<\/tr>\n<tr>\n<td class=\"label\">Grado:<\/td>\n<td>Serie 6000.<\/td>\n<\/tr>\n<tr>\n<td class=\"label\">Temperamento:<\/td>\n<td>T5-T8.<\/td>\n<\/tr>\n<tr>\n<td class=\"label\">Tratamiento de la superficie:<\/td>\n<td>Acabado de fresado, anodizado, recubrimiento de polvo, chorro de arena, cataforesis, etc.<\/td>\n<\/tr>\n<tr>\n<td class=\"label\">Certificado:<\/td>\n<td>ISO 9001:2008, ROHS, CE, IQNET.<\/td>\n<\/tr>\n<tr>\n<td class=\"label\">Color:<\/td>\n<td>cusomized<\/td>\n<\/tr>\n<tr>\n<td class=\"label\">Tama\u00f1o:<\/td>\n<td>Igual que los dibujos. Personalizado<\/td>\n<\/tr>\n<\/table>\n<h2>Nuestra base de fabricaci\u00f3n<\/h2>\n<h3>Panorama de la f\u00e1brica<\/h3>\n<p><img decoding=\"async\" src=\"\/wp-content\/uploads\/factory-01.webp\"\/><\/p>\n<h3>Taller de fabricaci\u00f3n de barras de aluminio<\/h3>\n<p><img decoding=\"async\" src=\"\/wp-content\/uploads\/factory-02.webp\"\/><\/p>\n<\/p>\n<p><img decoding=\"async\" src=\"\/wp-content\/uploads\/factory-03.webp\"\/><\/p>\n<h3>Almac\u00e9n de moldes<\/h3>\n<p><img decoding=\"async\" src=\"\/wp-content\/uploads\/factory-04.webp\"\/><\/p>\n<h3>43 L\u00c3neas de extrusi\u00c3\u00b3n de aluminio (500\u00e2\u20ac\"5500 toneladas)<\/h3>\n<p><img decoding=\"async\" src=\"\/wp-content\/uploads\/factory-05.webp\"\/><\/p>\n<p><img decoding=\"async\" src=\"\/wp-content\/uploads\/factory-06.webp\"\/><\/p>\n<p><img decoding=\"async\" src=\"\/wp-content\/uploads\/factory-07.webp\"\/><\/p>\n<h3>Taller de pintura en polvo<\/h3>\n<p><img decoding=\"async\" src=\"\/wp-content\/uploads\/factory-09.webp\"\/><\/p>\n<h3>Taller de anodizado<\/h3>\n<p><img decoding=\"async\" src=\"\/wp-content\/uploads\/factory-10.webp\"\/><\/p>\n<h3>Taller de procesamiento profundo<\/h3>\n<p><img decoding=\"async\" src=\"\/wp-content\/uploads\/factory-11.webp\"\/><\/p>\n<h3>Taller de mecanizado de precisi\u00f3n CNC<\/h3>\n<p><img decoding=\"async\" src=\"\/wp-content\/uploads\/factory-11.5.webp\"\/><\/p>\n<h3>Almac\u00e9n de productos acabados y de exportaci\u00f3n<\/h3>\n<p><img decoding=\"async\" src=\"\/wp-content\/uploads\/factory-12.webp\"\/><\/p>\n<p><img decoding=\"async\" src=\"\/wp-content\/uploads\/factory-13.webp\"\/><\/p>\n<p><img decoding=\"async\" src=\"\/wp-content\/uploads\/factory-14.webp\"\/><\/p>\n<h2>PREGUNTAS FRECUENTES<\/h2>\n<p><b>1. \u00bfQu\u00e9 es un perfil esquinero de aluminio? <\/b><\/p>\n<p> Un perfil esquinero de aluminio es un perfil de aluminio en \u00e1ngulo recto que se utiliza para unir, proteger o rematar bordes en sistemas de construcci\u00f3n, mobiliario y enmarcado.\n<\/p>\n<p><\/p>\n<p><b>2. \u00bfCu\u00e1les son las principales ventajas de la extrusi\u00f3n de aluminio en esquina? <\/b><\/p>\n<p> Los perfiles esquineros de aluminio ofrecen resistencia a la corrosi\u00f3n, ligereza y una est\u00e9tica limpia, por lo que son ideales para aplicaciones funcionales y decorativas.\n<\/p>\n<p><\/p>\n<p><b>3. \u00bfD\u00f3nde se suelen utilizar los perfiles esquineros de aluminio? <\/b><\/p>\n<p> Se utilizan ampliamente en construcci\u00f3n, dise\u00f1o de interiores, sistemas de entramado de aluminio, ebanister\u00eda y estructuras de exposici\u00f3n para la protecci\u00f3n y alineaci\u00f3n de esquinas.\n<\/p>\n<p><\/p>\n<p><b>4.\u00bfSe pueden personalizar los perfiles angulares de aluminio? <\/b><\/p>\n<p> S\u00ed, pueden extruirse en varios tama\u00f1os, \u00e1ngulos, grosores y acabados superficiales para satisfacer requisitos espec\u00edficos de dise\u00f1o y aplicaci\u00f3n.\n<\/p>\n<p><\/p>\n<p><b>5. \u00bfPor qu\u00e9 elegir la extrusi\u00f3n de aluminio para esquinas en lugar del pl\u00e1stico o el acero? <\/b><\/p>\n<p> Los perfiles esquineros de aluminio son m\u00e1s duraderos que los de pl\u00e1stico y m\u00e1s ligeros y resistentes a la corrosi\u00f3n que los de acero, por lo que ofrecen fiabilidad a largo plazo.\n<\/p>\n<p><\/p>\n<p><b>6.\u00bfSe pueden anodizar o revestir los perfiles angulares de aluminio? <\/b><\/p>\n<p> Por supuesto, admiten acabados como el anodizado, el recubrimiento en polvo o la pintura para mejorar el aspecto y la protecci\u00f3n.\n<\/p>\n<p><\/p>\n<p><b>7.\u00bfMejoran los perfiles angulares de aluminio la integridad estructural? <\/b><\/p>\n<p> S\u00ed, refuerzan las esquinas, a\u00f1aden resistencia a los bastidores y ayudan a distribuir uniformemente las cargas en los montajes estructurales.\n<\/p>\n<p><\/p>\n<p><b>8.\u00bfSon f\u00e1ciles de instalar los perfiles angulares de aluminio? <\/b><\/p>\n<p> S\u00ed, su dise\u00f1o permite una instalaci\u00f3n sencilla mediante tornillos, adhesivos o soportes, lo que reduce el tiempo de mano de obra y la complejidad.\n<\/p>\n<p><\/p>\n<p><b>9.\u00bfEs adecuada la extrusi\u00f3n angular de aluminio para su uso en exteriores? <\/b><\/p>\n<p> S\u00ed, su resistencia natural a la corrosi\u00f3n y los revestimientos protectores opcionales lo hacen ideal para exteriores y entornos de alta humedad.\n<\/p>\n<p><\/p>\n<p><b>10.\u00bfSon ecol\u00f3gicas las extrusiones de aluminio para esquinas? <\/b><\/p>\n<p> S\u00ed, el aluminio es totalmente reciclable y su producci\u00f3n es eficiente desde el punto de vista energ\u00e9tico, lo que convierte a estas extrusiones en un material de construcci\u00f3n sostenible.\n<\/p>\n<p><\/p>","protected":false},"featured_media":5996,"template":"","categories":[57],"class_list":["post-5998","product","type-product","status-publish","has-post-thumbnail","hentry","category-anodized-aluminum-profile"],"meta_box":{"hilight_text_group":{"product_hilight_text":"<li>Provides strong and clean corner joints for frames and structures<\/li>\r\r\n<li>Precision-extruded for consistent fit and alignment<\/li>\r\r\n<li>Lightweight yet durable, ideal for industrial and architectural applications<\/li>\r\r\n<li>Corrosion-resistant surface for indoor and outdoor use<\/li>\r\r\n<li>Available in standard and custom angles to meet various design needs<\/li>","product_chanpin_chanpin":"<li><a href=\"https:\/\/sinoextrud.com\/product\/aluminium-profile-systems\/\" target=\"_blank\">Aluminium Profile Systems<\/a><\/li>\r\n<li><a href=\"https:\/\/sinoextrud.com\/product\/aluminium-extrusion-profile-section\/\" target=\"_blank\">Aluminium Extrusion Profile Section(Great Wall panel aluminum profile)<\/a><\/li>\r\n<li><a href=\"https:\/\/sinoextrud.com\/product\/industrial-aluminum-profiles\/\" target=\"_blank\">Industrial Aluminum Profiles<\/a><\/li>\r\n<li><a href=\"https:\/\/sinoextrud.com\/product\/aluminum-extruded-profile\/\" target=\"_blank\">Aluminum Extruded Profile<\/a><\/li>\r\n<li><a href=\"https:\/\/sinoextrud.com\/product\/aluminium-corner-extrusion\/\" target=\"_blank\">Aluminium Corner Extrusion<\/a><\/li>\r\n<li><a href=\"https:\/\/sinoextrud.com\/product\/anodized-extruded-aluminum\/\" target=\"_blank\">Anodized Extruded Aluminum<\/a><\/li>\r\n<li><a href=\"https:\/\/sinoextrud.com\/product\/factory-offer-aluminum-handrail-extrusions\/\" target=\"_blank\">Factory Offer Aluminum Handrail Extrusions<\/a><\/li>\r\n<li><a href=\"https:\/\/sinoextrud.com\/product\/customize-6063-z-section-aluminium-extrusion\/\" target=\"_blank\">Customize 6063 Z Section Aluminium Extrusion<\/a><\/li>\r\n<li><a href=\"https:\/\/sinoextrud.com\/product\/anodized-aluminium-profiles\/\" target=\"_blank\">Anodized Aluminium Profiles<\/a><\/li>\r\n<li><a href=\"https:\/\/sinoextrud.com\/product\/extrusion-aluminum-profile-for-powder-coating-window-and-door-alloy-6063\/\" target=\"_blank\">Extrusion Aluminum Profile For Powder Coating Window and Door Alloy 6063<\/a><\/li>\r\n<li><a href=\"https:\/\/sinoextrud.com\/product\/extruded-aluminum-for-outdoor-light-heat-sink\/\" target=\"_blank\">Extruded Aluminum For Outdoor Light Heat Sink<\/a><\/li>"},"feature_list":[]},"_links":{"self":[{"href":"https:\/\/sinoextrud.com\/es\/wp-json\/wp\/v2\/product\/5998","targetHints":{"allow":["GET"]}}],"collection":[{"href":"https:\/\/sinoextrud.com\/es\/wp-json\/wp\/v2\/product"}],"about":[{"href":"https:\/\/sinoextrud.com\/es\/wp-json\/wp\/v2\/types\/product"}],"wp:featuredmedia":[{"embeddable":true,"href":"https:\/\/sinoextrud.com\/es\/wp-json\/wp\/v2\/media\/5996"}],"wp:attachment":[{"href":"https:\/\/sinoextrud.com\/es\/wp-json\/wp\/v2\/media?parent=5998"}],"wp:term":[{"taxonomy":"category","embeddable":true,"href":"https:\/\/sinoextrud.com\/es\/wp-json\/wp\/v2\/categories?post=5998"}],"curies":[{"name":"wp","href":"https:\/\/api.w.org\/{rel}","templated":true}]}}