{"id":5997,"date":"2025-05-23T16:15:15","date_gmt":"2025-05-23T16:15:15","guid":{"rendered":"https:\/\/sinoextrud.com\/?post_type=product&#038;p=5997"},"modified":"2025-06-24T03:53:03","modified_gmt":"2025-06-24T03:53:03","slug":"perfil-extruido-de-aluminio","status":"publish","type":"product","link":"https:\/\/sinoextrud.com\/es\/product\/aluminum-extruded-profile\/","title":{"rendered":"Perfil de aluminio extruido"},"content":{"rendered":"<h2>Productos<\/h2>\n<table class=\"custom-table\">\n<tr>\n<td class=\"label\">Nombre:<\/td>\n<td>Perfil de aluminio extruido<\/td>\n<\/tr>\n<tr>\n<td class=\"label\">Material:<\/td>\n<td>Aleaci\u00f3n de aluminio.<\/td>\n<\/tr>\n<tr>\n<td class=\"label\">Grado:<\/td>\n<td>Serie 6000.<\/td>\n<\/tr>\n<tr>\n<td class=\"label\">Temperamento:<\/td>\n<td>T5-T8.<\/td>\n<\/tr>\n<tr>\n<td class=\"label\">Tratamiento de la superficie:<\/td>\n<td>Acabado de fresado, anodizado, recubrimiento de polvo, chorro de arena, cataforesis, etc.<\/td>\n<\/tr>\n<tr>\n<td class=\"label\">Certificado:<\/td>\n<td>ISO 9001:2008, ROHS, CE, IQNET.<\/td>\n<\/tr>\n<tr>\n<td class=\"label\">Color:<\/td>\n<td>cusomized<\/td>\n<\/tr>\n<tr>\n<td class=\"label\">Tama\u00f1o:<\/td>\n<td>Igual que los dibujos. Personalizado<\/td>\n<\/tr>\n<tr>\n<td class=\"label\">Aplicaci\u00f3n:<\/td>\n<td>Arquitectura e Industria, etc.<\/td>\n<\/tr>\n<tr>\n<td class=\"label\">Paquete:<\/td>\n<td>1.EPE para cada perfil; 2.Wrap con pel\u00edcula retr\u00e1ctil exterior; 3.Packed seg\u00fan la petici\u00f3n del cliente.<\/td>\n<\/tr>\n<tr>\n<td class=\"label\">Entrega:<\/td>\n<td>20-25 d\u00edas<\/td>\n<\/tr>\n<tr>\n<td class=\"label\">Tratamiento en profundidad :<\/td>\n<td>corte, perforaci\u00f3n, punzonado, plegado, etc.<\/td>\n<\/tr>\n<\/table>\n<h2>Nuestra base de fabricaci\u00f3n<\/h2>\n<h3>Panorama de la f\u00e1brica<\/h3>\n<p><img decoding=\"async\" src=\"\/wp-content\/uploads\/factory-01.webp\"\/><\/p>\n<h3>Taller de fabricaci\u00f3n de barras de aluminio<\/h3>\n<p><img decoding=\"async\" src=\"\/wp-content\/uploads\/factory-02.webp\"\/><\/p>\n<\/p>\n<p><img decoding=\"async\" src=\"\/wp-content\/uploads\/factory-03.webp\"\/><\/p>\n<h3>Almac\u00e9n de moldes<\/h3>\n<p><img decoding=\"async\" src=\"\/wp-content\/uploads\/factory-04.webp\"\/><\/p>\n<h3>43 L\u00c3neas de extrusi\u00c3\u00b3n de aluminio (500\u00e2\u20ac\"5500 toneladas)<\/h3>\n<p><img decoding=\"async\" src=\"\/wp-content\/uploads\/factory-05.webp\"\/><\/p>\n<p><img decoding=\"async\" src=\"\/wp-content\/uploads\/factory-06.webp\"\/><\/p>\n<p><img decoding=\"async\" src=\"\/wp-content\/uploads\/factory-07.webp\"\/><\/p>\n<h3>Taller de pintura en polvo<\/h3>\n<p><img decoding=\"async\" src=\"\/wp-content\/uploads\/factory-09.webp\"\/><\/p>\n<h3>Taller de anodizado<\/h3>\n<p><img decoding=\"async\" src=\"\/wp-content\/uploads\/factory-10.webp\"\/><\/p>\n<h3>Taller de procesamiento profundo<\/h3>\n<p><img decoding=\"async\" src=\"\/wp-content\/uploads\/factory-11.webp\"\/><\/p>\n<h3>Taller de mecanizado de precisi\u00f3n CNC<\/h3>\n<p><img decoding=\"async\" src=\"\/wp-content\/uploads\/factory-11.5.webp\"\/><\/p>\n<h3>Almac\u00e9n de productos acabados y de exportaci\u00f3n<\/h3>\n<p><img decoding=\"async\" src=\"\/wp-content\/uploads\/factory-12.webp\"\/><\/p>\n<p><img decoding=\"async\" src=\"\/wp-content\/uploads\/factory-13.webp\"\/><\/p>\n<p><img decoding=\"async\" src=\"\/wp-content\/uploads\/factory-14.webp\"\/><\/p>\n<h2>PREGUNTAS FRECUENTES<\/h2>\n<p><b>1. \u00bfQu\u00e9 es un perfil extruido de aluminio? <\/b><\/p>\n<p> Un perfil de aluminio extruido es un componente de aluminio con forma personalizada creado forzando el aluminio a trav\u00e9s de una matriz, utilizado habitualmente en aplicaciones de construcci\u00f3n, automoci\u00f3n e industriales.\n<\/p>\n<p><\/p>\n<p><b>2. \u00bfCu\u00e1les son las principales ventajas de los perfiles de aluminio extruido? <\/b><\/p>\n<p> Los perfiles extruidos de aluminio ofrecen una elevada relaci\u00f3n resistencia-peso, resistencia a la corrosi\u00f3n, flexibilidad de dise\u00f1o y producci\u00f3n eficiente para una amplia gama de usos.\n<\/p>\n<p><\/p>\n<p><b>3.\u00bfPor qu\u00e9 es popular la extrusi\u00f3n de aluminio en la fabricaci\u00f3n? <\/b><\/p>\n<p> La extrusi\u00f3n de aluminio permite obtener formas complejas y precisas con un desperdicio m\u00ednimo de material, por lo que resulta ideal para una fabricaci\u00f3n rentable y escalable.\n<\/p>\n<p><\/p>\n<p><b>4.\u00bfSe pueden personalizar los perfiles de aluminio extruido? <\/b><\/p>\n<p> S\u00ed, los perfiles pueden adaptarse en forma, tama\u00f1o, aleaci\u00f3n y acabado para satisfacer requisitos funcionales y est\u00e9ticos espec\u00edficos.\n<\/p>\n<p><\/p>\n<p><b>5. \u00bfQu\u00e9 industrias utilizan perfiles extruidos de aluminio? <\/b><\/p>\n<p> Industrias como la construcci\u00f3n, el transporte, la electr\u00f3nica, la industria aeroespacial y las energ\u00edas renovables utilizan perfiles de aluminio extruido por su versatilidad y rendimiento.\n<\/p>\n<p><\/p>\n<p><b>6.\u00bfApoyan los perfiles extruidos de aluminio el dise\u00f1o sostenible? <\/b><\/p>\n<p> Por supuesto, el aluminio es 100% reciclable, lo que convierte a los perfiles extruidos en una opci\u00f3n ecol\u00f3gica para la construcci\u00f3n ecol\u00f3gica y el desarrollo de productos sostenibles.\n<\/p>\n<p><\/p>\n<p><b>7. \u00bfQu\u00e9 resistencia tienen los perfiles de aluminio extruido? <\/b><\/p>\n<p> Dependiendo de la aleaci\u00f3n utilizada, los perfiles de aluminio extruido pueden proporcionar una excelente resistencia estructural sin dejar de ser ligeros.\n<\/p>\n<p><\/p>\n<p><b>8.\u00bfQu\u00e9 tratamientos superficiales existen para los perfiles de aluminio extruido? <\/b><\/p>\n<p> Los acabados m\u00e1s habituales son el anodizado, el recubrimiento en polvo y el cepillado, que mejoran la durabilidad, la resistencia a la corrosi\u00f3n y el aspecto.\n<\/p>\n<p><\/p>\n<p><b>9. \u00bfSon los perfiles extruidos de aluminio f\u00e1ciles de fabricar y montar? <\/b><\/p>\n<p> S\u00ed, son f\u00e1ciles de cortar, mecanizar y unir, lo que simplifica la fabricaci\u00f3n y reduce el tiempo de montaje en la producci\u00f3n.\n<\/p>\n<p><\/p>\n<p><b>10.\u00bfEs adecuado el perfil de aluminio extruido para aplicaciones tanto de interior como de exterior? <\/b><\/p>\n<p> S\u00ed, su resistencia a la corrosi\u00f3n y sus opciones de acabado los hacen ideales tanto para estructuras interiores como para entornos exteriores dif\u00edciles.\n<\/p>\n<p><\/p>","protected":false},"featured_media":6001,"template":"","categories":[57],"class_list":["post-5997","product","type-product","status-publish","has-post-thumbnail","hentry","category-anodized-aluminum-profile"],"meta_box":{"hilight_text_group":{"product_hilight_text":"<li>Customizable shapes and sizes for a wide range of industrial applications<\/li>\r\r\n<li>High strength-to-weight ratio ideal for structural and mechanical use<\/li>\r\r\n<li>Excellent surface finish and corrosion resistance with anodizing options<\/li>\r\r\n<li>Supports precise machining, drilling, and cutting for easy integration<\/li>\r\r\n<li>Cost-effective solution for mass production with consistent quality<\/li>","product_chanpin_chanpin":"<li><a href=\"https:\/\/sinoextrud.com\/product\/aluminum-extrusion-industry-modular-components-profile\/\" target=\"_blank\">Aluminum Extrusion Industry Modular Components Profile<\/a><\/li>\r\n<li><a href=\"https:\/\/sinoextrud.com\/product\/aluminium-profile-systems\/\" target=\"_blank\">Aluminium Profile Systems<\/a><\/li>\r\n<li><a href=\"https:\/\/sinoextrud.com\/product\/aluminium-extrusion-profile-section\/\" target=\"_blank\">Aluminium Extrusion Profile Section(Great Wall panel aluminum profile)<\/a><\/li>\r\n<li><a href=\"https:\/\/sinoextrud.com\/product\/industrial-aluminum-profiles\/\" target=\"_blank\">Industrial Aluminum Profiles<\/a><\/li>\r\n<li><a href=\"https:\/\/sinoextrud.com\/product\/aluminum-extruded-profile\/\" target=\"_blank\">Aluminum Extruded Profile<\/a><\/li>\r\n<li><a href=\"https:\/\/sinoextrud.com\/product\/aluminium-corner-extrusion\/\" target=\"_blank\">Aluminium Corner Extrusion<\/a><\/li>\r\n<li><a href=\"https:\/\/sinoextrud.com\/product\/anodized-extruded-aluminum\/\" target=\"_blank\">Anodized Extruded Aluminum<\/a><\/li>\r\n<li><a href=\"https:\/\/sinoextrud.com\/product\/factory-offer-aluminum-handrail-extrusions\/\" target=\"_blank\">Factory Offer Aluminum Handrail Extrusions<\/a><\/li>\r\n<li><a href=\"https:\/\/sinoextrud.com\/product\/customize-6063-z-section-aluminium-extrusion\/\" target=\"_blank\">Customize 6063 Z Section Aluminium Extrusion<\/a><\/li>\r\n<li><a href=\"https:\/\/sinoextrud.com\/product\/6063-cnc-machining-aluminum-extrusion-hinge\/\" target=\"_blank\">6063 CNC Machining Aluminum Extrusion Hinge<\/a><\/li>\r\n<li><a href=\"https:\/\/sinoextrud.com\/product\/aluminum-square-tube-in-wooden-grain\/\" target=\"_blank\">Aluminum Square Tube In Wooden Grain<\/a><\/li>"},"feature_list":[]},"_links":{"self":[{"href":"https:\/\/sinoextrud.com\/es\/wp-json\/wp\/v2\/product\/5997","targetHints":{"allow":["GET"]}}],"collection":[{"href":"https:\/\/sinoextrud.com\/es\/wp-json\/wp\/v2\/product"}],"about":[{"href":"https:\/\/sinoextrud.com\/es\/wp-json\/wp\/v2\/types\/product"}],"wp:featuredmedia":[{"embeddable":true,"href":"https:\/\/sinoextrud.com\/es\/wp-json\/wp\/v2\/media\/6001"}],"wp:attachment":[{"href":"https:\/\/sinoextrud.com\/es\/wp-json\/wp\/v2\/media?parent=5997"}],"wp:term":[{"taxonomy":"category","embeddable":true,"href":"https:\/\/sinoextrud.com\/es\/wp-json\/wp\/v2\/categories?post=5997"}],"curies":[{"name":"wp","href":"https:\/\/api.w.org\/{rel}","templated":true}]}}