{"id":5989,"date":"2025-05-23T15:29:47","date_gmt":"2025-05-23T15:29:47","guid":{"rendered":"https:\/\/sinoextrud.com\/?post_type=product&#038;p=5989"},"modified":"2025-06-24T03:52:55","modified_gmt":"2025-06-24T03:52:55","slug":"industria-de-extrusion-de-aluminio-componentes-modulares-perfil","status":"publish","type":"product","link":"https:\/\/sinoextrud.com\/es\/product\/aluminum-extrusion-industry-modular-components-profile\/","title":{"rendered":"Industria de la extrusi\u00f3n de aluminio Componentes modulares Perfil"},"content":{"rendered":"<h2>Productos<\/h2>\n<table class=\"custom-table\">\n<tr>\n<td class=\"label\">Art\u00edculo<\/td>\n<td>Industria de extrusi\u00f3n de aluminio perfil de componentes modulares<\/td>\n<\/tr>\n<tr>\n<td class=\"label\">Temple<\/td>\n<td>T5-T8<\/td>\n<\/tr>\n<tr>\n<td class=\"label\">Flujo de procesos<\/td>\n<td>Desarrollo de moldes-Palanquillas de aluminio-Calentamiento-Moldeo con aluminio bruto-Recubrimiento de polvo anodizado<\/td>\n<\/tr>\n<tr>\n<td class=\"label\">Superficie anodizada<\/td>\n<td>1.L\u00edneas finas limpias y bonitas en la superficie.<\/td>\n<\/tr>\n<tr>\n<td class=\"label\">Aplicaci\u00f3n<\/td>\n<td>Industrial, Construcci\u00f3n<\/td>\n<\/tr>\n<tr>\n<td class=\"label\">Forma<\/td>\n<td>Personalizaci\u00f3n, Solided<\/td>\n<\/tr>\n<tr>\n<td class=\"label\">Tratamiento de superficies<\/td>\n<td>Acabado de fresado, anodizado, recubrimiento de potencia, chorro de arena, electroforesis, cepillado, pulido,<\/td>\n<\/tr>\n<tr>\n<td class=\"label\">Color<\/td>\n<td>Plata, negro, oro, champ\u00e1n, bronce, rojo, azul;<\/td>\n<\/tr>\n<tr>\n<td class=\"label\">Tratamiento en profundidad<\/td>\n<td>Corte, taladrado, mecanizado, punzonado, plegado, roscado, etc.<\/td>\n<\/tr>\n<tr>\n<td class=\"label\">Garant\u00eda<\/td>\n<td>ISO:9001, SONCAP, Certificado BV, TUV, SGS, o certificado del cliente Disponible<\/td>\n<\/tr>\n<tr>\n<td class=\"label\">MOQ<\/td>\n<td>200KG<\/td>\n<\/tr>\n<tr>\n<td class=\"label\">Plazo de entrega<\/td>\n<td>El desarrollo del molde y la conformaci\u00f3n de la muestra es de 12-15 d\u00edas, luego la duraci\u00f3n de la producci\u00f3n es de 15-25 d\u00edas despu\u00e9s de la recepci\u00f3n del dep\u00f3sito del comprador.<\/td>\n<\/tr>\n<tr>\n<td class=\"label\">Muestra gratuita<\/td>\n<td>1-3 d\u00edas se puede enviar<\/td>\n<\/tr>\n<\/table>\n<h2>Nuestra base de fabricaci\u00f3n<\/h2>\n<h3>Panorama de la f\u00e1brica<\/h3>\n<p><img decoding=\"async\" src=\"\/wp-content\/uploads\/factory-01.webp\"\/><\/p>\n<h3>Taller de fabricaci\u00f3n de barras de aluminio<\/h3>\n<p><img decoding=\"async\" src=\"\/wp-content\/uploads\/factory-02.webp\"\/><\/p>\n<\/p>\n<p><img decoding=\"async\" src=\"\/wp-content\/uploads\/factory-03.webp\"\/><\/p>\n<h3>Almac\u00e9n de moldes<\/h3>\n<p><img decoding=\"async\" src=\"\/wp-content\/uploads\/factory-04.webp\"\/><\/p>\n<h3>43 l\u00edneas de extrusi\u00f3n de aluminio (500-5500 toneladas)<\/h3>\n<p><img decoding=\"async\" src=\"\/wp-content\/uploads\/factory-05.webp\"\/><\/p>\n<p><img decoding=\"async\" src=\"\/wp-content\/uploads\/factory-06.webp\"\/><\/p>\n<p><img decoding=\"async\" src=\"\/wp-content\/uploads\/factory-07.webp\"\/><\/p>\n<h3>Taller de pintura en polvo<\/h3>\n<p><img decoding=\"async\" src=\"\/wp-content\/uploads\/factory-09.webp\"\/><\/p>\n<h3>Taller de anodizado<\/h3>\n<p><img decoding=\"async\" src=\"\/wp-content\/uploads\/factory-10.webp\"\/><\/p>\n<h3>Taller de procesamiento profundo<\/h3>\n<p><img decoding=\"async\" src=\"\/wp-content\/uploads\/factory-11.webp\"\/><\/p>\n<h3>Taller de mecanizado de precisi\u00f3n CNC<\/h3>\n<p><img decoding=\"async\" src=\"\/wp-content\/uploads\/factory-11.5.webp\"\/><\/p>\n<h3>Almac\u00e9n de productos acabados y de exportaci\u00f3n<\/h3>\n<p><img decoding=\"async\" src=\"\/wp-content\/uploads\/factory-12.webp\"\/><\/p>\n<p><img decoding=\"async\" src=\"\/wp-content\/uploads\/factory-13.webp\"\/><\/p>\n<p><img decoding=\"async\" src=\"\/wp-content\/uploads\/factory-14.webp\"\/><\/p>\n<h2>PREGUNTAS FRECUENTES<\/h2>\n<p><b>1.\u00bfQu\u00e9 es un perfil de componentes modulares de la industria de extrusi\u00f3n de aluminio? <\/b><\/p>\n<p> Un perfil de componentes modulares para la industria de extrusi\u00f3n de aluminio es una pieza de aluminio personalizable que se utiliza en estructuras y sistemas industriales para ensamblaje y automatizaci\u00f3n.\n<\/p>\n<p><\/p>\n<p><b>2.\u00bfCu\u00e1les son las principales caracter\u00edsticas de los perfiles para componentes modulares de la industria de extrusi\u00f3n de aluminio? <\/b><\/p>\n<p> Estos perfiles ofrecen alta resistencia, ingenier\u00eda de precisi\u00f3n, resistencia a la corrosi\u00f3n y compatibilidad con una amplia gama de componentes modulares.\n<\/p>\n<p><\/p>\n<p><b>3. \u00bfPor qu\u00e9 utilizar la extrusi\u00f3n de aluminio para componentes modulares industriales? <\/b><\/p>\n<p> La extrusi\u00f3n de aluminio proporciona soluciones ligeras pero duraderas, lo que facilita el montaje, la flexibilidad y reduce el tiempo de producci\u00f3n en entornos industriales.\n<\/p>\n<p><\/p>\n<p><b>4.\u00bfSe pueden personalizar los perfiles de componentes modulares de la industria de extrusi\u00f3n de aluminio? <\/b><\/p>\n<p> S\u00ed, estos perfiles pueden adaptarse en tama\u00f1o, forma y tratamiento superficial para ajustarse a requisitos espec\u00edficos de dise\u00f1o industrial y funcionalidad.\n<\/p>\n<p><\/p>\n<p><b>5.\u00bfQu\u00e9 ventajas ofrecen los perfiles modulares de extrusi\u00f3n de aluminio a la automatizaci\u00f3n industrial? <\/b><\/p>\n<p> Permiten un montaje y una reconfiguraci\u00f3n r\u00e1pidos y sin herramientas, por lo que son ideales para sistemas de automatizaci\u00f3n din\u00e1micos y configuraciones de fabricaci\u00f3n ajustada.\n<\/p>\n<p><\/p>\n<p><b>6. \u00bfQu\u00e9 industrias utilizan perfiles de componentes modulares de extrusi\u00f3n de aluminio? <\/b><\/p>\n<p> Estos perfiles se utilizan ampliamente en las industrias de fabricaci\u00f3n, automoci\u00f3n, electr\u00f3nica, rob\u00f3tica y envasado.\n<\/p>\n<p><\/p>\n<p><b>7.\u00bfApoyan los perfiles de componentes modulares de la industria de extrusi\u00f3n de aluminio la sostenibilidad? <\/b><\/p>\n<p> S\u00ed, los perfiles de aluminio son reciclables y energ\u00e9ticamente eficientes, en l\u00ednea con las pr\u00e1cticas sostenibles de la industria.\n<\/p>\n<p><\/p>\n<p><b>8.\u00bfC\u00f3mo reducen los costes operativos los perfiles modulares de aluminio? <\/b><\/p>\n<p> Su reutilizaci\u00f3n, facilidad de instalaci\u00f3n y mantenimiento m\u00ednimo contribuyen a reducir los costes de mano de obra, material y tiempo de inactividad en las operaciones industriales.\n<\/p>\n<p><\/p>\n<p><b>9.\u00bfQu\u00e9 opciones de conexi\u00f3n existen para los perfiles modulares de aluminio? <\/b><\/p>\n<p> Existe una gran variedad de conectores, soportes y placas de uni\u00f3n para garantizar configuraciones de montaje resistentes y flexibles.\n<\/p>\n<p><\/p>\n<p><b>10.\u00bfSon compatibles los perfiles modulares de extrusi\u00f3n de aluminio con los accesorios est\u00e1ndar? <\/b><\/p>\n<p> S\u00ed, est\u00e1n dise\u00f1ados para ser compatibles con la mayor\u00eda de fijaciones, paneles y accesorios industriales est\u00e1ndar para una integraci\u00f3n perfecta.\n<\/p>\n<p><\/p>","protected":false},"featured_media":5988,"template":"","categories":[55],"class_list":["post-5989","product","type-product","status-publish","has-post-thumbnail","hentry","category-extruded-aluminum-profiles"],"meta_box":{"hilight_text_group":{"product_hilight_text":"<li>Modular design enables quick assembly and flexible configuration, reducing equipment development time<\/li>\r\r\n<li>High-strength aluminum alloy ensures durability and lightweight performance for various industrial environments<\/li>\r\r\n<li>Compatible with a wide range of standard accessories for enhanced system scalability<\/li>\r\r\n<li>Anodized surface treatment provides corrosion resistance and a professional appearance with minimal maintenance<\/li>\r\r\n<li>Supports customized cross-sections, drilling, and lengths to meet specific industry application needs<\/li>","product_chanpin_chanpin":"<li><a href=\"https:\/\/sinoextrud.com\/product\/aluminum-extrusion-flood-control-barrier-aluminum-profile\/\" target=\"_blank\">Aluminum Extrusion Flood Control Barrier Aluminum Profile<\/a><\/li>\r\n<li><a href=\"https:\/\/sinoextrud.com\/product\/extruded-aluminum-flat-bar-6061-7075\/\" target=\"_blank\">Extruded Aluminum Flat Bar 6061 7075<\/a><\/li>\r\n<li><a href=\"https:\/\/sinoextrud.com\/product\/extruded-aluminum-tubing-shapes-supplier\/\" target=\"_blank\">Extruded Aluminum Tubing Shapes Supplier<\/a><\/li>\r\n<li><a href=\"https:\/\/sinoextrud.com\/product\/aluminium-profile-bed-frame\/\" target=\"_blank\">Aluminium Profile Bed Frame<\/a><\/li>\r\n<li><a href=\"https:\/\/sinoextrud.com\/product\/aluminum-extrusion-industry-modular-components-profile\/\" target=\"_blank\">Aluminum Extrusion Industry Modular Components Profile<\/a><\/li>\r\n<li><a href=\"https:\/\/sinoextrud.com\/product\/aluminium-profile-systems\/\" target=\"_blank\">Aluminium Profile Systems<\/a><\/li>\r\n<li><a href=\"https:\/\/sinoextrud.com\/product\/aluminium-extrusion-profile-section\/\" target=\"_blank\">Aluminium Extrusion Profile Section(Great Wall panel aluminum profile)<\/a><\/li>\r\n<li><a href=\"https:\/\/sinoextrud.com\/product\/industrial-aluminum-profiles\/\" target=\"_blank\">Industrial Aluminum Profiles<\/a><\/li>\r\n<li><a href=\"https:\/\/sinoextrud.com\/product\/aluminum-extruded-profile\/\" target=\"_blank\">Aluminum Extruded Profile<\/a><\/li>\r\n<li><a href=\"https:\/\/sinoextrud.com\/product\/anodized-powder-coated-window-louver-extrusion-shutter-aluminum-profiles\/\" target=\"_blank\">Anodized Powder Coated Window Louver Extrusion Shutter Aluminum Profiles<\/a><\/li>\r\n<li><a href=\"https:\/\/sinoextrud.com\/product\/electrophoresis-aluminum-profile-wood-grain\/\" target=\"_blank\">Electrophoresis Aluminum Profile Wood Grain<\/a><\/li>"},"feature_list":[]},"_links":{"self":[{"href":"https:\/\/sinoextrud.com\/es\/wp-json\/wp\/v2\/product\/5989","targetHints":{"allow":["GET"]}}],"collection":[{"href":"https:\/\/sinoextrud.com\/es\/wp-json\/wp\/v2\/product"}],"about":[{"href":"https:\/\/sinoextrud.com\/es\/wp-json\/wp\/v2\/types\/product"}],"wp:featuredmedia":[{"embeddable":true,"href":"https:\/\/sinoextrud.com\/es\/wp-json\/wp\/v2\/media\/5988"}],"wp:attachment":[{"href":"https:\/\/sinoextrud.com\/es\/wp-json\/wp\/v2\/media?parent=5989"}],"wp:term":[{"taxonomy":"category","embeddable":true,"href":"https:\/\/sinoextrud.com\/es\/wp-json\/wp\/v2\/categories?post=5989"}],"curies":[{"name":"wp","href":"https:\/\/api.w.org\/{rel}","templated":true}]}}