{"id":5987,"date":"2025-05-23T15:26:39","date_gmt":"2025-05-23T15:26:39","guid":{"rendered":"https:\/\/sinoextrud.com\/?post_type=product&#038;p=5987"},"modified":"2025-06-24T03:52:53","modified_gmt":"2025-06-24T03:52:53","slug":"somier-de-perfil-de-aluminio","status":"publish","type":"product","link":"https:\/\/sinoextrud.com\/es\/product\/aluminium-profile-bed-frame\/","title":{"rendered":"Somier de aluminio"},"content":{"rendered":"<h2>Productos<\/h2>\n<table class=\"custom-table\">\n<tr>\n<td class=\"label\">Nombre del producto<\/td>\n<td>Marco de cama de perfil de aluminio,marco de cama flotante de aluminio<\/td>\n<\/tr>\n<tr>\n<td class=\"label\">Gama de productos<\/td>\n<td>extrusiones de aluminio para el marco de la cama de metal, marco de la cama, cama marco de metal, marco de la cama de metal, sof\u00e1 cama marco de metal, marco de la cama de metal, marco de la cama de bajo perfil, marco de la cama de aluminio, marco de la cama del sof\u00e1, patas de la cama para el marco de la cama<\/td>\n<\/tr>\n<tr>\n<td class=\"label\">Sistemas adecuados Tipos<\/td>\n<td>marco de la cama de plataforma de metal, marco de la cama flotante, litera marco de metal, rey marco de la cama de metal, plegable sof\u00e1 cama de metal marco, cama de metal tama\u00f1o king, cama de metal tama\u00f1o king, marco de la cama de metal con la cabeza suave, marco de la cama de metal de tama\u00f1o doble, etc.<\/td>\n<\/tr>\n<tr>\n<td class=\"label\">Tratamiento de superficies<\/td>\n<td>acabado de fresado, anodizado, veteado de madera, recubrimiento en\u00e9rgico, chorro de arena, electroforesis, cepillado, pulido, etc.<\/td>\n<\/tr>\n<tr>\n<td class=\"label\">Procesado profundo CNC<\/td>\n<td>corte, taladrado, mecanizado, punzonado, plegado, roscado, etc.<\/td>\n<\/tr>\n<tr>\n<td class=\"label\">Certificaciones<\/td>\n<td>CE, ISO, SGS, TUV, ROHS<\/td>\n<\/tr>\n<tr>\n<td class=\"label\">Muestras<\/td>\n<td>muestra gratis. 1-3 d\u00edas de entrega a usted.<\/td>\n<\/tr>\n<tr>\n<td class=\"label\">MOQ<\/td>\n<td>200KG para cada perfil<\/td>\n<\/tr>\n<tr>\n<td class=\"label\">Plazo de entrega<\/td>\n<td>El desarrollo del molde y la conformaci\u00f3n de la muestra es de 12-15 d\u00edas, luego la duraci\u00f3n de la producci\u00f3n es de 15-25 d\u00edas despu\u00e9s de la recepci\u00f3n del dep\u00f3sito del comprador.<\/td>\n<\/tr>\n<tr>\n<td class=\"label\">Condiciones de pago<\/td>\n<td>30% dep\u00f3sito antes de la producci\u00f3n, y el saldo antes del env\u00edo.<\/td>\n<\/tr>\n<tr>\n<td class=\"label\">Funci\u00f3n<\/td>\n<td>Multifuncional, soporte, extra\u00edble<\/td>\n<\/tr>\n<\/table>\n<h2>Nuestra base de fabricaci\u00f3n<\/h2>\n<h3>Panorama de la f\u00e1brica<\/h3>\n<p><img decoding=\"async\" src=\"\/wp-content\/uploads\/factory-01.webp\"\/><\/p>\n<h3>Taller de fabricaci\u00f3n de barras de aluminio<\/h3>\n<p><img decoding=\"async\" src=\"\/wp-content\/uploads\/factory-02.webp\"\/><\/p>\n<\/p>\n<p><img decoding=\"async\" src=\"\/wp-content\/uploads\/factory-03.webp\"\/><\/p>\n<h3>Almac\u00e9n de moldes<\/h3>\n<p><img decoding=\"async\" src=\"\/wp-content\/uploads\/factory-04.webp\"\/><\/p>\n<h3>43 L\u00c3neas de extrusi\u00c3\u00b3n de aluminio (500\u00e2\u20ac\"5500 toneladas)<\/h3>\n<p><img decoding=\"async\" src=\"\/wp-content\/uploads\/factory-05.webp\"\/><\/p>\n<p><img decoding=\"async\" src=\"\/wp-content\/uploads\/factory-06.webp\"\/><\/p>\n<p><img decoding=\"async\" src=\"\/wp-content\/uploads\/factory-07.webp\"\/><\/p>\n<h3>Taller de pintura en polvo<\/h3>\n<p><img decoding=\"async\" src=\"\/wp-content\/uploads\/factory-09.webp\"\/><\/p>\n<h3>Taller de anodizado<\/h3>\n<p><img decoding=\"async\" src=\"\/wp-content\/uploads\/factory-10.webp\"\/><\/p>\n<h3>Taller de procesamiento profundo<\/h3>\n<p><img decoding=\"async\" src=\"\/wp-content\/uploads\/factory-11.webp\"\/><\/p>\n<h3>Taller de mecanizado de precisi\u00f3n CNC<\/h3>\n<p><img decoding=\"async\" src=\"\/wp-content\/uploads\/factory-11.5.webp\"\/><\/p>\n<h3>Almac\u00e9n de productos acabados y de exportaci\u00f3n<\/h3>\n<p><img decoding=\"async\" src=\"\/wp-content\/uploads\/factory-12.webp\"\/><\/p>\n<p><img decoding=\"async\" src=\"\/wp-content\/uploads\/factory-13.webp\"\/><\/p>\n<p><img decoding=\"async\" src=\"\/wp-content\/uploads\/factory-14.webp\"\/><\/p>\n<h2>PREGUNTAS FRECUENTES<\/h2>\n<p><b>1. \u00bfQu\u00e9 es un somier de aluminio? <\/b><\/p>\n<p> Un somier de perfil de aluminio es una estructura de cama construida con extrusiones modulares de aluminio, que ofrece resistencia, estabilidad y un dise\u00f1o moderno para uso residencial o comercial.\n<\/p>\n<p><\/p>\n<p><b>2.\u00bfCu\u00e1les son las ventajas de un somier de perfil de aluminio? <\/b><\/p>\n<p> Los somieres de aluminio son ligeros, resistentes al \u00f3xido, duraderos y f\u00e1ciles de montar, por lo que son ideales para un uso prolongado y de bajo mantenimiento.\n<\/p>\n<p><\/p>\n<p><b>3.\u00bfQu\u00e9 resistencia tiene un somier de perfil de aluminio? <\/b><\/p>\n<p> Construidos con extrusiones de aluminio de alta calidad, estos somieres proporcionan una excelente capacidad de carga e integridad estructural.\n<\/p>\n<p><\/p>\n<p><b>4.\u00bfEs f\u00e1cil montar un somier de aluminio? <\/b><\/p>\n<p> S\u00ed, el dise\u00f1o modular y los perfiles de aluminio precortados permiten un montaje r\u00e1pido y sencillo con el m\u00ednimo esfuerzo.\n<\/p>\n<p><\/p>\n<p><b>5. \u00bfSe pueden personalizar los somieres de aluminio? <\/b><\/p>\n<p> Por supuesto, pueden adaptarse en tama\u00f1o, altura y estilo para adaptarse a dise\u00f1os de interior espec\u00edficos o preferencias personales.\n<\/p>\n<p><\/p>\n<p><b>6.\u00bfEs un somier de perfil de aluminio respetuoso con el medio ambiente? <\/b><\/p>\n<p> S\u00ed, el aluminio es 100% reciclable y duradero, lo que convierte a estos somieres en una elecci\u00f3n sostenible y respetuosa con el medio ambiente.\n<\/p>\n<p><\/p>\n<p><b>7.\u00bfSe oxida con el tiempo un somier de perfil de aluminio? <\/b><\/p>\n<p> No, el aluminio es resistente a la corrosi\u00f3n por naturaleza, lo que garantiza que el somier no se oxide ni siquiera en ambientes h\u00famedos.\n<\/p>\n<p><\/p>\n<p><b>8.\u00bfQu\u00e9 diferencia hay entre un somier de aluminio y uno de madera o acero? <\/b><\/p>\n<p> En comparaci\u00f3n con la madera o el acero, los somieres de perfil de aluminio son m\u00e1s ligeros, m\u00e1s resistentes al desgaste y la humedad, y m\u00e1s f\u00e1ciles de mover o modificar.\n<\/p>\n<p><\/p>\n<p><b>9.\u00bfSon adecuados los somieres de aluminio para uso comercial? <\/b><\/p>\n<p> S\u00ed, su construcci\u00f3n robusta y su aspecto elegante las hacen ideales para hoteles, dormitorios y entornos sanitarios.\n<\/p>\n<p><\/p>\n<p><b>10.\u00bfQu\u00e9 estilos hay disponibles para los somieres de perfiles de aluminio? <\/b><\/p>\n<p> Los somieres de perfil de aluminio pueden dise\u00f1arse en estilos minimalistas, modernos, industriales o personalizados para adaptarse a una gran variedad de est\u00e9ticas.\n<\/p>\n<p><\/p>","protected":false},"featured_media":5986,"template":"","categories":[55],"class_list":["post-5987","product","type-product","status-publish","has-post-thumbnail","hentry","category-extruded-aluminum-profiles"],"meta_box":{"hilight_text_group":{"product_hilight_text":"<li>Durable aluminum construction ensures long lifespan with minimal maintenance<\/li>\r\r\n<li>Lightweight design for easy transport and installation<\/li>\r\r\n<li>Modular structure allows quick assembly and customization<\/li>\r\r\n<li>Corrosion-resistant finish suitable for medical, dormitory, and industrial use<\/li>\r\r\n<li>Supports heavy loads while maintaining structural stability<\/li>","product_chanpin_chanpin":"<li><a href=\"https:\/\/sinoextrud.com\/product\/aluminum-extrusion-7003-7005-7020\/\" target=\"_blank\">Aluminum Extrusion 7003 7005 7020 High Hardness Anodized Aluminum Profile<\/a><\/li>\r\n<li><a href=\"https:\/\/sinoextrud.com\/product\/aluminum-extrusion-flood-control-barrier-aluminum-profile\/\" target=\"_blank\">Aluminum Extrusion Flood Control Barrier Aluminum Profile<\/a><\/li>\r\n<li><a href=\"https:\/\/sinoextrud.com\/product\/extruded-aluminum-flat-bar-6061-7075\/\" target=\"_blank\">Extruded Aluminum Flat Bar 6061 7075<\/a><\/li>\r\n<li><a href=\"https:\/\/sinoextrud.com\/product\/extruded-aluminum-tubing-shapes-supplier\/\" target=\"_blank\">Extruded Aluminum Tubing Shapes Supplier<\/a><\/li>\r\n<li><a href=\"https:\/\/sinoextrud.com\/product\/aluminium-profile-bed-frame\/\" target=\"_blank\">Aluminium Profile Bed Frame<\/a><\/li>\r\n<li><a href=\"https:\/\/sinoextrud.com\/product\/aluminum-extrusion-industry-modular-components-profile\/\" target=\"_blank\">Aluminum Extrusion Industry Modular Components Profile<\/a><\/li>\r\n<li><a href=\"https:\/\/sinoextrud.com\/product\/aluminium-profile-systems\/\" target=\"_blank\">Aluminium Profile Systems<\/a><\/li>\r\n<li><a href=\"https:\/\/sinoextrud.com\/product\/aluminium-extrusion-profile-section\/\" target=\"_blank\">Aluminium Extrusion Profile Section(Great Wall panel aluminum profile)<\/a><\/li>\r\n<li><a href=\"https:\/\/sinoextrud.com\/product\/industrial-aluminum-profiles\/\" target=\"_blank\">Industrial Aluminum Profiles<\/a><\/li>\r\n<li><a href=\"https:\/\/sinoextrud.com\/product\/decoration-aluminium\/\" target=\"_blank\">Decoration aluminium<\/a><\/li>\r\n<li><a href=\"https:\/\/sinoextrud.com\/product\/anodized-matt-and-various-color-extruded-construction-aluminium-profile\/\" target=\"_blank\">Anodized Matt And Various Color Extruded Construction Aluminium Profile<\/a><\/li>"},"feature_list":[]},"_links":{"self":[{"href":"https:\/\/sinoextrud.com\/es\/wp-json\/wp\/v2\/product\/5987","targetHints":{"allow":["GET"]}}],"collection":[{"href":"https:\/\/sinoextrud.com\/es\/wp-json\/wp\/v2\/product"}],"about":[{"href":"https:\/\/sinoextrud.com\/es\/wp-json\/wp\/v2\/types\/product"}],"wp:featuredmedia":[{"embeddable":true,"href":"https:\/\/sinoextrud.com\/es\/wp-json\/wp\/v2\/media\/5986"}],"wp:attachment":[{"href":"https:\/\/sinoextrud.com\/es\/wp-json\/wp\/v2\/media?parent=5987"}],"wp:term":[{"taxonomy":"category","embeddable":true,"href":"https:\/\/sinoextrud.com\/es\/wp-json\/wp\/v2\/categories?post=5987"}],"curies":[{"name":"wp","href":"https:\/\/api.w.org\/{rel}","templated":true}]}}