{"id":5983,"date":"2025-05-23T15:20:00","date_gmt":"2025-05-23T15:20:00","guid":{"rendered":"https:\/\/sinoextrud.com\/?post_type=product&#038;p=5983"},"modified":"2025-06-24T03:52:50","modified_gmt":"2025-06-24T03:52:50","slug":"barra-plana-de-aluminio-extruido-6061-7075","status":"publish","type":"product","link":"https:\/\/sinoextrud.com\/es\/product\/extruded-aluminum-flat-bar-6061-7075\/","title":{"rendered":"Barra plana de aluminio extruido 6061 7075"},"content":{"rendered":"<h2>Productos<\/h2>\n<table class=\"custom-table\">\n<tr>\n<td class=\"label\">Nombre del producto<\/td>\n<td>Barra plana de aluminio extruido 6061 7075<\/td>\n<\/tr>\n<tr>\n<td class=\"label\">Aleaci\u00f3n<\/td>\n<td>6061, 7075<\/td>\n<\/tr>\n<tr>\n<td class=\"label\">Tratamiento de superficies<\/td>\n<td>acabado de fresado, anodizado, veteado de madera, recubrimiento en\u00e9rgico, chorro de arena, electroforesis, cepillado, pulido, etc.<\/td>\n<\/tr>\n<tr>\n<td class=\"label\">Procesado profundo CNC<\/td>\n<td>corte, taladrado, mecanizado, punzonado, plegado, roscado, etc.<\/td>\n<\/tr>\n<tr>\n<td class=\"label\">Certificaciones<\/td>\n<td>CE, ISO, SGS, TUV, ROHS<\/td>\n<\/tr>\n<tr>\n<td class=\"label\">Muestras<\/td>\n<td>muestra gratis. 1-3 d\u00edas de entrega a usted.<\/td>\n<\/tr>\n<tr>\n<td class=\"label\">MOQ<\/td>\n<td>300KG para cada perfil<\/td>\n<\/tr>\n<tr>\n<td class=\"label\">Plazo de entrega<\/td>\n<td>El desarrollo del molde y la conformaci\u00f3n de la muestra es de 12-15 d\u00edas, luego la duraci\u00f3n de la producci\u00f3n es de 15-25 d\u00edas despu\u00e9s de la recepci\u00f3n del dep\u00f3sito del comprador.<\/td>\n<\/tr>\n<tr>\n<td class=\"label\">Condiciones de pago<\/td>\n<td>30% dep\u00f3sito antes de la producci\u00f3n, y el saldo antes del env\u00edo.<\/td>\n<\/tr>\n<\/table>\n<h2>Nuestra base de fabricaci\u00f3n<\/h2>\n<h3>Panorama de la f\u00e1brica<\/h3>\n<p><img decoding=\"async\" src=\"\/wp-content\/uploads\/factory-01.webp\"\/><\/p>\n<h3>Taller de fabricaci\u00f3n de barras de aluminio<\/h3>\n<p><img decoding=\"async\" src=\"\/wp-content\/uploads\/factory-02.webp\"\/><\/p>\n<\/p>\n<p><img decoding=\"async\" src=\"\/wp-content\/uploads\/factory-03.webp\"\/><\/p>\n<h3>Almac\u00e9n de moldes<\/h3>\n<p><img decoding=\"async\" src=\"\/wp-content\/uploads\/factory-04.webp\"\/><\/p>\n<h3>43 L\u00c3neas de extrusi\u00c3\u00b3n de aluminio (500\u00e2\u20ac\"5500 toneladas)<\/h3>\n<p><img decoding=\"async\" src=\"\/wp-content\/uploads\/factory-05.webp\"\/><\/p>\n<p><img decoding=\"async\" src=\"\/wp-content\/uploads\/factory-06.webp\"\/><\/p>\n<p><img decoding=\"async\" src=\"\/wp-content\/uploads\/factory-07.webp\"\/><\/p>\n<h3>Taller de pintura en polvo<\/h3>\n<p><img decoding=\"async\" src=\"\/wp-content\/uploads\/factory-09.webp\"\/><\/p>\n<h3>Taller de anodizado<\/h3>\n<p><img decoding=\"async\" src=\"\/wp-content\/uploads\/factory-10.webp\"\/><\/p>\n<h3>Taller de procesamiento profundo<\/h3>\n<p><img decoding=\"async\" src=\"\/wp-content\/uploads\/factory-11.webp\"\/><\/p>\n<h3>Taller de mecanizado de precisi\u00f3n CNC<\/h3>\n<p><img decoding=\"async\" src=\"\/wp-content\/uploads\/factory-11.5.webp\"\/><\/p>\n<h3>Almac\u00e9n de productos acabados y de exportaci\u00f3n<\/h3>\n<p><img decoding=\"async\" src=\"\/wp-content\/uploads\/factory-12.webp\"\/><\/p>\n<p><img decoding=\"async\" src=\"\/wp-content\/uploads\/factory-13.webp\"\/><\/p>\n<p><img decoding=\"async\" src=\"\/wp-content\/uploads\/factory-14.webp\"\/><\/p>\n<h2>PREGUNTAS FRECUENTES<\/h2>\n<p><b>1. \u00bfQu\u00e9 es una barra plana de aluminio extruido 6061 7075? <\/b><\/p>\n<p> La barra plana de aluminio extruido 6061 7075 es una barra rectangular de aluminio producida por extrusi\u00f3n, disponible en aleaciones 6061 y 7075, ampliamente utilizada en aplicaciones estructurales y de mecanizado.\n<\/p>\n<p><\/p>\n<p><b>2.\u00bfCu\u00e1les son las principales diferencias entre las pletinas de aluminio 6061 y 7075? <\/b><\/p>\n<p> Las barras planas de aluminio 6061 ofrecen una buena resistencia a la corrosi\u00f3n y soldabilidad, mientras que las barras planas de aluminio 7075 proporcionan una mayor resistencia y son ideales para aplicaciones aeroespaciales y de alto rendimiento.\n<\/p>\n<p><\/p>\n<p><b>3. \u00bfCu\u00e1les son las ventajas de utilizar la barra plana de aluminio extruido 6061? <\/b><\/p>\n<p> Las barras planas de aluminio 6061 ofrecen una excelente maquinabilidad, resistencia a la corrosi\u00f3n y versatilidad para aplicaciones estructurales y de ingenier\u00eda general.\n<\/p>\n<p><\/p>\n<p><b>4. \u00bfCu\u00e1les son las ventajas de la barra plana de aluminio extruido 7075? <\/b><\/p>\n<p> Las barras planas de aluminio 7075 ofrecen una excepcional relaci\u00f3n resistencia-peso y resistencia a la fatiga, lo que las hace perfectas para usos exigentes en la industria aeroespacial, de automoci\u00f3n y de defensa.\n<\/p>\n<p><\/p>\n<p><b>5. \u00bfSon f\u00e1ciles de mecanizar las barras planas de aluminio extruido? <\/b><\/p>\n<p> S\u00ed, tanto las barras planas de aluminio extruido 6061 como las 7075 ofrecen una excelente mecanizabilidad, lo que las hace adecuadas para operaciones CNC y fabricaci\u00f3n.\n<\/p>\n<p><\/p>\n<p><b>6.\u00bfSe puede anodizar la barra plana de aluminio extruido 6061 7075? <\/b><\/p>\n<p> Por supuesto, tanto las barras planas de aluminio 6061 como las de aluminio 7075 admiten anodizado y otros tratamientos superficiales para mejorar la durabilidad y la est\u00e9tica.\n<\/p>\n<p><\/p>\n<p><b>7. \u00bfQu\u00e9 industrias utilizan la barra plana de aluminio extruido 6061 7075? <\/b><\/p>\n<p> Estas barras planas de aluminio se utilizan habitualmente en las industrias aeroespacial, automovil\u00edstica, naval, de la construcci\u00f3n y del mecanizado de precisi\u00f3n.\n<\/p>\n<p><\/p>\n<p><b>8. \u00bfQu\u00e9 resistencia tienen las barras planas de aluminio extruido 6061 y 7075? <\/b><\/p>\n<p> La 7075 es una de las aleaciones de aluminio m\u00e1s resistentes que existen, mientras que la 6061 proporciona suficiente resistencia para la mayor\u00eda de las aplicaciones estructurales con resistencia a\u00f1adida a la corrosi\u00f3n.\n<\/p>\n<p><\/p>\n<p><b>9. \u00bfEs resistente a la corrosi\u00f3n la barra plana de aluminio extruido 6061 7075? <\/b><\/p>\n<p> S\u00ed, especialmente el 6061, que tiene una excelente resistencia a la corrosi\u00f3n; el 7075 tambi\u00e9n da buenos resultados cuando se trata o recubre adecuadamente.\n<\/p>\n<p><\/p>\n<p><b>10.\u00bfSon las barras planas de aluminio 6061 y 7075 respetuosas con el medio ambiente? <\/b><\/p>\n<p> S\u00ed, el aluminio es 100% reciclable, por lo que tanto las barras planas extruidas 6061 como las 7075 son opciones sostenibles para uso industrial.\n<\/p>\n<p><\/p>","protected":false},"featured_media":5982,"template":"","categories":[55],"class_list":["post-5983","product","type-product","status-publish","has-post-thumbnail","hentry","category-extruded-aluminum-profiles"],"meta_box":{"hilight_text_group":{"product_hilight_text":"<li>Available in high-performance alloys 6061 and 7075 for strength and machinability<\/li>\r\r\n<li>Excellent strength-to-weight ratio, ideal for structural and aerospace applications<\/li>\r\r\n<li>Superior corrosion resistance (6061) and high fatigue strength (7075)<\/li>\r\r\n<li>Consistent flatness and dimensional accuracy for precision fabrication<\/li>\r\r\n<li>Easy to machine, weld, and surface finish for various industrial uses<\/li>","product_chanpin_chanpin":"<li><a href=\"https:\/\/sinoextrud.com\/product\/aluminum-extrusion-6101b-conductive-rail-aluminum-profile\/\" target=\"_blank\">Aluminum Extrusion 6101B Conductive Rail Aluminum Profile<\/a><\/li>\r\n<li><a href=\"https:\/\/sinoextrud.com\/product\/aluminum-extrusion-aluminum-rolling-shutters-profile\/\" target=\"_blank\">Aluminum Extrusion Aluminum Rolling Shutters Profile<\/a><\/li>\r\n<li><a href=\"https:\/\/sinoextrud.com\/product\/aluminum-extrusion-7003-7005-7020\/\" target=\"_blank\">Aluminum Extrusion 7003 7005 7020 High Hardness Anodized Aluminum Profile<\/a><\/li>\r\n<li><a href=\"https:\/\/sinoextrud.com\/product\/aluminum-extrusion-flood-control-barrier-aluminum-profile\/\" target=\"_blank\">Aluminum Extrusion Flood Control Barrier Aluminum Profile<\/a><\/li>\r\n<li><a href=\"https:\/\/sinoextrud.com\/product\/extruded-aluminum-flat-bar-6061-7075\/\" target=\"_blank\">Extruded Aluminum Flat Bar 6061 7075<\/a><\/li>\r\n<li><a href=\"https:\/\/sinoextrud.com\/product\/extruded-aluminum-tubing-shapes-supplier\/\" target=\"_blank\">Extruded Aluminum Tubing Shapes Supplier<\/a><\/li>\r\n<li><a href=\"https:\/\/sinoextrud.com\/product\/aluminium-profile-bed-frame\/\" target=\"_blank\">Aluminium Profile Bed Frame<\/a><\/li>\r\n<li><a href=\"https:\/\/sinoextrud.com\/product\/aluminum-extrusion-industry-modular-components-profile\/\" target=\"_blank\">Aluminum Extrusion Industry Modular Components Profile<\/a><\/li>\r\n<li><a href=\"https:\/\/sinoextrud.com\/product\/aluminium-profile-systems\/\" target=\"_blank\">Aluminium Profile Systems<\/a><\/li>\r\n<li><a href=\"https:\/\/sinoextrud.com\/product\/extruded-aluminum-handrail\/\" target=\"_blank\">Extruded Aluminum Handrail<\/a><\/li>\r\n<li><a href=\"https:\/\/sinoextrud.com\/product\/aluminum-profile-for-shower-enclosure\/\" target=\"_blank\">Aluminum Profile For Shower Enclosure<\/a><\/li>"},"feature_list":[]},"_links":{"self":[{"href":"https:\/\/sinoextrud.com\/es\/wp-json\/wp\/v2\/product\/5983","targetHints":{"allow":["GET"]}}],"collection":[{"href":"https:\/\/sinoextrud.com\/es\/wp-json\/wp\/v2\/product"}],"about":[{"href":"https:\/\/sinoextrud.com\/es\/wp-json\/wp\/v2\/types\/product"}],"wp:featuredmedia":[{"embeddable":true,"href":"https:\/\/sinoextrud.com\/es\/wp-json\/wp\/v2\/media\/5982"}],"wp:attachment":[{"href":"https:\/\/sinoextrud.com\/es\/wp-json\/wp\/v2\/media?parent=5983"}],"wp:term":[{"taxonomy":"category","embeddable":true,"href":"https:\/\/sinoextrud.com\/es\/wp-json\/wp\/v2\/categories?post=5983"}],"curies":[{"name":"wp","href":"https:\/\/api.w.org\/{rel}","templated":true}]}}