{"id":5895,"date":"2025-05-22T16:12:38","date_gmt":"2025-05-22T16:12:38","guid":{"rendered":"https:\/\/sinoextrud.com\/?post_type=product&#038;p=5895"},"modified":"2025-06-24T03:52:44","modified_gmt":"2025-06-24T03:52:44","slug":"extrusion-de-aluminio-7003-7005-7020","status":"publish","type":"product","link":"https:\/\/sinoextrud.com\/es\/product\/aluminum-extrusion-7003-7005-7020\/","title":{"rendered":"Extrusi\u00f3n de aluminio 7003 7005 7020 Perfil de aluminio anodizado de alta dureza"},"content":{"rendered":"<h2>Productos<\/h2>\n<table class=\"custom-table\">\n<tr>\n<td class=\"label\">Nombre del producto<\/td>\n<td>Extrusi\u00f3n de aluminio 7003 7005 7020 Perfil de aluminio anodizado de alta dureza<\/td>\n<\/tr>\n<tr>\n<td class=\"label\">Aleaci\u00f3n de aluminio<\/td>\n<td>Serie 7000, aleaci\u00f3n de aluminio 7003 7005 7020<\/td>\n<\/tr>\n<tr>\n<td class=\"label\">Temple<\/td>\n<td>T3-T8<\/td>\n<\/tr>\n<tr>\n<td class=\"label\">Forma<\/td>\n<td>Seg\u00fan las necesidades del cliente<\/td>\n<\/tr>\n<tr>\n<td class=\"label\">Aplicaci\u00f3n<\/td>\n<td>Aeroespacial, Automoci\u00f3n, Construcci\u00f3n, Industria electr\u00f3nica, Equipamiento deportivo<\/td>\n<\/tr>\n<tr>\n<td class=\"label\">Tratamiento de superficies<\/td>\n<td>Acabado de fresado, anodizado, grano de madera, revestimiento de potencia, chorro de arena, electroforesis, cepillado, pulido, etc.<\/td>\n<\/tr>\n<tr>\n<td class=\"label\">Procesado profundo CNC<\/td>\n<td>Corte, taladrado, mecanizado, punzonado, plegado, roscado, etc.<\/td>\n<\/tr>\n<tr>\n<td class=\"label\">Muestras<\/td>\n<td>Muestra gratuita. 1-3 d\u00edas de entrega a usted.<\/td>\n<\/tr>\n<tr>\n<td class=\"label\">MOQ<\/td>\n<td>200KG Por Cada Perfil<\/td>\n<\/tr>\n<tr>\n<td class=\"label\">Plazo de entrega<\/td>\n<td>El desarrollo del molde y la conformaci\u00f3n de la muestra es de 12-15 d\u00edas, luego la duraci\u00f3n de la producci\u00f3n es de 15-25 d\u00edas despu\u00e9s de recibir el dep\u00f3sito del comprador.<\/td>\n<\/tr>\n<tr>\n<td class=\"label\">Condiciones de pago<\/td>\n<td>30% Dep\u00f3sito antes de la producci\u00f3n, y el saldo antes del env\u00edo.<\/td>\n<\/tr>\n<\/table>\n<h2>Nuestra base de fabricaci\u00f3n<\/h2>\n<h3>Panorama de la f\u00e1brica<\/h3>\n<p><img decoding=\"async\" src=\"\/wp-content\/uploads\/factory-01.webp\"\/><\/p>\n<h3>Taller de fabricaci\u00f3n de barras de aluminio<\/h3>\n<p><img decoding=\"async\" src=\"\/wp-content\/uploads\/factory-02.webp\"\/><\/p>\n<\/p>\n<p><img decoding=\"async\" src=\"\/wp-content\/uploads\/factory-03.webp\"\/><\/p>\n<h3>Almac\u00e9n de moldes<\/h3>\n<p><img decoding=\"async\" src=\"\/wp-content\/uploads\/factory-04.webp\"\/><\/p>\n<h3>43 L\u00c3neas de extrusi\u00c3\u00b3n de aluminio (500\u00e2\u20ac\"5500 toneladas)<\/h3>\n<p><img decoding=\"async\" src=\"\/wp-content\/uploads\/factory-05.webp\"\/><\/p>\n<p><img decoding=\"async\" src=\"\/wp-content\/uploads\/factory-06.webp\"\/><\/p>\n<p><img decoding=\"async\" src=\"\/wp-content\/uploads\/factory-07.webp\"\/><\/p>\n<h3>Taller de pintura en polvo<\/h3>\n<p><img decoding=\"async\" src=\"\/wp-content\/uploads\/factory-09.webp\"\/><\/p>\n<h3>Taller de anodizado<\/h3>\n<p><img decoding=\"async\" src=\"\/wp-content\/uploads\/factory-10.webp\"\/><\/p>\n<h3>Taller de procesamiento profundo<\/h3>\n<p><img decoding=\"async\" src=\"\/wp-content\/uploads\/factory-11.webp\"\/><\/p>\n<h3>Taller de mecanizado de precisi\u00f3n CNC<\/h3>\n<p><img decoding=\"async\" src=\"\/wp-content\/uploads\/factory-11.5.webp\"\/><\/p>\n<h3>Almac\u00e9n de productos acabados y de exportaci\u00f3n<\/h3>\n<p><img decoding=\"async\" src=\"\/wp-content\/uploads\/factory-12.webp\"\/><\/p>\n<p><img decoding=\"async\" src=\"\/wp-content\/uploads\/factory-13.webp\"\/><\/p>\n<p><img decoding=\"async\" src=\"\/wp-content\/uploads\/factory-14.webp\"\/><\/p>\n<h2>PREGUNTAS FRECUENTES<\/h2>\n<p><b>1.P: \u00bfQu\u00e9 es un perfil de aluminio anodizado de alta dureza para extrusi\u00f3n 7003 7005 7020? <\/b><\/p>\n<p> R: Se trata de un perfil de aluminio de alta resistencia a la corrosi\u00f3n fabricado con aleaciones 7003, 7005 o 7020, normalmente anodizado para mejorar su durabilidad y aspecto.\n<\/p>\n<p><\/p>\n<p><b>2.P: \u00bfCu\u00e1les son las principales ventajas de utilizar perfiles de extrusi\u00f3n de aluminio 7003? <\/b><\/p>\n<p> R: Los perfiles de extrusi\u00f3n de aluminio 7003 ofrecen una elevada relaci\u00f3n resistencia-peso, excelente soldabilidad y resistencia a la corrosi\u00f3n bajo tensi\u00f3n, ideales para aplicaciones estructurales y de automoci\u00f3n.\n<\/p>\n<p><\/p>\n<p><b>3.P: \u00bfC\u00f3mo se comporta el perfil de extrusi\u00f3n de aluminio 7005 en el uso industrial? <\/b><\/p>\n<p> R: El perfil de extrusi\u00f3n de aluminio 7005 ofrece una resistencia mec\u00e1nica superior y una excelente capacidad de anodizado, lo que lo hace adecuado para cuadros de bicicleta, art\u00edculos deportivos y estructuras aeroespaciales.\n<\/p>\n<p><\/p>\n<p><b>4.P: \u00bfPor qu\u00e9 elegir perfiles de aluminio 7020 de alta dureza? <\/b><\/p>\n<p> R: Los perfiles de aluminio 7020 de alta dureza proporcionan una tenacidad, mecanizabilidad y resistencia a la fatiga excepcionales, perfectos para usos estructurales y de ingenier\u00eda exigentes.\n<\/p>\n<p><\/p>\n<p><b>5.P: \u00bfCu\u00e1l es la ventaja de anodizar perfiles de aluminio? <\/b><\/p>\n<p> R: El anodizado mejora la dureza de la superficie, la resistencia a la corrosi\u00f3n y el atractivo est\u00e9tico de los perfiles de aluminio, haci\u00e9ndolos m\u00e1s duraderos para aplicaciones exteriores y de alto rendimiento.\n<\/p>\n<p><\/p>\n<p><b>6.P: \u00bfLas extrusiones de aluminio 7003 7005 7020 son aptas para la soldadura? <\/b><\/p>\n<p> R: S\u00ed, las extrusiones de aluminio 7003 y 7005 son muy soldables, y la 7020 tambi\u00e9n permite la soldadura con las t\u00e9cnicas adecuadas, por lo que las tres son adecuadas para ensamblajes complejos.\n<\/p>\n<p><\/p>\n<p><b>7.P: \u00bfQu\u00e9 industrias utilizan perfiles de aluminio anodizado de alta dureza? <\/b><\/p>\n<p> R: Estos perfiles se utilizan ampliamente en la industria aeroespacial, el transporte, el ej\u00e9rcito, la construcci\u00f3n y el equipamiento deportivo de alta gama debido a sus propiedades de fuerza y resistencia.\n<\/p>\n<p><\/p>\n<p><b>8.P: \u00bfC\u00f3mo se comparan los perfiles de aluminio de la serie 7000 con los de la serie 6000? <\/b><\/p>\n<p> R: Los perfiles de aluminio de la serie 7000, como los de las series 7003, 7005 y 7020, ofrecen una resistencia y una dureza significativamente mayores que los de la serie 6000, ideales para aplicaciones estructurales y de alta carga.\n<\/p>\n<p><\/p>\n<p><b>9.P: \u00bfEs bueno el aluminio anodizado serie 7000 para uso en exteriores? <\/b><\/p>\n<p> R: S\u00ed, los perfiles de aluminio anodizado de la serie 7000 ofrecen una excelente resistencia a la corrosi\u00f3n y durabilidad a la intemperie, por lo que son perfectos para componentes estructurales de exterior.\n<\/p>\n<p><\/p>\n<p><b>10.P: \u00bfSe pueden personalizar estos perfiles de alta dureza? <\/b><\/p>\n<p> R: Absolutamente, los perfiles de extrusi\u00f3n de aluminio 7003, 7005 y 7020 pueden adaptarse en forma, acabado y dimensiones para satisfacer requisitos industriales y arquitect\u00f3nicos espec\u00edficos.\n<\/p>\n<p><\/p>","protected":false},"featured_media":5894,"template":"","categories":[55],"class_list":["post-5895","product","type-product","status-publish","has-post-thumbnail","hentry","category-extruded-aluminum-profiles"],"meta_box":{"hilight_text_group":{"product_hilight_text":"<li>High hardness and strength from 7003, 7005, 7020 aluminum alloys<\/li>\r\r\n<li>Excellent corrosion resistance with anodized surface treatment<\/li>\r\r\n<li>Superior fatigue and impact resistance for structural applications<\/li>\r\r\n<li>Customizable extrusion profiles to match specific engineering needs<\/li>\r\r\n<li>Lightweight alternative to steel without compromising durability<\/li>\r\r\n<li>Good weldability and machinability for efficient production processes<\/li>\r\r\n<li>Ideal for aerospace, transportation, and high-performance equipment<\/li>","product_chanpin_chanpin":"<li><a href=\"https:\/\/sinoextrud.com\/product\/aluminum-extrusion-hard-anodizing-aluminum-profiles\/\" target=\"_blank\">Aluminum Extrusion Hard Anodizing Aluminum Profiles<\/a><\/li>\r\n<li><a href=\"https:\/\/sinoextrud.com\/product\/aluminium-extrud-6061-6082-7075-aluminum-alloy-profiles\/\" target=\"_blank\">Aluminum Extrusion 2024 7001 7003 Aluminum Profile<\/a><\/li>\r\n<li><a href=\"https:\/\/sinoextrud.com\/product\/aluminum-extrusion-6101b-conductive-rail-aluminum-profile\/\" target=\"_blank\">Aluminum Extrusion 6101B Conductive Rail Aluminum Profile<\/a><\/li>\r\n<li><a href=\"https:\/\/sinoextrud.com\/product\/aluminum-extrusion-aluminum-rolling-shutters-profile\/\" target=\"_blank\">Aluminum Extrusion Aluminum Rolling Shutters Profile<\/a><\/li>\r\n<li><a href=\"https:\/\/sinoextrud.com\/product\/aluminum-extrusion-7003-7005-7020\/\" target=\"_blank\">Aluminum Extrusion 7003 7005 7020 High Hardness Anodized Aluminum Profile<\/a><\/li>\r\n<li><a href=\"https:\/\/sinoextrud.com\/product\/aluminum-extrusion-flood-control-barrier-aluminum-profile\/\" target=\"_blank\">Aluminum Extrusion Flood Control Barrier Aluminum Profile<\/a><\/li>\r\n<li><a href=\"https:\/\/sinoextrud.com\/product\/extruded-aluminum-flat-bar-6061-7075\/\" target=\"_blank\">Extruded Aluminum Flat Bar 6061 7075<\/a><\/li>\r\n<li><a href=\"https:\/\/sinoextrud.com\/product\/extruded-aluminum-tubing-shapes-supplier\/\" target=\"_blank\">Extruded Aluminum Tubing Shapes Supplier<\/a><\/li>\r\n<li><a href=\"https:\/\/sinoextrud.com\/product\/aluminium-profile-bed-frame\/\" target=\"_blank\">Aluminium Profile Bed Frame<\/a><\/li>\r\n<li><a href=\"https:\/\/sinoextrud.com\/product\/extruded-manufacturer-aluminum-profile-heatsink\/\" target=\"_blank\">Extruded Manufacturer Aluminum Profile Heatsink<\/a><\/li>\r\n<li><a href=\"https:\/\/sinoextrud.com\/product\/extruded-aluminum-connectors-for-door\/\" target=\"_blank\">Extruded Aluminum Connectors For Door<\/a><\/li>"},"feature_list":[]},"_links":{"self":[{"href":"https:\/\/sinoextrud.com\/es\/wp-json\/wp\/v2\/product\/5895","targetHints":{"allow":["GET"]}}],"collection":[{"href":"https:\/\/sinoextrud.com\/es\/wp-json\/wp\/v2\/product"}],"about":[{"href":"https:\/\/sinoextrud.com\/es\/wp-json\/wp\/v2\/types\/product"}],"wp:featuredmedia":[{"embeddable":true,"href":"https:\/\/sinoextrud.com\/es\/wp-json\/wp\/v2\/media\/5894"}],"wp:attachment":[{"href":"https:\/\/sinoextrud.com\/es\/wp-json\/wp\/v2\/media?parent=5895"}],"wp:term":[{"taxonomy":"category","embeddable":true,"href":"https:\/\/sinoextrud.com\/es\/wp-json\/wp\/v2\/categories?post=5895"}],"curies":[{"name":"wp","href":"https:\/\/api.w.org\/{rel}","templated":true}]}}