{"id":5836,"date":"2025-05-21T15:42:58","date_gmt":"2025-05-21T15:42:58","guid":{"rendered":"https:\/\/sinoextrud.com\/?post_type=product&#038;p=5836"},"modified":"2025-06-24T03:52:39","modified_gmt":"2025-06-24T03:52:39","slug":"extrusion-de-aluminio-6101b-carril-conductor-perfil-de-aluminio","status":"publish","type":"product","link":"https:\/\/sinoextrud.com\/es\/product\/aluminum-extrusion-6101b-conductive-rail-aluminum-profile\/","title":{"rendered":"Extrusi\u00f3n de aluminio 6101B Perfil de aluminio de carril conductor"},"content":{"rendered":"<h2>Productos<\/h2>\n<table class=\"custom-table\">\n<tr>\n<td class=\"label\">Nombre del producto<\/td>\n<td>Extrusi\u00f3n de aluminio 6101B Perfil de aluminio de carril conductor<\/td>\n<\/tr>\n<tr>\n<td class=\"label\">Aleaci\u00f3n de aluminio<\/td>\n<td>Serie 6000, aleaci\u00f3n de aluminio 6101B<\/td>\n<\/tr>\n<tr>\n<td class=\"label\">Temple<\/td>\n<td>T3-T8<\/td>\n<\/tr>\n<tr>\n<td class=\"label\">Caracter\u00edstica<\/td>\n<td>Gran conductividad el\u00e9ctrica y resistencia a la corrosi\u00f3n<\/td>\n<\/tr>\n<tr>\n<td class=\"label\">Aplicaci\u00f3n<\/td>\n<td>L\u00edneas de transmisi\u00f3n, cables, conductores el\u00e9ctricos, equipos de energ\u00eda, ingenier\u00eda energ\u00e9tica, etc.<\/td>\n<\/tr>\n<tr>\n<td class=\"label\">Tratamiento de superficies<\/td>\n<td>acabado de fresado, anodizado, veteado de madera, recubrimiento en\u00e9rgico, chorro de arena, electroforesis, cepillado, pulido, etc.<\/td>\n<\/tr>\n<tr>\n<td class=\"label\">Procesado profundo CNC<\/td>\n<td>corte, taladrado, mecanizado, punzonado, plegado, roscado, etc.<\/td>\n<\/tr>\n<tr>\n<td class=\"label\">Certificaciones<\/td>\n<td>CE, ISO, SGS, TUV, ROHS<\/td>\n<\/tr>\n<tr>\n<td class=\"label\">Muestras<\/td>\n<td>muestra gratis. 1-3 d\u00edas de entrega a usted.<\/td>\n<\/tr>\n<tr>\n<td class=\"label\">MOQ<\/td>\n<td>500KG para cada perfil<\/td>\n<\/tr>\n<tr>\n<td class=\"label\">Plazo de entrega<\/td>\n<td>El desarrollo del molde y la conformaci\u00f3n de la muestra es de 12-15 d\u00edas, luego la duraci\u00f3n de la producci\u00f3n es de 15-25 d\u00edas despu\u00e9s de la recepci\u00f3n del dep\u00f3sito del comprador.<\/td>\n<\/tr>\n<tr>\n<td class=\"label\">Condiciones de pago<\/td>\n<td>30% dep\u00f3sito antes de la producci\u00f3n, y el saldo antes del env\u00edo.<\/td>\n<\/tr>\n<\/table>\n<h2>Nuestra base de fabricaci\u00f3n<\/h2>\n<h3>Panorama de la f\u00e1brica<\/h3>\n<p><img decoding=\"async\" src=\"\/wp-content\/uploads\/factory-01.webp\"\/><\/p>\n<h3>Taller de fabricaci\u00f3n de barras de aluminio<\/h3>\n<p><img decoding=\"async\" src=\"\/wp-content\/uploads\/factory-02.webp\"\/><\/p>\n<\/p>\n<p><img decoding=\"async\" src=\"\/wp-content\/uploads\/factory-03.webp\"\/><\/p>\n<h3>Almac\u00e9n de moldes<\/h3>\n<p><img decoding=\"async\" src=\"\/wp-content\/uploads\/factory-04.webp\"\/><\/p>\n<h3>43 L\u00c3neas de extrusi\u00c3\u00b3n de aluminio (500\u00e2\u20ac\"5500 toneladas)<\/h3>\n<p><img decoding=\"async\" src=\"\/wp-content\/uploads\/factory-05.webp\"\/><\/p>\n<p><img decoding=\"async\" src=\"\/wp-content\/uploads\/factory-06.webp\"\/><\/p>\n<p><img decoding=\"async\" src=\"\/wp-content\/uploads\/factory-07.webp\"\/><\/p>\n<h3>Taller de pintura en polvo<\/h3>\n<p><img decoding=\"async\" src=\"\/wp-content\/uploads\/factory-09.webp\"\/><\/p>\n<h3>Taller de anodizado<\/h3>\n<p><img decoding=\"async\" src=\"\/wp-content\/uploads\/factory-10.webp\"\/><\/p>\n<h3>Taller de procesamiento profundo<\/h3>\n<p><img decoding=\"async\" src=\"\/wp-content\/uploads\/factory-11.webp\"\/><\/p>\n<h3>Taller de mecanizado de precisi\u00f3n CNC<\/h3>\n<p><img decoding=\"async\" src=\"\/wp-content\/uploads\/factory-11.5.webp\"\/><\/p>\n<h3>Almac\u00e9n de productos acabados y de exportaci\u00f3n<\/h3>\n<p><img decoding=\"async\" src=\"\/wp-content\/uploads\/factory-12.webp\"\/><\/p>\n<p><img decoding=\"async\" src=\"\/wp-content\/uploads\/factory-13.webp\"\/><\/p>\n<p><img decoding=\"async\" src=\"\/wp-content\/uploads\/factory-14.webp\"\/><\/p>\n<h2>PREGUNTAS FRECUENTES<\/h2>\n<p><b>1. \u00bfQu\u00e9 es el perfil de aluminio para extrusi\u00f3n 6101B?<\/b><\/p>\n<p>El perfil de aluminio 6101B Conductive Rail de Aluminum Extrusion es un perfil de aleaci\u00f3n de aluminio de alta conductividad dise\u00f1ado para barras colectoras el\u00e9ctricas, sistemas de puesta a tierra y aplicaciones conductoras.\n<\/p>\n<p><\/p>\n<p><b>2.\u00bfCu\u00e1les son las principales ventajas de los perfiles de aluminio 6101B?<\/b><\/p>\n<p>Los perfiles de aluminio 6101B ofrecen una excelente conductividad el\u00e9ctrica, una elevada relaci\u00f3n resistencia\/peso y una resistencia superior a la corrosi\u00f3n, lo que los hace ideales para sistemas de ra\u00edles conductores.\n<\/p>\n<p><\/p>\n<p><b>3.\u00bfEl aluminio 6101B es adecuado para aplicaciones el\u00e9ctricas?<\/b><\/p>\n<p>S\u00ed, el aluminio 6101B est\u00e1 espec\u00edficamente dise\u00f1ado para aplicaciones el\u00e9ctricas debido a su alta conductividad el\u00e9ctrica y rendimiento t\u00e9rmico.\n<\/p>\n<p><\/p>\n<p><b>4.\u00bfC\u00f3mo se compara la 6101B con otras aleaciones de aluminio?<\/b><\/p>\n<p>La 6101B ofrece una mejor conductividad el\u00e9ctrica que las aleaciones de aluminio estructural habituales, como la 6061, al tiempo que mantiene una buena resistencia mec\u00e1nica y conformabilidad.\n<\/p>\n<p><\/p>\n<p><b>5.\u00bfQu\u00e9 industrias utilizan los perfiles de carril conductor 6101B?<\/b><\/p>\n<p>Los perfiles de aluminio 6101B para ra\u00edles conductores se utilizan ampliamente en distribuci\u00f3n de energ\u00eda, veh\u00edculos el\u00e9ctricos, sistemas de energ\u00edas renovables y armarios el\u00e9ctricos.\n<\/p>\n<p><\/p>\n<p><b>6.\u00bfSe puede personalizar la extrusi\u00f3n de aluminio 6101B?<\/b><\/p>\n<p>S\u00ed, las extrusiones de aluminio conductor 6101B pueden personalizarse en t\u00e9rminos de longitud, secci\u00f3n transversal, tratamiento superficial y fabricaci\u00f3n para satisfacer las necesidades espec\u00edficas de cada proyecto.\n<\/p>\n<p><\/p>\n<p><b>7.\u00bfQu\u00e9 tratamientos superficiales est\u00e1n disponibles para los perfiles de aluminio 6101B?<\/b><\/p>\n<p>Entre los tratamientos superficiales habituales se incluyen el anodizado, el recubrimiento en polvo y el chapado conductor para mejorar la durabilidad, la conductividad y la resistencia a la corrosi\u00f3n.\n<\/p>\n<p><\/p>\n<p><b>8.\u00bfEs la extrusi\u00f3n de aluminio 6101B resistente a la corrosi\u00f3n?<\/b><\/p>\n<p>S\u00ed, el aluminio 6101B tiene una excelente resistencia a la corrosi\u00f3n, especialmente en entornos exteriores e industriales, lo que prolonga la vida \u00fatil de los sistemas de ra\u00edles conductores.\n<\/p>\n<p><\/p>\n<p><b>9.\u00bfPor qu\u00e9 elegir aluminio en lugar de cobre para los ra\u00edles conductores?<\/b><\/p>\n<p>El aluminio, especialmente la aleaci\u00f3n 6101B, es m\u00e1s rentable y ligero que el cobre, sin dejar de ofrecer una alta conductividad el\u00e9ctrica para muchas aplicaciones.\n<\/p>\n<p><\/p>\n<p><b>10.\u00bfD\u00f3nde comprar perfiles de aluminio para carril conductor 6101B?<\/b><\/p>\n<p>Los perfiles conductores de aluminio 6101B est\u00e1n disponibles a trav\u00e9s de fabricantes y distribuidores especializados en extrusi\u00f3n de aluminio centrados en materiales de grado el\u00e9ctrico.\n<\/p>\n<p><\/p>","protected":false},"featured_media":5835,"template":"","categories":[55],"class_list":["post-5836","product","type-product","status-publish","has-post-thumbnail","hentry","category-extruded-aluminum-profiles"],"meta_box":{"hilight_text_group":{"product_hilight_text":"<ul>\r\r\n  <li>High conductivity ideal for busbar and electrical systems<\/li>\r\r\n  <li>Made from 6101B aluminum alloy for optimal strength and conductivity<\/li>\r\r\n  <li>Customizable lengths and cross-sections to meet diverse project needs<\/li>\r\r\n  <li>Various surface treatments available for enhanced corrosion resistance<\/li>\r\r\n  <li>Strong compatibility with a wide range of industrial and power applications<\/li>\r\r\n<\/ul>","product_chanpin_chanpin":"<li><a href=\"https:\/\/sinoextrud.com\/product\/aluminum-extrusion-linear-led-lighting-aluminum-profile\/\" target=\"_blank\">Aluminum Extrusion Linear LED Lighting Aluminum Profile<\/a><\/li>\r\n<li><a href=\"https:\/\/sinoextrud.com\/product\/aluminum-extrusion-electroplated-shower-room-aluminum-profile\/\" target=\"_blank\">Aluminum Extrusion Electroplated Shower Room Aluminum Profile<\/a><\/li>\r\n<li><a href=\"https:\/\/sinoextrud.com\/product\/aluminum-extrusion-hard-anodizing-aluminum-profiles\/\" target=\"_blank\">Aluminum Extrusion Hard Anodizing Aluminum Profiles<\/a><\/li>\r\n<li><a href=\"https:\/\/sinoextrud.com\/product\/aluminium-extrud-6061-6082-7075-aluminum-alloy-profiles\/\" target=\"_blank\">Aluminum Extrusion 2024 7001 7003 Aluminum Profile<\/a><\/li>\r\n<li><a href=\"https:\/\/sinoextrud.com\/product\/aluminum-extrusion-6101b-conductive-rail-aluminum-profile\/\" target=\"_blank\">Aluminum Extrusion 6101B Conductive Rail Aluminum Profile<\/a><\/li>\r\n<li><a href=\"https:\/\/sinoextrud.com\/product\/aluminum-extrusion-aluminum-rolling-shutters-profile\/\" target=\"_blank\">Aluminum Extrusion Aluminum Rolling Shutters Profile<\/a><\/li>\r\n<li><a href=\"https:\/\/sinoextrud.com\/product\/aluminum-extrusion-7003-7005-7020\/\" target=\"_blank\">Aluminum Extrusion 7003 7005 7020 High Hardness Anodized Aluminum Profile<\/a><\/li>\r\n<li><a href=\"https:\/\/sinoextrud.com\/product\/aluminum-extrusion-flood-control-barrier-aluminum-profile\/\" target=\"_blank\">Aluminum Extrusion Flood Control Barrier Aluminum Profile<\/a><\/li>\r\n<li><a href=\"https:\/\/sinoextrud.com\/product\/extruded-aluminum-flat-bar-6061-7075\/\" target=\"_blank\">Extruded Aluminum Flat Bar 6061 7075<\/a><\/li>\r\n<li><a href=\"https:\/\/sinoextrud.com\/product\/6063-aluminum-pipe-fire-hydrant-aluminum-profile\/\" target=\"_blank\">6063 Aluminum Pipe Fire Hydrant Aluminum Profile<\/a><\/li>\r\n<li><a href=\"https:\/\/sinoextrud.com\/product\/cnc-machining-aluminum-profiles\/\" target=\"_blank\">CNC Machining Aluminum Profiles<\/a><\/li>"},"feature_list":[]},"_links":{"self":[{"href":"https:\/\/sinoextrud.com\/es\/wp-json\/wp\/v2\/product\/5836","targetHints":{"allow":["GET"]}}],"collection":[{"href":"https:\/\/sinoextrud.com\/es\/wp-json\/wp\/v2\/product"}],"about":[{"href":"https:\/\/sinoextrud.com\/es\/wp-json\/wp\/v2\/types\/product"}],"wp:featuredmedia":[{"embeddable":true,"href":"https:\/\/sinoextrud.com\/es\/wp-json\/wp\/v2\/media\/5835"}],"wp:attachment":[{"href":"https:\/\/sinoextrud.com\/es\/wp-json\/wp\/v2\/media?parent=5836"}],"wp:term":[{"taxonomy":"category","embeddable":true,"href":"https:\/\/sinoextrud.com\/es\/wp-json\/wp\/v2\/categories?post=5836"}],"curies":[{"name":"wp","href":"https:\/\/api.w.org\/{rel}","templated":true}]}}