{"id":5612,"date":"2025-05-15T15:07:44","date_gmt":"2025-05-15T15:07:44","guid":{"rendered":"https:\/\/sinoextrud.com\/?post_type=product&#038;p=5612"},"modified":"2025-06-24T03:52:37","modified_gmt":"2025-06-24T03:52:37","slug":"extrusion-de-aluminio-6061-6082-7075-perfiles-de-aleacion-de-aluminio-2","status":"publish","type":"product","link":"https:\/\/sinoextrud.com\/es\/product\/aluminium-extrud-6061-6082-7075-aluminum-alloy-profiles\/","title":{"rendered":"Extrusi\u00f3n de aluminio Perfil de aluminio 2024 7001 7003"},"content":{"rendered":"<h2>Productos<\/h2>\n<table class=\"custom-table\">\n<tr>\n<td class=\"label\">Art\u00edculo<\/td>\n<td>Extrusi\u00f3n de aluminio Perfil de aluminio 2024 7001 7003<\/td>\n<\/tr>\n<tr>\n<td class=\"label\">Material<\/td>\n<td>2024, 7001,7003, etc.<\/td>\n<\/tr>\n<tr>\n<td class=\"label\">Temple<\/td>\n<td>T4,T5,T6<\/td>\n<\/tr>\n<tr>\n<td class=\"label\">Tama\u00f1o \/ Grosor<\/td>\n<td>Espesor general de los perfiles de 0,8 a 5,0 mm, longitud de 3 m a 6 m o personalizados disponibles; espesor de la pel\u00edcula de protecci\u00f3n anodizada de 8~25 um, recubrimiento en polvo de 40 ~ 120 um.<\/td>\n<\/tr>\n<tr>\n<td class=\"label\">Forma<\/td>\n<td>Cuadrado,Redondo,Rectangular,Personalizado<\/td>\n<\/tr>\n<tr>\n<td class=\"label\">Aplicaci\u00f3n<\/td>\n<td>Industria \/ Construcci\u00f3n \/ Equipamiento m\u00e9dico \/ Embarcaciones \/ Autom\u00f3viles \/ Aviaci\u00f3n, etc.<\/td>\n<\/tr>\n<tr>\n<td class=\"label\">Tratamiento de superficies<\/td>\n<td>pintura en polvo,electroforesis,grano de madera,anodizado,cepillado,pulido<\/td>\n<\/tr>\n<tr>\n<td class=\"label\">Colores<\/td>\n<td>color personalizado disponible<\/td>\n<\/tr>\n<tr>\n<td class=\"label\">Proceso profundo<\/td>\n<td>montaje,taladrado,fresado,corte,soldadura,plegado<\/td>\n<\/tr>\n<tr>\n<td class=\"label\">Certificado<\/td>\n<td>CQM, SGS, CE, BV, SONCAP \/ GB, ISO, JIS, AS, NZS, QUALICOAT, QUOLANOD disponibles<\/td>\n<\/tr>\n<tr>\n<td class=\"label\">Plazo de pago:<\/td>\n<td>30% dep\u00f3sito, 70% saldo antes de la entrega<\/td>\n<\/tr>\n<\/table>\n<h2>Nuestra base de fabricaci\u00f3n<\/h2>\n<h3>Panorama de la f\u00e1brica<\/h3>\n<p><img decoding=\"async\" src=\"\/wp-content\/uploads\/factory-01.webp\"\/><\/p>\n<h3>Taller de fabricaci\u00f3n de barras de aluminio<\/h3>\n<p><img decoding=\"async\" src=\"\/wp-content\/uploads\/factory-02.webp\"\/><\/p>\n<\/p>\n<p><img decoding=\"async\" src=\"\/wp-content\/uploads\/factory-03.webp\"\/><\/p>\n<h3>Almac\u00e9n de moldes<\/h3>\n<p><img decoding=\"async\" src=\"\/wp-content\/uploads\/factory-04.webp\"\/><\/p>\n<h3>43 l\u00edneas de extrusi\u00f3n de aluminio (500-5500 toneladas)<\/h3>\n<p><img decoding=\"async\" src=\"\/wp-content\/uploads\/factory-05.webp\"\/><\/p>\n<p><img decoding=\"async\" src=\"\/wp-content\/uploads\/factory-06.webp\"\/><\/p>\n<p><img decoding=\"async\" src=\"\/wp-content\/uploads\/factory-07.webp\"\/><\/p>\n<h3>Taller de pintura en polvo<\/h3>\n<p><img decoding=\"async\" src=\"\/wp-content\/uploads\/factory-09.webp\"\/><\/p>\n<h3>Taller de anodizado<\/h3>\n<p><img decoding=\"async\" src=\"\/wp-content\/uploads\/factory-10.webp\"\/><\/p>\n<h3>Taller de procesamiento profundo<\/h3>\n<p><img decoding=\"async\" src=\"\/wp-content\/uploads\/factory-11.webp\"\/><\/p>\n<h3>Taller de mecanizado de precisi\u00f3n CNC<\/h3>\n<p><img decoding=\"async\" src=\"\/wp-content\/uploads\/factory-11.5.webp\"\/><\/p>\n<h3>Almac\u00e9n de productos acabados y de exportaci\u00f3n<\/h3>\n<p><img decoding=\"async\" src=\"\/wp-content\/uploads\/factory-12.webp\"\/><\/p>\n<p><img decoding=\"async\" src=\"\/wp-content\/uploads\/factory-13.webp\"\/><\/p>\n<p><img decoding=\"async\" src=\"\/wp-content\/uploads\/factory-14.webp\"\/><\/p>\n<h2>PREGUNTAS FRECUENTES<\/h2>\n<p><b>1. \u00bfQu\u00e9 es un perfil de aluminio extruido 2024 7001 7003?<\/b><\/p>\n<p>Un perfil de aluminio de extrusi\u00f3n 2024 7001 7003 es un perfil de aleaci\u00f3n de aluminio de alta resistencia producido mediante extrusi\u00f3n, com\u00fanmente utilizado en aplicaciones aeroespaciales, automotrices y estructurales de alto rendimiento.\n<\/p>\n<p><\/p>\n<p><b>2.\u00bfCu\u00e1les son las principales caracter\u00edsticas de los perfiles de extrusi\u00f3n de aluminio 2024?<\/b><\/p>\n<p>Los perfiles de aluminio 2024 ofrecen una elevada relaci\u00f3n resistencia-peso, una excelente resistencia a la fatiga y una buena mecanizabilidad, lo que los hace ideales para componentes aeroespaciales y estructurales.\n<\/p>\n<p><\/p>\n<p><b>3.\u00bfPor qu\u00e9 utilizar perfiles de aluminio 7001 en aplicaciones de extrusi\u00f3n?<\/b><\/p>\n<p>Los perfiles de aluminio 7001 ofrecen una resistencia a la tracci\u00f3n y a la corrosi\u00f3n superiores, lo que los hace adecuados para aplicaciones estructurales ligeras pero duraderas, como postes de tiendas de campa\u00f1a y equipamiento deportivo.\n<\/p>\n<p><\/p>\n<p><b>4.\u00bfCu\u00e1les son las ventajas de los perfiles de extrusi\u00f3n de aluminio 7003?<\/b><\/p>\n<p>Los perfiles de extrusi\u00f3n de aluminio 7003 combinan alta resistencia, buena soldabilidad y resistencia al agrietamiento por corrosi\u00f3n bajo tensi\u00f3n, ideales para estructuras portantes y piezas de automoci\u00f3n.\n<\/p>\n<p><\/p>\n<p><b>5.\u00bfC\u00f3mo es el rendimiento del aluminio 2024 en comparaci\u00f3n con el 7001 y el 7003?<\/b><\/p>\n<p>El 2024 destaca en resistencia a la fatiga y solidez para uso aeroespacial, mientras que el 7001 y el 7003 ofrecen mejor resistencia a la corrosi\u00f3n y soldabilidad para aplicaciones exteriores y estructurales.\n<\/p>\n<p><\/p>\n<p><b>6.\u00bfSon tratables t\u00e9rmicamente los perfiles de extrusi\u00f3n de aluminio 2024 7001 7003?<\/b><\/p>\n<p>S\u00ed, las tres aleaciones -2024, 7001 y 7003- son tratables t\u00e9rmicamente, lo que permite mejorar las propiedades mec\u00e1nicas y el rendimiento en entornos exigentes.\n<\/p>\n<p><\/p>\n<p><b>7.\u00bfQu\u00e9 industrias utilizan habitualmente perfiles de aluminio 2024 7001 7003?<\/b><\/p>\n<p>Industrias como la aeroespacial, el transporte, la automoci\u00f3n y los deportes al aire libre utilizan estos perfiles de extrusi\u00f3n de aluminio de alta resistencia para aplicaciones estructurales cr\u00edticas.\n<\/p>\n<p><\/p>\n<p><b>8.\u00bfSe pueden anodizar los perfiles de aluminio 2024 7001 7003?<\/b><\/p>\n<p>S\u00ed, estos perfiles de aluminio pueden anodizarse, aunque el aspecto de la superficie y la calidad del acabado pueden variar seg\u00fan la aleaci\u00f3n, especialmente en el caso del 2024.\n<\/p>\n<p><\/p>\n<p><b>9.\u00bfSon estos perfiles de extrusi\u00f3n de aluminio aptos para la soldadura?<\/b><\/p>\n<p>Los perfiles de aluminio 7001 y 7003 ofrecen una mejor soldabilidad en comparaci\u00f3n con el 2024, que tiene una soldabilidad limitada debido a su contenido en cobre.\n<\/p>\n<p><\/p>\n<p><b>10.\u00bfEs la extrusi\u00f3n de aluminio 2024 7001 7003 sostenible desde el punto de vista medioambiental?<\/b><\/p>\n<p>S\u00ed, el aluminio es totalmente reciclable, y el uso de extrusiones de alta resistencia ayuda a reducir el uso de material manteniendo el rendimiento, lo que favorece una fabricaci\u00f3n sostenible.\n<\/p>\n<p><\/p>","protected":false},"featured_media":5796,"template":"","categories":[55],"class_list":["post-5612","product","type-product","status-publish","has-post-thumbnail","hentry","category-extruded-aluminum-profiles"],"meta_box":{"hilight_text_group":{"product_hilight_text":"Aluminum Extrusion 2024 7001 7003 Aluminum Profile is a high-quality product that is widely used in a variety of industries. The extrusion process allows for the creation of complex shapes and cross-sections with precise tolerances, making it perfect for applications where strength and durability are essential.","product_chanpin_chanpin":"<li><a href=\"https:\/\/sinoextrud.com\/product\/6061-6063-6082-street-lamp-column-aluminum-profile\/\" target=\"_blank\">6061 6063 6082 Street Lamp Column Aluminum Profile<\/a><\/li>\r\n<li><a href=\"https:\/\/sinoextrud.com\/product\/aluminum-extrusion-linear-led-lighting-aluminum-profile\/\" target=\"_blank\">Aluminum Extrusion Linear LED Lighting Aluminum Profile<\/a><\/li>\r\n<li><a href=\"https:\/\/sinoextrud.com\/product\/aluminum-extrusion-electroplated-shower-room-aluminum-profile\/\" target=\"_blank\">Aluminum Extrusion Electroplated Shower Room Aluminum Profile<\/a><\/li>\r\n<li><a href=\"https:\/\/sinoextrud.com\/product\/aluminum-extrusion-hard-anodizing-aluminum-profiles\/\" target=\"_blank\">Aluminum Extrusion Hard Anodizing Aluminum Profiles<\/a><\/li>\r\n<li><a href=\"https:\/\/sinoextrud.com\/product\/aluminium-extrud-6061-6082-7075-aluminum-alloy-profiles\/\" target=\"_blank\">Aluminum Extrusion 2024 7001 7003 Aluminum Profile<\/a><\/li>\r\n<li><a href=\"https:\/\/sinoextrud.com\/product\/aluminum-extrusion-6101b-conductive-rail-aluminum-profile\/\" target=\"_blank\">Aluminum Extrusion 6101B Conductive Rail Aluminum Profile<\/a><\/li>\r\n<li><a href=\"https:\/\/sinoextrud.com\/product\/aluminum-extrusion-aluminum-rolling-shutters-profile\/\" target=\"_blank\">Aluminum Extrusion Aluminum Rolling Shutters Profile<\/a><\/li>\r\n<li><a href=\"https:\/\/sinoextrud.com\/product\/aluminum-extrusion-7003-7005-7020\/\" target=\"_blank\">Aluminum Extrusion 7003 7005 7020 High Hardness Anodized Aluminum Profile<\/a><\/li>\r\n<li><a href=\"https:\/\/sinoextrud.com\/product\/aluminum-extrusion-flood-control-barrier-aluminum-profile\/\" target=\"_blank\">Aluminum Extrusion Flood Control Barrier Aluminum Profile<\/a><\/li>\r\n<li><a href=\"https:\/\/sinoextrud.com\/product\/aluminium-profile-channel-factory\/\" target=\"_blank\">Aluminium Profile Channel Factory<\/a><\/li>\r\n<li><a href=\"https:\/\/sinoextrud.com\/product\/aluminum-profile-for-solar-panel\/\" target=\"_blank\">Aluminum Profile For Solar Panel<\/a><\/li>"},"feature_list":[]},"_links":{"self":[{"href":"https:\/\/sinoextrud.com\/es\/wp-json\/wp\/v2\/product\/5612","targetHints":{"allow":["GET"]}}],"collection":[{"href":"https:\/\/sinoextrud.com\/es\/wp-json\/wp\/v2\/product"}],"about":[{"href":"https:\/\/sinoextrud.com\/es\/wp-json\/wp\/v2\/types\/product"}],"wp:featuredmedia":[{"embeddable":true,"href":"https:\/\/sinoextrud.com\/es\/wp-json\/wp\/v2\/media\/5796"}],"wp:attachment":[{"href":"https:\/\/sinoextrud.com\/es\/wp-json\/wp\/v2\/media?parent=5612"}],"wp:term":[{"taxonomy":"category","embeddable":true,"href":"https:\/\/sinoextrud.com\/es\/wp-json\/wp\/v2\/categories?post=5612"}],"curies":[{"name":"wp","href":"https:\/\/api.w.org\/{rel}","templated":true}]}}