{"id":5602,"date":"2025-05-15T13:46:30","date_gmt":"2025-05-15T13:46:30","guid":{"rendered":"https:\/\/sinoextrud.com\/?post_type=product&#038;p=5602"},"modified":"2025-06-24T03:52:29","modified_gmt":"2025-06-24T03:52:29","slug":"6061-6063-6082-columna-de-alumbrado-publico-perfil-de-aluminio","status":"publish","type":"product","link":"https:\/\/sinoextrud.com\/es\/product\/6061-6063-6082-street-lamp-column-aluminum-profile\/","title":{"rendered":"6061 6063 6082 Columna de alumbrado p\u00fablico Perfil de aluminio"},"content":{"rendered":"<h2>Productos<\/h2>\n<table class=\"custom-table\">\n<tr>\n<td class=\"label\">Nombre del art\u00edculo:<\/td>\n<td>6061 6063 6082 Columna de alumbrado p\u00fablico perfil de aluminio<\/td>\n<\/tr>\n<tr>\n<td class=\"label\">Grado:<\/td>\n<td>Serie 6000<\/td>\n<\/tr>\n<tr>\n<td class=\"label\">Temperamento:<\/td>\n<td>T3-T8<\/td>\n<\/tr>\n<tr>\n<td class=\"label\">De aleaci\u00f3n o no:<\/td>\n<td>Es aleaci\u00f3n<\/td>\n<\/tr>\n<tr>\n<td class=\"label\">Est\u00e1ndar:<\/td>\n<td>Calidad media y alta<\/td>\n<\/tr>\n<tr>\n<td class=\"label\">MOQ:<\/td>\n<td>200KGS para cada art\u00edculo y cada color<\/td>\n<\/tr>\n<tr>\n<td class=\"label\">Plazo de entrega:<\/td>\n<td>15-21 d\u00edas despu\u00e9s de recibir el dep\u00f3sito<\/td>\n<\/tr>\n<tr>\n<td class=\"label\">Detalles del embalaje:<\/td>\n<td>En el interior: pel\u00edcula protectora de pl\u00e1stico para cada PC para proteger.<\/td>\n<\/tr>\n<tr>\n<td class=\"label\">Capacidad de suministro:<\/td>\n<td>10000 Ton\/Toneladas al mes Perfil de aluminio industrial<\/td>\n<\/tr>\n<tr>\n<td class=\"label\">Aplicaci\u00f3n:<\/td>\n<td>Construcci\u00f3n;Industrial;Puerta y ventana,Decoraci\u00f3n,Disipador de calor<\/td>\n<\/tr>\n<tr>\n<td class=\"label\">Tolerancia:<\/td>\n<td>\u00b10,5%<\/td>\n<\/tr>\n<tr>\n<td class=\"label\">Forma:<\/td>\n<td>Cualquier<\/td>\n<\/tr>\n<tr>\n<td class=\"label\">Aleaci\u00f3n:<\/td>\n<td>Aleaci\u00f3n 6063-T5 \/6061-T6<\/td>\n<\/tr>\n<tr>\n<td class=\"label\">Garantizado:<\/td>\n<td>certificado del cliente, como BV, Soncap, ISO<\/td>\n<\/tr>\n<tr>\n<td class=\"label\">Longitud de exportaci\u00f3n:<\/td>\n<td>5.8m para 20ft , 5.9m \/6.0m para 40'GP<\/td>\n<\/tr>\n<tr>\n<td class=\"label\">Producci\u00f3n mensual:<\/td>\n<td>10000 toneladas <\/td>\n<\/tr>\n<tr>\n<td class=\"label\">Servicio de tramitaci\u00f3n:<\/td>\n<td>Plegado, desenrollado, soldadura, punzonado, corte<\/td>\n<\/tr>\n<\/table>\n<h2>Nuestra base de fabricaci\u00f3n<\/h2>\n<h3>Panorama de la f\u00e1brica<\/h3>\n<p><img decoding=\"async\" src=\"\/wp-content\/uploads\/factory-01.webp\"\/><\/p>\n<h3>Taller de fabricaci\u00f3n de barras de aluminio<\/h3>\n<p><img decoding=\"async\" src=\"\/wp-content\/uploads\/factory-02.webp\"\/><\/p>\n<\/p>\n<p><img decoding=\"async\" src=\"\/wp-content\/uploads\/factory-03.webp\"\/><\/p>\n<h3>Almac\u00e9n de moldes<\/h3>\n<p><img decoding=\"async\" src=\"\/wp-content\/uploads\/factory-04.webp\"\/><\/p>\n<h3>43 l\u00edneas de extrusi\u00f3n de aluminio (500-5500 toneladas)<\/h3>\n<p><img decoding=\"async\" src=\"\/wp-content\/uploads\/factory-05.webp\"\/><\/p>\n<p><img decoding=\"async\" src=\"\/wp-content\/uploads\/factory-06.webp\"\/><\/p>\n<p><img decoding=\"async\" src=\"\/wp-content\/uploads\/factory-07.webp\"\/><\/p>\n<h3>Taller de pintura en polvo<\/h3>\n<p><img decoding=\"async\" src=\"\/wp-content\/uploads\/factory-09.webp\"\/><\/p>\n<h3>Taller de anodizado<\/h3>\n<p><img decoding=\"async\" src=\"\/wp-content\/uploads\/factory-10.webp\"\/><\/p>\n<h3>Taller de procesamiento profundo<\/h3>\n<p><img decoding=\"async\" src=\"\/wp-content\/uploads\/factory-11.webp\"\/><\/p>\n<h3>Taller de mecanizado de precisi\u00f3n CNC<\/h3>\n<p><img decoding=\"async\" src=\"\/wp-content\/uploads\/factory-11.5.webp\"\/><\/p>\n<h3>Almac\u00e9n de productos acabados y de exportaci\u00f3n<\/h3>\n<p><img decoding=\"async\" src=\"\/wp-content\/uploads\/factory-12.webp\"\/><\/p>\n<p><img decoding=\"async\" src=\"\/wp-content\/uploads\/factory-13.webp\"\/><\/p>\n<p><img decoding=\"async\" src=\"\/wp-content\/uploads\/factory-14.webp\"\/><\/p>\n<h2>PREGUNTAS FRECUENTES<\/h2>\n<p><b>1. \u00bfQu\u00e9 es un perfil de aluminio para columna de farola 6061 6063 6082?<\/b><\/p>\n<p>El perfil de aluminio 6061 6063 6082 para columnas de alumbrado p\u00fablico es una estructura de aluminio extruido utilizada en postes de alumbrado p\u00fablico, que ofrece una gran resistencia, resistencia a la corrosi\u00f3n y ligereza.\n<\/p>\n<p><\/p>\n<p><b>2.\u00bfCu\u00e1les son las principales ventajas de utilizar perfiles de aluminio 6061 para las columnas de las farolas?<\/b><\/p>\n<p>El aluminio 6061 proporciona una excelente resistencia mec\u00e1nica, resistencia a la corrosi\u00f3n y soldabilidad, por lo que es ideal para aplicaciones de columnas de farolas de uso intensivo.\n<\/p>\n<p><\/p>\n<p><b>3. \u00bfPor qu\u00e9 el aluminio 6063 es adecuado para postes de alumbrado p\u00fablico?<\/b><\/p>\n<p>El aluminio 6063 ofrece un acabado superficial superior, buena resistencia a la corrosi\u00f3n y facilidad de extrusi\u00f3n, ideal para columnas de farolas ligeras y est\u00e9ticamente agradables.\n<\/p>\n<p><\/p>\n<p><b>4.\u00bfC\u00f3mo mejora el perfil de aluminio 6082 el rendimiento de la columna de la farola?<\/b><\/p>\n<p>El aluminio 6082 proporciona una mayor resistencia que el 6063, una excelente mecanizabilidad y una gran resistencia a la corrosi\u00f3n, por lo que es adecuado para postes de alumbrado p\u00fablico de exterior de gran carga.\n<\/p>\n<p><\/p>\n<p><b>5.\u00bfCu\u00e1l es la diferencia entre el aluminio 6061, 6063 y 6082 para columnas de l\u00e1mparas?<\/b><\/p>\n<p>El 6061 ofrece una gran resistencia y durabilidad, el 6063 un mejor acabado superficial y el 6082 una excelente capacidad de carga y resistencia a la corrosi\u00f3n.\n<\/p>\n<p><\/p>\n<p><b>6.\u00bfSon resistentes a la intemperie los perfiles de aluminio de las columnas de alumbrado p\u00fablico?<\/b><\/p>\n<p>S\u00ed, los perfiles de aluminio 6061, 6063 y 6082 son muy resistentes al \u00f3xido, los rayos UV y la humedad, lo que garantiza un rendimiento duradero en todas las condiciones meteorol\u00f3gicas.\n<\/p>\n<p><\/p>\n<p><b>7.\u00bfPueden anodizarse los perfiles de aluminio 6061 6063 6082 para columnas de l\u00e1mparas?<\/b><\/p>\n<p>S\u00ed, estas aleaciones de aluminio pueden anodizarse para mejorar la resistencia a la corrosi\u00f3n, la dureza superficial y el aspecto visual de las columnas de alumbrado p\u00fablico.\n<\/p>\n<p><\/p>\n<p><b>8.\u00bfPor qu\u00e9 los perfiles de aluminio son mejores que los de acero para las columnas de las farolas?<\/b><\/p>\n<p>Los perfiles de aluminio son m\u00e1s ligeros, resistentes a la corrosi\u00f3n, f\u00e1ciles de instalar y requieren menos mantenimiento que los de acero en aplicaciones de alumbrado p\u00fablico.\n<\/p>\n<p><\/p>\n<p><b>9.\u00bfSon reciclables las columnas de aluminio 6061 6063 6082 para l\u00e1mparas?<\/b><\/p>\n<p>S\u00ed, las columnas de alumbrado p\u00fablico de aluminio fabricadas con 6061, 6063 y 6082 son 100% reciclables, lo que las convierte en una opci\u00f3n ecol\u00f3gica para infraestructuras sostenibles.\n<\/p>\n<p><\/p>\n<p><b>10.\u00bfEs f\u00e1cil instalar una columna de alumbrado p\u00fablico con perfiles de aluminio?<\/b><\/p>\n<p>Las columnas de alumbrado p\u00fablico que utilizan perfiles de aluminio 6061 6063 6082 son ligeras y f\u00e1ciles de manejar, lo que reduce el tiempo de instalaci\u00f3n y los costes de mano de obra.\n<\/p>\n<p><\/p>","protected":false},"featured_media":5601,"template":"","categories":[55],"class_list":["post-5602","product","type-product","status-publish","has-post-thumbnail","hentry","category-extruded-aluminum-profiles"],"meta_box":{"hilight_text_group":{"product_hilight_text":"6061 6063 6082 street lamp column aluminum profile is an ideal material for the production of streetlamp columns due to its durability, flexibility and resistance to corrosion. This type of aluminum profile is crafted with precision, maintaining a consistently high level of quality and strength, making it an ideal solution for street lighting and urban development. With a variety of options and specifications, these aluminum profiles are uniquely designed to suit your specific project requirements.","product_chanpin_chanpin":"<li><a href=\"https:\/\/sinoextrud.com\/product\/aluminum-extrusion-2024-aluminum-profile\/\" target=\"_blank\">Aluminum Extrusion 2024 Aluminum Profile<\/a><\/li>\r\n<li><a href=\"https:\/\/sinoextrud.com\/product\/linear-sliding-modules-aluminum-profiles\/\" target=\"_blank\">Linear Sliding Modules Aluminum Profiles<\/a><\/li>\r\n<li><a href=\"https:\/\/sinoextrud.com\/product\/aluminum-extrusion-1060-aluminum-profile\/\" target=\"_blank\">Aluminum Extrusion 1060 Aluminum Profile<\/a><\/li>\r\n<li><a href=\"https:\/\/sinoextrud.com\/product\/aluminum-extrusion-6061-6063-aluminum-profile-for-lamppost\/\" target=\"_blank\">Aluminum Extrusion 6061 6063 Aluminum Profile For Lamppost<\/a><\/li>\r\n<li><a href=\"https:\/\/sinoextrud.com\/product\/6061-6063-6082-street-lamp-column-aluminum-profile\/\" target=\"_blank\">6061 6063 6082 Street Lamp Column Aluminum Profile<\/a><\/li>\r\n<li><a href=\"https:\/\/sinoextrud.com\/product\/aluminum-extrusion-linear-led-lighting-aluminum-profile\/\" target=\"_blank\">Aluminum Extrusion Linear LED Lighting Aluminum Profile<\/a><\/li>\r\n<li><a href=\"https:\/\/sinoextrud.com\/product\/aluminum-extrusion-electroplated-shower-room-aluminum-profile\/\" target=\"_blank\">Aluminum Extrusion Electroplated Shower Room Aluminum Profile<\/a><\/li>\r\n<li><a href=\"https:\/\/sinoextrud.com\/product\/aluminum-extrusion-hard-anodizing-aluminum-profiles\/\" target=\"_blank\">Aluminum Extrusion Hard Anodizing Aluminum Profiles<\/a><\/li>\r\n<li><a href=\"https:\/\/sinoextrud.com\/product\/aluminium-extrud-6061-6082-7075-aluminum-alloy-profiles\/\" target=\"_blank\">Aluminum Extrusion 2024 7001 7003 Aluminum Profile<\/a><\/li>\r\n<li><a href=\"https:\/\/sinoextrud.com\/product\/aluminum-profiles-anodized-for-cabinet-furniture-protection\/\" target=\"_blank\">Aluminum Profiles Anodized For Cabinet Furniture Protection<\/a><\/li>\r\n<li><a href=\"https:\/\/sinoextrud.com\/product\/aluminium-profile-systems\/\" target=\"_blank\">Aluminium Profile Systems<\/a><\/li>"},"feature_list":[]},"_links":{"self":[{"href":"https:\/\/sinoextrud.com\/es\/wp-json\/wp\/v2\/product\/5602","targetHints":{"allow":["GET"]}}],"collection":[{"href":"https:\/\/sinoextrud.com\/es\/wp-json\/wp\/v2\/product"}],"about":[{"href":"https:\/\/sinoextrud.com\/es\/wp-json\/wp\/v2\/types\/product"}],"wp:featuredmedia":[{"embeddable":true,"href":"https:\/\/sinoextrud.com\/es\/wp-json\/wp\/v2\/media\/5601"}],"wp:attachment":[{"href":"https:\/\/sinoextrud.com\/es\/wp-json\/wp\/v2\/media?parent=5602"}],"wp:term":[{"taxonomy":"category","embeddable":true,"href":"https:\/\/sinoextrud.com\/es\/wp-json\/wp\/v2\/categories?post=5602"}],"curies":[{"name":"wp","href":"https:\/\/api.w.org\/{rel}","templated":true}]}}