{"id":5598,"date":"2025-05-15T13:24:40","date_gmt":"2025-05-15T13:24:40","guid":{"rendered":"https:\/\/sinoextrud.com\/?post_type=product&#038;p=5598"},"modified":"2025-06-24T03:52:25","modified_gmt":"2025-06-24T03:52:25","slug":"extrusion-de-aluminio-1060-perfil-de-aluminio","status":"publish","type":"product","link":"https:\/\/sinoextrud.com\/es\/product\/aluminum-extrusion-1060-aluminum-profile\/","title":{"rendered":"Extrusi\u00f3n de aluminio Perfil de aluminio 1060"},"content":{"rendered":"<h2>Productos<\/h2>\n<table class=\"custom-table\">\n<tr>\n<td class=\"label\">Art\u00edculo<\/td>\n<td>Extrusi\u00f3n de aluminio Perfil de aluminio 1060<\/td>\n<\/tr>\n<tr>\n<td class=\"label\">Material<\/td>\n<td>Perfil de aluminio 1060<\/td>\n<\/tr>\n<tr>\n<td class=\"label\">Temple<\/td>\n<td>T4\uff0cT5\uff0cT6<\/td>\n<\/tr>\n<tr>\n<td class=\"label\">Oxidado Tama\u00f1o\/Grosor<\/td>\n<td>Espesor general de los perfiles de 0,8 a 5,0 mm, longitud de 3 m a 6 m o personalizados disponibles; espesor de la pel\u00edcula de protecci\u00f3n anodizada de 8~25 um, recubrimiento en polvo de 40 ~ 120 um.<\/td>\n<\/tr>\n<tr>\n<td class=\"label\">MOQ<\/td>\n<td>200KGS<\/td>\n<\/tr>\n<tr>\n<td class=\"label\">Dureza<\/td>\n<td>Sin dureza<\/td>\n<\/tr>\n<tr>\n<td class=\"label\">Paquete<\/td>\n<td>estante de madera<\/td>\n<\/tr>\n<tr>\n<td class=\"label\">Forma<\/td>\n<td>Cuadrado\uff0cRedondo\uff0cRectangular\uff0cPersonalizado<\/td>\n<\/tr>\n<tr>\n<td class=\"label\">Aplicaci\u00f3n<\/td>\n<td>discos de aluminio, l\u00e1minas, utensilios de cocina, papel de aluminio, carcasas de l\u00e1mparas, materiales decorativos y algunos aparatos electr\u00f3nicos<\/td>\n<\/tr>\n<tr>\n<td class=\"label\">Tratamiento de superficies<\/td>\n<td>recubrimiento en polvo, electroforesis, grano de madera, anodizado, cepillado, pulido<\/td>\n<\/tr>\n<tr>\n<td class=\"label\">Colores<\/td>\n<td>color personalizado disponible<\/td>\n<\/tr>\n<tr>\n<td class=\"label\">Proceso profundo<\/td>\n<td>DCNC, taladrado, fresado, corte, soldadura, plegado, montaje<\/td>\n<\/tr>\n<\/table>\n<h2>Nuestra base de fabricaci\u00f3n<\/h2>\n<h3>Panorama de la f\u00e1brica<\/h3>\n<p><img decoding=\"async\" src=\"\/wp-content\/uploads\/factory-01.webp\"\/><\/p>\n<h3>Taller de fabricaci\u00f3n de barras de aluminio<\/h3>\n<p><img decoding=\"async\" src=\"\/wp-content\/uploads\/factory-02.webp\"\/><\/p>\n<\/p>\n<p><img decoding=\"async\" src=\"\/wp-content\/uploads\/factory-03.webp\"\/><\/p>\n<h3>Almac\u00e9n de moldes<\/h3>\n<p><img decoding=\"async\" src=\"\/wp-content\/uploads\/factory-04.webp\"\/><\/p>\n<h3>43 L\u00c3neas de extrusi\u00c3\u00b3n de aluminio (500\u00e2\u20ac\"5500 toneladas)<\/h3>\n<p><img decoding=\"async\" src=\"\/wp-content\/uploads\/factory-05.webp\"\/><\/p>\n<p><img decoding=\"async\" src=\"\/wp-content\/uploads\/factory-06.webp\"\/><\/p>\n<p><img decoding=\"async\" src=\"\/wp-content\/uploads\/factory-07.webp\"\/><\/p>\n<h3>Taller de pintura en polvo<\/h3>\n<p><img decoding=\"async\" src=\"\/wp-content\/uploads\/factory-09.webp\"\/><\/p>\n<h3>Taller de anodizado<\/h3>\n<p><img decoding=\"async\" src=\"\/wp-content\/uploads\/factory-10.webp\"\/><\/p>\n<h3>Taller de procesamiento profundo<\/h3>\n<p><img decoding=\"async\" src=\"\/wp-content\/uploads\/factory-11.webp\"\/><\/p>\n<h3>Taller de mecanizado de precisi\u00f3n CNC<\/h3>\n<p><img decoding=\"async\" src=\"\/wp-content\/uploads\/factory-11.5.webp\"\/><\/p>\n<h3>Almac\u00e9n de productos acabados y de exportaci\u00f3n<\/h3>\n<p><img decoding=\"async\" src=\"\/wp-content\/uploads\/factory-12.webp\"\/><\/p>\n<p><img decoding=\"async\" src=\"\/wp-content\/uploads\/factory-13.webp\"\/><\/p>\n<p><img decoding=\"async\" src=\"\/wp-content\/uploads\/factory-14.webp\"\/><\/p>\n<h2>PREGUNTAS FRECUENTES<\/h2>\n<p><b>1. \u00bfQu\u00e9 es el perfil de aluminio para extrusi\u00f3n 1060?<\/b><\/p>\n<p>Extrusi\u00f3n de aluminio El perfil de aluminio 1060 es un producto de aleaci\u00f3n de aluminio de alta pureza formado a trav\u00e9s de extrusi\u00f3n, conocido por su excelente conductividad, resistencia a la corrosi\u00f3n y formabilidad.\n<\/p>\n<p><\/p>\n<p><b>2.\u00bfCu\u00e1les son las principales caracter\u00edsticas del perfil de aluminio 1060?<\/b><\/p>\n<p>El perfil de aluminio 1060 presenta un contenido de aluminio superior al 99,6%, lo que ofrece una alta conductividad el\u00e9ctrica, un gran rendimiento t\u00e9rmico y una extraordinaria resistencia a la corrosi\u00f3n.\n<\/p>\n<p><\/p>\n<p><b>3. \u00bfPor qu\u00e9 elegir aluminio 1060 para perfiles de extrusi\u00f3n?<\/b><\/p>\n<p>El aluminio 1060 es ideal para la extrusi\u00f3n debido a su excelente ductilidad, acabado superficial liso y rentabilidad para aplicaciones que requieren un alto rendimiento t\u00e9rmico o el\u00e9ctrico.\n<\/p>\n<p><\/p>\n<p><b>4.\u00bfCu\u00e1les son las ventajas de utilizar perfiles de extrusi\u00f3n de aluminio 1060?<\/b><\/p>\n<p>Entre sus ventajas destacan su estructura ligera, su alta resistencia a la corrosi\u00f3n, su f\u00e1cil fabricaci\u00f3n y su idoneidad para aplicaciones en equipos el\u00e9ctricos y qu\u00edmicos.\n<\/p>\n<p><\/p>\n<p><b>5. \u00bfEn qu\u00e9 industrias se suelen utilizar los perfiles de aluminio 1060?<\/b><\/p>\n<p>Los perfiles de aluminio 1060 se utilizan ampliamente en sistemas de energ\u00eda, armarios el\u00e9ctricos, se\u00f1alizaci\u00f3n y equipos de procesamiento qu\u00edmico debido a su conductividad y resistencia a la corrosi\u00f3n.\n<\/p>\n<p><\/p>\n<p><b>6.\u00bfEs adecuado el perfil de aluminio 1060 para el anodizado?<\/b><\/p>\n<p>S\u00ed, los perfiles de aluminio 1060 pueden anodizarse f\u00e1cilmente para aumentar la dureza de la superficie, mejorar la resistencia a la corrosi\u00f3n y conseguir un acabado decorativo.\n<\/p>\n<p><\/p>\n<p><b>7.\u00bfC\u00f3mo se compara el aluminio 1060 con otros grados de aluminio?<\/b><\/p>\n<p>En comparaci\u00f3n con otros grados, el aluminio 1060 ofrece mayor pureza, mejor conductividad y m\u00e1s facilidad de conformado, pero menor resistencia, lo que lo hace adecuado para aplicaciones espec\u00edficas no estructurales.\n<\/p>\n<p><\/p>\n<p><b>8.\u00bfSe pueden soldar las extrusiones de aluminio 1060?<\/b><\/p>\n<p>S\u00ed, el aluminio 1060 ofrece una excelente soldabilidad, lo que lo convierte en el material preferido en aplicaciones que requieren uni\u00f3n y ensamblaje.\n<\/p>\n<p><\/p>\n<p><b>9.\u00bfQu\u00e9 tratamientos superficiales hay disponibles para los perfiles de aluminio 1060?<\/b><\/p>\n<p>Los tratamientos superficiales disponibles incluyen anodizado, recubrimiento en polvo y pulido para mejorar la durabilidad y el atractivo est\u00e9tico.\n<\/p>\n<p><\/p>\n<p><b>10.\u00bfEs el perfil de aluminio 1060 respetuoso con el medio ambiente?<\/b><\/p>\n<p>S\u00ed, el aluminio 1060 es totalmente reciclable, ligero y eficiente energ\u00e9ticamente, lo que lo convierte en una opci\u00f3n ecol\u00f3gica para la fabricaci\u00f3n sostenible.\n<\/p>\n<p><\/p>","protected":false},"featured_media":5597,"template":"","categories":[55],"class_list":["post-5598","product","type-product","status-publish","has-post-thumbnail","hentry","category-extruded-aluminum-profiles"],"meta_box":{"hilight_text_group":{"product_hilight_text":"<ul>\r\r\n<li>1. 1060 aluminum alloy has the characteristics of conducting electricity and heat conduction.<\/li>\r\r\n<li>2. Used for electric heating pipes, oil tanks, gasoline or lubricating oil pipes, conductive materials, heat exchangers, chemical devices, household products, decorative materials, case materials.<\/li>\r\r\n<li>3. It has excellent weldability, and good welding effect can be obtained by brazing, gas welding, electric arc welding and other methods.<\/li>\r\r\n<li>4.Can produce bar, wire, pipe and profile.<\/li>\r\r\n<\/ul>","product_chanpin_chanpin":"<li><a href=\"https:\/\/sinoextrud.com\/product\/aluminium-extrusion-tube\/\" target=\"_blank\">Aluminium Extrusion Tube<\/a><\/li>\r\n<li><a href=\"https:\/\/sinoextrud.com\/product\/aluminum-extrud-7003-aluminum-pipe\/\" target=\"_blank\">Aluminum Extrusion 7003 Aluminum Pipe<\/a><\/li>\r\n<li><a href=\"https:\/\/sinoextrud.com\/product\/aluminum-extrusion-2024-aluminum-profile\/\" target=\"_blank\">Aluminum Extrusion 2024 Aluminum Profile<\/a><\/li>\r\n<li><a href=\"https:\/\/sinoextrud.com\/product\/linear-sliding-modules-aluminum-profiles\/\" target=\"_blank\">Linear Sliding Modules Aluminum Profiles<\/a><\/li>\r\n<li><a href=\"https:\/\/sinoextrud.com\/product\/aluminum-extrusion-1060-aluminum-profile\/\" target=\"_blank\">Aluminum Extrusion 1060 Aluminum Profile<\/a><\/li>\r\n<li><a href=\"https:\/\/sinoextrud.com\/product\/aluminum-extrusion-6061-6063-aluminum-profile-for-lamppost\/\" target=\"_blank\">Aluminum Extrusion 6061 6063 Aluminum Profile For Lamppost<\/a><\/li>\r\n<li><a href=\"https:\/\/sinoextrud.com\/product\/6061-6063-6082-street-lamp-column-aluminum-profile\/\" target=\"_blank\">6061 6063 6082 Street Lamp Column Aluminum Profile<\/a><\/li>\r\n<li><a href=\"https:\/\/sinoextrud.com\/product\/aluminum-extrusion-linear-led-lighting-aluminum-profile\/\" target=\"_blank\">Aluminum Extrusion Linear LED Lighting Aluminum Profile<\/a><\/li>\r\n<li><a href=\"https:\/\/sinoextrud.com\/product\/aluminum-extrusion-electroplated-shower-room-aluminum-profile\/\" target=\"_blank\">Aluminum Extrusion Electroplated Shower Room Aluminum Profile<\/a><\/li>\r\n<li><a href=\"https:\/\/sinoextrud.com\/product\/t-slot-aluminum-profile\/\" target=\"_blank\">T-slot Aluminum Profile<\/a><\/li>\r\n<li><a href=\"https:\/\/sinoextrud.com\/product\/aluminum-cnc-profile\/\" target=\"_blank\">Aluminum CNC Profile<\/a><\/li>"},"feature_list":[]},"_links":{"self":[{"href":"https:\/\/sinoextrud.com\/es\/wp-json\/wp\/v2\/product\/5598","targetHints":{"allow":["GET"]}}],"collection":[{"href":"https:\/\/sinoextrud.com\/es\/wp-json\/wp\/v2\/product"}],"about":[{"href":"https:\/\/sinoextrud.com\/es\/wp-json\/wp\/v2\/types\/product"}],"wp:featuredmedia":[{"embeddable":true,"href":"https:\/\/sinoextrud.com\/es\/wp-json\/wp\/v2\/media\/5597"}],"wp:attachment":[{"href":"https:\/\/sinoextrud.com\/es\/wp-json\/wp\/v2\/media?parent=5598"}],"wp:term":[{"taxonomy":"category","embeddable":true,"href":"https:\/\/sinoextrud.com\/es\/wp-json\/wp\/v2\/categories?post=5598"}],"curies":[{"name":"wp","href":"https:\/\/api.w.org\/{rel}","templated":true}]}}