{"id":3609,"date":"2025-04-27T03:24:31","date_gmt":"2025-04-27T03:24:31","guid":{"rendered":"https:\/\/sinoextrud.com\/?post_type=product&#038;p=3609"},"modified":"2025-06-24T03:51:52","modified_gmt":"2025-06-24T03:51:52","slug":"sistema-de-techo-deflector-en-forma-de-v","status":"publish","type":"product","link":"https:\/\/sinoextrud.com\/es\/product\/v-shape-baffle-ceiling-system\/","title":{"rendered":"Sistema de techo deflector en V"},"content":{"rendered":"<h2>TAMA\u00d1O EST\u00c1NDAR<\/h2>\n<p>1: Los tama\u00f1os no est\u00e1ndar se pueden personalizar ;<\/p>\n<h2>Diagrama de instalaci\u00f3n<\/h2>\n<p><img decoding=\"async\" src=\"https:\/\/sinoextrud.com\/wp-content\/uploads\/V-shape-Baffle-Ceiling-System-anzhuang.webp\" alt=\"Sistema de techo deflector en V\"  \/><\/p>\n<h2>Proceso de producci\u00f3n<\/h2>\n<p><img decoding=\"async\" src=\"\/wp-content\/uploads\/zzlc01.webp\" alt=\"Proceso de producci\u00f3n\"  \/><br \/>\n<img decoding=\"async\" src=\"\/wp-content\/uploads\/zzlc02.webp\" alt=\"Proceso de producci\u00f3n\"  \/><br \/>\n<img decoding=\"async\" src=\"\/wp-content\/uploads\/zzlc03.webp\" alt=\"Proceso de producci\u00f3n\"  \/><br \/>\n<img decoding=\"async\" src=\"\/wp-content\/uploads\/zzlc04.webp\" alt=\"Proceso de producci\u00f3n\"  \/><\/p>\n<h2>PREGUNTAS FRECUENTES<\/h2>\n<p><b>1. \u00bfQu\u00e9 es un sistema de techo deflector en V?<\/b><\/p>\n<p>Un sistema de techo deflector en V es un dise\u00f1o decorativo de techo suspendido que presenta paneles de aluminio en forma de V dispuestos en una disposici\u00f3n lineal o en \u00e1ngulo para conseguir efectos visuales din\u00e1micos.\n<\/p>\n<p><\/p>\n<p><b>2.\u00bfCu\u00e1les son las ventajas de un sistema de techo deflector en V?<\/b><\/p>\n<p>Los sistemas de techos deflectores en V ofrecen una est\u00e9tica moderna, un excelente rendimiento ac\u00fastico, compatibilidad con el flujo de aire y una personalizaci\u00f3n flexible para interiores comerciales.\n<\/p>\n<p><\/p>\n<p><b>3. \u00bfD\u00f3nde se utiliza habitualmente el sistema de techo deflector en V?<\/b><\/p>\n<p>Los techos deflectores en V se utilizan habitualmente en oficinas, aeropuertos, estaciones de metro, espacios comerciales y edificios p\u00fablicos para mejorar la identidad visual y el confort ac\u00fastico.\n<\/p>\n<p><\/p>\n<p><b>4. \u00bfC\u00f3mo mejora el dise\u00f1o en V la est\u00e9tica del techo?<\/b><\/p>\n<p>La forma en V crea profundidad, juegos de luz y patrones geom\u00e9tricos, a\u00f1adiendo inter\u00e9s arquitect\u00f3nico y un atrevido estilo moderno a los techos interiores.\n<\/p>\n<p><\/p>\n<p><b>5. \u00bfQu\u00e9 materiales se utilizan en los sistemas de techos deflectores en V?<\/b><\/p>\n<p>Estos sistemas de techo suelen estar fabricados con aluminio o acero galvanizado de alta calidad para ofrecer una mayor durabilidad y resistencia a la corrosi\u00f3n.\n<\/p>\n<p><\/p>\n<p><b>6.\u00bfSe pueden personalizar los sistemas de techos deflectores en V?<\/b><\/p>\n<p>S\u00ed, los deflectores en V pueden personalizarse en altura, anchura, grosor, espaciado, color y acabado para satisfacer requisitos arquitect\u00f3nicos espec\u00edficos.\n<\/p>\n<p><\/p>\n<p><b>7.\u00bfEs posible integrar la iluminaci\u00f3n en los techos con deflectores en forma de V?<\/b><\/p>\n<p>Por supuesto, la iluminaci\u00f3n puede integrarse entre o junto a los deflectores en forma de V para conseguir una iluminaci\u00f3n creativa y dise\u00f1os de iluminaci\u00f3n de bajo consumo.\n<\/p>\n<p><\/p>\n<p><b>8. \u00bfSon f\u00e1ciles de instalar y mantener los sistemas de techos m\u00f3viles en V?<\/b><\/p>\n<p>S\u00ed, el dise\u00f1o modular de los techos deflectores en V facilita la instalaci\u00f3n, el acceso al sistema y el mantenimiento.\n<\/p>\n<p><\/p>\n<p><b>9.\u00bfQu\u00e9 acabados superficiales hay disponibles para los techos deflectores en V?<\/b><\/p>\n<p>Los acabados incluyen pintura en polvo, veteado de madera, metalizado anodizado, mate y colores personalizados para mejorar la coordinaci\u00f3n del dise\u00f1o.\n<\/p>\n<p><\/p>\n<p><b>10.\u00bfEl sistema de techo deflector en V es respetuoso con el medio ambiente?<\/b><\/p>\n<p>S\u00ed, los sistemas de techos deflectores en V est\u00e1n fabricados con materiales reciclables como el aluminio y apoyan las pr\u00e1cticas de construcci\u00f3n sostenibles y energ\u00e9ticamente eficientes.\n<\/p>\n<p><\/p>","protected":false},"featured_media":3611,"template":"","categories":[51],"class_list":["post-3609","product","type-product","status-publish","has-post-thumbnail","hentry","category-baffle-ceiling-systems"],"meta_box":{"hilight_text_group":{"product_hilight_text":"V-shape baffle ceiling takes full consideration of various decorativefactors in the public places, considering the practical needs and visualneeds, the product is easy to be installed, the material is strong inexpansion performance, forming unique styles with the cross effectof all kinds of lamps and fire-extinguishing equipment, revealed aluxury and simple style with a generous sense, therefore able to bewidely used.","product_tu_tu":"<img width=\"320\" height=\"210\" src=\"https:\/\/sinoextrud.com\/wp-content\/uploads\/V-shape-Baffle-Ceiling-System-xg.webp\" alt=\"V-shape Baffle Ceiling System\" title=\"V-shape Baffle Ceiling System\">","product_chanpin_chanpin":"<li><a href=\"https:\/\/sinoextrud.com\/product\/u-shaped-baffle-ceiling-system\/\" target=\"_blank\">U-Shaped Baffle Ceiling System<\/a><\/li>\r\n<li><a href=\"https:\/\/sinoextrud.com\/product\/special-shaped-baffle-ceiling-system\/\" target=\"_blank\">Special Shaped Baffle Ceiling System<\/a><\/li>\r\n<li><a href=\"https:\/\/sinoextrud.com\/product\/o-shape-baffle-ceiling-system\/\" target=\"_blank\">O-shape Baffle Ceiling System<\/a><\/li>\r\n<li><a href=\"https:\/\/sinoextrud.com\/product\/bullet-shaped-baffle-ceiling-system\/\" target=\"_blank\">Bullet-shaped Baffle Ceiling System<\/a><\/li>\r\n<li><a href=\"https:\/\/sinoextrud.com\/product\/v-shape-baffle-ceiling-system\/\" target=\"_blank\">V-shape Baffle Ceiling System<\/a><\/li>\r\n<li><a href=\"https:\/\/sinoextrud.com\/product\/dripping-screen-ceiling-system\/\" target=\"_blank\">Dripping Screen Ceiling System<\/a><\/li>\r\n<li><a href=\"https:\/\/sinoextrud.com\/product\/quadrate-pipe-baffle-ceiling-system\/\" target=\"_blank\">Quadrate-pipe Baffle Ceiling System<\/a><\/li>\r\n<li><a href=\"https:\/\/sinoextrud.com\/product\/o-shaped-pipe-baffle-ceiling-system\/\" target=\"_blank\">O-shaped pipe Baffle Ceiling System<\/a><\/li>\r\n<li><a href=\"https:\/\/sinoextrud.com\/product\/custom-made-ceiling-system\/\" target=\"_blank\">Custom-made Ceiling System<\/a><\/li>\r\n<li><a href=\"https:\/\/sinoextrud.com\/product\/aluminum-profile-for-windows-and-door-aluminum-curtain-wall-profile-extrusion\/\" target=\"_blank\">Aluminum Profile for Windows and Door Aluminum Curtain Wall Profile Extrusion<\/a><\/li>\r\n<li><a href=\"https:\/\/sinoextrud.com\/product\/aluminium-profiles-for-bedroom-doors\/\" target=\"_blank\">Aluminium Profiles For Bedroom Doors<\/a><\/li>"},"feature_list":[]},"_links":{"self":[{"href":"https:\/\/sinoextrud.com\/es\/wp-json\/wp\/v2\/product\/3609","targetHints":{"allow":["GET"]}}],"collection":[{"href":"https:\/\/sinoextrud.com\/es\/wp-json\/wp\/v2\/product"}],"about":[{"href":"https:\/\/sinoextrud.com\/es\/wp-json\/wp\/v2\/types\/product"}],"wp:featuredmedia":[{"embeddable":true,"href":"https:\/\/sinoextrud.com\/es\/wp-json\/wp\/v2\/media\/3611"}],"wp:attachment":[{"href":"https:\/\/sinoextrud.com\/es\/wp-json\/wp\/v2\/media?parent=3609"}],"wp:term":[{"taxonomy":"category","embeddable":true,"href":"https:\/\/sinoextrud.com\/es\/wp-json\/wp\/v2\/categories?post=3609"}],"curies":[{"name":"wp","href":"https:\/\/api.w.org\/{rel}","templated":true}]}}