{"id":3584,"date":"2025-04-27T02:27:00","date_gmt":"2025-04-27T02:27:00","guid":{"rendered":"https:\/\/sinoextrud.com\/?post_type=product&#038;p=3584"},"modified":"2025-06-24T03:51:43","modified_gmt":"2025-06-24T03:51:43","slug":"sistema-de-techo-deflector-en-forma-de-u","status":"publish","type":"product","link":"https:\/\/sinoextrud.com\/es\/product\/u-shaped-baffle-ceiling-system\/","title":{"rendered":"Sistema de techo bafle en forma de U"},"content":{"rendered":"<h2>TAMA\u00d1O EST\u00c1NDAR<\/h2>\n<p>1: Los tama\u00f1os no est\u00e1ndar se pueden personalizar ;<\/p>\n<p>2: Las baldosas de hierro galvanizado pueden personalizarse<\/p>\n<table class=\"custom-table\">\n<tr>\n<td class=\"label\">Nombre del producto<\/td>\n<td>Anchura<\/td>\n<td>Altura<\/td>\n<\/tr>\n<tr>\n<td class=\"label\">Combinaci\u00f3n 1<\/td>\n<td>20\u300125\u300140\u300150\u300160\u300170\u300180mm<\/td>\n<td>30\u300140\u300150\u300160\u300170\u300180\u300190\u3001100\u3001110\u3001120.130\u3001140\u3001150\u3001160\u3001170\u3001180\u3001190\u3001200mm<\/td>\n<\/tr>\n<tr>\n<td class=\"label\">Combinaci\u00f3n 2<\/td>\n<td>30 mm<\/td>\n<td>25\u300130\u300140\u300150\u300160\u300170\u300180\u300190\u3001100\u3001110\u3001120\u3001130\u3001140\u3001150\u3001160\u3001170\u3001180\u3001190.200mim<\/td>\n<\/tr>\n<tr>\n<td class=\"label\">Combinaci\u00f3n 3<\/td>\n<td>100\u3001110\u3001120\u3001130\u3001140\u3001150\u3001160\u3001170\u3001180\u3001190\u3001200mm<\/td>\n<td>20\u300130\u300140\u300150mm<\/td>\n<\/tr>\n<\/table>\n<h2>Diagrama de instalaci\u00f3n<\/h2>\n<p><img decoding=\"async\" src=\"https:\/\/sinoextrud.com\/wp-content\/uploads\/U-Shaped-Baffle-Ceiling-System-anzhuang.webp\" alt=\"Sistema de techo bafle en forma de U\"  \/><\/p>\n<h2>Proceso de producci\u00f3n<\/h2>\n<p><img decoding=\"async\" src=\"\/wp-content\/uploads\/zzlc01.webp\" alt=\"Proceso de producci\u00f3n\"  \/><br \/>\n<img decoding=\"async\" src=\"\/wp-content\/uploads\/zzlc02.webp\" alt=\"Proceso de producci\u00f3n\"  \/><br \/>\n<img decoding=\"async\" src=\"\/wp-content\/uploads\/zzlc03.webp\" alt=\"Proceso de producci\u00f3n\"  \/><br \/>\n<img decoding=\"async\" src=\"\/wp-content\/uploads\/zzlc04.webp\" alt=\"Proceso de producci\u00f3n\"  \/><\/p>\n<h2>PREGUNTAS FRECUENTES<\/h2>\n<p><b>1. \u00bfQu\u00e9 es un sistema de techo m\u00f3vil en forma de U?<\/b><\/p>\n<p>Un sistema de techo bafle en forma de U es una soluci\u00f3n de techo suspendido con paneles verticales de aluminio en forma de U dispuestos en filas lineales para crear un dise\u00f1o arquitect\u00f3nico limpio y moderno.\n<\/p>\n<p><\/p>\n<p><b>2.\u00bfCu\u00e1les son las ventajas de un sistema de techo con deflectores en forma de U?<\/b><\/p>\n<p>Los sistemas de techos deflectores en forma de U ofrecen un potente efecto visual lineal, una ac\u00fastica mejorada, una excelente compatibilidad con la ventilaci\u00f3n y configuraciones personalizables.\n<\/p>\n<p><\/p>\n<p><b>3. \u00bfD\u00f3nde se utiliza habitualmente el sistema de techo m\u00f3vil en forma de U?<\/b><\/p>\n<p>Estos sistemas se utilizan ampliamente en oficinas, aeropuertos, centros comerciales, instituciones educativas y edificios p\u00fablicos por sus ventajas est\u00e9ticas y funcionales.\n<\/p>\n<p><\/p>\n<p><b>4.\u00bfC\u00f3mo mejora el dise\u00f1o en U los espacios interiores?<\/b><\/p>\n<p>Los deflectores en forma de U crean profundidad, ritmo y textura en los dise\u00f1os de techos, ayudando a definir el espacio a la vez que mantienen un entorno abierto y aireado.\n<\/p>\n<p><\/p>\n<p><b>5. \u00bfQu\u00e9 materiales se utilizan en los sistemas de techos deflectores en forma de U?<\/b><\/p>\n<p>Los techos deflectores en forma de U suelen ser de aluminio ligero y resistente a la corrosi\u00f3n o de acero galvanizado para ofrecer durabilidad a largo plazo y una instalaci\u00f3n sencilla.\n<\/p>\n<p><\/p>\n<p><b>6.\u00bfSe pueden personalizar los sistemas de techos deflectores en forma de U?<\/b><\/p>\n<p>S\u00ed, los deflectores en forma de U pueden personalizarse en altura, anchura, espaciado, color y acabado para satisfacer requisitos arquitect\u00f3nicos y de dise\u00f1o espec\u00edficos.\n<\/p>\n<p><\/p>\n<p><b>7.\u00bfEs posible la integraci\u00f3n de la iluminaci\u00f3n con techos deflectores en forma de U?<\/b><\/p>\n<p>Por supuesto, los sistemas de techo con deflectores en forma de U pueden incorporar a la perfecci\u00f3n luces lineales, focos o tiras de LED entre los deflectores para mejorar el efecto visual.\n<\/p>\n<p><\/p>\n<p><b>8. \u00bfSon f\u00e1ciles de instalar y mantener los sistemas de techos m\u00f3viles en U?<\/b><\/p>\n<p>S\u00ed, la estructura modular permite una instalaci\u00f3n r\u00e1pida y un c\u00f3modo acceso a los sistemas mec\u00e1nicos y el\u00e9ctricos para su mantenimiento.\n<\/p>\n<p><\/p>\n<p><b>9.\u00bfQu\u00e9 acabados hay disponibles para los techos deflectores en forma de U?<\/b><\/p>\n<p>Los acabados incluyen pintura en polvo, anodizado, grano de madera, texturas mate y colores RAL personalizados para adaptarse a diversos estilos de dise\u00f1o.\n<\/p>\n<p><\/p>\n<p><b>10.\u00bfEs el sistema de techo deflector en forma de U respetuoso con el medio ambiente?<\/b><\/p>\n<p>S\u00ed, los techos deflectores en forma de U est\u00e1n fabricados con materiales de aluminio reciclable y contribuyen a las pr\u00e1cticas de construcci\u00f3n sostenibles y ecol\u00f3gicas.\n<\/p>\n<p><\/p>","protected":false},"featured_media":3587,"template":"","categories":[51],"class_list":["post-3584","product","type-product","status-publish","has-post-thumbnail","hentry","category-baffle-ceiling-systems"],"meta_box":{"hilight_text_group":{"product_hilight_text":"A decorative curtain type ceiing, able to adjust the visual heightof a house, and can hide all the pipelines and other facilities inthe bottor of the building, and can also lead sunlight or lamplightIt enables an open field of vision, good ventilation and air flow,the connection lines are bright and neat, with clear levels,reflecting the concise modern style, simple and convenient ininstallation assembly and dis-assembly, has become the mainpopular product on decoration market .","product_tu_tu":"<img width=\"320\" height=\"210\" src=\"https:\/\/sinoextrud.com\/wp-content\/uploads\/U-Shaped-Baffle-Ceiling-System-xg.webp\" alt=\"U-Shaped Baffle Ceiling System\" title=\"U-Shaped Baffle Ceiling System\">","product_chanpin_chanpin":"<li><a href=\"https:\/\/sinoextrud.com\/product\/pyramid-open-cell-ceiling-system\/\" target=\"_blank\">Pyramid Open Cell Ceiling System<\/a><\/li>\r\n<li><a href=\"https:\/\/sinoextrud.com\/product\/clip-type-screen-ceiling-system\/\" target=\"_blank\">Clip Type Screen Ceiling System<\/a><\/li>\r\n<li><a href=\"https:\/\/sinoextrud.com\/product\/hook-type-sereen-ceiling-system\/\" target=\"_blank\">Hook Type Sereen Ceiling System<\/a><\/li>\r\n<li><a href=\"https:\/\/sinoextrud.com\/product\/vertical-type-screen-ceiling-system\/\" target=\"_blank\">Vertical Type Screen Ceiling System<\/a><\/li>\r\n<li><a href=\"https:\/\/sinoextrud.com\/product\/u-shaped-baffle-ceiling-system\/\" target=\"_blank\">U-Shaped Baffle Ceiling System<\/a><\/li>\r\n<li><a href=\"https:\/\/sinoextrud.com\/product\/special-shaped-baffle-ceiling-system\/\" target=\"_blank\">Special Shaped Baffle Ceiling System<\/a><\/li>\r\n<li><a href=\"https:\/\/sinoextrud.com\/product\/o-shape-baffle-ceiling-system\/\" target=\"_blank\">O-shape Baffle Ceiling System<\/a><\/li>\r\n<li><a href=\"https:\/\/sinoextrud.com\/product\/bullet-shaped-baffle-ceiling-system\/\" target=\"_blank\">Bullet-shaped Baffle Ceiling System<\/a><\/li>\r\n<li><a href=\"https:\/\/sinoextrud.com\/product\/v-shape-baffle-ceiling-system\/\" target=\"_blank\">V-shape Baffle Ceiling System<\/a><\/li>\r\n<li><a href=\"https:\/\/sinoextrud.com\/product\/aluminium-shop-front-extrusions\/\" target=\"_blank\">Aluminium Shop Front Extrusions<\/a><\/li>\r\n<li><a href=\"https:\/\/sinoextrud.com\/product\/wide-aluminum-extrusions\/\" target=\"_blank\">Wide Aluminum Extrusions<\/a><\/li>"},"feature_list":[]},"_links":{"self":[{"href":"https:\/\/sinoextrud.com\/es\/wp-json\/wp\/v2\/product\/3584","targetHints":{"allow":["GET"]}}],"collection":[{"href":"https:\/\/sinoextrud.com\/es\/wp-json\/wp\/v2\/product"}],"about":[{"href":"https:\/\/sinoextrud.com\/es\/wp-json\/wp\/v2\/types\/product"}],"wp:featuredmedia":[{"embeddable":true,"href":"https:\/\/sinoextrud.com\/es\/wp-json\/wp\/v2\/media\/3587"}],"wp:attachment":[{"href":"https:\/\/sinoextrud.com\/es\/wp-json\/wp\/v2\/media?parent=3584"}],"wp:term":[{"taxonomy":"category","embeddable":true,"href":"https:\/\/sinoextrud.com\/es\/wp-json\/wp\/v2\/categories?post=3584"}],"curies":[{"name":"wp","href":"https:\/\/api.w.org\/{rel}","templated":true}]}}