{"id":3578,"date":"2025-04-27T02:03:52","date_gmt":"2025-04-27T02:03:52","guid":{"rendered":"https:\/\/sinoextrud.com\/?post_type=product&#038;p=3578"},"modified":"2025-06-24T03:51:42","modified_gmt":"2025-06-24T03:51:42","slug":"sistema-de-techo-de-pantalla-de-tipo-vertical","status":"publish","type":"product","link":"https:\/\/sinoextrud.com\/es\/product\/vertical-type-screen-ceiling-system\/","title":{"rendered":"Sistema de techo de pantalla de tipo vertical"},"content":{"rendered":"<h2>TAMA\u00d1O EST\u00c1NDAR<\/h2>\n<p>Altura:100 mm<br \/>\nLos tama\u00f1os no est\u00e1ndar se pueden personalizar ;<\/p>\n<p><img loading=\"lazy\" decoding=\"async\" src=\"https:\/\/sinoextrud.com\/wp-content\/uploads\/Vertical-Type-Screen-Ceiling-System-gg.webp\" alt=\"Sistema de techo de pantalla de tipo vertical\" width=\"226\" height=\"116\" class=\"size-full wp-image-3582\" srcset=\"https:\/\/sinoextrud.com\/wp-content\/uploads\/Vertical-Type-Screen-Ceiling-System-gg.webp 226w, https:\/\/sinoextrud.com\/wp-content\/uploads\/Vertical-Type-Screen-Ceiling-System-gg-18x9.webp 18w\" sizes=\"auto, (max-width: 226px) 100vw, 226px\" \/><\/p>\n<h2>Diagrama de instalaci\u00f3n<\/h2>\n<p><img decoding=\"async\" src=\"https:\/\/sinoextrud.com\/wp-content\/uploads\/Vertical-Type-Screen-Ceiling-System-anzhuang.webp\" alt=\"Sistema de techo de pantalla de tipo vertical\"  \/><\/p>\n<h2>Proceso de producci\u00f3n<\/h2>\n<p><img decoding=\"async\" src=\"\/wp-content\/uploads\/zzlc01.webp\" alt=\"Proceso de producci\u00f3n\"  \/><br \/>\n<img decoding=\"async\" src=\"\/wp-content\/uploads\/zzlc02.webp\" alt=\"Proceso de producci\u00f3n\"  \/><br \/>\n<img decoding=\"async\" src=\"\/wp-content\/uploads\/zzlc03.webp\" alt=\"Proceso de producci\u00f3n\"  \/><br \/>\n<img decoding=\"async\" src=\"\/wp-content\/uploads\/zzlc04.webp\" alt=\"Proceso de producci\u00f3n\"  \/><\/p>\n<h2>PREGUNTAS FRECUENTES<\/h2>\n<p><b>1.\u00bfQu\u00e9 es un sistema de techo de pantalla de tipo vertical?<\/b><\/p>\n<p>Un sistema de techo pantalla de tipo vertical es un techo suspendido formado por paneles o lamas de aluminio instalados verticalmente que crean una estructura lineal y abierta con un fuerte impacto visual.\n<\/p>\n<p><\/p>\n<p><b>2.\u00bfCu\u00e1les son las ventajas de un sistema de techo de pantalla de tipo vertical?<\/b><\/p>\n<p>Los sistemas de techos de pantalla de tipo vertical ofrecen una est\u00e9tica moderna, una separaci\u00f3n espacial eficaz, una ventilaci\u00f3n mejorada y una f\u00e1cil integraci\u00f3n con los sistemas de iluminaci\u00f3n y climatizaci\u00f3n.\n<\/p>\n<p><\/p>\n<p><b>3. \u00bfD\u00f3nde se utiliza habitualmente el sistema de techo de pantalla de tipo vertical?<\/b><\/p>\n<p>Estos sistemas de techos se utilizan mucho en aeropuertos, estaciones de tren, oficinas, centros comerciales y centros de exposiciones por sus cualidades decorativas y funcionales.\n<\/p>\n<p><\/p>\n<p><b>4.\u00bfC\u00f3mo mejora el techo de pantalla vertical el dise\u00f1o de interiores?<\/b><\/p>\n<p>La alineaci\u00f3n vertical de los paneles a\u00f1ade ritmo, profundidad y un aspecto arquitect\u00f3nico contempor\u00e1neo, al tiempo que mantiene la apertura y la penetraci\u00f3n de la luz.\n<\/p>\n<p><\/p>\n<p><b>5. \u00bfQu\u00e9 materiales se utilizan en los sistemas de techos de pantalla verticales?<\/b><\/p>\n<p>Los techos verticales de malla suelen fabricarse con aluminio o acero galvanizado de alta calidad, lo que proporciona una gran solidez y resistencia a la corrosi\u00f3n.\n<\/p>\n<p><\/p>\n<p><b>6.\u00bfPueden personalizarse los sistemas de techos de pantalla verticales?<\/b><\/p>\n<p>S\u00ed, el tama\u00f1o, la separaci\u00f3n, la forma, el color y el acabado superficial de los paneles de pantalla verticales pueden personalizarse por completo para adaptarse a requisitos de dise\u00f1o espec\u00edficos.\n<\/p>\n<p><\/p>\n<p><b>7.\u00bfEs posible integrar la iluminaci\u00f3n con techos de pantalla verticales?<\/b><\/p>\n<p>Por supuesto, los sistemas de techos de pantalla verticales permiten una integraci\u00f3n flexible de la iluminaci\u00f3n entre los paneles o detr\u00e1s de ellos para conseguir efectos visuales \u00fanicos.\n<\/p>\n<p><\/p>\n<p><b>8.\u00bfSon f\u00e1ciles de instalar y mantener los sistemas de techos de pantalla verticales?<\/b><\/p>\n<p>S\u00ed, estos sistemas cuentan con componentes modulares que garantizan una r\u00e1pida instalaci\u00f3n y un f\u00e1cil acceso para el mantenimiento de los servicios del techo.\n<\/p>\n<p><\/p>\n<p><b>9.\u00bfQu\u00e9 opciones de acabado hay disponibles para los techos de pantalla de tipo vertical?<\/b><\/p>\n<p>Los acabados disponibles incluyen pintura en polvo, anodizado, metal cepillado, grano de madera y colores RAL personalizados para una mayor versatilidad est\u00e9tica.\n<\/p>\n<p><\/p>\n<p><b>10.\u00bfEs ecol\u00f3gico el sistema de techo de pantalla de tipo vertical?<\/b><\/p>\n<p>S\u00ed, los sistemas de techos de rejilla de tipo vertical est\u00e1n fabricados con aluminio reciclable y apoyan la construcci\u00f3n sostenible y las normas de construcci\u00f3n ecol\u00f3gica.\n<\/p>\n<p><\/p>","protected":false},"featured_media":3579,"template":"","categories":[50],"class_list":["post-3578","product","type-product","status-publish","has-post-thumbnail","hentry","category-screen-ceiling-systems"],"meta_box":{"hilight_text_group":{"product_hilight_text":"Vertical type screen ceiling system, which is composed ofa plurality of long suspended plates lining at equal spacingThe long bar is vertical and coherent, simple and elegantin appearance, with the fashionable styie, The structure islight, convenient to be assembled and dis-assembled,perfect fireproof, moisture-proof function; seamless, easyto be cleaned, durable for usage, excellent quality, nobleand elegant, with perfect noise absorption performance,distinctive style, rich in colors.","product_tu_tu":"<img width=\"320\" height=\"210\" src=\"https:\/\/sinoextrud.com\/wp-content\/uploads\/Vertical-Type-Screen-Ceiling-System-xg.webp\" alt=\"Vertical Type Screen Ceiling System\" title=\"Vertical Type Screen Ceiling System\">","product_chanpin_chanpin":"<li><a href=\"https:\/\/sinoextrud.com\/product\/combination-open-cell-ceiling-system\/\" target=\"_blank\">Combination Open Cell Ceiling System<\/a><\/li>\r\n<li><a href=\"https:\/\/sinoextrud.com\/product\/pyramid-open-cell-ceiling-system\/\" target=\"_blank\">Pyramid Open Cell Ceiling System<\/a><\/li>\r\n<li><a href=\"https:\/\/sinoextrud.com\/product\/clip-type-screen-ceiling-system\/\" target=\"_blank\">Clip Type Screen Ceiling System<\/a><\/li>\r\n<li><a href=\"https:\/\/sinoextrud.com\/product\/hook-type-sereen-ceiling-system\/\" target=\"_blank\">Hook Type Sereen Ceiling System<\/a><\/li>\r\n<li><a href=\"https:\/\/sinoextrud.com\/product\/vertical-type-screen-ceiling-system\/\" target=\"_blank\">Vertical Type Screen Ceiling System<\/a><\/li>\r\n<li><a href=\"https:\/\/sinoextrud.com\/product\/u-shaped-baffle-ceiling-system\/\" target=\"_blank\">U-Shaped Baffle Ceiling System<\/a><\/li>\r\n<li><a href=\"https:\/\/sinoextrud.com\/product\/special-shaped-baffle-ceiling-system\/\" target=\"_blank\">Special Shaped Baffle Ceiling System<\/a><\/li>\r\n<li><a href=\"https:\/\/sinoextrud.com\/product\/o-shape-baffle-ceiling-system\/\" target=\"_blank\">O-shape Baffle Ceiling System<\/a><\/li>\r\n<li><a href=\"https:\/\/sinoextrud.com\/product\/bullet-shaped-baffle-ceiling-system\/\" target=\"_blank\">Bullet-shaped Baffle Ceiling System<\/a><\/li>\r\n<li><a href=\"https:\/\/sinoextrud.com\/product\/aluminum-trailer-door-frame-extrusions\/\" target=\"_blank\">Aluminum Trailer Door Frame Extrusions<\/a><\/li>\r\n<li><a href=\"https:\/\/sinoextrud.com\/product\/newest-stable-extruded-aluminum-u-channel-profile-frameless-glass-railing-system-with-balustrade-handrail-fittings\/\" target=\"_blank\">Newest Stable Extruded Aluminum U Channel Profile Frameless Glass Railing System With Balustrade Handrail Fittings<\/a><\/li>"},"feature_list":[]},"_links":{"self":[{"href":"https:\/\/sinoextrud.com\/es\/wp-json\/wp\/v2\/product\/3578","targetHints":{"allow":["GET"]}}],"collection":[{"href":"https:\/\/sinoextrud.com\/es\/wp-json\/wp\/v2\/product"}],"about":[{"href":"https:\/\/sinoextrud.com\/es\/wp-json\/wp\/v2\/types\/product"}],"wp:featuredmedia":[{"embeddable":true,"href":"https:\/\/sinoextrud.com\/es\/wp-json\/wp\/v2\/media\/3579"}],"wp:attachment":[{"href":"https:\/\/sinoextrud.com\/es\/wp-json\/wp\/v2\/media?parent=3578"}],"wp:term":[{"taxonomy":"category","embeddable":true,"href":"https:\/\/sinoextrud.com\/es\/wp-json\/wp\/v2\/categories?post=3578"}],"curies":[{"name":"wp","href":"https:\/\/api.w.org\/{rel}","templated":true}]}}