{"id":3541,"date":"2025-04-26T09:09:40","date_gmt":"2025-04-26T09:09:40","guid":{"rendered":"https:\/\/sinoextrud.com\/?post_type=product&#038;p=3541"},"modified":"2025-06-24T03:51:32","modified_gmt":"2025-06-24T03:51:32","slug":"sistema-combinado-de-techo-de-celulas-abiertas","status":"publish","type":"product","link":"https:\/\/sinoextrud.com\/es\/product\/combination-open-cell-ceiling-system\/","title":{"rendered":"Sistema combinado de techo de c\u00e9lulas abiertas"},"content":{"rendered":"<h2>TAMA\u00d1O EST\u00c1NDAR<\/h2>\n<p>1: Los tama\u00f1os no est\u00e1ndar se pueden personalizar ;<\/p>\n<p>2: Las baldosas de hierro galvanizado pueden personalizarse<\/p>\n<table class=\"custom-table\">\n<tr>\n<td class=\"label\">Nombre del producto<\/td>\n<td>TALLA<\/td>\n<\/tr>\n<tr>\n<td class=\"label\">Anchura<\/td>\n<td>10 mm<\/td>\n<\/tr>\n<tr>\n<td class=\"label\">Haight<\/td>\n<td>40 mm<\/td>\n<\/tr>\n<tr>\n<td class=\"label\">Talla<\/td>\n<td>1800x1200mm\uff0c1800x600mm<\/td>\n<\/tr>\n<\/table>\n<h2>Diagrama de instalaci\u00f3n<\/h2>\n<p><img decoding=\"async\" src=\"https:\/\/sinoextrud.com\/wp-content\/uploads\/Combination-Open-Cell-Ceiling-System-anzhuang.webp\" alt=\"Sistema combinado de techo de c\u00e9lulas abiertas\"  \/><\/p>\n<h2>Proceso de producci\u00f3n<\/h2>\n<p><img decoding=\"async\" src=\"\/wp-content\/uploads\/zzlc01.webp\" alt=\"Proceso de producci\u00f3n\"  \/><br \/>\n<img decoding=\"async\" src=\"\/wp-content\/uploads\/zzlc02.webp\" alt=\"Proceso de producci\u00f3n\"  \/><br \/>\n<img decoding=\"async\" src=\"\/wp-content\/uploads\/zzlc03.webp\" alt=\"Proceso de producci\u00f3n\"  \/><br \/>\n<img decoding=\"async\" src=\"\/wp-content\/uploads\/zzlc04.webp\" alt=\"Proceso de producci\u00f3n\"  \/><\/p>\n<h2>PREGUNTAS FRECUENTES<\/h2>\n<p><b>1.\u00bfQu\u00e9 es un sistema de techo mixto de c\u00e9lulas abiertas?<\/b><\/p>\n<p>Un sistema combinado de techo de c\u00e9lulas abiertas es una soluci\u00f3n de techo modular que integra diversas formas y tama\u00f1os de c\u00e9lulas -como cuadradas, romboidales o triangulares- para crear dise\u00f1os de techo din\u00e1micos y personalizables.\n<\/p>\n<p><\/p>\n<p><b>2.\u00bfCu\u00e1les son las ventajas de un sistema combinado de techo de c\u00e9lulas abiertas?<\/b><\/p>\n<p>Los sistemas combinados de techo de c\u00e9lulas abiertas ofrecen una gran flexibilidad de dise\u00f1o, una mejor circulaci\u00f3n del aire, una est\u00e9tica moderna y un f\u00e1cil acceso a los servicios a\u00e9reos.\n<\/p>\n<p><\/p>\n<p><b>3.\u00bfD\u00f3nde se utiliza habitualmente el sistema de techo de c\u00e9lulas abiertas combinado?<\/b><\/p>\n<p>Estos sistemas se utilizan ampliamente en edificios comerciales, centros de transporte, centros comerciales, oficinas y espacios p\u00fablicos por su atractivo visual creativo y sus ventajas funcionales.\n<\/p>\n<p><\/p>\n<p><b>4.\u00bfC\u00f3mo mejora la flexibilidad de dise\u00f1o un techo mixto de c\u00e9lulas abiertas?<\/b><\/p>\n<p>Al mezclar diferentes formas y patrones de celdas, este sistema de techos permite a los arquitectos crear efectos espaciales \u00fanicos y dise\u00f1os personalizados adaptados a la tem\u00e1tica del proyecto.\n<\/p>\n<p><\/p>\n<p><b>5. \u00bfQu\u00e9 materiales se utilizan en los sistemas combinados de techo de c\u00e9lulas abiertas?<\/b><\/p>\n<p>Los techos abiertos combinados suelen estar fabricados con aluminio ligero o acero galvanizado, lo que garantiza su solidez, durabilidad y resistencia a la corrosi\u00f3n.\n<\/p>\n<p><\/p>\n<p><b>6.\u00bfSe pueden personalizar los sistemas de techos de c\u00e9lulas abiertas combinados?<\/b><\/p>\n<p>S\u00ed, el tama\u00f1o de la c\u00e9lula, la configuraci\u00f3n del patr\u00f3n, el color, el grosor del material y el acabado de la superficie pueden personalizarse para adaptarse a necesidades arquitect\u00f3nicas y de dise\u00f1o espec\u00edficas.\n<\/p>\n<p><\/p>\n<p><b>7.\u00bfEs posible la integraci\u00f3n de la iluminaci\u00f3n con techos combinados de c\u00e9lulas abiertas?<\/b><\/p>\n<p>Por supuesto, la estructura abierta permite una integraci\u00f3n perfecta de las luminarias por encima o dentro de la perfiler\u00eda del techo para mejorar la funcionalidad y el ambiente.\n<\/p>\n<p><\/p>\n<p><b>8. \u00bfSon f\u00e1ciles de instalar y mantener los sistemas combinados de techo de c\u00e9lulas abiertas?<\/b><\/p>\n<p>S\u00ed, el dise\u00f1o modular permite una instalaci\u00f3n r\u00e1pida, la sustituci\u00f3n de paneles y un acceso sencillo para el mantenimiento y las revisiones rutinarias.\n<\/p>\n<p><\/p>\n<p><b>9.\u00bfQu\u00e9 opciones de acabado hay disponibles para los techos combinados de c\u00e9lulas abiertas?<\/b><\/p>\n<p>Los acabados incluyen pintura en polvo, aluminio anodizado, metal cepillado, grano de madera y colores RAL personalizados para una amplia gama de posibilidades de dise\u00f1o.\n<\/p>\n<p><\/p>\n<p><b>10.\u00bfEs el sistema combinado de techo de c\u00e9lulas abiertas respetuoso con el medio ambiente?<\/b><\/p>\n<p>S\u00ed, estos sistemas de techo est\u00e1n fabricados con materiales reciclables y respaldan las pr\u00e1cticas de construcci\u00f3n sostenible y las certificaciones de construcci\u00f3n ecol\u00f3gica.\n<\/p>\n<p><\/p>","protected":false},"featured_media":3544,"template":"","categories":[49],"class_list":["post-3541","product","type-product","status-publish","has-post-thumbnail","hentry","category-open-cell-ceiling-systems"],"meta_box":{"hilight_text_group":{"product_hilight_text":"Composite open cell ceiling through the designer's ideas .break through the traditional concept .using complexceiling , and is different from the general grille , generousbeauty,strong stereo sense, Transparent structure . casy tomaintain :it can put the lamps and lanterns , airconditioning system , fire fighting equipment placed withinthe ceiling The installation is simple . but optiona!installation and removal , no special tools , convenientmaintenanoe.","product_tu_tu":"<img width=\"320\" height=\"210\" src=\"https:\/\/sinoextrud.com\/wp-content\/uploads\/Combination-Open-Cell-Ceiling-System-XG.webp\" alt=\"Combination Open Cell Ceiling System\" title=\"Combination Open Cell Ceiling System\">","product_chanpin_chanpin":"<li><a href=\"https:\/\/sinoextrud.com\/product\/h-shaped-closed-linear-ceiling-system\/\" target=\"_blank\">H-Shaped Closed Linear Ceiling System<\/a><\/li>\r\n<li><a href=\"https:\/\/sinoextrud.com\/product\/g-shaped-linear-ceiling-system\/\" target=\"_blank\">G-Shaped Linear Ceiling System<\/a><\/li>\r\n<li><a href=\"https:\/\/sinoextrud.com\/product\/u-shaped-with-open-linear-ceiling-system\/\" target=\"_blank\">U-Shaped With Open Linear Ceiling System<\/a><\/li>\r\n<li><a href=\"https:\/\/sinoextrud.com\/product\/v-shaped-linear-ceiling-system\/\" target=\"_blank\">V-Shaped Linear Ceiling System<\/a><\/li>\r\n<li><a href=\"https:\/\/sinoextrud.com\/product\/combination-open-cell-ceiling-system\/\" target=\"_blank\">Combination Open Cell Ceiling System<\/a><\/li>\r\n<li><a href=\"https:\/\/sinoextrud.com\/product\/pyramid-open-cell-ceiling-system\/\" target=\"_blank\">Pyramid Open Cell Ceiling System<\/a><\/li>\r\n<li><a href=\"https:\/\/sinoextrud.com\/product\/clip-type-screen-ceiling-system\/\" target=\"_blank\">Clip Type Screen Ceiling System<\/a><\/li>\r\n<li><a href=\"https:\/\/sinoextrud.com\/product\/hook-type-sereen-ceiling-system\/\" target=\"_blank\">Hook Type Sereen Ceiling System<\/a><\/li>\r\n<li><a href=\"https:\/\/sinoextrud.com\/product\/vertical-type-screen-ceiling-system\/\" target=\"_blank\">Vertical Type Screen Ceiling System<\/a><\/li>\r\n<li><a href=\"https:\/\/sinoextrud.com\/product\/aluminum-profile-with-t-slot-flat\/\" target=\"_blank\">Aluminum Profile With T Slot Flat<\/a><\/li>\r\n<li><a href=\"https:\/\/sinoextrud.com\/product\/thermal-break-aluminium-profiles\/\" target=\"_blank\">Thermal Break Aluminium Profiles<\/a><\/li>"},"feature_list":[]},"_links":{"self":[{"href":"https:\/\/sinoextrud.com\/es\/wp-json\/wp\/v2\/product\/3541","targetHints":{"allow":["GET"]}}],"collection":[{"href":"https:\/\/sinoextrud.com\/es\/wp-json\/wp\/v2\/product"}],"about":[{"href":"https:\/\/sinoextrud.com\/es\/wp-json\/wp\/v2\/types\/product"}],"wp:featuredmedia":[{"embeddable":true,"href":"https:\/\/sinoextrud.com\/es\/wp-json\/wp\/v2\/media\/3544"}],"wp:attachment":[{"href":"https:\/\/sinoextrud.com\/es\/wp-json\/wp\/v2\/media?parent=3541"}],"wp:term":[{"taxonomy":"category","embeddable":true,"href":"https:\/\/sinoextrud.com\/es\/wp-json\/wp\/v2\/categories?post=3541"}],"curies":[{"name":"wp","href":"https:\/\/api.w.org\/{rel}","templated":true}]}}