{"id":3505,"date":"2025-04-26T07:52:41","date_gmt":"2025-04-26T07:52:41","guid":{"rendered":"https:\/\/sinoextrud.com\/?post_type=product&#038;p=3505"},"modified":"2025-06-24T03:51:20","modified_gmt":"2025-06-24T03:51:20","slug":"sistema-de-techo-lineal-en-c-resistente-al-viento","status":"publish","type":"product","link":"https:\/\/sinoextrud.com\/es\/product\/c-shaped-wind-resistant-linear-ceiling-system\/","title":{"rendered":"Sistema de techo lineal en forma de C resistente al viento"},"content":{"rendered":"<h2>TAMA\u00d1O EST\u00c1NDAR<\/h2>\n<p>1: Los tama\u00f1os no est\u00e1ndar se pueden personalizar<\/p>\n<table class=\"custom-table\">\n<tr>\n<td class=\"label\">Nombre del producto<\/td>\n<td>TALLA<\/td>\n<\/tr>\n<tr>\n<td class=\"label\">Anchura<\/td>\n<td>300mm\u3001400mm\u3001500mm\u3001600mm<\/td>\n<\/tr>\n<\/table>\n<p><img loading=\"lazy\" decoding=\"async\" src=\"https:\/\/sinoextrud.com\/wp-content\/uploads\/C-Shaped-Wind-Resistant-Linear-Ceiling-System-gg.webp\" alt=\"Sistema de techo lineal en forma de C resistente al viento\" width=\"211\" height=\"100\" class=\"size-full wp-image-3509\" srcset=\"https:\/\/sinoextrud.com\/wp-content\/uploads\/C-Shaped-Wind-Resistant-Linear-Ceiling-System-gg.webp 211w, https:\/\/sinoextrud.com\/wp-content\/uploads\/C-Shaped-Wind-Resistant-Linear-Ceiling-System-gg-18x9.webp 18w\" sizes=\"auto, (max-width: 211px) 100vw, 211px\" \/><\/p>\n<h2>Diagrama de instalaci\u00f3n<\/h2>\n<p><img decoding=\"async\" src=\"https:\/\/sinoextrud.com\/wp-content\/uploads\/C-Shaped-Wind-Resistant-Linear-Ceiling-System-anzhuang.webp\" alt=\"Sistema de techo lineal en forma de C resistente al viento\"  \/><\/p>\n<h2>Proceso de producci\u00f3n<\/h2>\n<p><img decoding=\"async\" src=\"\/wp-content\/uploads\/zzlc01.webp\" alt=\"Proceso de producci\u00f3n\"  \/><br \/>\n<img decoding=\"async\" src=\"\/wp-content\/uploads\/zzlc02.webp\" alt=\"Proceso de producci\u00f3n\"  \/><br \/>\n<img decoding=\"async\" src=\"\/wp-content\/uploads\/zzlc03.webp\" alt=\"Proceso de producci\u00f3n\"  \/><br \/>\n<img decoding=\"async\" src=\"\/wp-content\/uploads\/zzlc04.webp\" alt=\"Proceso de producci\u00f3n\"  \/><\/p>\n<h2>PREGUNTAS FRECUENTES<\/h2>\n<p><b>1.\u00bfQu\u00e9 es un sistema de techo lineal resistente al viento en forma de C?<\/b><\/p>\n<p>Un sistema de techo lineal resistente al viento en forma de C es un techo met\u00e1lico suspendido que utiliza paneles de aluminio de perfil en C con mecanismos de cierre reforzados dise\u00f1ados para resistir fuertes cargas de viento, especialmente en entornos semiexteriores o abiertos.\n<\/p>\n<p><\/p>\n<p><b>2.\u00bfCu\u00e1les son las ventajas de un sistema de techo lineal resistente al viento en forma de C?<\/b><\/p>\n<p>Los sistemas de techos lineales resistentes al viento en forma de C ofrecen una resistencia superior al viento, estabilidad estructural, est\u00e9tica moderna y un excelente rendimiento en espacios exteriores y de alta ventilaci\u00f3n.\n<\/p>\n<p><\/p>\n<p><b>3. \u00bfD\u00f3nde se utiliza habitualmente el sistema de techo en forma de C resistente al viento?<\/b><\/p>\n<p>Estos sistemas son ideales para aeropuertos, marquesinas, pasillos, centros de transporte y pasarelas exteriores en los que la carga del viento y la ventilaci\u00f3n son preocupaciones fundamentales.\n<\/p>\n<p><\/p>\n<p><b>4. \u00bfC\u00f3mo mejora el rendimiento el dise\u00f1o resistente al viento?<\/b><\/p>\n<p>El dise\u00f1o mejorado de cierre por clip garantiza que los paneles permanezcan firmemente fijados bajo una fuerte presi\u00f3n del viento, reduciendo el riesgo de deformaci\u00f3n o desprendimiento.\n<\/p>\n<p><\/p>\n<p><b>5. \u00bfQu\u00e9 materiales se utilizan en los sistemas de techo en forma de C resistentes al viento?<\/b><\/p>\n<p>Los sistemas de techos resistentes al viento en forma de C suelen fabricarse con aluminio de alta resistencia o acero galvanizado para ofrecer durabilidad, resistencia a la corrosi\u00f3n y ligereza.\n<\/p>\n<p><\/p>\n<p><b>6. \u00bfSe pueden personalizar los sistemas de techo en forma de C resistentes al viento?<\/b><\/p>\n<p>S\u00ed, las opciones de anchura, profundidad, espaciado, color, acabado y perforaci\u00f3n de los paneles pueden personalizarse para adaptarse a las necesidades de dise\u00f1o y rendimiento espec\u00edficas de cada proyecto.\n<\/p>\n<p><\/p>\n<p><b>7.\u00bfPueden integrarse la iluminaci\u00f3n y los servicios p\u00fablicos con techos resistentes al viento en forma de C?<\/b><\/p>\n<p>Absolutamente, los sistemas de techos resistentes al viento en forma de C admiten la integraci\u00f3n perfecta de luminarias, conductos de ventilaci\u00f3n y componentes de protecci\u00f3n contra incendios.\n<\/p>\n<p><\/p>\n<p><b>8. \u00bfSon f\u00e1ciles de instalar y mantener los techos en forma de C resistentes al viento?<\/b><\/p>\n<p>S\u00ed, el dise\u00f1o modular de los paneles permite una instalaci\u00f3n r\u00e1pida y un desmontaje sencillo para la inspecci\u00f3n, limpieza o mantenimiento de los sistemas a\u00e9reos.\n<\/p>\n<p><\/p>\n<p><b>9. \u00bfQu\u00e9 acabados est\u00e1n disponibles para los sistemas de techo en forma de C resistentes al viento?<\/b><\/p>\n<p>Los acabados disponibles incluyen pintura en polvo, anodizado, superficies cepilladas, efectos de grano de madera y colores RAL personalizados para una amplia gama de aplicaciones de dise\u00f1o.\n<\/p>\n<p><\/p>\n<p><b>10. \u00bfEs respetuoso con el medio ambiente el sistema de techo lineal en forma de C resistente al viento?<\/b><\/p>\n<p>S\u00ed, fabricados con materiales de aluminio reciclable, los sistemas de techo en forma de C resistentes al viento apoyan las normas de construcci\u00f3n ecol\u00f3gica y la arquitectura sostenible.\n<\/p>\n<p><\/p>","protected":false},"featured_media":3506,"template":"","categories":[48],"class_list":["post-3505","product","type-product","status-publish","has-post-thumbnail","hentry","category-linear-ceiling-systems"],"meta_box":{"hilight_text_group":{"product_hilight_text":"C-shaped windresistant linear ceiling holds novel structure, thedesign is generous, clean as a whole, able to perfectly express theidea of the designer, and it is novel and unique, with structure framefull of modern sense, The characteristics of longitudinal dense splicingwith flat and straight plate surface, firm structure and concise andvivid connection lines, full of dynamic changes, products seriesavailable with all kinds of plastic film mulching. spraying coating.punching etc, applicable for indoor and outdoor installation.","product_tu_tu":"<img width=\"320\" height=\"210\" src=\"https:\/\/sinoextrud.com\/wp-content\/uploads\/C-Shaped-Wind-Resistant-Linear-Ceiling-System-xg.webp\" alt=\"C-Shaped Wind-Resistant Linear Ceiling System\" title=\"C-Shaped Wind-Resistant Linear Ceiling System\">","product_chanpin_chanpin":"<li><a href=\"https:\/\/sinoextrud.com\/product\/hook-on-tile-ceiling-system\/\" target=\"_blank\">Hook-On Tile Ceiling System<\/a><\/li>\r\n<li><a href=\"https:\/\/sinoextrud.com\/product\/perforation-aluminum-ceiling-system\/\" target=\"_blank\">Perforation Aluminum Ceiling System<\/a><\/li>\r\n<li><a href=\"https:\/\/sinoextrud.com\/product\/aluminum-ceiling-system\/\" target=\"_blank\">Aluminum Ceiling System<\/a><\/li>\r\n<li><a href=\"https:\/\/sinoextrud.com\/product\/c-shaped-closed-linear-ceiling-system\/\" target=\"_blank\">C-Shaped Closed Linear Ceiling System<\/a><\/li>\r\n<li><a href=\"https:\/\/sinoextrud.com\/product\/c-shaped-wind-resistant-linear-ceiling-system\/\" target=\"_blank\">C-Shaped Wind-Resistant Linear Ceiling System<\/a><\/li>\r\n<li><a href=\"https:\/\/sinoextrud.com\/product\/h-shaped-closed-linear-ceiling-system\/\" target=\"_blank\">H-Shaped Closed Linear Ceiling System<\/a><\/li>\r\n<li><a href=\"https:\/\/sinoextrud.com\/product\/g-shaped-linear-ceiling-system\/\" target=\"_blank\">G-Shaped Linear Ceiling System<\/a><\/li>\r\n<li><a href=\"https:\/\/sinoextrud.com\/product\/u-shaped-with-open-linear-ceiling-system\/\" target=\"_blank\">U-Shaped With Open Linear Ceiling System<\/a><\/li>\r\n<li><a href=\"https:\/\/sinoextrud.com\/product\/v-shaped-linear-ceiling-system\/\" target=\"_blank\">V-Shaped Linear Ceiling System<\/a><\/li>\r\n<li><a href=\"https:\/\/sinoextrud.com\/product\/powder-coating-golden-10mm-aluminum-extrusion\/\" target=\"_blank\">Powder Coating Golden 10mm Aluminum Extrusion<\/a><\/li>\r\n<li><a href=\"https:\/\/sinoextrud.com\/product\/interlocking-aluminium-profiles\/\" target=\"_blank\">Interlocking Aluminium Profiles<\/a><\/li>"},"feature_list":[]},"_links":{"self":[{"href":"https:\/\/sinoextrud.com\/es\/wp-json\/wp\/v2\/product\/3505","targetHints":{"allow":["GET"]}}],"collection":[{"href":"https:\/\/sinoextrud.com\/es\/wp-json\/wp\/v2\/product"}],"about":[{"href":"https:\/\/sinoextrud.com\/es\/wp-json\/wp\/v2\/types\/product"}],"wp:featuredmedia":[{"embeddable":true,"href":"https:\/\/sinoextrud.com\/es\/wp-json\/wp\/v2\/media\/3506"}],"wp:attachment":[{"href":"https:\/\/sinoextrud.com\/es\/wp-json\/wp\/v2\/media?parent=3505"}],"wp:term":[{"taxonomy":"category","embeddable":true,"href":"https:\/\/sinoextrud.com\/es\/wp-json\/wp\/v2\/categories?post=3505"}],"curies":[{"name":"wp","href":"https:\/\/api.w.org\/{rel}","templated":true}]}}