{"id":3489,"date":"2025-04-26T07:24:52","date_gmt":"2025-04-26T07:24:52","guid":{"rendered":"https:\/\/sinoextrud.com\/?post_type=product&#038;p=3489"},"modified":"2025-06-24T03:51:14","modified_gmt":"2025-06-24T03:51:14","slug":"sistema-de-techo-de-aluminio","status":"publish","type":"product","link":"https:\/\/sinoextrud.com\/es\/product\/aluminum-ceiling-system\/","title":{"rendered":"Sistema de techo de aluminio"},"content":{"rendered":"<h2>TAMA\u00d1O EST\u00c1NDAR<\/h2>\n<p><img decoding=\"async\" src=\"https:\/\/sinoextrud.com\/wp-content\/uploads\/Aluminum-Ceiling-System-gg1.webp\" alt=\"Sistema de techo de aluminio\"  \/><br \/>\n<img decoding=\"async\" src=\"https:\/\/sinoextrud.com\/wp-content\/uploads\/Aluminum-Ceiling-System-gg2.webp\" alt=\"Sistema de techo de aluminio\"  \/><br \/>\n<img decoding=\"async\" src=\"https:\/\/sinoextrud.com\/wp-content\/uploads\/Aluminum-Ceiling-System-gg3.webp\" alt=\"Sistema de techo de aluminio\"  \/><br \/>\n<img decoding=\"async\" src=\"https:\/\/sinoextrud.com\/wp-content\/uploads\/Aluminum-Ceiling-System-gg4.webp\" alt=\"Sistema de techo de aluminio\"  \/><br \/>\n<img decoding=\"async\" src=\"https:\/\/sinoextrud.com\/wp-content\/uploads\/Aluminum-Ceiling-System-gg5.webp\" alt=\"Sistema de techo de aluminio\"  \/><\/p>\n<h2>Proceso de producci\u00f3n<\/h2>\n<p><img decoding=\"async\" src=\"\/wp-content\/uploads\/zzlc01.webp\" alt=\"Proceso de producci\u00f3n\"  \/><br \/>\n<img decoding=\"async\" src=\"\/wp-content\/uploads\/zzlc02.webp\" alt=\"Proceso de producci\u00f3n\"  \/><br \/>\n<img decoding=\"async\" src=\"\/wp-content\/uploads\/zzlc03.webp\" alt=\"Proceso de producci\u00f3n\"  \/><br \/>\n<img decoding=\"async\" src=\"\/wp-content\/uploads\/zzlc04.webp\" alt=\"Proceso de producci\u00f3n\"  \/><\/p>\n<h2>PREGUNTAS FRECUENTES<\/h2>\n<p><b>1.\u00bfQu\u00e9 es un sistema de techo de aluminio?<\/b><\/p>\n<p>Un sistema de techo de aluminio es una soluci\u00f3n de techo suspendido fabricado con paneles ligeros de aluminio dise\u00f1ados para ofrecer durabilidad, est\u00e9tica, rendimiento ac\u00fastico y facilidad de instalaci\u00f3n en diversos espacios interiores y exteriores.\n<\/p>\n<p><\/p>\n<p><b>2.\u00bfCu\u00e1les son las ventajas de los sistemas de techos de aluminio?<\/b><\/p>\n<p>Los sistemas de techos de aluminio ofrecen una excelente resistencia a la corrosi\u00f3n, seguridad contra incendios, bajo mantenimiento, larga vida \u00fatil y un moderno atractivo visual, lo que los hace ideales para espacios comerciales y p\u00fablicos.\n<\/p>\n<p><\/p>\n<p><b>3. \u00bfD\u00f3nde se utilizan habitualmente los sistemas de techos de aluminio?<\/b><\/p>\n<p>Los sistemas de techos de aluminio se utilizan ampliamente en aeropuertos, oficinas, hospitales, escuelas, centros comerciales, estaciones de metro y edificios p\u00fablicos debido a su versatilidad y ventajas funcionales.\n<\/p>\n<p><\/p>\n<p><b>4.\u00bfC\u00f3mo mejora el rendimiento de los edificios un sistema de techo de aluminio?<\/b><\/p>\n<p>Los sistemas de techos de aluminio mejoran el control ac\u00fastico, la integraci\u00f3n de la ventilaci\u00f3n y el rendimiento t\u00e9rmico, y contribuyen a unos dise\u00f1os interiores limpios y despejados.\n<\/p>\n<p><\/p>\n<p><b>5. \u00bfQu\u00e9 tipos de sistemas de techos de aluminio existen?<\/b><\/p>\n<p>Entre los tipos m\u00e1s comunes se encuentran los techos lineales, los techos de celdas abiertas, los techos deflectores, los techos clipables, los techos registrables y los sistemas a medida para satisfacer necesidades arquitect\u00f3nicas espec\u00edficas.\n<\/p>\n<p><\/p>\n<p><b>6.\u00bfSe pueden personalizar los sistemas de techos de aluminio?<\/b><\/p>\n<p>S\u00ed, los techos de aluminio se pueden personalizar en tama\u00f1o de panel, forma, patr\u00f3n de perforaci\u00f3n, acabado superficial y color para adaptarse a las especificaciones de dise\u00f1o del proyecto.\n<\/p>\n<p><\/p>\n<p><b>7.\u00bfEs posible la integraci\u00f3n de la iluminaci\u00f3n con los sistemas de techos de aluminio?<\/b><\/p>\n<p>Por supuesto, los sistemas de techos de aluminio pueden incorporar iluminaci\u00f3n empotrada, luminarias lineales, focos y componentes de climatizaci\u00f3n para una integraci\u00f3n funcional perfecta.\n<\/p>\n<p><\/p>\n<p><b>8.\u00bfSon f\u00e1ciles de instalar y mantener los sistemas de techos de aluminio?<\/b><\/p>\n<p>S\u00ed, estos sistemas presentan dise\u00f1os modulares que permiten una instalaci\u00f3n r\u00e1pida, un f\u00e1cil acceso a los servicios a\u00e9reos y un mantenimiento m\u00ednimo a largo plazo.\n<\/p>\n<p><\/p>\n<p><b>9.\u00bfQu\u00e9 acabados est\u00e1n disponibles para los sistemas de techos de aluminio?<\/b><\/p>\n<p>Los acabados incluyen pintura en polvo, anodizado, grano de madera, metal cepillado y colores RAL personalizados para una gran variedad de opciones est\u00e9ticas.\n<\/p>\n<p><\/p>\n<p><b>10.\u00bfEs el sistema de techo de aluminio respetuoso con el medio ambiente?<\/b><\/p>\n<p>S\u00ed, los sistemas de techos de aluminio est\u00e1n fabricados con materiales reciclables, lo que favorece las pr\u00e1cticas de construcci\u00f3n respetuosas con el medio ambiente y contribuye a las certificaciones de construcci\u00f3n ecol\u00f3gica.\n<\/p>\n<p><\/p>","protected":false},"featured_media":3492,"template":"","categories":[47],"class_list":["post-3489","product","type-product","status-publish","has-post-thumbnail","hentry","category-tile-ceiling-systems"],"meta_box":{"hilight_text_group":{"product_hilight_text":"<ul>\r\r\n  <li>High-strength aluminum alloy material, durable and corrosion-resistant, suitable for various commercial and industrial environments.<\/li>\r\r\n  <li>Lightweight design, easy installation, reducing labor time and cost.<\/li>\r\r\n  <li>Variety of design styles and color options to meet different decoration needs.<\/li>\r\r\n  <li>Excellent acoustic performance, providing better indoor sound quality.<\/li>\r\r\n  <li>Easy to clean and maintain, requiring minimal replacement over time.<\/li>\r\r\n  <li>Environmentally friendly materials, compliant with green building standards, supporting sustainable development.<\/li>\r\r\n<\/ul>","product_tu_tu":"<img width=\"320\" height=\"210\" src=\"https:\/\/sinoextrud.com\/wp-content\/uploads\/Aluminum-Ceiling-System-xg.webp\" alt=\"Aluminum Ceiling System\" title=\"Aluminum Ceiling System\">","product_chanpin_chanpin":"<li><a href=\"https:\/\/sinoextrud.com\/product\/deep-type-combination-ceiling-system\/\" target=\"_blank\">Deep-type Combination Ceiling System<\/a><\/li>\r\n<li><a href=\"https:\/\/sinoextrud.com\/product\/composite-panel-ceiling-system\/\" target=\"_blank\">Composite Panel Ceiling System<\/a><\/li>\r\n<li><a href=\"https:\/\/sinoextrud.com\/product\/hook-on-tile-ceiling-system\/\" target=\"_blank\">Hook-On Tile Ceiling System<\/a><\/li>\r\n<li><a href=\"https:\/\/sinoextrud.com\/product\/perforation-aluminum-ceiling-system\/\" target=\"_blank\">Perforation Aluminum Ceiling System<\/a><\/li>\r\n<li><a href=\"https:\/\/sinoextrud.com\/product\/aluminum-ceiling-system\/\" target=\"_blank\">Aluminum Ceiling System<\/a><\/li>\r\n<li><a href=\"https:\/\/sinoextrud.com\/product\/c-shaped-closed-linear-ceiling-system\/\" target=\"_blank\">C-Shaped Closed Linear Ceiling System<\/a><\/li>\r\n<li><a href=\"https:\/\/sinoextrud.com\/product\/c-shaped-wind-resistant-linear-ceiling-system\/\" target=\"_blank\">C-Shaped Wind-Resistant Linear Ceiling System<\/a><\/li>\r\n<li><a href=\"https:\/\/sinoextrud.com\/product\/h-shaped-closed-linear-ceiling-system\/\" target=\"_blank\">H-Shaped Closed Linear Ceiling System<\/a><\/li>\r\n<li><a href=\"https:\/\/sinoextrud.com\/product\/g-shaped-linear-ceiling-system\/\" target=\"_blank\">G-Shaped Linear Ceiling System<\/a><\/li>\r\n<li><a href=\"https:\/\/sinoextrud.com\/product\/aluminum-frame-for-solar-panel-and-light-box\/\" target=\"_blank\">Aluminum Frame For Solar Panel And Light-Box<\/a><\/li>\r\n<li><a href=\"https:\/\/sinoextrud.com\/product\/aluminium-profile-extrusion\/\" target=\"_blank\">Aluminium Profile Extrusion<\/a><\/li>"},"feature_list":[]},"_links":{"self":[{"href":"https:\/\/sinoextrud.com\/es\/wp-json\/wp\/v2\/product\/3489","targetHints":{"allow":["GET"]}}],"collection":[{"href":"https:\/\/sinoextrud.com\/es\/wp-json\/wp\/v2\/product"}],"about":[{"href":"https:\/\/sinoextrud.com\/es\/wp-json\/wp\/v2\/types\/product"}],"wp:featuredmedia":[{"embeddable":true,"href":"https:\/\/sinoextrud.com\/es\/wp-json\/wp\/v2\/media\/3492"}],"wp:attachment":[{"href":"https:\/\/sinoextrud.com\/es\/wp-json\/wp\/v2\/media?parent=3489"}],"wp:term":[{"taxonomy":"category","embeddable":true,"href":"https:\/\/sinoextrud.com\/es\/wp-json\/wp\/v2\/categories?post=3489"}],"curies":[{"name":"wp","href":"https:\/\/api.w.org\/{rel}","templated":true}]}}