{"id":3476,"date":"2025-04-26T04:00:09","date_gmt":"2025-04-26T04:00:09","guid":{"rendered":"https:\/\/sinoextrud.com\/?post_type=product&#038;p=3476"},"modified":"2025-06-24T03:51:08","modified_gmt":"2025-06-24T03:51:08","slug":"gancho-en-el-sistema-de-techo-de-tejas","status":"publish","type":"product","link":"https:\/\/sinoextrud.com\/es\/product\/hook-on-tile-ceiling-system\/","title":{"rendered":"Sistema de techo de tejas"},"content":{"rendered":"<h2>TAMA\u00d1O EST\u00c1NDAR<\/h2>\n<p>600x1200mm<br \/>\n1: Los tama\u00f1os no est\u00e1ndar se pueden personalizar ;<\/p>\n<h2>Diagrama de instalaci\u00f3n<\/h2>\n<p><img decoding=\"async\" src=\"https:\/\/sinoextrud.com\/wp-content\/uploads\/Hook-On-Tile-Ceiling-System-anzhuang.webp\" alt=\"Sistema de techo de tejas\"  \/><\/p>\n<h2>Proceso de producci\u00f3n<\/h2>\n<p><img decoding=\"async\" src=\"\/wp-content\/uploads\/zzlc01.webp\" alt=\"Proceso de producci\u00f3n\"  \/><br \/>\n<img decoding=\"async\" src=\"\/wp-content\/uploads\/zzlc02.webp\" alt=\"Proceso de producci\u00f3n\"  \/><br \/>\n<img decoding=\"async\" src=\"\/wp-content\/uploads\/zzlc03.webp\" alt=\"Proceso de producci\u00f3n\"  \/><br \/>\n<img decoding=\"async\" src=\"\/wp-content\/uploads\/zzlc04.webp\" alt=\"Proceso de producci\u00f3n\"  \/><\/p>\n<h2>PREGUNTAS FRECUENTES<\/h2>\n<p><b>1.\u00bfQu\u00e9 es un sistema de techo de tejas autoportantes?<\/b><\/p>\n<p>Un sistema de techo de bandejas enganchables es una soluci\u00f3n de techo suspendido oculto en el que las bandejas de techo met\u00e1licas se enganchan de forma segura a un sistema portante, proporcionando una superficie limpia y sin juntas con f\u00e1cil acceso al plenum.\n<\/p>\n<p><\/p>\n<p><b>2.\u00bfCu\u00e1les son las ventajas de un sistema de techo de tejas autoportantes?<\/b><\/p>\n<p>Los sistemas de techos de bandejas enganchables ofrecen un moderno acabado enrasado, un excelente rendimiento ac\u00fastico, una s\u00f3lida estabilidad estructural y un f\u00e1cil desmontaje de las bandejas para su mantenimiento o acceso.\n<\/p>\n<p><\/p>\n<p><b>3. \u00bfD\u00f3nde se utiliza habitualmente el sistema de techo de tejas autoportantes?<\/b><\/p>\n<p>Estos sistemas se utilizan habitualmente en aeropuertos, oficinas, hospitales, edificios comerciales y centros de transporte por su atractivo est\u00e9tico y su accesibilidad funcional.\n<\/p>\n<p><\/p>\n<p><b>4.\u00bfC\u00f3mo mejora el mecanismo de enganche el rendimiento del techo?<\/b><\/p>\n<p>El sistema de enganche fija firmemente cada panel en su sitio, garantizando la alineaci\u00f3n, la resistencia a las vibraciones y la posibilidad de retirar las baldosas sin herramientas.\n<\/p>\n<p><\/p>\n<p><b>5.\u00bfSe pueden personalizar los sistemas de techo de tejas enganchables?<\/b><\/p>\n<p>S\u00ed, el tama\u00f1o, la forma, los patrones de perforaci\u00f3n, los colores y los acabados de los paneles pueden personalizarse totalmente para satisfacer requisitos arquitect\u00f3nicos y de dise\u00f1o espec\u00edficos.\n<\/p>\n<p><\/p>\n<p><b>6. \u00bfQu\u00e9 materiales se utilizan en los sistemas de techo de tejas autoportantes?<\/b><\/p>\n<p>Las bandejas de techo enganchables suelen estar fabricadas con aluminio o acero galvanizado de alta calidad para ofrecer durabilidad, resistencia a la corrosi\u00f3n y ligereza.\n<\/p>\n<p><\/p>\n<p><b>7.\u00bfPueden integrarse la iluminaci\u00f3n y la ventilaci\u00f3n con los techos suspendidos?<\/b><\/p>\n<p>Por supuesto, los sistemas de techos de bandeja enganchables permiten una integraci\u00f3n perfecta con la iluminaci\u00f3n empotrada, los difusores de aire y los sistemas de protecci\u00f3n contra incendios.\n<\/p>\n<p><\/p>\n<p><b>8. \u00bfSon f\u00e1ciles de instalar y mantener los sistemas de techos de bandeja autoportantes?<\/b><\/p>\n<p>S\u00ed, el dise\u00f1o modular permite una instalaci\u00f3n sencilla y proporciona un acceso r\u00e1pido y sin herramientas para el mantenimiento y la revisi\u00f3n del sistema.\n<\/p>\n<p><\/p>\n<p><b>9. \u00bfQu\u00e9 acabados superficiales est\u00e1n disponibles para los sistemas de techo de bandeja autoportante?<\/b><\/p>\n<p>Los acabados disponibles incluyen pintura en polvo, anodizado, grano de madera, aluminio cepillado y colores RAL personalizados para diversas aplicaciones de dise\u00f1o.\n<\/p>\n<p><\/p>\n<p><b>10.\u00bfEs el sistema de techo de tejas enganchables respetuoso con el medio ambiente?<\/b><\/p>\n<p>S\u00ed, los sistemas de techos de bandejas autoportantes est\u00e1n fabricados con aluminio o acero reciclables, lo que favorece la arquitectura sostenible y las normas de construcci\u00f3n ecol\u00f3gica.\n<\/p>\n<p><\/p>","protected":false},"featured_media":3477,"template":"","categories":[47],"class_list":["post-3476","product","type-product","status-publish","has-post-thumbnail","hentry","category-tile-ceiling-systems"],"meta_box":{"hilight_text_group":{"product_hilight_text":"The srooth surface of hooked ceiling presents sense of fashion, leads to moderndesign inspiration, Delicate ceiling is smooth and stabie, can be assembled anddis-assembled manually without using any tools, very easy, and insulation cottoncan be fitted in to create perfect sound-absorbing function, Good close splicing;the unidirectional parallel keel hooked type structurc, enables the keel to behooked and folded together, the unique hooking up design controls the mobilitybetween the plates to ensure the gap tighter and more tidy, Strong windresistance, comvenient for maintenance: each plate is equipped with a windproofclamp, suitable for outdoor decoration; and this structure is equipped withunique maintenance port design for maintenance supporting, no effect on theappearance, and meanwhile ensuring the whole ceiling being uniform and ingood appearance.","product_tu_tu":"<img width=\"320\" height=\"210\" src=\"https:\/\/sinoextrud.com\/wp-content\/uploads\/Hook-On-Tile-Ceiling-System-xg.webp\" alt=\"Hook-On Tile Ceiling System\" title=\"Hook-On Tile Ceiling System\">","product_chanpin_chanpin":"<li><a href=\"https:\/\/sinoextrud.com\/product\/800-800mm-clip-in-ceiling-system\/\" target=\"_blank\">800x800mm Clip-in Ceiling System<\/a><\/li>\r\n<li><a href=\"https:\/\/sinoextrud.com\/product\/combination-ceiling-system\/\" target=\"_blank\">Combination Ceiling System<\/a><\/li>\r\n<li><a href=\"https:\/\/sinoextrud.com\/product\/deep-type-combination-ceiling-system\/\" target=\"_blank\">Deep-type Combination Ceiling System<\/a><\/li>\r\n<li><a href=\"https:\/\/sinoextrud.com\/product\/composite-panel-ceiling-system\/\" target=\"_blank\">Composite Panel Ceiling System<\/a><\/li>\r\n<li><a href=\"https:\/\/sinoextrud.com\/product\/hook-on-tile-ceiling-system\/\" target=\"_blank\">Hook-On Tile Ceiling System<\/a><\/li>\r\n<li><a href=\"https:\/\/sinoextrud.com\/product\/perforation-aluminum-ceiling-system\/\" target=\"_blank\">Perforation Aluminum Ceiling System<\/a><\/li>\r\n<li><a href=\"https:\/\/sinoextrud.com\/product\/aluminum-ceiling-system\/\" target=\"_blank\">Aluminum Ceiling System<\/a><\/li>\r\n<li><a href=\"https:\/\/sinoextrud.com\/product\/c-shaped-closed-linear-ceiling-system\/\" target=\"_blank\">C-Shaped Closed Linear Ceiling System<\/a><\/li>\r\n<li><a href=\"https:\/\/sinoextrud.com\/product\/c-shaped-wind-resistant-linear-ceiling-system\/\" target=\"_blank\">C-Shaped Wind-Resistant Linear Ceiling System<\/a><\/li>\r\n<li><a href=\"https:\/\/sinoextrud.com\/product\/aluminum-extrusion-ultra-small-material-aluminum-frame-profile\/\" target=\"_blank\">Aluminum Extrusion Ultra-small Material Aluminum Frame Profile<\/a><\/li>\r\n<li><a href=\"https:\/\/sinoextrud.com\/product\/aluminium-extrusion-bar-outdoor-power-aluminum-case\/\" target=\"_blank\">Aluminium Extrusion Bar Outdoor Power Aluminum Case<\/a><\/li>"},"feature_list":[]},"_links":{"self":[{"href":"https:\/\/sinoextrud.com\/es\/wp-json\/wp\/v2\/product\/3476","targetHints":{"allow":["GET"]}}],"collection":[{"href":"https:\/\/sinoextrud.com\/es\/wp-json\/wp\/v2\/product"}],"about":[{"href":"https:\/\/sinoextrud.com\/es\/wp-json\/wp\/v2\/types\/product"}],"wp:featuredmedia":[{"embeddable":true,"href":"https:\/\/sinoextrud.com\/es\/wp-json\/wp\/v2\/media\/3477"}],"wp:attachment":[{"href":"https:\/\/sinoextrud.com\/es\/wp-json\/wp\/v2\/media?parent=3476"}],"wp:term":[{"taxonomy":"category","embeddable":true,"href":"https:\/\/sinoextrud.com\/es\/wp-json\/wp\/v2\/categories?post=3476"}],"curies":[{"name":"wp","href":"https:\/\/api.w.org\/{rel}","templated":true}]}}