{"id":3469,"date":"2025-04-26T03:52:02","date_gmt":"2025-04-26T03:52:02","guid":{"rendered":"https:\/\/sinoextrud.com\/?post_type=product&#038;p=3469"},"modified":"2025-06-24T03:51:05","modified_gmt":"2025-06-24T03:51:05","slug":"sistema-de-techo-de-paneles-compuestos","status":"publish","type":"product","link":"https:\/\/sinoextrud.com\/es\/product\/composite-panel-ceiling-system\/","title":{"rendered":"Sistema de techo de paneles compuestos"},"content":{"rendered":"<h2>TAMA\u00d1O EST\u00c1NDAR<\/h2>\n<p>1: Los tama\u00f1os no est\u00e1ndar se pueden personalizar ;<\/p>\n<table class=\"custom-table\">\n<tr>\n<td class=\"label\">Nombre del producto<\/td>\n<td>TALLA<\/td>\n<\/tr>\n<tr>\n<td class=\"label\">Combinaci\u00f3n1<\/td>\n<td>600x600mm <\/td>\n<\/tr>\n<tr>\n<td class=\"label\">Combinaci\u00f3n2<\/td>\n<td>600x1200mm <\/td>\n<\/tr>\n<tr>\n<td class=\"label\">Combinaci\u00f3n3<\/td>\n<td>800x800mm <\/td>\n<\/tr>\n<tr>\n<td class=\"label\">Combinaci\u00f3n4<\/td>\n<td>1000x1000mm(\u00c1ngulo recto)<\/td>\n<\/tr>\n<tr>\n<td class=\"label\">Combinaci\u00f3n5<\/td>\n<td>1000x1200mm(\u00c1ngulo recto)<\/td>\n<\/tr>\n<tr>\n<td class=\"label\">Combinaci\u00f3n6<\/td>\n<td>1200x1200mm(Angulo recto)<\/td>\n<\/tr>\n<\/table>\n<h2>Categor\u00edas de productos<\/h2>\n<p>1.Tiie compuesto de aluminio de nido de abeja<br \/>\n2.Tirante compuesto de lana mineral<br \/>\n3.Baldosas compuestas onduladas de aluminio<br \/>\n4.Baldosas de compuesto de fibra de Glss<\/p>\n<p><img loading=\"lazy\" decoding=\"async\" src=\"https:\/\/sinoextrud.com\/wp-content\/uploads\/Composite-Panel-Ceiling-System-gg.webp\" alt=\"Sistema de techo de paneles compuestos\" width=\"604\" height=\"344\" class=\"size-full wp-image-3474\" srcset=\"https:\/\/sinoextrud.com\/wp-content\/uploads\/Composite-Panel-Ceiling-System-gg.webp 604w, https:\/\/sinoextrud.com\/wp-content\/uploads\/Composite-Panel-Ceiling-System-gg-18x10.webp 18w, https:\/\/sinoextrud.com\/wp-content\/uploads\/Composite-Panel-Ceiling-System-gg-600x342.webp 600w\" sizes=\"auto, (max-width: 604px) 100vw, 604px\" \/> <\/p>\n<h2>Proceso de producci\u00f3n<\/h2>\n<p><img decoding=\"async\" src=\"\/wp-content\/uploads\/zzlc01.webp\" alt=\"Proceso de producci\u00f3n\"  \/><br \/>\n<img decoding=\"async\" src=\"\/wp-content\/uploads\/zzlc02.webp\" alt=\"Proceso de producci\u00f3n\"  \/><br \/>\n<img decoding=\"async\" src=\"\/wp-content\/uploads\/zzlc03.webp\" alt=\"Proceso de producci\u00f3n\"  \/><br \/>\n<img decoding=\"async\" src=\"\/wp-content\/uploads\/zzlc04.webp\" alt=\"Proceso de producci\u00f3n\"  \/><\/p>\n<h2>PREGUNTAS FRECUENTES<\/h2>\n<p><b>1. \u00bfQu\u00e9 es un sistema de techo de paneles compuestos?<\/b><\/p>\n<p>Un sistema de techo de paneles compuestos es una soluci\u00f3n de techo suspendido fabricado con paneles compuestos de aluminio (ACP) o materiales compuestos met\u00e1licos, que ofrece durabilidad, planeidad y un elegante acabado arquitect\u00f3nico.\n<\/p>\n<p><\/p>\n<p><b>2. \u00bfCu\u00e1les son las ventajas de un sistema de techo de paneles compuestos?<\/b><\/p>\n<p>Los sistemas de techos de paneles compuestos ofrecen una elevada relaci\u00f3n resistencia-peso, una excelente planitud superficial, resistencia a la intemperie y una amplia gama de opciones de dise\u00f1o para interiores y exteriores modernos.\n<\/p>\n<p><\/p>\n<p><b>3. \u00bfD\u00f3nde se utiliza habitualmente el sistema de techo de paneles compuestos?<\/b><\/p>\n<p>Estos sistemas se utilizan ampliamente en edificios comerciales, aeropuertos, centros comerciales, nudos de transporte y espacios de oficinas de gama alta por su elegante aspecto y rendimiento.\n<\/p>\n<p><\/p>\n<p><b>4. \u00bfC\u00f3mo beneficia la estructura compuesta al rendimiento del techo?<\/b><\/p>\n<p>La estructura multicapa mejora la rigidez, reduce la deformaci\u00f3n y garantiza una alineaci\u00f3n uniforme de los paneles, por lo que resulta ideal para aplicaciones de techos de grandes luces.\n<\/p>\n<p><\/p>\n<p><b>5. \u00bfSe pueden personalizar los sistemas de techos de paneles compuestos?<\/b><\/p>\n<p>S\u00ed, el tama\u00f1o, el grosor, la forma, el color, el acabado y los patrones de perforaci\u00f3n de los paneles pueden personalizarse para satisfacer requisitos arquitect\u00f3nicos y ac\u00fasticos espec\u00edficos.\n<\/p>\n<p><\/p>\n<p><b>6. \u00bfQu\u00e9 materiales se utilizan en los sistemas de techos de paneles compuestos?<\/b><\/p>\n<p>Los paneles compuestos para techos suelen estar formados por pieles de aluminio unidas a un material de n\u00facleo no t\u00f3xico, como polietileno o n\u00facleo mineral ign\u00edfugo, para mejorar la seguridad y el rendimiento.\n<\/p>\n<p><\/p>\n<p><b>7.\u00bfEs posible integrar la iluminaci\u00f3n y la climatizaci\u00f3n en los techos de paneles compuestos?<\/b><\/p>\n<p>Por supuesto, los sistemas de techos compuestos permiten la integraci\u00f3n perfecta de luminarias, difusores de aire y otros componentes MEP para un dise\u00f1o de techo racionalizado.\n<\/p>\n<p><\/p>\n<p><b>8. \u00bfSon f\u00e1ciles de instalar y mantener los sistemas de techos de paneles compuestos?<\/b><\/p>\n<p>S\u00ed, estos sistemas est\u00e1n dise\u00f1ados para una instalaci\u00f3n r\u00e1pida con sistemas de suspensi\u00f3n ocultos y permiten una limpieza f\u00e1cil y un mantenimiento m\u00ednimo a largo plazo.\n<\/p>\n<p><\/p>\n<p><b>9. \u00bfQu\u00e9 acabados est\u00e1n disponibles para los sistemas de techos de paneles compuestos?<\/b><\/p>\n<p>Los acabados disponibles incluyen revestimiento de PVDF, revestimiento en polvo, anodizado, espejo, cepillado, veteado de madera y colores RAL personalizados para un aspecto de primera calidad.\n<\/p>\n<p><\/p>\n<p><b>10.\u00bfEs el sistema de techo de paneles compuestos respetuoso con el medio ambiente?<\/b><\/p>\n<p>S\u00ed, los sistemas de techos de paneles compuestos est\u00e1n fabricados con aluminio reciclable y n\u00facleos ecol\u00f3gicos, lo que favorece la construcci\u00f3n sostenible y las normas de construcci\u00f3n ecol\u00f3gica.\n<\/p>\n<p><\/p>","protected":false},"featured_media":3472,"template":"","categories":[47],"class_list":["post-3469","product","type-product","status-publish","has-post-thumbnail","hentry","category-tile-ceiling-systems"],"meta_box":{"hilight_text_group":{"product_hilight_text":"Composite panel ceiling system, compounded by different samdwich includingaluminum honeycomb, aluminum corrugated, mineral wool and glass-fiber aswell as fire resistance & sound.absorption fiber, clip-in and lay-in styie coenpositepanel celling systems which are newy invented are to satisfy the higher levelsof needs from customers.<br><br>\r\r\n<b>System features:<\/b>\r\r\n<ul>\r\r\n<li>Better sound absorption performance than traditional perforation aluminumtile ceiling;<\/li>\r\r\n<li>Better thermal insulation properties than traditional aluminum tile ceiling;<\/li>\r\r\n<li>Higher fire resistance levels than traditional perforation aluminum tile ceiling;<\/li>\r\r\n<li>Higher degree of hardness, seismic performance and better flatness thantraditional aluminum tile ceiling;<\/li>\r\r\n<li>Free of formaldehyde and other harmful chemicals in composite materials tile,environmentally friendly and durabie.<\/li>\r\r\n<\/ul>","product_chanpin_chanpin":"<li><a href=\"https:\/\/sinoextrud.com\/product\/the-new-perforated-ceiling-system\/\" target=\"_blank\">The New Perforated Ceiling System<\/a><\/li>\r\n<li><a href=\"https:\/\/sinoextrud.com\/product\/800-800mm-clip-in-ceiling-system\/\" target=\"_blank\">800x800mm Clip-in Ceiling System<\/a><\/li>\r\n<li><a href=\"https:\/\/sinoextrud.com\/product\/combination-ceiling-system\/\" target=\"_blank\">Combination Ceiling System<\/a><\/li>\r\n<li><a href=\"https:\/\/sinoextrud.com\/product\/deep-type-combination-ceiling-system\/\" target=\"_blank\">Deep-type Combination Ceiling System<\/a><\/li>\r\n<li><a href=\"https:\/\/sinoextrud.com\/product\/composite-panel-ceiling-system\/\" target=\"_blank\">Composite Panel Ceiling System<\/a><\/li>\r\n<li><a href=\"https:\/\/sinoextrud.com\/product\/hook-on-tile-ceiling-system\/\" target=\"_blank\">Hook-On Tile Ceiling System<\/a><\/li>\r\n<li><a href=\"https:\/\/sinoextrud.com\/product\/perforation-aluminum-ceiling-system\/\" target=\"_blank\">Perforation Aluminum Ceiling System<\/a><\/li>\r\n<li><a href=\"https:\/\/sinoextrud.com\/product\/aluminum-ceiling-system\/\" target=\"_blank\">Aluminum Ceiling System<\/a><\/li>\r\n<li><a href=\"https:\/\/sinoextrud.com\/product\/c-shaped-closed-linear-ceiling-system\/\" target=\"_blank\">C-Shaped Closed Linear Ceiling System<\/a><\/li>\r\n<li><a href=\"https:\/\/sinoextrud.com\/product\/custom-aluminum-extrusion-cnc-machining-aluminum-profile\/\" target=\"_blank\">Custom Aluminum Extrusion CNC Machining Aluminum Profile<\/a><\/li>\r\n<li><a href=\"https:\/\/sinoextrud.com\/product\/industrial-aluminum-extrusion-profile\/\" target=\"_blank\">Industrial Aluminum Extrusion Profile<\/a><\/li>"},"feature_list":[]},"_links":{"self":[{"href":"https:\/\/sinoextrud.com\/es\/wp-json\/wp\/v2\/product\/3469","targetHints":{"allow":["GET"]}}],"collection":[{"href":"https:\/\/sinoextrud.com\/es\/wp-json\/wp\/v2\/product"}],"about":[{"href":"https:\/\/sinoextrud.com\/es\/wp-json\/wp\/v2\/types\/product"}],"wp:featuredmedia":[{"embeddable":true,"href":"https:\/\/sinoextrud.com\/es\/wp-json\/wp\/v2\/media\/3472"}],"wp:attachment":[{"href":"https:\/\/sinoextrud.com\/es\/wp-json\/wp\/v2\/media?parent=3469"}],"wp:term":[{"taxonomy":"category","embeddable":true,"href":"https:\/\/sinoextrud.com\/es\/wp-json\/wp\/v2\/categories?post=3469"}],"curies":[{"name":"wp","href":"https:\/\/api.w.org\/{rel}","templated":true}]}}