{"id":3444,"date":"2025-04-26T02:42:47","date_gmt":"2025-04-26T02:42:47","guid":{"rendered":"https:\/\/sinoextrud.com\/?post_type=product&#038;p=3444"},"modified":"2025-06-24T03:50:54","modified_gmt":"2025-06-24T03:50:54","slug":"el-nuevo-sistema-de-techo-perforado","status":"publish","type":"product","link":"https:\/\/sinoextrud.com\/es\/product\/the-new-perforated-ceiling-system\/","title":{"rendered":"El nuevo sistema de techo perforado"},"content":{"rendered":"<h2>TAMA\u00d1O EST\u00c1NDAR<\/h2>\n<p><img loading=\"lazy\" decoding=\"async\" src=\"https:\/\/sinoextrud.com\/wp-content\/uploads\/The-New-Perforated-Ceiling-System-gg2.webp\" alt=\"El nuevo sistema de techo perforado\" width=\"611\" height=\"355\" class=\"size-full wp-image-3448\" srcset=\"https:\/\/sinoextrud.com\/wp-content\/uploads\/The-New-Perforated-Ceiling-System-gg2.webp 611w, https:\/\/sinoextrud.com\/wp-content\/uploads\/The-New-Perforated-Ceiling-System-gg2-18x10.webp 18w, https:\/\/sinoextrud.com\/wp-content\/uploads\/The-New-Perforated-Ceiling-System-gg2-600x349.webp 600w\" sizes=\"auto, (max-width: 611px) 100vw, 611px\" \/><br \/>\n<img loading=\"lazy\" decoding=\"async\" src=\"https:\/\/sinoextrud.com\/wp-content\/uploads\/The-New-Perforated-Ceiling-System-gg1.webp\" alt=\"El nuevo sistema de techo perforado\" width=\"615\" height=\"768\" class=\"size-full wp-image-3447\" srcset=\"https:\/\/sinoextrud.com\/wp-content\/uploads\/The-New-Perforated-Ceiling-System-gg1.webp 615w, https:\/\/sinoextrud.com\/wp-content\/uploads\/The-New-Perforated-Ceiling-System-gg1-10x12.webp 10w, https:\/\/sinoextrud.com\/wp-content\/uploads\/The-New-Perforated-Ceiling-System-gg1-600x749.webp 600w\" sizes=\"auto, (max-width: 615px) 100vw, 615px\" \/> <\/p>\n<h2>Proceso de producci\u00f3n<\/h2>\n<p><img decoding=\"async\" src=\"\/wp-content\/uploads\/zzlc01.webp\" alt=\"Proceso de producci\u00f3n\"  \/><br \/>\n<img decoding=\"async\" src=\"\/wp-content\/uploads\/zzlc02.webp\" alt=\"Proceso de producci\u00f3n\"  \/><br \/>\n<img decoding=\"async\" src=\"\/wp-content\/uploads\/zzlc03.webp\" alt=\"Proceso de producci\u00f3n\"  \/><br \/>\n<img decoding=\"async\" src=\"\/wp-content\/uploads\/zzlc04.webp\" alt=\"Proceso de producci\u00f3n\"  \/><\/p>\n<h2>PREGUNTAS FRECUENTES<\/h2>\n<p><b>1.\u00bfQu\u00e9 es el nuevo sistema de techos perforados?<\/b><\/p>\n<p>El nuevo sistema de techos perforados es una soluci\u00f3n avanzada de techos met\u00e1licos con modernos patrones de perforaci\u00f3n dise\u00f1ados para mejorar la ac\u00fastica, el flujo de aire y el atractivo est\u00e9tico en interiores comerciales y p\u00fablicos.\n<\/p>\n<p><\/p>\n<p><b>2.\u00bfCu\u00e1les son las ventajas del nuevo sistema de techo perforado?<\/b><\/p>\n<p>El nuevo sistema de techo perforado ofrece una absorci\u00f3n ac\u00fastica superior, una ventilaci\u00f3n mejorada, una moderna flexibilidad de dise\u00f1o y una integraci\u00f3n perfecta con los sistemas de iluminaci\u00f3n y calefacci\u00f3n, ventilaci\u00f3n y aire acondicionado.\n<\/p>\n<p><\/p>\n<p><b>3. \u00bfD\u00f3nde se utiliza habitualmente el nuevo sistema de techo perforado?<\/b><\/p>\n<p>Este sistema se utiliza ampliamente en aeropuertos, oficinas, hospitales, escuelas, centros comerciales y nudos de transporte que requieren prestaciones ac\u00fasticas e impacto visual.\n<\/p>\n<p><\/p>\n<p><b>4. \u00bfC\u00f3mo mejora el rendimiento ac\u00fastico el nuevo dise\u00f1o perforado?<\/b><\/p>\n<p>Las perforaciones de precisi\u00f3n permiten que las ondas sonoras pasen al aislamiento ac\u00fastico situado detr\u00e1s de los paneles, lo que reduce eficazmente el eco y mejora la claridad del sonido en grandes espacios.\n<\/p>\n<p><\/p>\n<p><b>5. \u00bfQu\u00e9 materiales se utilizan en el nuevo sistema de techo perforado?<\/b><\/p>\n<p>El sistema suele estar fabricado en aluminio o acero galvanizado de alta calidad, lo que proporciona durabilidad, ligereza y resistencia a la corrosi\u00f3n.\n<\/p>\n<p><\/p>\n<p><b>6.\u00bfSe puede personalizar el nuevo sistema de techo perforado?<\/b><\/p>\n<p>S\u00ed, los patrones de perforaci\u00f3n, los tama\u00f1os de los orificios, las dimensiones de los paneles, los colores y los acabados pueden personalizarse completamente para satisfacer requisitos arquitect\u00f3nicos y ac\u00fasticos \u00fanicos.\n<\/p>\n<p><\/p>\n<p><b>7.\u00bfEs posible integrar la iluminaci\u00f3n con el nuevo sistema de techo perforado?<\/b><\/p>\n<p>Por supuesto, el sistema admite la integraci\u00f3n con iluminaci\u00f3n empotrada, tiras de LED y luminarias montadas en el techo sin alterar la coherencia visual.\n<\/p>\n<p><\/p>\n<p><b>8.\u00bfSon f\u00e1ciles de instalar y mantener los nuevos sistemas de techos perforados?<\/b><\/p>\n<p>S\u00ed, estos techos utilizan paneles modulares y rejillas ocultas para una instalaci\u00f3n r\u00e1pida y un f\u00e1cil acceso a los servicios a\u00e9reos y de mantenimiento.\n<\/p>\n<p><\/p>\n<p><b>9.\u00bfQu\u00e9 acabados est\u00e1n disponibles para el nuevo sistema de techo perforado?<\/b><\/p>\n<p>Los acabados disponibles incluyen pintura en polvo, anodizado, metal cepillado, grano de madera y colores RAL personalizados para combinar con diversos temas de dise\u00f1o interior.\n<\/p>\n<p><\/p>\n<p><b>10.\u00bfEs el nuevo sistema de techo perforado respetuoso con el medio ambiente?<\/b><\/p>\n<p>S\u00ed, fabricado con materiales reciclables como el aluminio, el sistema apoya las pr\u00e1cticas de construcci\u00f3n sostenible y cumple los requisitos de certificaci\u00f3n de edificios ecol\u00f3gicos.\n<\/p>\n<p><\/p>","protected":false},"featured_media":3449,"template":"","categories":[47],"class_list":["post-3444","product","type-product","status-publish","has-post-thumbnail","hentry","category-tile-ceiling-systems"],"meta_box":{"hilight_text_group":{"product_hilight_text":"<ul>\r\r\n<li>Superior Acoustics\uff1aNRC 0.9 rated for optimal noise control in open offices and busy spaces.<\/li>\r\r\n<li>Seamless HVAC Integration\uff1aPrecision perforations enable unobstructed airflow, reducing ventilation costs.<\/li>\r\r\n<li>Modern Aesthetic Appeal\uff1aSleek, customizable designs elevate corporate and commercial interiors.<\/li>\r\r\n<li>Quick Installation\uff1aModular click-in system saves 40% labor time vs traditional ceilings.<\/li>\r\r\n<li>Fire & Safety Compliant\uff1aClass A fire-rated with optional antimicrobial treatments for healthcare\/education.<\/li>\r\r\n<li>Eco-Friendly Choice\uff1aMade with 70% recycled materials, contributes to LEED certification.<\/li>\r\r\n<li>Lighting-Ready Design\uff1aPre-configured for effortless LED panel or spotlight integration.<\/li>\r\r\n<li>Low Maintenance\uff1aDurable materials resist stains and warping - wipe-clean surface.<\/li>\r\r\n<li>Ideal for: Offices | Hotels | Schools | Healthcare | Retail.<\/li>\r\r\n<li>Need volume pricing? Contact our project team today.<\/li>\r\r\n<\/ul>","product_tu_tu":"<img width=\"320\" height=\"210\" src=\"https:\/\/sinoextrud.com\/wp-content\/uploads\/The-New-Perforated-Ceiling-System-xg.webp\" alt=\"The New Perforated Ceiling System\" title=\"The New Perforated Ceiling System\">","product_chanpin_chanpin":"<li><a href=\"https:\/\/sinoextrud.com\/product\/the-hexagonal-type-ceiling-system\/\" target=\"_blank\">The Hexagonal Type Ceiling System (Hexagonal Ceiling)<\/a><\/li>\r\n<li><a href=\"https:\/\/sinoextrud.com\/product\/diamond-type-ceiling-system\/\" target=\"_blank\">Diamond Type Ceiling System (Diamond plate Ceiling Tiles)<\/a><\/li>\r\n<li><a href=\"https:\/\/sinoextrud.com\/product\/trapezoidal-type-ceiling-system\/\" target=\"_blank\">Trapezoidal Type Ceiling System<\/a><\/li>\r\n<li><a href=\"https:\/\/sinoextrud.com\/product\/shaped-tile-ceiling-system\/\" target=\"_blank\">Shaped Tile Ceiling System<\/a><\/li>\r\n<li><a href=\"https:\/\/sinoextrud.com\/product\/the-new-perforated-ceiling-system\/\" target=\"_blank\">The New Perforated Ceiling System<\/a><\/li>\r\n<li><a href=\"https:\/\/sinoextrud.com\/product\/800-800mm-clip-in-ceiling-system\/\" target=\"_blank\">800x800mm Clip-in Ceiling System<\/a><\/li>\r\n<li><a href=\"https:\/\/sinoextrud.com\/product\/combination-ceiling-system\/\" target=\"_blank\">Combination Ceiling System<\/a><\/li>\r\n<li><a href=\"https:\/\/sinoextrud.com\/product\/deep-type-combination-ceiling-system\/\" target=\"_blank\">Deep-type Combination Ceiling System<\/a><\/li>\r\n<li><a href=\"https:\/\/sinoextrud.com\/product\/composite-panel-ceiling-system\/\" target=\"_blank\">Composite Panel Ceiling System<\/a><\/li>\r\n<li><a href=\"https:\/\/sinoextrud.com\/product\/aluminum-u-profile-glass-railing\/\" target=\"_blank\">Aluminum U profile Glass Railing<\/a><\/li>\r\n<li><a href=\"https:\/\/sinoextrud.com\/product\/wood-finish-aluminum-tube\/\" target=\"_blank\">Wood Finish Aluminum Tube<\/a><\/li>"},"feature_list":[]},"_links":{"self":[{"href":"https:\/\/sinoextrud.com\/es\/wp-json\/wp\/v2\/product\/3444","targetHints":{"allow":["GET"]}}],"collection":[{"href":"https:\/\/sinoextrud.com\/es\/wp-json\/wp\/v2\/product"}],"about":[{"href":"https:\/\/sinoextrud.com\/es\/wp-json\/wp\/v2\/types\/product"}],"wp:featuredmedia":[{"embeddable":true,"href":"https:\/\/sinoextrud.com\/es\/wp-json\/wp\/v2\/media\/3449"}],"wp:attachment":[{"href":"https:\/\/sinoextrud.com\/es\/wp-json\/wp\/v2\/media?parent=3444"}],"wp:term":[{"taxonomy":"category","embeddable":true,"href":"https:\/\/sinoextrud.com\/es\/wp-json\/wp\/v2\/categories?post=3444"}],"curies":[{"name":"wp","href":"https:\/\/api.w.org\/{rel}","templated":true}]}}