{"id":3428,"date":"2025-04-26T02:09:09","date_gmt":"2025-04-26T02:09:09","guid":{"rendered":"https:\/\/sinoextrud.com\/?post_type=product&#038;p=3428"},"modified":"2025-06-24T03:50:49","modified_gmt":"2025-06-24T03:50:49","slug":"sistema-de-techo-de-tipo-trapezoidal","status":"publish","type":"product","link":"https:\/\/sinoextrud.com\/es\/product\/trapezoidal-type-ceiling-system\/","title":{"rendered":"Sistema de techo de tipo trapezoidal"},"content":{"rendered":"<h2>TAMA\u00d1O EST\u00c1NDAR<\/h2>\n<p><img loading=\"lazy\" decoding=\"async\" src=\"https:\/\/sinoextrud.com\/wp-content\/uploads\/Trapezoidal-Type-Ceiling-System-gg.webp\" alt=\"Sistema de techo de tipo trapezoidal\" width=\"662\" height=\"356\" class=\"size-full wp-image-3433\" srcset=\"https:\/\/sinoextrud.com\/wp-content\/uploads\/Trapezoidal-Type-Ceiling-System-gg.webp 662w, https:\/\/sinoextrud.com\/wp-content\/uploads\/Trapezoidal-Type-Ceiling-System-gg-18x10.webp 18w, https:\/\/sinoextrud.com\/wp-content\/uploads\/Trapezoidal-Type-Ceiling-System-gg-600x323.webp 600w\" sizes=\"auto, (max-width: 662px) 100vw, 662px\" \/><\/p>\n<h2>Diagrama de instalaci\u00f3n<\/h2>\n<p><img decoding=\"async\" src=\"https:\/\/sinoextrud.com\/wp-content\/uploads\/Trapezoidal-Type-Ceiling-System-anzhuang.webp\" alt=\"Sistema de techo de tipo trapezoidal\"  \/><\/p>\n<h2>Proceso de producci\u00f3n<\/h2>\n<p><img decoding=\"async\" src=\"\/wp-content\/uploads\/zzlc01.webp\" alt=\"Proceso de producci\u00f3n\"  \/><br \/>\n<img decoding=\"async\" src=\"\/wp-content\/uploads\/zzlc02.webp\" alt=\"Proceso de producci\u00f3n\"  \/><br \/>\n<img decoding=\"async\" src=\"\/wp-content\/uploads\/zzlc03.webp\" alt=\"Proceso de producci\u00f3n\"  \/><br \/>\n<img decoding=\"async\" src=\"\/wp-content\/uploads\/zzlc04.webp\" alt=\"Proceso de producci\u00f3n\"  \/><\/p>\n<h2>PREGUNTAS FRECUENTES<\/h2>\n<p><b>1.\u00bfQu\u00e9 es un sistema de techo de tipo trapezoidal?<\/b><\/p>\n<p>Un sistema de techo de tipo trapezoidal es una soluci\u00f3n moderna de techo suspendido que presenta paneles de aluminio con forma trapezoidal, dise\u00f1ados para crear atrevidos patrones geom\u00e9tricos y efectos dimensionales en el techo.\n<\/p>\n<p><\/p>\n<p><b>2.\u00bfCu\u00e1les son las ventajas de un sistema de techo de tipo trapezoidal?<\/b><\/p>\n<p>Los sistemas de techo de tipo trapezoidal ofrecen un impacto visual din\u00e1mico, una profundidad espacial mejorada, un rendimiento ac\u00fastico y opciones de dise\u00f1o flexibles para interiores arquitect\u00f3nicos contempor\u00e1neos.\n<\/p>\n<p><\/p>\n<p><b>3. \u00bfD\u00f3nde se utiliza habitualmente el sistema de techo de tipo trapezoidal?<\/b><\/p>\n<p>Estos sistemas se utilizan habitualmente en aeropuertos, museos, edificios comerciales, salas de exposiciones y centros de transporte para conseguir dise\u00f1os de techos distintivos y modernos.\n<\/p>\n<p><\/p>\n<p><b>4.\u00bfC\u00f3mo mejora la forma trapezoidal la est\u00e9tica del techo?<\/b><\/p>\n<p>El dise\u00f1o en \u00e1ngulo de los paneles trapezoidales crea un efecto de techo tridimensional con juegos de luces y sombras, a\u00f1adiendo textura e inter\u00e9s arquitect\u00f3nico a grandes espacios abiertos.\n<\/p>\n<p><\/p>\n<p><b>5.\u00bfQu\u00e9 materiales se utilizan en los sistemas de techo de tipo trapezoidal?<\/b><\/p>\n<p>Los sistemas de techos trapezoidales suelen estar fabricados con aluminio o acero galvanizado de alta calidad, que ofrecen durabilidad ligera, resistencia a la corrosi\u00f3n y seguridad contra incendios.\n<\/p>\n<p><\/p>\n<p><b>6.\u00bfSe pueden personalizar los sistemas de techos trapezoidales?<\/b><\/p>\n<p>S\u00ed, el tama\u00f1o del panel, el \u00e1ngulo trapezoidal, la perforaci\u00f3n, el acabado, el color y la disposici\u00f3n pueden adaptarse para satisfacer los requisitos espec\u00edficos del proyecto y de la marca.\n<\/p>\n<p><\/p>\n<p><b>7.\u00bfEs posible la integraci\u00f3n de la iluminaci\u00f3n con los sistemas de techos trapezoidales?<\/b><\/p>\n<p>Por supuesto, los paneles de techo trapezoidales pueden combinarse con sistemas de iluminaci\u00f3n integrados, incluidos LED empotrados y luminarias lineales, para complementar la disposici\u00f3n geom\u00e9trica.\n<\/p>\n<p><\/p>\n<p><b>8.\u00bfSon f\u00e1ciles de instalar y mantener los sistemas de techo de tipo trapezoidal?<\/b><\/p>\n<p>S\u00ed, el dise\u00f1o modular y la ingenier\u00eda precisa garantizan una instalaci\u00f3n r\u00e1pida, una alineaci\u00f3n sencilla de los paneles y un acceso c\u00f3modo para el mantenimiento del sistema.\n<\/p>\n<p><\/p>\n<p><b>9.\u00bfQu\u00e9 acabados est\u00e1n disponibles para los sistemas de techo de tipo trapezoidal?<\/b><\/p>\n<p>Los acabados disponibles incluyen pintura en polvo, anodizado, aluminio cepillado, texturas de grano de madera y colores RAL personalizados para diversos estilos de interior.\n<\/p>\n<p><\/p>\n<p><b>10.\u00bfEs el sistema de techo de tipo trapezoidal respetuoso con el medio ambiente?<\/b><\/p>\n<p>S\u00ed, fabricados con aluminio reciclable, los sistemas de techos trapezoidales favorecen la construcci\u00f3n ecol\u00f3gica y contribuyen a la certificaci\u00f3n de edificios verdes.\n<\/p>\n<p><\/p>","protected":false},"featured_media":3430,"template":"","categories":[47],"class_list":["post-3428","product","type-product","status-publish","has-post-thumbnail","hentry","category-tile-ceiling-systems"],"meta_box":{"hilight_text_group":{"product_hilight_text":"Trapezoidal Ceiling System \u2013 Key Business Benefits<br>\r\r\n\u2714 Fast Installation \u2013 Modular design saves time and labor costs<br>\r\r\n\u2714 Superior Acoustics \u2013 Reduces noise in offices, schools, and hospitals<br>\r\r\n\u2714 Sleek & Modern \u2013 Tapered edges enhance visual appeal\r\r\n\u2714 Easy Maintenance \u2013 Durable aluminum, long-lasting performance\r\r\n\u2714 Customizable \u2013 Multiple colors, finishes, and sizes available<br>\r\r\n\u2714 Eco-Friendly \u2013 Recyclable materials, supports green building standards<br>\r\r\nIdeal for commercial, retail, and institutional projects.<br>","product_tu_tu":"<img width=\"320\" height=\"210\" src=\"https:\/\/sinoextrud.com\/wp-content\/uploads\/Trapezoidal-Type-Ceiling-System-xiaoguo.webp\" alt=\"Trapezoidal Type Ceiling System\" title=\"Trapezoidal Type Ceiling System\">","product_chanpin_chanpin":"<li><a href=\"https:\/\/sinoextrud.com\/product\/clip-in-tile-ceiling-system\/\" target=\"_blank\">Clip-in Tile Ceiling System<\/a><\/li>\r\n<li><a href=\"https:\/\/sinoextrud.com\/product\/triangle-ceiling-system\/\" target=\"_blank\">Triangle Ceiling System (Triangle Ceiling)<\/a><\/li>\r\n<li><a href=\"https:\/\/sinoextrud.com\/product\/the-hexagonal-type-ceiling-system\/\" target=\"_blank\">The Hexagonal Type Ceiling System (Hexagonal Ceiling)<\/a><\/li>\r\n<li><a href=\"https:\/\/sinoextrud.com\/product\/diamond-type-ceiling-system\/\" target=\"_blank\">Diamond Type Ceiling System (Diamond plate Ceiling Tiles)<\/a><\/li>\r\n<li><a href=\"https:\/\/sinoextrud.com\/product\/trapezoidal-type-ceiling-system\/\" target=\"_blank\">Trapezoidal Type Ceiling System<\/a><\/li>\r\n<li><a href=\"https:\/\/sinoextrud.com\/product\/shaped-tile-ceiling-system\/\" target=\"_blank\">Shaped Tile Ceiling System<\/a><\/li>\r\n<li><a href=\"https:\/\/sinoextrud.com\/product\/the-new-perforated-ceiling-system\/\" target=\"_blank\">The New Perforated Ceiling System<\/a><\/li>\r\n<li><a href=\"https:\/\/sinoextrud.com\/product\/800-800mm-clip-in-ceiling-system\/\" target=\"_blank\">800x800mm Clip-in Ceiling System<\/a><\/li>\r\n<li><a href=\"https:\/\/sinoextrud.com\/product\/combination-ceiling-system\/\" target=\"_blank\">Combination Ceiling System<\/a><\/li>\r\n<li><a href=\"https:\/\/sinoextrud.com\/product\/aluminum-outdoor-enclose-heat-sinks\/\" target=\"_blank\">Aluminum outdoor enclose heat sinks<\/a><\/li>\r\n<li><a href=\"https:\/\/sinoextrud.com\/product\/customized-ome-aluminium-profile-extruded-with-the-anodized-black-champage-silver-white-and-blasted-treatment\/\" target=\"_blank\">Customized OME Aluminium Profile Extruded With The Anodized Black Champage Silver White And Blasted Treatment<\/a><\/li>"},"feature_list":[]},"_links":{"self":[{"href":"https:\/\/sinoextrud.com\/es\/wp-json\/wp\/v2\/product\/3428","targetHints":{"allow":["GET"]}}],"collection":[{"href":"https:\/\/sinoextrud.com\/es\/wp-json\/wp\/v2\/product"}],"about":[{"href":"https:\/\/sinoextrud.com\/es\/wp-json\/wp\/v2\/types\/product"}],"wp:featuredmedia":[{"embeddable":true,"href":"https:\/\/sinoextrud.com\/es\/wp-json\/wp\/v2\/media\/3430"}],"wp:attachment":[{"href":"https:\/\/sinoextrud.com\/es\/wp-json\/wp\/v2\/media?parent=3428"}],"wp:term":[{"taxonomy":"category","embeddable":true,"href":"https:\/\/sinoextrud.com\/es\/wp-json\/wp\/v2\/categories?post=3428"}],"curies":[{"name":"wp","href":"https:\/\/api.w.org\/{rel}","templated":true}]}}