{"id":11017,"date":"2025-08-01T03:39:24","date_gmt":"2025-08-01T03:39:24","guid":{"rendered":"https:\/\/sinoextrud.com\/product\/vapor-chamber-heat-sink-for-high-heat-load\/"},"modified":"2025-08-01T03:39:24","modified_gmt":"2025-08-01T03:39:24","slug":"disipador-de-camara-de-vapor-para-alta-carga-termica","status":"publish","type":"product","link":"https:\/\/sinoextrud.com\/es\/product\/vapor-chamber-heat-sink-for-high-heat-load\/","title":{"rendered":"Disipador de c\u00e1mara de vapor para grandes cargas t\u00e9rmicas"},"content":{"rendered":"<h2>Productos<\/h2>\n<div class=\"product-table\">\n<div class=\"row\">\n<div class=\"cell label\">tipo<\/div>\n<div class=\"cell value\">Tubo de calor<\/div>\n<\/div>\n<div class=\"row\">\n<div class=\"cell label\">aplicaci\u00f3n<\/div>\n<div class=\"cell value\">Otros<\/div>\n<\/div>\n<div class=\"row\">\n<div class=\"cell label\">tama\u00f1o del ventilador<\/div>\n<div class=\"cell value\">Otros<\/div>\n<\/div>\n<div class=\"row\">\n<div class=\"cell label\">potencia<\/div>\n<div class=\"cell value\">25w<\/div>\n<\/div>\n<div class=\"row\">\n<div class=\"cell label\">volumen de aire<\/div>\n<div class=\"cell value\">otros<\/div>\n<\/div>\n<div class=\"row\">\n<div class=\"cell label\">material del disipador t\u00e9rmico<\/div>\n<div class=\"cell value\">Cobre<\/div>\n<\/div>\n<div class=\"row\">\n<div class=\"cell label\">interfaz de potencia<\/div>\n<div class=\"cell value\">otros<\/div>\n<\/div>\n<div class=\"row\">\n<div class=\"cell label\">ruido<\/div>\n<div class=\"cell value\">Otros<\/div>\n<\/div>\n<div class=\"row\">\n<div class=\"cell label\">control de la velocidad del ventilador<\/div>\n<div class=\"cell value\">otros<\/div>\n<\/div>\n<div class=\"row\">\n<div class=\"cell label\">Peso<\/div>\n<div class=\"cell value\">450 g<\/div>\n<\/div>\n<div class=\"row\">\n<div class=\"cell label\">Tipo de z\u00f3calo de CPU<\/div>\n<div class=\"cell value\">Lga 115 x\/1200 z\u00f3calo cpu<\/div>\n<\/div>\n<div class=\"row\">\n<div class=\"cell label\">Material del disipador t\u00e9rmico<\/div>\n<div class=\"cell value\">Aleta de cobre + base de cobre<\/div>\n<\/div>\n<div class=\"row\">\n<div class=\"cell label\">Dimensiones del refrigerador de la CPU<\/div>\n<div class=\"cell value\">88*88*23 mm<\/div>\n<\/div>\n<div class=\"row\">\n<div class=\"cell label\">Principio<\/div>\n<div class=\"cell value\">Conversi\u00f3n de fr\u00edo y calor<\/div>\n<\/div>\n<div class=\"row\">\n<div class=\"cell label\">Distancia entre orificios de la CPU<\/div>\n<div class=\"cell value\">75*75 mm<\/div>\n<\/div>\n<div class=\"row\">\n<div class=\"cell label\">Paso de aletas<\/div>\n<div class=\"cell value\">0,35 mm<\/div>\n<\/div>\n<div class=\"row\">\n<div class=\"cell label\">Espesor de las aletas<\/div>\n<div class=\"cell value\">1,9 mm<\/div>\n<\/div>\n<div class=\"row\">\n<div class=\"cell label\">Nombre 2<\/div>\n<div class=\"cell value\">Tubo de calor sinterizado<\/div>\n<\/div>\n<div class=\"row\">\n<div class=\"cell label\">Unidades de venta<\/div>\n<div class=\"cell value\">Art\u00edculo individual<\/div>\n<\/div>\n<div class=\"row\">\n<div class=\"cell label\">Tama\u00f1o de envase individual<\/div>\n<div class=\"cell value\">25X20X30 cm<\/div>\n<\/div>\n<div class=\"row\">\n<div class=\"cell label\">Peso bruto \u00fanico<\/div>\n<div class=\"cell value\">2.500 KG<\/div>\n<\/div>\n<\/div>\n<p><\/p>\n<h2>Nuestra base de fabricaci\u00f3n<\/h2>\n<h3>Panorama de la f\u00e1brica<\/h3>\n<p><img decoding=\"async\" src=\"\/wp-content\/uploads\/factory-01.webp\"\/><\/p>\n<h3>Taller de fabricaci\u00f3n de barras de aluminio<\/h3>\n<p><img decoding=\"async\" src=\"\/wp-content\/uploads\/factory-02.webp\"\/><\/p>\n<p><img decoding=\"async\" src=\"\/wp-content\/uploads\/factory-03.webp\"\/><\/p>\n<h3>Almac\u00e9n de moldes<\/h3>\n<p><img decoding=\"async\" src=\"\/wp-content\/uploads\/factory-04.webp\"\/><\/p>\n<h3>43 l\u00edneas de extrusi\u00f3n de aluminio (500-5500 toneladas)<\/h3>\n<p><img decoding=\"async\" src=\"\/wp-content\/uploads\/factory-05.webp\"\/><\/p>\n<p><img decoding=\"async\" src=\"\/wp-content\/uploads\/factory-06.webp\"\/><\/p>\n<p><img decoding=\"async\" src=\"\/wp-content\/uploads\/factory-07.webp\"\/><\/p>\n<h3>Taller de pintura en polvo<\/h3>\n<p><img decoding=\"async\" src=\"\/wp-content\/uploads\/factory-09.webp\"\/><\/p>\n<h3>Taller de anodizado<\/h3>\n<p><img decoding=\"async\" src=\"\/wp-content\/uploads\/factory-10.webp\"\/><\/p>\n<h3>Taller de procesamiento profundo<\/h3>\n<p><img decoding=\"async\" src=\"\/wp-content\/uploads\/factory-11.webp\"\/><\/p>\n<h3>Taller de mecanizado de precisi\u00f3n CNC<\/h3>\n<p><img decoding=\"async\" src=\"\/wp-content\/uploads\/factory-11.5.webp\"\/><\/p>\n<h3>Almac\u00e9n de productos acabados y de exportaci\u00f3n<\/h3>\n<p><img decoding=\"async\" src=\"\/wp-content\/uploads\/factory-12.webp\"\/><\/p>\n<p><img decoding=\"async\" src=\"\/wp-content\/uploads\/factory-13.webp\"\/><\/p>\n<p><img decoding=\"async\" src=\"\/wp-content\/uploads\/factory-14.webp\"\/><\/p>\n<h2>PREGUNTAS FRECUENTES<\/h2>\n<p><strong>1. \u00bfQu\u00e9 hace que los disipadores de la c\u00e1mara de vapor sean eficaces?<\/strong><br \/>Los disipadores de c\u00e1mara de vapor utilizan el cambio de fase para propagar r\u00e1pidamente el calor, ofreciendo una conductividad t\u00e9rmica superior a la de los disipadores tradicionales.<\/p>\n<p><strong>2. \u00bfPueden dimensionarse a medida los disipadores de la c\u00e1mara de vapor?<\/strong><br \/>S\u00ed, pueden personalizarse para adaptarse a dispositivos espec\u00edficos o a limitaciones para optimizar la gesti\u00f3n t\u00e9rmica.<\/p>\n<p><strong>3. \u00bfSon adecuados los disipadores de c\u00e1mara de vapor para dispositivos de alta potencia?<\/strong><br \/>S\u00ed, est\u00e1n dise\u00f1ados para aplicaciones de alta potencia en las que la disipaci\u00f3n eficaz del calor es fundamental.<\/p>\n<p><strong>4. \u00bfEn qu\u00e9 se diferencian los disipadores de c\u00e1mara de vapor de los tubos de calor tradicionales?<\/strong><br \/>Las c\u00e1maras de vapor proporcionan una distribuci\u00f3n uniforme del calor por su superficie, a diferencia de los tubos de calor, que transfieren el calor linealmente.<\/p>\n<p><strong>5. \u00bfOfrecen c\u00e1maras de vapor para productos electr\u00f3nicos de consumo?<\/strong><br \/>S\u00ed, nuestras soluciones de c\u00e1mara de vapor se adaptan tanto a la electr\u00f3nica de consumo como a las aplicaciones industriales.<\/p>\n<p><strong>6. \u00bfEs compleja la instalaci\u00f3n del disipador de calor de la c\u00e1mara de vapor?<\/strong><br \/>No, est\u00e1n dise\u00f1ados para integrarse f\u00e1cilmente en los sistemas de gesti\u00f3n t\u00e9rmica existentes.<\/p>\n<p><strong>7. \u00bfQu\u00e9 materiales se utilizan en los disipadores de la c\u00e1mara de vapor?<\/strong><br \/>Suelen fabricarse con cobre o aluminio para ofrecer soluciones de gesti\u00f3n t\u00e9rmica ligeras y eficaces.<\/p>\n<p><\/p>","protected":false},"featured_media":10762,"template":"","categories":[72],"class_list":["post-11017","product","type-product","status-publish","has-post-thumbnail","hentry","category-extruded-aluminum-heatsink"],"meta_box":{"hilight_text_group":[{"product_hilight_text":"<li>Offers superior heat dissipation for high-performance applications<\/li>\n<li>Customizable designs to fit various electronic devices and specifications<\/li>\n<li>Lightweight construction improves overall device performance<\/li>\n<li>Compatible with a wide range of electronic cooling systems<\/li>\n<li>Provides efficient thermal management for advanced electronics<\/li>"}],"feature_list":[]},"_links":{"self":[{"href":"https:\/\/sinoextrud.com\/es\/wp-json\/wp\/v2\/product\/11017","targetHints":{"allow":["GET"]}}],"collection":[{"href":"https:\/\/sinoextrud.com\/es\/wp-json\/wp\/v2\/product"}],"about":[{"href":"https:\/\/sinoextrud.com\/es\/wp-json\/wp\/v2\/types\/product"}],"wp:featuredmedia":[{"embeddable":true,"href":"https:\/\/sinoextrud.com\/es\/wp-json\/wp\/v2\/media\/10762"}],"wp:attachment":[{"href":"https:\/\/sinoextrud.com\/es\/wp-json\/wp\/v2\/media?parent=11017"}],"wp:term":[{"taxonomy":"category","embeddable":true,"href":"https:\/\/sinoextrud.com\/es\/wp-json\/wp\/v2\/categories?post=11017"}],"curies":[{"name":"wp","href":"https:\/\/api.w.org\/{rel}","templated":true}]}}