{"id":11010,"date":"2025-08-01T03:38:58","date_gmt":"2025-08-01T03:38:58","guid":{"rendered":"https:\/\/sinoextrud.com\/product\/upgraded-vapor-chamber-heat-sink-for-heat-dissipation\/"},"modified":"2025-08-01T03:38:58","modified_gmt":"2025-08-01T03:38:58","slug":"disipador-de-calor-de-camara-de-vapor-mejorado-para-la-disipacion-del-calor","status":"publish","type":"product","link":"https:\/\/sinoextrud.com\/es\/product\/upgraded-vapor-chamber-heat-sink-for-heat-dissipation\/","title":{"rendered":"Disipador de calor de c\u00e1mara de vapor mejorado para la disipaci\u00f3n del calor"},"content":{"rendered":"<h2>Productos<\/h2>\n<div class=\"product-table\">\n<div class=\"row\">\n<div class=\"cell label\">Material<\/div>\n<div class=\"cell value\">Aluminio\/acero\/hierro\/acero inoxidable\/lat\u00f3n\/pl\u00e1stico\/<\/div>\n<\/div>\n<div class=\"row\">\n<div class=\"cell label\">Servicio<\/div>\n<div class=\"cell value\">Servicio de ventanilla \u00fanica. Mecanizado y montaje<\/div>\n<\/div>\n<div class=\"row\">\n<div class=\"cell label\">Talla<\/div>\n<div class=\"cell value\">Tama\u00f1o personalizado<\/div>\n<\/div>\n<div class=\"row\">\n<div class=\"cell label\">Tratamiento de superficies<\/div>\n<div class=\"cell value\">pulido\/anodizado transparente\/electrochapado\/impresi\u00f3n en aceite<\/div>\n<\/div>\n<div class=\"row\">\n<div class=\"cell label\">Formato de dibujo<\/div>\n<div class=\"cell value\">2D\/(PDF\/CAD)3D(IGES\/PASO)<\/div>\n<\/div>\n<div class=\"row\">\n<div class=\"cell label\">Tolerancia<\/div>\n<div class=\"cell value\">0,01-0,05 mm<\/div>\n<\/div>\n<div class=\"row\">\n<div class=\"cell label\">Plazo de entrega<\/div>\n<div class=\"cell value\">7-15 d\u00edas<\/div>\n<\/div>\n<div class=\"row\">\n<div class=\"cell label\">MOQ<\/div>\n<div class=\"cell value\">10 unidades<\/div>\n<\/div>\n<div class=\"row\">\n<div class=\"cell label\">Embalaje<\/div>\n<div class=\"cell value\">Cart\u00f3n<\/div>\n<\/div>\n<div class=\"row\">\n<div class=\"cell label\">OEM&amp;ODM<\/div>\n<div class=\"cell value\">Aceptado<\/div>\n<\/div>\n<div class=\"row\">\n<div class=\"cell label\">Unidades de venta<\/div>\n<div class=\"cell value\">Art\u00edculo individual<\/div>\n<\/div>\n<div class=\"row\">\n<div class=\"cell label\">Tama\u00f1o de envase individual<\/div>\n<div class=\"cell value\">10X6X2 cm<\/div>\n<\/div>\n<div class=\"row\">\n<div class=\"cell label\">Peso bruto \u00fanico<\/div>\n<div class=\"cell value\">0,090 KG<\/div>\n<\/div>\n<\/div>\n<p><\/p>\n<h2>Nuestra base de fabricaci\u00f3n<\/h2>\n<h3>Panorama de la f\u00e1brica<\/h3>\n<p><img decoding=\"async\" src=\"\/wp-content\/uploads\/factory-01.webp\"\/><\/p>\n<h3>Taller de fabricaci\u00f3n de barras de aluminio<\/h3>\n<p><img decoding=\"async\" src=\"\/wp-content\/uploads\/factory-02.webp\"\/><\/p>\n<p><img decoding=\"async\" src=\"\/wp-content\/uploads\/factory-03.webp\"\/><\/p>\n<h3>Almac\u00e9n de moldes<\/h3>\n<p><img decoding=\"async\" src=\"\/wp-content\/uploads\/factory-04.webp\"\/><\/p>\n<h3>43 l\u00edneas de extrusi\u00f3n de aluminio (500-5500 toneladas)<\/h3>\n<p><img decoding=\"async\" src=\"\/wp-content\/uploads\/factory-05.webp\"\/><\/p>\n<p><img decoding=\"async\" src=\"\/wp-content\/uploads\/factory-06.webp\"\/><\/p>\n<p><img decoding=\"async\" src=\"\/wp-content\/uploads\/factory-07.webp\"\/><\/p>\n<h3>Taller de pintura en polvo<\/h3>\n<p><img decoding=\"async\" src=\"\/wp-content\/uploads\/factory-09.webp\"\/><\/p>\n<h3>Taller de anodizado<\/h3>\n<p><img decoding=\"async\" src=\"\/wp-content\/uploads\/factory-10.webp\"\/><\/p>\n<h3>Taller de procesamiento profundo<\/h3>\n<p><img decoding=\"async\" src=\"\/wp-content\/uploads\/factory-11.webp\"\/><\/p>\n<h3>Taller de mecanizado de precisi\u00f3n CNC<\/h3>\n<p><img decoding=\"async\" src=\"\/wp-content\/uploads\/factory-11.5.webp\"\/><\/p>\n<h3>Almac\u00e9n de productos acabados y de exportaci\u00f3n<\/h3>\n<p><img decoding=\"async\" src=\"\/wp-content\/uploads\/factory-12.webp\"\/><\/p>\n<p><img decoding=\"async\" src=\"\/wp-content\/uploads\/factory-13.webp\"\/><\/p>\n<p><img decoding=\"async\" src=\"\/wp-content\/uploads\/factory-14.webp\"\/><\/p>\n<h2>PREGUNTAS FRECUENTES<\/h2>\n<p><strong>1. \u00bfQu\u00e9 hace que el disipador de calor con c\u00e1mara de vapor mejorada sea eficaz?<\/strong><br \/>Utiliza una avanzada tecnolog\u00eda de c\u00e1mara de vapor para garantizar una disipaci\u00f3n eficaz del calor y la refrigeraci\u00f3n del dispositivo.<\/p>\n<p><strong>2. \u00bfPuede personalizarse el disipador de calor para aplicaciones espec\u00edficas?<\/strong><br \/>S\u00ed, el dise\u00f1o puede adaptarse a diversas configuraciones electr\u00f3nicas y requisitos del cliente.<\/p>\n<p><strong>3. \u00bfEs adecuado este disipador de calor para dispositivos de alto rendimiento?<\/strong><br \/>Por supuesto, est\u00e1 dise\u00f1ado para soportar la electr\u00f3nica de alto rendimiento mediante la gesti\u00f3n del calor excesivo.<\/p>\n<p><strong>4. \u00bfQu\u00e9 materiales se utilizan en el disipador de calor de la c\u00e1mara de vapor?<\/strong><br \/>El disipador de calor est\u00e1 fabricado con materiales conductores t\u00e9rmicos de alta calidad para una eficiencia \u00f3ptima.<\/p>\n<p><strong>5. \u00bfNecesita mantenimiento la c\u00e1mara de vapor?<\/strong><br \/>No, proporciona un funcionamiento sin mantenimiento, lo que garantiza la fiabilidad a largo plazo.<\/p>\n<p><strong>6. \u00bfC\u00f3mo mejora este disipador el rendimiento del aparato?<\/strong><br \/>Al mantener temperaturas \u00f3ptimas, mejora la eficiencia de los dispositivos y prolonga la vida \u00fatil de los componentes.<\/p>\n<p><strong>7. \u00bfSe pueden realizar env\u00edos internacionales para pedidos al por mayor?<\/strong><br \/>S\u00ed, ofrecemos apoyo log\u00edstico internacional completo para pedidos a gran escala.<\/p>\n<p><\/p>","protected":false},"featured_media":10775,"template":"","categories":[72],"class_list":["post-11010","product","type-product","status-publish","has-post-thumbnail","hentry","category-extruded-aluminum-heatsink"],"meta_box":{"hilight_text_group":[{"product_hilight_text":"<li>Features advanced thermal management for optimized cooling performance<\/li>\n<li>Customizable design to fit a variety of electronic devices<\/li>\n<li>Manufactured using high-quality materials for maximum durability<\/li>\n<li>Available for OEM and ODM services with flexible order quantities<\/li>\n<li>Designed to enhance device lifespan by preventing overheating<\/li>"}],"feature_list":[]},"_links":{"self":[{"href":"https:\/\/sinoextrud.com\/es\/wp-json\/wp\/v2\/product\/11010","targetHints":{"allow":["GET"]}}],"collection":[{"href":"https:\/\/sinoextrud.com\/es\/wp-json\/wp\/v2\/product"}],"about":[{"href":"https:\/\/sinoextrud.com\/es\/wp-json\/wp\/v2\/types\/product"}],"wp:featuredmedia":[{"embeddable":true,"href":"https:\/\/sinoextrud.com\/es\/wp-json\/wp\/v2\/media\/10775"}],"wp:attachment":[{"href":"https:\/\/sinoextrud.com\/es\/wp-json\/wp\/v2\/media?parent=11010"}],"wp:term":[{"taxonomy":"category","embeddable":true,"href":"https:\/\/sinoextrud.com\/es\/wp-json\/wp\/v2\/categories?post=11010"}],"curies":[{"name":"wp","href":"https:\/\/api.w.org\/{rel}","templated":true}]}}