{"id":11006,"date":"2025-08-01T03:38:50","date_gmt":"2025-08-01T03:38:50","guid":{"rendered":"https:\/\/sinoextrud.com\/product\/large-led-extruded-heat-sinks-for-lighting\/"},"modified":"2025-08-01T03:38:50","modified_gmt":"2025-08-01T03:38:50","slug":"grandes-disipadores-extruidos-de-leds-para-iluminacion","status":"publish","type":"product","link":"https:\/\/sinoextrud.com\/es\/product\/large-led-extruded-heat-sinks-for-lighting\/","title":{"rendered":"Grandes disipadores de calor LED extruidos para iluminaci\u00f3n"},"content":{"rendered":"<h2>Productos<\/h2>\n<div class=\"product-table\">\n<div class=\"row\">\n<div class=\"cell label\">Grado<\/div>\n<div class=\"cell value\">Serie 1000<\/div>\n<\/div>\n<div class=\"row\">\n<div class=\"cell label\">Tolerancia<\/div>\n<div class=\"cell value\">\u00c2\u00b11%<\/div>\n<\/div>\n<div class=\"row\">\n<div class=\"cell label\">Plazo de entrega<\/div>\n<div class=\"cell value\">15-21 d\u00edas<\/div>\n<\/div>\n<div class=\"row\">\n<div class=\"cell label\">Temple<\/div>\n<div class=\"cell value\">T3-T8<\/div>\n<\/div>\n<div class=\"row\">\n<div class=\"cell label\">Aplicaci\u00f3n<\/div>\n<div class=\"cell value\">Disipador de calor<\/div>\n<\/div>\n<div class=\"row\">\n<div class=\"cell label\">Forma<\/div>\n<div class=\"cell value\">Cuadrado<\/div>\n<\/div>\n<div class=\"row\">\n<div class=\"cell label\">Aleaci\u00f3n o no<\/div>\n<div class=\"cell value\">Es aleaci\u00f3n<\/div>\n<\/div>\n<div class=\"row\">\n<div class=\"cell label\">Servicio de tramitaci\u00f3n<\/div>\n<div class=\"cell value\">Plegado, desbobinado, soldadura, punzonado, corte, aleta cortante, aleta enrollable<\/div>\n<\/div>\n<div class=\"row\">\n<div class=\"cell label\">Nombre del producto<\/div>\n<div class=\"cell value\">Disipador t\u00e9rmico extruido<\/div>\n<\/div>\n<div class=\"row\">\n<div class=\"cell label\">Proceso<\/div>\n<div class=\"cell value\">Extrusionado+Mecanizado CNC<\/div>\n<\/div>\n<div class=\"row\">\n<div class=\"cell label\">Utilizaci\u00f3n<\/div>\n<div class=\"cell value\">Montaje<\/div>\n<\/div>\n<div class=\"row\">\n<div class=\"cell label\">Color<\/div>\n<div class=\"cell value\">Plata<\/div>\n<\/div>\n<div class=\"row\">\n<div class=\"cell label\">Tratamiento de superficies<\/div>\n<div class=\"cell value\">Anodizar<\/div>\n<\/div>\n<div class=\"row\">\n<div class=\"cell label\">MOQ<\/div>\n<div class=\"cell value\">2 piezas<\/div>\n<\/div>\n<div class=\"row\">\n<div class=\"cell label\">Material<\/div>\n<div class=\"cell value\">Aleaci\u00f3n\/Cobre<\/div>\n<\/div>\n<div class=\"row\">\n<div class=\"cell label\">Paquete<\/div>\n<div class=\"cell value\">Espuma + Cart\u00f3n<\/div>\n<\/div>\n<div class=\"row\">\n<div class=\"cell label\">Dimensi\u00f3n<\/div>\n<div class=\"cell value\">Personalizado<\/div>\n<\/div>\n<div class=\"row\">\n<div class=\"cell label\">Tolerancia<\/div>\n<div class=\"cell value\">0,01-0,05 mm<\/div>\n<\/div>\n<div class=\"row\">\n<div class=\"cell label\">Unidades de venta<\/div>\n<div class=\"cell value\">Art\u00edculo individual<\/div>\n<\/div>\n<div class=\"row\">\n<div class=\"cell label\">Tama\u00f1o de envase individual<\/div>\n<div class=\"cell value\">35X30X25 cm<\/div>\n<\/div>\n<div class=\"row\">\n<div class=\"cell label\">Peso bruto \u00fanico<\/div>\n<div class=\"cell value\">2.000 KG<\/div>\n<\/div>\n<\/div>\n<p><\/p>\n<h2>Nuestra base de fabricaci\u00f3n<\/h2>\n<h3>Panorama de la f\u00e1brica<\/h3>\n<p><img decoding=\"async\" src=\"\/wp-content\/uploads\/factory-01.webp\"\/><\/p>\n<h3>Taller de fabricaci\u00f3n de barras de aluminio<\/h3>\n<p><img decoding=\"async\" src=\"\/wp-content\/uploads\/factory-02.webp\"\/><\/p>\n<p><img decoding=\"async\" src=\"\/wp-content\/uploads\/factory-03.webp\"\/><\/p>\n<h3>Almac\u00e9n de moldes<\/h3>\n<p><img decoding=\"async\" src=\"\/wp-content\/uploads\/factory-04.webp\"\/><\/p>\n<h3>43 l\u00edneas de extrusi\u00f3n de aluminio (500-5500 toneladas)<\/h3>\n<p><img decoding=\"async\" src=\"\/wp-content\/uploads\/factory-05.webp\"\/><\/p>\n<p><img decoding=\"async\" src=\"\/wp-content\/uploads\/factory-06.webp\"\/><\/p>\n<p><img decoding=\"async\" src=\"\/wp-content\/uploads\/factory-07.webp\"\/><\/p>\n<h3>Taller de pintura en polvo<\/h3>\n<p><img decoding=\"async\" src=\"\/wp-content\/uploads\/factory-09.webp\"\/><\/p>\n<h3>Taller de anodizado<\/h3>\n<p><img decoding=\"async\" src=\"\/wp-content\/uploads\/factory-10.webp\"\/><\/p>\n<h3>Taller de procesamiento profundo<\/h3>\n<p><img decoding=\"async\" src=\"\/wp-content\/uploads\/factory-11.webp\"\/><\/p>\n<h3>Taller de mecanizado de precisi\u00f3n CNC<\/h3>\n<p><img decoding=\"async\" src=\"\/wp-content\/uploads\/factory-11.5.webp\"\/><\/p>\n<h3>Almac\u00e9n de productos acabados y de exportaci\u00f3n<\/h3>\n<p><img decoding=\"async\" src=\"\/wp-content\/uploads\/factory-12.webp\"\/><\/p>\n<p><img decoding=\"async\" src=\"\/wp-content\/uploads\/factory-13.webp\"\/><\/p>\n<p><img decoding=\"async\" src=\"\/wp-content\/uploads\/factory-14.webp\"\/><\/p>\n<h2>PREGUNTAS FRECUENTES<\/h2>\n<p><strong>1. Para qu\u00e9 se utilizan los disipadores de calor extruidos para LED grandes?<\/strong><br \/>Se utilizan para disipar el calor generado por las luces LED, prolongando su vida \u00fatil y su rendimiento.<\/p>\n<p><strong>2. \u00bfSe pueden personalizar los disipadores de calor?<\/strong><br \/>S\u00ed, ofrecemos opciones de personalizaci\u00f3n que incluyen el tama\u00f1o, la forma y el acabado para satisfacer requisitos espec\u00edficos.<\/p>\n<p><strong>3. \u00bfQu\u00e9 materiales se utilizan en estos disipadores de calor?<\/strong><br \/>Se fabrican principalmente con aluminio, conocido por su excelente conductividad t\u00e9rmica y su ligereza.<\/p>\n<p><strong>4. \u00bfSon adecuados estos disipadores de calor para su uso en exteriores?<\/strong><br \/>S\u00ed, cuando est\u00e1n anodizados, proporcionan una resistencia a la corrosi\u00f3n adecuada para entornos exteriores.<\/p>\n<p><strong>5. \u00bfCu\u00e1l es la ventaja de utilizar disipadores de calor extruidos para los LED?<\/strong><br \/>Los disipadores de calor extruidos ofrecen una gesti\u00f3n t\u00e9rmica eficiente, mejorando el rendimiento y la longevidad de los LED.<\/p>\n<p><strong>6. \u00bfC\u00f3mo elijo el tama\u00f1o correcto del disipador de calor para mi aplicaci\u00f3n LED?<\/strong><br \/>Tenga en cuenta la potencia calor\u00edfica de su m\u00f3dulo LED para garantizar una capacidad de disipaci\u00f3n del calor adecuada.<\/p>\n<p><strong>7. \u00bfProporcionan asistencia t\u00e9cnica para la integraci\u00f3n de estos disipadores?<\/strong><br \/>S\u00ed, nuestro equipo puede ayudarle con la integraci\u00f3n y los requisitos t\u00e9cnicos para un rendimiento \u00f3ptimo.<\/p>\n<p><\/p>","protected":false},"featured_media":10746,"template":"","categories":[72],"class_list":["post-11006","product","type-product","status-publish","has-post-thumbnail","hentry","category-extruded-aluminum-heatsink"],"meta_box":{"hilight_text_group":[{"product_hilight_text":"<li>Optimized for efficient heat dissipation in LED applications<\/li>\n<li>Customizable sizes to fit different LED modules and fixtures<\/li>\n<li>High thermal conductivity for enhanced LED lifespan<\/li>\n<li>Lightweight aluminum construction for ease of installation<\/li>\n<li>Available in anodized finishes for corrosion resistance<\/li>"}],"feature_list":[]},"_links":{"self":[{"href":"https:\/\/sinoextrud.com\/es\/wp-json\/wp\/v2\/product\/11006","targetHints":{"allow":["GET"]}}],"collection":[{"href":"https:\/\/sinoextrud.com\/es\/wp-json\/wp\/v2\/product"}],"about":[{"href":"https:\/\/sinoextrud.com\/es\/wp-json\/wp\/v2\/types\/product"}],"wp:featuredmedia":[{"embeddable":true,"href":"https:\/\/sinoextrud.com\/es\/wp-json\/wp\/v2\/media\/10746"}],"wp:attachment":[{"href":"https:\/\/sinoextrud.com\/es\/wp-json\/wp\/v2\/media?parent=11006"}],"wp:term":[{"taxonomy":"category","embeddable":true,"href":"https:\/\/sinoextrud.com\/es\/wp-json\/wp\/v2\/categories?post=11006"}],"curies":[{"name":"wp","href":"https:\/\/api.w.org\/{rel}","templated":true}]}}