{"id":11005,"date":"2025-08-01T03:38:48","date_gmt":"2025-08-01T03:38:48","guid":{"rendered":"https:\/\/sinoextrud.com\/product\/multi-chambered-aluminum-heat-sink-vapor-chamber\/"},"modified":"2025-08-01T03:38:48","modified_gmt":"2025-08-01T03:38:48","slug":"disipador-de-calor-de-aluminio-multicamara-camara-de-vapor","status":"publish","type":"product","link":"https:\/\/sinoextrud.com\/es\/product\/multi-chambered-aluminum-heat-sink-vapor-chamber\/","title":{"rendered":"C\u00e1mara de vapor con disipador t\u00e9rmico de aluminio de varias c\u00e1maras"},"content":{"rendered":"<h2>Productos<\/h2>\n<div class=\"product-table\">\n<div class=\"row\">\n<div class=\"cell label\">Mecanizado CNC o no<\/div>\n<div class=\"cell value\">Mecanizado CNC<\/div>\n<\/div>\n<div class=\"row\">\n<div class=\"cell label\">Capacidades materiales<\/div>\n<div class=\"cell value\">Aluminio, lat\u00f3n, bronce, cobre, metales endurecidos, metales preciosos, acero inoxidable, aleaciones de acero, piezas de titanio<\/div>\n<\/div>\n<div class=\"row\">\n<div class=\"cell label\">Tipo<\/div>\n<div class=\"cell value\">Brochado, Taladrado, Grabado \/ Mecanizado qu\u00edmico, Mecanizado l\u00e1ser, Fresado, Otros servicios de mecanizado, Torneado, Electroerosi\u00f3n por hilo, Prototipado r\u00e1pido<\/div>\n<\/div>\n<div class=\"row\">\n<div class=\"cell label\">Micromecanizado o no<\/div>\n<div class=\"cell value\">Micromecanizado<\/div>\n<\/div>\n<div class=\"row\">\n<div class=\"cell label\">Nombre del producto<\/div>\n<div class=\"cell value\">Servicio de mecanizado de disipadores t\u00e9rmicos<\/div>\n<\/div>\n<div class=\"row\">\n<div class=\"cell label\">Tolerancia CNC<\/div>\n<div class=\"cell value\">0,02 mm<\/div>\n<\/div>\n<div class=\"row\">\n<div class=\"cell label\">OEM\/ODM<\/div>\n<div class=\"cell value\">Aceptable<\/div>\n<\/div>\n<div class=\"row\">\n<div class=\"cell label\">Proceso<\/div>\n<div class=\"cell value\">Mecanizado cnc+desbarbado<\/div>\n<\/div>\n<div class=\"row\">\n<div class=\"cell label\">Formato de dibujo<\/div>\n<div class=\"cell value\">DWG, STP<\/div>\n<\/div>\n<div class=\"row\">\n<div class=\"cell label\">Logotipo<\/div>\n<div class=\"cell value\">Logotipo del cliente<\/div>\n<\/div>\n<div class=\"row\">\n<div class=\"cell label\">Tratamiento de superficies<\/div>\n<div class=\"cell value\">Seg\u00fan solicitud<\/div>\n<\/div>\n<div class=\"row\">\n<div class=\"cell label\">Embalaje<\/div>\n<div class=\"cell value\">Bolsa de polietileno + caja interior + cart\u00f3n<\/div>\n<\/div>\n<div class=\"row\">\n<div class=\"cell label\">Certificaci\u00f3n<\/div>\n<div class=\"cell value\">ISO9001:2018\/ROSH<\/div>\n<\/div>\n<div class=\"row\">\n<div class=\"cell label\">MOQ<\/div>\n<div class=\"cell value\">1PCS<\/div>\n<\/div>\n<div class=\"row\">\n<div class=\"cell label\">Unidades de venta<\/div>\n<div class=\"cell value\">Art\u00edculo individual<\/div>\n<\/div>\n<div class=\"row\">\n<div class=\"cell label\">Tama\u00f1o de envase individual<\/div>\n<div class=\"cell value\">28X30X25 cm<\/div>\n<\/div>\n<div class=\"row\">\n<div class=\"cell label\">Peso bruto \u00fanico<\/div>\n<div class=\"cell value\">1.000 KG<\/div>\n<\/div>\n<\/div>\n<p><\/p>\n<h2>Nuestra base de fabricaci\u00f3n<\/h2>\n<h3>Panorama de la f\u00e1brica<\/h3>\n<p><img decoding=\"async\" src=\"\/wp-content\/uploads\/factory-01.webp\"\/><\/p>\n<h3>Taller de fabricaci\u00f3n de barras de aluminio<\/h3>\n<p><img decoding=\"async\" src=\"\/wp-content\/uploads\/factory-02.webp\"\/><\/p>\n<p><img decoding=\"async\" src=\"\/wp-content\/uploads\/factory-03.webp\"\/><\/p>\n<h3>Almac\u00e9n de moldes<\/h3>\n<p><img decoding=\"async\" src=\"\/wp-content\/uploads\/factory-04.webp\"\/><\/p>\n<h3>43 l\u00edneas de extrusi\u00f3n de aluminio (500-5500 toneladas)<\/h3>\n<p><img decoding=\"async\" src=\"\/wp-content\/uploads\/factory-05.webp\"\/><\/p>\n<p><img decoding=\"async\" src=\"\/wp-content\/uploads\/factory-06.webp\"\/><\/p>\n<p><img decoding=\"async\" src=\"\/wp-content\/uploads\/factory-07.webp\"\/><\/p>\n<h3>Taller de pintura en polvo<\/h3>\n<p><img decoding=\"async\" src=\"\/wp-content\/uploads\/factory-09.webp\"\/><\/p>\n<h3>Taller de anodizado<\/h3>\n<p><img decoding=\"async\" src=\"\/wp-content\/uploads\/factory-10.webp\"\/><\/p>\n<h3>Taller de procesamiento profundo<\/h3>\n<p><img decoding=\"async\" src=\"\/wp-content\/uploads\/factory-11.webp\"\/><\/p>\n<h3>Taller de mecanizado de precisi\u00f3n CNC<\/h3>\n<p><img decoding=\"async\" src=\"\/wp-content\/uploads\/factory-11.5.webp\"\/><\/p>\n<h3>Almac\u00e9n de productos acabados y de exportaci\u00f3n<\/h3>\n<p><img decoding=\"async\" src=\"\/wp-content\/uploads\/factory-12.webp\"\/><\/p>\n<p><img decoding=\"async\" src=\"\/wp-content\/uploads\/factory-13.webp\"\/><\/p>\n<p><img decoding=\"async\" src=\"\/wp-content\/uploads\/factory-14.webp\"\/><\/p>\n<h2>PREGUNTAS FRECUENTES<\/h2>\n<p><strong>1. \u00bfPara qu\u00e9 se utiliza una c\u00e1mara de vapor con disipador t\u00e9rmico de aluminio de varias c\u00e1maras?<\/strong><br \/>Se utiliza para la gesti\u00f3n t\u00e9rmica eficiente en dispositivos electr\u00f3nicos, mejorando el rendimiento de la refrigeraci\u00f3n.<\/p>\n<p><strong>2. \u00bfPuede personalizarse la c\u00e1mara de vapor del disipador t\u00e9rmico de aluminio para aplicaciones espec\u00edficas?<\/strong><br \/>S\u00ed, los dise\u00f1os pueden adaptarse a las necesidades industriales espec\u00edficas y a las especificaciones de los dispositivos.<\/p>\n<p><strong>3. \u00bfAdmite la c\u00e1mara de vapor dispositivos de alta densidad de potencia?<\/strong><br \/>S\u00ed, est\u00e1 dise\u00f1ado para gestionar eficazmente el calor en aplicaciones de alta densidad de potencia.<\/p>\n<p><strong>4. \u00bfQu\u00e9 materiales se utilizan en la construcci\u00f3n de la c\u00e1mara de vapor?<\/strong><br \/>La c\u00e1mara de vapor est\u00e1 fabricada en aluminio ligero para garantizar su durabilidad y eficacia.<\/p>\n<p><strong>5. \u00bfEste producto es adecuado para la electr\u00f3nica de alto rendimiento?<\/strong><br \/>Por supuesto, est\u00e1 dise\u00f1ado para una disipaci\u00f3n \u00f3ptima del calor en dispositivos electr\u00f3nicos de alto rendimiento.<\/p>\n<p><strong>6. \u00bfC\u00f3mo mejoran las c\u00e1maras m\u00faltiples el rendimiento de la c\u00e1mara de vapor?<\/strong><br \/>Las c\u00e1maras m\u00faltiples mejoran la capacidad de disipaci\u00f3n del calor, distribuy\u00e9ndolo de forma m\u00e1s uniforme por toda la superficie.<\/p>\n<p><strong>7. \u00bfPuede integrarse la c\u00e1mara de vapor en los sistemas existentes?<\/strong><br \/>S\u00ed, su dise\u00f1o ligero y adaptable facilita su integraci\u00f3n en los sistemas de gesti\u00f3n t\u00e9rmica existentes.<\/p>\n<p><\/p>","protected":false},"featured_media":10783,"template":"","categories":[55],"class_list":["post-11005","product","type-product","status-publish","has-post-thumbnail","hentry","category-extruded-aluminum-profiles"],"meta_box":{"hilight_text_group":[{"product_hilight_text":"<li>Efficient thermal management for high-performance devices<\/li>\n<li>Lightweight aluminum construction for easy integration<\/li>\n<li>Multiple chambers enhance heat dissipation abilities<\/li>\n<li>Custom designs available for specific industrial applications<\/li>\n<li>Supports high power density applications<\/li>"}],"feature_list":[]},"_links":{"self":[{"href":"https:\/\/sinoextrud.com\/es\/wp-json\/wp\/v2\/product\/11005","targetHints":{"allow":["GET"]}}],"collection":[{"href":"https:\/\/sinoextrud.com\/es\/wp-json\/wp\/v2\/product"}],"about":[{"href":"https:\/\/sinoextrud.com\/es\/wp-json\/wp\/v2\/types\/product"}],"wp:featuredmedia":[{"embeddable":true,"href":"https:\/\/sinoextrud.com\/es\/wp-json\/wp\/v2\/media\/10783"}],"wp:attachment":[{"href":"https:\/\/sinoextrud.com\/es\/wp-json\/wp\/v2\/media?parent=11005"}],"wp:term":[{"taxonomy":"category","embeddable":true,"href":"https:\/\/sinoextrud.com\/es\/wp-json\/wp\/v2\/categories?post=11005"}],"curies":[{"name":"wp","href":"https:\/\/api.w.org\/{rel}","templated":true}]}}