{"id":10997,"date":"2025-08-01T03:38:31","date_gmt":"2025-08-01T03:38:31","guid":{"rendered":"https:\/\/sinoextrud.com\/product\/vapor-chamber-custom-heat-sink-for-oem-projects\/"},"modified":"2025-08-01T03:38:31","modified_gmt":"2025-08-01T03:38:31","slug":"camara-de-vapor-disipador-de-calor-personalizado-para-proyectos-oem","status":"publish","type":"product","link":"https:\/\/sinoextrud.com\/es\/product\/vapor-chamber-custom-heat-sink-for-oem-projects\/","title":{"rendered":"Disipador de calor con c\u00e1mara de vapor a medida para proyectos OEM"},"content":{"rendered":"<h2>Productos<\/h2>\n<div class=\"product-table\">\n<div class=\"row\">\n<div class=\"cell label\">tipo<\/div>\n<div class=\"cell value\">Disipador t\u00e9rmico<\/div>\n<\/div>\n<div class=\"row\">\n<div class=\"cell label\">aplicaci\u00f3n<\/div>\n<div class=\"cell value\">Procesador<\/div>\n<\/div>\n<div class=\"row\">\n<div class=\"cell label\">tama\u00f1o del ventilador<\/div>\n<div class=\"cell value\">personalizado<\/div>\n<\/div>\n<div class=\"row\">\n<div class=\"cell label\">potencia<\/div>\n<div class=\"cell value\">personalizado<\/div>\n<\/div>\n<div class=\"row\">\n<div class=\"cell label\">volumen de aire<\/div>\n<div class=\"cell value\">personalizado<\/div>\n<\/div>\n<div class=\"row\">\n<div class=\"cell label\">vida de aficionado<\/div>\n<div class=\"cell value\">50000 horas<\/div>\n<\/div>\n<div class=\"row\">\n<div class=\"cell label\">material del disipador t\u00e9rmico<\/div>\n<div class=\"cell value\">Cobre y aluminio<\/div>\n<\/div>\n<div class=\"row\">\n<div class=\"cell label\">rodamiento<\/div>\n<div class=\"cell value\">DOS RODAMIENTOS DE BOLAS<\/div>\n<\/div>\n<div class=\"row\">\n<div class=\"cell label\">interfaz de potencia<\/div>\n<div class=\"cell value\">4 clavijas<\/div>\n<\/div>\n<div class=\"row\">\n<div class=\"cell label\">ruido<\/div>\n<div class=\"cell value\">personalizado<\/div>\n<\/div>\n<div class=\"row\">\n<div class=\"cell label\">control de la velocidad del ventilador<\/div>\n<div class=\"cell value\">personalizado<\/div>\n<\/div>\n<div class=\"row\">\n<div class=\"cell label\">Nombre del producto<\/div>\n<div class=\"cell value\">Refrigerador del procesador de la CPU<\/div>\n<\/div>\n<div class=\"row\">\n<div class=\"cell label\">OEM<\/div>\n<div class=\"cell value\">Logotipo personalizado<\/div>\n<\/div>\n<div class=\"row\">\n<div class=\"cell label\">Material<\/div>\n<div class=\"cell value\">Aletas de aluminio + tubos de calor<\/div>\n<\/div>\n<div class=\"row\">\n<div class=\"cell label\">Unidades de venta<\/div>\n<div class=\"cell value\">Art\u00edculo individual<\/div>\n<\/div>\n<\/div>\n<p><\/p>\n<h2>Nuestra base de fabricaci\u00f3n<\/h2>\n<h3>Panorama de la f\u00e1brica<\/h3>\n<p><img decoding=\"async\" src=\"\/wp-content\/uploads\/factory-01.webp\"\/><\/p>\n<h3>Taller de fabricaci\u00f3n de barras de aluminio<\/h3>\n<p><img decoding=\"async\" src=\"\/wp-content\/uploads\/factory-02.webp\"\/><\/p>\n<p><img decoding=\"async\" src=\"\/wp-content\/uploads\/factory-03.webp\"\/><\/p>\n<h3>Almac\u00e9n de moldes<\/h3>\n<p><img decoding=\"async\" src=\"\/wp-content\/uploads\/factory-04.webp\"\/><\/p>\n<h3>43 l\u00edneas de extrusi\u00f3n de aluminio (500-5500 toneladas)<\/h3>\n<p><img decoding=\"async\" src=\"\/wp-content\/uploads\/factory-05.webp\"\/><\/p>\n<p><img decoding=\"async\" src=\"\/wp-content\/uploads\/factory-06.webp\"\/><\/p>\n<p><img decoding=\"async\" src=\"\/wp-content\/uploads\/factory-07.webp\"\/><\/p>\n<h3>Taller de pintura en polvo<\/h3>\n<p><img decoding=\"async\" src=\"\/wp-content\/uploads\/factory-09.webp\"\/><\/p>\n<h3>Taller de anodizado<\/h3>\n<p><img decoding=\"async\" src=\"\/wp-content\/uploads\/factory-10.webp\"\/><\/p>\n<h3>Taller de procesamiento profundo<\/h3>\n<p><img decoding=\"async\" src=\"\/wp-content\/uploads\/factory-11.webp\"\/><\/p>\n<h3>Taller de mecanizado de precisi\u00f3n CNC<\/h3>\n<p><img decoding=\"async\" src=\"\/wp-content\/uploads\/factory-11.5.webp\"\/><\/p>\n<h3>Almac\u00e9n de productos acabados y de exportaci\u00f3n<\/h3>\n<p><img decoding=\"async\" src=\"\/wp-content\/uploads\/factory-12.webp\"\/><\/p>\n<p><img decoding=\"async\" src=\"\/wp-content\/uploads\/factory-13.webp\"\/><\/p>\n<p><img decoding=\"async\" src=\"\/wp-content\/uploads\/factory-14.webp\"\/><\/p>\n<h2>PREGUNTAS FRECUENTES<\/h2>\n<p><strong>1. \u00bfQu\u00e9 es un disipador de c\u00e1mara de vapor?<\/strong><br \/>Un disipador de calor con c\u00e1mara de vapor es una tecnolog\u00eda de refrigeraci\u00f3n avanzada que se utiliza para disipar el calor de forma eficaz en dispositivos electr\u00f3nicos.<\/p>\n<p><strong>2. \u00bfC\u00f3mo funciona un disipador de calor con c\u00e1mara de vapor?<\/strong><br \/>Funciona distribuyendo el calor uniformemente por su superficie, utilizando el cambio de fase para lograr una refrigeraci\u00f3n eficaz.<\/p>\n<p><strong>3. \u00bfSe puede personalizar el disipador de calor de la c\u00e1mara de vapor?<\/strong><br \/>S\u00ed, el disipador de calor puede adaptarse en tama\u00f1o, forma y dise\u00f1o para ajustarse a requisitos espec\u00edficos.<\/p>\n<p><strong>4. \u00bfQu\u00e9 materiales se utilizan en los disipadores de la c\u00e1mara de vapor?<\/strong><br \/>Normalmente se construyen con cobre o aluminio, lo que garantiza una excelente conductividad t\u00e9rmica.<\/p>\n<p><strong>5. \u00bfEs adecuado un disipador de c\u00e1mara de vapor para dispositivos de alto rendimiento?<\/strong><br \/>Por supuesto, est\u00e1 dise\u00f1ado para gestionar altas cargas t\u00e9rmicas en aplicaciones de alto rendimiento.<\/p>\n<p><strong>6. \u00bfPueden los disipadores de calor de c\u00e1mara de vapor mejorar la fiabilidad de los dispositivos?<\/strong><br \/>S\u00ed, al mantener temperaturas de funcionamiento \u00f3ptimas, aumenta la longevidad y fiabilidad de los dispositivos.<\/p>\n<p><strong>7. \u00bfQu\u00e9 industrias se benefician m\u00e1s del uso de disipadores de calor con c\u00e1mara de vapor?<\/strong><br \/>Industrias como la electr\u00f3nica, la automoci\u00f3n, la inform\u00e1tica y las telecomunicaciones se benefician enormemente de su mayor capacidad de gesti\u00f3n t\u00e9rmica.<\/p>\n<p><\/p>","protected":false},"featured_media":10795,"template":"","categories":[72],"class_list":["post-10997","product","type-product","status-publish","has-post-thumbnail","hentry","category-extruded-aluminum-heatsink"],"meta_box":{"hilight_text_group":[{"product_hilight_text":"<li>Advanced thermal management for high-performance applications<\/li>\n<li>Custom designs to fit specific device and system requirements<\/li>\n<li>High efficiency in dissipating heat, enhancing device longevity<\/li>\n<li>Flexible sizing and shape options to match diverse needs<\/li>\n<li>Ideal for electronics, automotive, and industrial equipment<\/li>"}],"feature_list":[]},"_links":{"self":[{"href":"https:\/\/sinoextrud.com\/es\/wp-json\/wp\/v2\/product\/10997","targetHints":{"allow":["GET"]}}],"collection":[{"href":"https:\/\/sinoextrud.com\/es\/wp-json\/wp\/v2\/product"}],"about":[{"href":"https:\/\/sinoextrud.com\/es\/wp-json\/wp\/v2\/types\/product"}],"wp:featuredmedia":[{"embeddable":true,"href":"https:\/\/sinoextrud.com\/es\/wp-json\/wp\/v2\/media\/10795"}],"wp:attachment":[{"href":"https:\/\/sinoextrud.com\/es\/wp-json\/wp\/v2\/media?parent=10997"}],"wp:term":[{"taxonomy":"category","embeddable":true,"href":"https:\/\/sinoextrud.com\/es\/wp-json\/wp\/v2\/categories?post=10997"}],"curies":[{"name":"wp","href":"https:\/\/api.w.org\/{rel}","templated":true}]}}