{"id":10996,"date":"2025-08-01T03:38:30","date_gmt":"2025-08-01T03:38:30","guid":{"rendered":"https:\/\/sinoextrud.com\/product\/extruded-heatsink-for-high-power-modules\/"},"modified":"2025-08-01T03:38:30","modified_gmt":"2025-08-01T03:38:30","slug":"disipador-extruido-para-modulos-de-alta-potencia","status":"publish","type":"product","link":"https:\/\/sinoextrud.com\/es\/product\/extruded-heatsink-for-high-power-modules\/","title":{"rendered":"Disipador extruido para m\u00f3dulos de alta potencia"},"content":{"rendered":"<h2>Productos<\/h2>\n<div class=\"product-table\">\n<div class=\"row\">\n<div class=\"cell label\">Grado<\/div>\n<div class=\"cell value\">Serie 6000<\/div>\n<\/div>\n<div class=\"row\">\n<div class=\"cell label\">Tolerancia<\/div>\n<div class=\"cell value\">GB\/T 3190-2008,GB\/T 14846-2008,ISO 2768<\/div>\n<\/div>\n<div class=\"row\">\n<div class=\"cell label\">Plazo de entrega<\/div>\n<div class=\"cell value\">22-30 d\u00edas<\/div>\n<\/div>\n<div class=\"row\">\n<div class=\"cell label\">Temple<\/div>\n<div class=\"cell value\">T3-T8<\/div>\n<\/div>\n<div class=\"row\">\n<div class=\"cell label\">Aplicaci\u00f3n<\/div>\n<div class=\"cell value\">Disipador de calor<\/div>\n<\/div>\n<div class=\"row\">\n<div class=\"cell label\">Forma<\/div>\n<div class=\"cell value\">A medida<\/div>\n<\/div>\n<div class=\"row\">\n<div class=\"cell label\">Aleaci\u00f3n o no<\/div>\n<div class=\"cell value\">Es aleaci\u00f3n<\/div>\n<\/div>\n<div class=\"row\">\n<div class=\"cell label\">Servicio de tramitaci\u00f3n<\/div>\n<div class=\"cell value\">Corte, taladrado, roscado, procesamiento CNC, anodizado<\/div>\n<\/div>\n<div class=\"row\">\n<div class=\"cell label\">Moldes est\u00e1ndar Cant.<\/div>\n<div class=\"cell value\">30.000+juegos<\/div>\n<\/div>\n<div class=\"row\">\n<div class=\"cell label\">Unidades de venta<\/div>\n<div class=\"cell value\">Art\u00edculo individual<\/div>\n<\/div>\n<div class=\"row\">\n<div class=\"cell label\">Tama\u00f1o de envase individual<\/div>\n<div class=\"cell value\">100X100X5 cm<\/div>\n<\/div>\n<div class=\"row\">\n<div class=\"cell label\">Peso bruto \u00fanico<\/div>\n<div class=\"cell value\">1.200 KG<\/div>\n<\/div>\n<\/div>\n<p><\/p>\n<h2>Nuestra base de fabricaci\u00f3n<\/h2>\n<h3>Panorama de la f\u00e1brica<\/h3>\n<p><img decoding=\"async\" src=\"\/wp-content\/uploads\/factory-01.webp\"\/><\/p>\n<h3>Taller de fabricaci\u00f3n de barras de aluminio<\/h3>\n<p><img decoding=\"async\" src=\"\/wp-content\/uploads\/factory-02.webp\"\/><\/p>\n<p><img decoding=\"async\" src=\"\/wp-content\/uploads\/factory-03.webp\"\/><\/p>\n<h3>Almac\u00e9n de moldes<\/h3>\n<p><img decoding=\"async\" src=\"\/wp-content\/uploads\/factory-04.webp\"\/><\/p>\n<h3>43 l\u00edneas de extrusi\u00f3n de aluminio (500-5500 toneladas)<\/h3>\n<p><img decoding=\"async\" src=\"\/wp-content\/uploads\/factory-05.webp\"\/><\/p>\n<p><img decoding=\"async\" src=\"\/wp-content\/uploads\/factory-06.webp\"\/><\/p>\n<p><img decoding=\"async\" src=\"\/wp-content\/uploads\/factory-07.webp\"\/><\/p>\n<h3>Taller de pintura en polvo<\/h3>\n<p><img decoding=\"async\" src=\"\/wp-content\/uploads\/factory-09.webp\"\/><\/p>\n<h3>Taller de anodizado<\/h3>\n<p><img decoding=\"async\" src=\"\/wp-content\/uploads\/factory-10.webp\"\/><\/p>\n<h3>Taller de procesamiento profundo<\/h3>\n<p><img decoding=\"async\" src=\"\/wp-content\/uploads\/factory-11.webp\"\/><\/p>\n<h3>Taller de mecanizado de precisi\u00f3n CNC<\/h3>\n<p><img decoding=\"async\" src=\"\/wp-content\/uploads\/factory-11.5.webp\"\/><\/p>\n<h3>Almac\u00e9n de productos acabados y de exportaci\u00f3n<\/h3>\n<p><img decoding=\"async\" src=\"\/wp-content\/uploads\/factory-12.webp\"\/><\/p>\n<p><img decoding=\"async\" src=\"\/wp-content\/uploads\/factory-13.webp\"\/><\/p>\n<p><img decoding=\"async\" src=\"\/wp-content\/uploads\/factory-14.webp\"\/><\/p>\n<h2>PREGUNTAS FRECUENTES<\/h2>\n<p><strong>1. \u00bfCu\u00e1les son las ventajas de utilizar un disipador t\u00e9rmico extruido?<\/strong><br \/>Los disipadores extruidos proporcionan una disipaci\u00f3n eficaz del calor, por lo que son ideales para la gesti\u00f3n t\u00e9rmica de dispositivos electr\u00f3nicos.<\/p>\n<p><strong>2. \u00bfSe pueden personalizar los disipadores extruidos?<\/strong><br \/>S\u00ed, ofrecemos opciones de personalizaci\u00f3n, incluidos diferentes tama\u00f1os y dise\u00f1os para satisfacer sus necesidades espec\u00edficas.<\/p>\n<p><strong>3. \u00bfQu\u00e9 material se utiliza en la fabricaci\u00f3n de disipadores t\u00e9rmicos extruidos?<\/strong><br \/>Los disipadores extruidos suelen fabricarse con aluminio de alta calidad debido a su excelente conductividad t\u00e9rmica.<\/p>\n<p><strong>4. \u00bfSon adecuados los disipadores extruidos para aplicaciones de alta potencia?<\/strong><br \/>S\u00ed, est\u00e1n dise\u00f1ados para manejar componentes electr\u00f3nicos de alta potencia, garantizando un rendimiento \u00f3ptimo.<\/p>\n<p><strong>5. \u00bfExisten disipadores extruidos de diferentes tama\u00f1os?<\/strong><br \/>S\u00ed, nuestros disipadores t\u00e9rmicos extruidos est\u00e1n disponibles en varios tama\u00f1os para adaptarse a diversas aplicaciones.<\/p>\n<p><strong>6. \u00bfC\u00f3mo instalo un disipador extruido en mi dispositivo?<\/strong><br \/>La instalaci\u00f3n var\u00eda seg\u00fan el dispositivo, pero generalmente implica montar el disipador de forma segura en el componente que va a refrigerar.<\/p>\n<p><strong>7. \u00bfExiste una cantidad m\u00ednima de pedido para los disipadores extruidos a medida?<\/strong><br \/>La cantidad m\u00ednima de pedido puede variar, por lo que le rogamos que se ponga en contacto con nosotros para obtener informaci\u00f3n espec\u00edfica sobre pedidos personalizados.<\/p>\n<p><\/p>","protected":false},"featured_media":10797,"template":"","categories":[72],"class_list":["post-10996","product","type-product","status-publish","has-post-thumbnail","hentry","category-extruded-aluminum-heatsink"],"meta_box":{"hilight_text_group":[{"product_hilight_text":"<li>Offers superior thermal management with excellent heat dissipation<\/li>\n<li>Customizable extrusion designs to meet specific B2B requirements<\/li>\n<li>Manufactured using high-quality aluminum for enhanced durability<\/li>\n<li>Available in various sizes and configurations to suit different applications<\/li>\n<li>Compatible with a wide range of electronic devices and systems<\/li>"}],"feature_list":[]},"_links":{"self":[{"href":"https:\/\/sinoextrud.com\/es\/wp-json\/wp\/v2\/product\/10996","targetHints":{"allow":["GET"]}}],"collection":[{"href":"https:\/\/sinoextrud.com\/es\/wp-json\/wp\/v2\/product"}],"about":[{"href":"https:\/\/sinoextrud.com\/es\/wp-json\/wp\/v2\/types\/product"}],"wp:featuredmedia":[{"embeddable":true,"href":"https:\/\/sinoextrud.com\/es\/wp-json\/wp\/v2\/media\/10797"}],"wp:attachment":[{"href":"https:\/\/sinoextrud.com\/es\/wp-json\/wp\/v2\/media?parent=10996"}],"wp:term":[{"taxonomy":"category","embeddable":true,"href":"https:\/\/sinoextrud.com\/es\/wp-json\/wp\/v2\/categories?post=10996"}],"curies":[{"name":"wp","href":"https:\/\/api.w.org\/{rel}","templated":true}]}}